{"id":524,"date":"2024-09-17T06:15:53","date_gmt":"2024-09-17T06:15:53","guid":{"rendered":"https:\/\/22bet.cafe\/vietnam\/?page_id=524"},"modified":"2024-11-28T06:13:04","modified_gmt":"2024-11-28T06:13:04","slug":"registration","status":"publish","type":"page","link":"https:\/\/22bet.cafe\/vietnam\/registration\/","title":{"rendered":"S\u1ef1 \u0111\u0103ng k\u00fd"},"content":{"rendered":"","protected":false},"excerpt":{"rendered":"","protected":false},"author":1,"featured_media":0,"parent":0,"menu_order":0,"comment_status":"closed","ping_status":"closed","template":"","meta":{"_acf_changed":false,"inline_featured_image":false,"footnotes":""},"class_list":["post-524","page","type-page","status-publish","hentry"],"acf":[],"yoast_head":"<!-- This site is optimized with the Yoast SEO plugin v26.0 - https:\/\/yoast.com\/wordpress\/plugins\/seo\/ -->\n<title>\u0110\u0103ng k\u00fd 22Bet | C\u00e1ch t\u1ea1o t\u00e0i kho\u1ea3n<\/title>\n<meta name=\"description\" content=\"B\u1ea1n c\u1ea7n \u0111\u0103ng k\u00fd \u0111\u1ec3 b\u1eaft \u0111\u1ea7u t\u1ea1i 22Bet. Truy c\u1eadp trang web c\u00e1 c\u01b0\u1ee3c ch\u00ednh th\u1ee9c c\u1ee7a 22Bet v\u00e0 t\u1ea1o m\u1ed9t t\u00e0i kho\u1ea3n c\u00e1 nh\u00e2n. T\u1ea1i \u0111\u00e2y, b\u1ea1n s\u1ebd t\u00ecm th\u1ea5y h\u01b0\u1edbng d\u1eabn \u0111\u1ea7y \u0111\u1ee7 v\u1ec1 c\u00e1ch \u0111\u0103ng k\u00fd v\u00e0 x\u00e1c minh t\u00e0i kho\u1ea3n c\u1ee7a m\u00ecnh\" \/>\n<meta name=\"robots\" content=\"index, follow, max-snippet:-1, max-image-preview:large, max-video-preview:-1\" \/>\n<meta property=\"og:locale\" content=\"vi_VN\" \/>\n<meta property=\"og:type\" content=\"article\" \/>\n<meta property=\"og:title\" content=\"\u0110\u0103ng k\u00fd 22Bet | C\u00e1ch t\u1ea1o t\u00e0i kho\u1ea3n\" \/>\n<meta property=\"og:description\" content=\"B\u1ea1n c\u1ea7n \u0111\u0103ng k\u00fd \u0111\u1ec3 b\u1eaft \u0111\u1ea7u t\u1ea1i 22Bet. Truy c\u1eadp trang web c\u00e1 c\u01b0\u1ee3c ch\u00ednh th\u1ee9c c\u1ee7a 22Bet v\u00e0 t\u1ea1o m\u1ed9t t\u00e0i kho\u1ea3n c\u00e1 nh\u00e2n. T\u1ea1i \u0111\u00e2y, b\u1ea1n s\u1ebd t\u00ecm th\u1ea5y h\u01b0\u1edbng d\u1eabn \u0111\u1ea7y \u0111\u1ee7 v\u1ec1 c\u00e1ch \u0111\u0103ng k\u00fd v\u00e0 x\u00e1c minh t\u00e0i kho\u1ea3n c\u1ee7a m\u00ecnh\" \/>\n<meta property=\"og:url\" content=\"https:\/\/22bet.cafe\/vietnam\/registration\/\" \/>\n<meta property=\"og:site_name\" content=\"22bet Team vi\" \/>\n<meta property=\"article:modified_time\" content=\"2024-11-28T06:13:04+00:00\" \/>\n<meta name=\"twitter:card\" content=\"summary_large_image\" \/>\n<script type=\"application\/ld+json\" class=\"yoast-schema-graph\">{\"@context\":\"https:\/\/schema.org\",\"@graph\":[{\"@type\":\"WebPage\",\"@id\":\"https:\/\/22bet.cafe\/vietnam\/registration\/\",\"url\":\"https:\/\/22bet.cafe\/vietnam\/registration\/\",\"name\":\"\u0110\u0103ng k\u00fd 22Bet | C\u00e1ch t\u1ea1o t\u00e0i kho\u1ea3n\",\"isPartOf\":{\"@id\":\"https:\/\/22bet.cafe\/vietnam\/#website\"},\"datePublished\":\"2024-09-17T06:15:53+00:00\",\"dateModified\":\"2024-11-28T06:13:04+00:00\",\"description\":\"B\u1ea1n c\u1ea7n \u0111\u0103ng k\u00fd \u0111\u1ec3 b\u1eaft \u0111\u1ea7u t\u1ea1i 22Bet. Truy c\u1eadp trang web c\u00e1 c\u01b0\u1ee3c ch\u00ednh th\u1ee9c c\u1ee7a 22Bet v\u00e0 t\u1ea1o m\u1ed9t t\u00e0i kho\u1ea3n c\u00e1 nh\u00e2n. T\u1ea1i \u0111\u00e2y, b\u1ea1n s\u1ebd t\u00ecm th\u1ea5y h\u01b0\u1edbng d\u1eabn \u0111\u1ea7y \u0111\u1ee7 v\u1ec1 c\u00e1ch \u0111\u0103ng k\u00fd v\u00e0 x\u00e1c minh t\u00e0i kho\u1ea3n c\u1ee7a m\u00ecnh\",\"breadcrumb\":{\"@id\":\"https:\/\/22bet.cafe\/vietnam\/registration\/#breadcrumb\"},\"inLanguage\":\"vi\",\"potentialAction\":[{\"@type\":\"ReadAction\",\"target\":[\"https:\/\/22bet.cafe\/vietnam\/registration\/\"]}]},{\"@type\":\"BreadcrumbList\",\"@id\":\"https:\/\/22bet.cafe\/vietnam\/registration\/#breadcrumb\",\"itemListElement\":[{\"@type\":\"ListItem\",\"position\":1,\"name\":\"\u0413\u043b\u0430\u0432\u043d\u0430\u044f \u0441\u0442\u0440\u0430\u043d\u0438\u0446\u0430\",\"item\":\"https:\/\/22bet.cafe\/vietnam\/\"},{\"@type\":\"ListItem\",\"position\":2,\"name\":\"S\u1ef1 \u0111\u0103ng k\u00fd\"}]},{\"@type\":\"WebSite\",\"@id\":\"https:\/\/22bet.cafe\/vietnam\/#website\",\"url\":\"https:\/\/22bet.cafe\/vietnam\/\",\"name\":\"22bet Team vi\",\"description\":\"My WordPress Blog\",\"potentialAction\":[{\"@type\":\"SearchAction\",\"target\":{\"@type\":\"EntryPoint\",\"urlTemplate\":\"https:\/\/22bet.cafe\/vietnam\/?s={search_term_string}\"},\"query-input\":{\"@type\":\"PropertyValueSpecification\",\"valueRequired\":true,\"valueName\":\"search_term_string\"}}],\"inLanguage\":\"vi\"}]}<\/script>\n<!-- \/ Yoast SEO plugin. -->","yoast_head_json":{"title":"\u0110\u0103ng k\u00fd 22Bet | C\u00e1ch t\u1ea1o t\u00e0i kho\u1ea3n","description":"B\u1ea1n c\u1ea7n \u0111\u0103ng k\u00fd \u0111\u1ec3 b\u1eaft \u0111\u1ea7u t\u1ea1i 22Bet. Truy c\u1eadp trang web c\u00e1 c\u01b0\u1ee3c ch\u00ednh th\u1ee9c c\u1ee7a 22Bet v\u00e0 t\u1ea1o m\u1ed9t t\u00e0i kho\u1ea3n c\u00e1 nh\u00e2n. T\u1ea1i \u0111\u00e2y, b\u1ea1n s\u1ebd t\u00ecm th\u1ea5y h\u01b0\u1edbng d\u1eabn \u0111\u1ea7y \u0111\u1ee7 v\u1ec1 c\u00e1ch \u0111\u0103ng k\u00fd v\u00e0 x\u00e1c minh t\u00e0i kho\u1ea3n c\u1ee7a m\u00ecnh","robots":{"index":"index","follow":"follow","max-snippet":"max-snippet:-1","max-image-preview":"max-image-preview:large","max-video-preview":"max-video-preview:-1"},"og_locale":"vi_VN","og_type":"article","og_title":"\u0110\u0103ng k\u00fd 22Bet | C\u00e1ch t\u1ea1o t\u00e0i kho\u1ea3n","og_description":"B\u1ea1n c\u1ea7n \u0111\u0103ng k\u00fd \u0111\u1ec3 b\u1eaft \u0111\u1ea7u t\u1ea1i 22Bet. Truy c\u1eadp trang web c\u00e1 c\u01b0\u1ee3c ch\u00ednh th\u1ee9c c\u1ee7a 22Bet v\u00e0 t\u1ea1o m\u1ed9t t\u00e0i kho\u1ea3n c\u00e1 nh\u00e2n. T\u1ea1i \u0111\u00e2y, b\u1ea1n s\u1ebd t\u00ecm th\u1ea5y h\u01b0\u1edbng d\u1eabn \u0111\u1ea7y \u0111\u1ee7 v\u1ec1 c\u00e1ch \u0111\u0103ng k\u00fd v\u00e0 x\u00e1c minh t\u00e0i kho\u1ea3n c\u1ee7a m\u00ecnh","og_url":"https:\/\/22bet.cafe\/vietnam\/registration\/","og_site_name":"22bet Team vi","article_modified_time":"2024-11-28T06:13:04+00:00","twitter_card":"summary_large_image","schema":{"@context":"https:\/\/schema.org","@graph":[{"@type":"WebPage","@id":"https:\/\/22bet.cafe\/vietnam\/registration\/","url":"https:\/\/22bet.cafe\/vietnam\/registration\/","name":"\u0110\u0103ng k\u00fd 22Bet | C\u00e1ch t\u1ea1o t\u00e0i kho\u1ea3n","isPartOf":{"@id":"https:\/\/22bet.cafe\/vietnam\/#website"},"datePublished":"2024-09-17T06:15:53+00:00","dateModified":"2024-11-28T06:13:04+00:00","description":"B\u1ea1n c\u1ea7n \u0111\u0103ng k\u00fd \u0111\u1ec3 b\u1eaft \u0111\u1ea7u t\u1ea1i 22Bet. Truy c\u1eadp trang web c\u00e1 c\u01b0\u1ee3c ch\u00ednh th\u1ee9c c\u1ee7a 22Bet v\u00e0 t\u1ea1o m\u1ed9t t\u00e0i kho\u1ea3n c\u00e1 nh\u00e2n. T\u1ea1i \u0111\u00e2y, b\u1ea1n s\u1ebd t\u00ecm th\u1ea5y h\u01b0\u1edbng d\u1eabn \u0111\u1ea7y \u0111\u1ee7 v\u1ec1 c\u00e1ch \u0111\u0103ng k\u00fd v\u00e0 x\u00e1c minh t\u00e0i kho\u1ea3n c\u1ee7a m\u00ecnh","breadcrumb":{"@id":"https:\/\/22bet.cafe\/vietnam\/registration\/#breadcrumb"},"inLanguage":"vi","potentialAction":[{"@type":"ReadAction","target":["https:\/\/22bet.cafe\/vietnam\/registration\/"]}]},{"@type":"BreadcrumbList","@id":"https:\/\/22bet.cafe\/vietnam\/registration\/#breadcrumb","itemListElement":[{"@type":"ListItem","position":1,"name":"\u0413\u043b\u0430\u0432\u043d\u0430\u044f \u0441\u0442\u0440\u0430\u043d\u0438\u0446\u0430","item":"https:\/\/22bet.cafe\/vietnam\/"},{"@type":"ListItem","position":2,"name":"S\u1ef1 \u0111\u0103ng k\u00fd"}]},{"@type":"WebSite","@id":"https:\/\/22bet.cafe\/vietnam\/#website","url":"https:\/\/22bet.cafe\/vietnam\/","name":"22bet Team vi","description":"My WordPress Blog","potentialAction":[{"@type":"SearchAction","target":{"@type":"EntryPoint","urlTemplate":"https:\/\/22bet.cafe\/vietnam\/?s={search_term_string}"},"query-input":{"@type":"PropertyValueSpecification","valueRequired":true,"valueName":"search_term_string"}}],"inLanguage":"vi"}]}},"_links":{"self":[{"href":"https:\/\/22bet.cafe\/vietnam\/wp-json\/wp\/v2\/pages\/524","targetHints":{"allow":["GET"]}}],"collection":[{"href":"https:\/\/22bet.cafe\/vietnam\/wp-json\/wp\/v2\/pages"}],"about":[{"href":"https:\/\/22bet.cafe\/vietnam\/wp-json\/wp\/v2\/types\/page"}],"author":[{"embeddable":true,"href":"https:\/\/22bet.cafe\/vietnam\/wp-json\/wp\/v2\/users\/1"}],"replies":[{"embeddable":true,"href":"https:\/\/22bet.cafe\/vietnam\/wp-json\/wp\/v2\/comments?post=524"}],"version-history":[{"count":0,"href":"https:\/\/22bet.cafe\/vietnam\/wp-json\/wp\/v2\/pages\/524\/revisions"}],"wp:attachment":[{"href":"https:\/\/22bet.cafe\/vietnam\/wp-json\/wp\/v2\/media?parent=524"}],"curies":[{"name":"wp","href":"https:\/\/api.w.org\/{rel}","templated":true}]}}