{"id":522,"date":"2024-09-17T06:08:30","date_gmt":"2024-09-17T06:08:30","guid":{"rendered":"https:\/\/22bet.cafe\/vietnam\/?page_id=522"},"modified":"2024-11-28T05:06:07","modified_gmt":"2024-11-28T05:06:07","slug":"casino","status":"publish","type":"page","link":"https:\/\/22bet.cafe\/vietnam\/casino\/","title":{"rendered":"S\u00f2ng b\u1ea1c"},"content":{"rendered":"","protected":false},"excerpt":{"rendered":"","protected":false},"author":1,"featured_media":0,"parent":0,"menu_order":0,"comment_status":"closed","ping_status":"closed","template":"","meta":{"_acf_changed":false,"inline_featured_image":false,"footnotes":""},"class_list":["post-522","page","type-page","status-publish","hentry"],"acf":[],"yoast_head":"<!-- This site is optimized with the Yoast SEO plugin v26.0 - https:\/\/yoast.com\/wordpress\/plugins\/seo\/ -->\n<title>S\u00f2ng b\u1ea1c 22Bet 2024 | Ch\u01a1i tr\u00f2 ch\u01a1i 22Bet<\/title>\n<meta name=\"description\" content=\"S\u00f2ng b\u1ea1c 22Bet cung c\u1ea5p nhi\u1ec1u tr\u00f2 ch\u01a1i s\u00f2ng b\u1ea1c v\u00e0 ch\u01b0\u01a1ng tr\u00ecnh khuy\u1ebfn m\u00e3i h\u1ea5p d\u1eabn. Ch\u01a1i tr\u00f2 ch\u01a1i c\u00f3 ng\u01b0\u1eddi chia b\u00e0i tr\u1ef1c ti\u1ebfp v\u00e0 m\u00e1y \u0111\u00e1nh b\u1ea1c v\u1edbi c\u00e1c t\u00ednh n\u0103ng th\u01b0\u1edfng t\u1ea1i 22Bet. \u0110\u0103ng k\u00fd v\u00e0 nh\u1eadn ti\u1ec1n th\u01b0\u1edfng ch\u00e0o m\u1eebng s\u00f2ng b\u1ea1c!\" \/>\n<meta name=\"robots\" content=\"index, follow, max-snippet:-1, max-image-preview:large, max-video-preview:-1\" \/>\n<meta property=\"og:locale\" content=\"vi_VN\" \/>\n<meta property=\"og:type\" content=\"article\" \/>\n<meta property=\"og:title\" content=\"S\u00f2ng b\u1ea1c 22Bet 2024 | Ch\u01a1i tr\u00f2 ch\u01a1i 22Bet\" \/>\n<meta property=\"og:description\" content=\"S\u00f2ng b\u1ea1c 22Bet cung c\u1ea5p nhi\u1ec1u tr\u00f2 ch\u01a1i s\u00f2ng b\u1ea1c v\u00e0 ch\u01b0\u01a1ng tr\u00ecnh khuy\u1ebfn m\u00e3i h\u1ea5p d\u1eabn. Ch\u01a1i tr\u00f2 ch\u01a1i c\u00f3 ng\u01b0\u1eddi chia b\u00e0i tr\u1ef1c ti\u1ebfp v\u00e0 m\u00e1y \u0111\u00e1nh b\u1ea1c v\u1edbi c\u00e1c t\u00ednh n\u0103ng th\u01b0\u1edfng t\u1ea1i 22Bet. \u0110\u0103ng k\u00fd v\u00e0 nh\u1eadn ti\u1ec1n th\u01b0\u1edfng ch\u00e0o m\u1eebng s\u00f2ng b\u1ea1c!\" \/>\n<meta property=\"og:url\" content=\"https:\/\/22bet.cafe\/vietnam\/casino\/\" \/>\n<meta property=\"og:site_name\" content=\"22bet Team vi\" \/>\n<meta property=\"article:modified_time\" content=\"2024-11-28T05:06:07+00:00\" \/>\n<meta name=\"twitter:card\" content=\"summary_large_image\" \/>\n<script type=\"application\/ld+json\" class=\"yoast-schema-graph\">{\"@context\":\"https:\/\/schema.org\",\"@graph\":[{\"@type\":\"WebPage\",\"@id\":\"https:\/\/22bet.cafe\/vietnam\/casino\/\",\"url\":\"https:\/\/22bet.cafe\/vietnam\/casino\/\",\"name\":\"S\u00f2ng b\u1ea1c 22Bet 2024 | Ch\u01a1i tr\u00f2 ch\u01a1i 22Bet\",\"isPartOf\":{\"@id\":\"https:\/\/22bet.cafe\/vietnam\/#website\"},\"datePublished\":\"2024-09-17T06:08:30+00:00\",\"dateModified\":\"2024-11-28T05:06:07+00:00\",\"description\":\"S\u00f2ng b\u1ea1c 22Bet cung c\u1ea5p nhi\u1ec1u tr\u00f2 ch\u01a1i s\u00f2ng b\u1ea1c v\u00e0 ch\u01b0\u01a1ng tr\u00ecnh khuy\u1ebfn m\u00e3i h\u1ea5p d\u1eabn. Ch\u01a1i tr\u00f2 ch\u01a1i c\u00f3 ng\u01b0\u1eddi chia b\u00e0i tr\u1ef1c ti\u1ebfp v\u00e0 m\u00e1y \u0111\u00e1nh b\u1ea1c v\u1edbi c\u00e1c t\u00ednh n\u0103ng th\u01b0\u1edfng t\u1ea1i 22Bet. \u0110\u0103ng k\u00fd v\u00e0 nh\u1eadn ti\u1ec1n th\u01b0\u1edfng ch\u00e0o m\u1eebng s\u00f2ng b\u1ea1c!\",\"breadcrumb\":{\"@id\":\"https:\/\/22bet.cafe\/vietnam\/casino\/#breadcrumb\"},\"inLanguage\":\"vi\",\"potentialAction\":[{\"@type\":\"ReadAction\",\"target\":[\"https:\/\/22bet.cafe\/vietnam\/casino\/\"]}]},{\"@type\":\"BreadcrumbList\",\"@id\":\"https:\/\/22bet.cafe\/vietnam\/casino\/#breadcrumb\",\"itemListElement\":[{\"@type\":\"ListItem\",\"position\":1,\"name\":\"\u0413\u043b\u0430\u0432\u043d\u0430\u044f \u0441\u0442\u0440\u0430\u043d\u0438\u0446\u0430\",\"item\":\"https:\/\/22bet.cafe\/vietnam\/\"},{\"@type\":\"ListItem\",\"position\":2,\"name\":\"S\u00f2ng b\u1ea1c\"}]},{\"@type\":\"WebSite\",\"@id\":\"https:\/\/22bet.cafe\/vietnam\/#website\",\"url\":\"https:\/\/22bet.cafe\/vietnam\/\",\"name\":\"22bet Team vi\",\"description\":\"My WordPress Blog\",\"potentialAction\":[{\"@type\":\"SearchAction\",\"target\":{\"@type\":\"EntryPoint\",\"urlTemplate\":\"https:\/\/22bet.cafe\/vietnam\/?s={search_term_string}\"},\"query-input\":{\"@type\":\"PropertyValueSpecification\",\"valueRequired\":true,\"valueName\":\"search_term_string\"}}],\"inLanguage\":\"vi\"}]}<\/script>\n<!-- \/ Yoast SEO plugin. -->","yoast_head_json":{"title":"S\u00f2ng b\u1ea1c 22Bet 2024 | Ch\u01a1i tr\u00f2 ch\u01a1i 22Bet","description":"S\u00f2ng b\u1ea1c 22Bet cung c\u1ea5p nhi\u1ec1u tr\u00f2 ch\u01a1i s\u00f2ng b\u1ea1c v\u00e0 ch\u01b0\u01a1ng tr\u00ecnh khuy\u1ebfn m\u00e3i h\u1ea5p d\u1eabn. Ch\u01a1i tr\u00f2 ch\u01a1i c\u00f3 ng\u01b0\u1eddi chia b\u00e0i tr\u1ef1c ti\u1ebfp v\u00e0 m\u00e1y \u0111\u00e1nh b\u1ea1c v\u1edbi c\u00e1c t\u00ednh n\u0103ng th\u01b0\u1edfng t\u1ea1i 22Bet. \u0110\u0103ng k\u00fd v\u00e0 nh\u1eadn ti\u1ec1n th\u01b0\u1edfng ch\u00e0o m\u1eebng s\u00f2ng b\u1ea1c!","robots":{"index":"index","follow":"follow","max-snippet":"max-snippet:-1","max-image-preview":"max-image-preview:large","max-video-preview":"max-video-preview:-1"},"og_locale":"vi_VN","og_type":"article","og_title":"S\u00f2ng b\u1ea1c 22Bet 2024 | Ch\u01a1i tr\u00f2 ch\u01a1i 22Bet","og_description":"S\u00f2ng b\u1ea1c 22Bet cung c\u1ea5p nhi\u1ec1u tr\u00f2 ch\u01a1i s\u00f2ng b\u1ea1c v\u00e0 ch\u01b0\u01a1ng tr\u00ecnh khuy\u1ebfn m\u00e3i h\u1ea5p d\u1eabn. Ch\u01a1i tr\u00f2 ch\u01a1i c\u00f3 ng\u01b0\u1eddi chia b\u00e0i tr\u1ef1c ti\u1ebfp v\u00e0 m\u00e1y \u0111\u00e1nh b\u1ea1c v\u1edbi c\u00e1c t\u00ednh n\u0103ng th\u01b0\u1edfng t\u1ea1i 22Bet. \u0110\u0103ng k\u00fd v\u00e0 nh\u1eadn ti\u1ec1n th\u01b0\u1edfng ch\u00e0o m\u1eebng s\u00f2ng b\u1ea1c!","og_url":"https:\/\/22bet.cafe\/vietnam\/casino\/","og_site_name":"22bet Team vi","article_modified_time":"2024-11-28T05:06:07+00:00","twitter_card":"summary_large_image","schema":{"@context":"https:\/\/schema.org","@graph":[{"@type":"WebPage","@id":"https:\/\/22bet.cafe\/vietnam\/casino\/","url":"https:\/\/22bet.cafe\/vietnam\/casino\/","name":"S\u00f2ng b\u1ea1c 22Bet 2024 | Ch\u01a1i tr\u00f2 ch\u01a1i 22Bet","isPartOf":{"@id":"https:\/\/22bet.cafe\/vietnam\/#website"},"datePublished":"2024-09-17T06:08:30+00:00","dateModified":"2024-11-28T05:06:07+00:00","description":"S\u00f2ng b\u1ea1c 22Bet cung c\u1ea5p nhi\u1ec1u tr\u00f2 ch\u01a1i s\u00f2ng b\u1ea1c v\u00e0 ch\u01b0\u01a1ng tr\u00ecnh khuy\u1ebfn m\u00e3i h\u1ea5p d\u1eabn. Ch\u01a1i tr\u00f2 ch\u01a1i c\u00f3 ng\u01b0\u1eddi chia b\u00e0i tr\u1ef1c ti\u1ebfp v\u00e0 m\u00e1y \u0111\u00e1nh b\u1ea1c v\u1edbi c\u00e1c t\u00ednh n\u0103ng th\u01b0\u1edfng t\u1ea1i 22Bet. \u0110\u0103ng k\u00fd v\u00e0 nh\u1eadn ti\u1ec1n th\u01b0\u1edfng ch\u00e0o m\u1eebng s\u00f2ng b\u1ea1c!","breadcrumb":{"@id":"https:\/\/22bet.cafe\/vietnam\/casino\/#breadcrumb"},"inLanguage":"vi","potentialAction":[{"@type":"ReadAction","target":["https:\/\/22bet.cafe\/vietnam\/casino\/"]}]},{"@type":"BreadcrumbList","@id":"https:\/\/22bet.cafe\/vietnam\/casino\/#breadcrumb","itemListElement":[{"@type":"ListItem","position":1,"name":"\u0413\u043b\u0430\u0432\u043d\u0430\u044f \u0441\u0442\u0440\u0430\u043d\u0438\u0446\u0430","item":"https:\/\/22bet.cafe\/vietnam\/"},{"@type":"ListItem","position":2,"name":"S\u00f2ng b\u1ea1c"}]},{"@type":"WebSite","@id":"https:\/\/22bet.cafe\/vietnam\/#website","url":"https:\/\/22bet.cafe\/vietnam\/","name":"22bet Team vi","description":"My WordPress Blog","potentialAction":[{"@type":"SearchAction","target":{"@type":"EntryPoint","urlTemplate":"https:\/\/22bet.cafe\/vietnam\/?s={search_term_string}"},"query-input":{"@type":"PropertyValueSpecification","valueRequired":true,"valueName":"search_term_string"}}],"inLanguage":"vi"}]}},"_links":{"self":[{"href":"https:\/\/22bet.cafe\/vietnam\/wp-json\/wp\/v2\/pages\/522","targetHints":{"allow":["GET"]}}],"collection":[{"href":"https:\/\/22bet.cafe\/vietnam\/wp-json\/wp\/v2\/pages"}],"about":[{"href":"https:\/\/22bet.cafe\/vietnam\/wp-json\/wp\/v2\/types\/page"}],"author":[{"embeddable":true,"href":"https:\/\/22bet.cafe\/vietnam\/wp-json\/wp\/v2\/users\/1"}],"replies":[{"embeddable":true,"href":"https:\/\/22bet.cafe\/vietnam\/wp-json\/wp\/v2\/comments?post=522"}],"version-history":[{"count":0,"href":"https:\/\/22bet.cafe\/vietnam\/wp-json\/wp\/v2\/pages\/522\/revisions"}],"wp:attachment":[{"href":"https:\/\/22bet.cafe\/vietnam\/wp-json\/wp\/v2\/media?parent=522"}],"curies":[{"name":"wp","href":"https:\/\/api.w.org\/{rel}","templated":true}]}}