{"id":468,"date":"2024-09-12T07:18:57","date_gmt":"2024-09-12T07:18:57","guid":{"rendered":"https:\/\/22bet.cafe\/vietnam\/?page_id=468"},"modified":"2025-01-13T14:34:40","modified_gmt":"2025-01-13T14:34:40","slug":"login","status":"publish","type":"page","link":"https:\/\/22bet.cafe\/vietnam\/login\/","title":{"rendered":"\u0110\u0103ng nh\u1eadp"},"content":{"rendered":"","protected":false},"excerpt":{"rendered":"","protected":false},"author":1,"featured_media":0,"parent":0,"menu_order":0,"comment_status":"closed","ping_status":"closed","template":"","meta":{"_acf_changed":false,"inline_featured_image":false,"footnotes":""},"class_list":["post-468","page","type-page","status-publish","hentry"],"acf":[],"yoast_head":"<!-- This site is optimized with the Yoast SEO plugin v26.0 - https:\/\/yoast.com\/wordpress\/plugins\/seo\/ -->\n<title>\u0110\u0103ng nh\u1eadp 22Bet 2025 \u2611\ufe0f C\u00e1ch \u0111\u0103ng nh\u1eadp<\/title>\n<meta name=\"description\" content=\"\u0110\u0103ng nh\u1eadp v\u00e0o trang web c\u00e1 c\u01b0\u1ee3c 22Bet \u27a4 C\u00e1ch truy c\u1eadp T\u00e0i kho\u1ea3n 22Bet c\u1ee7a b\u1ea1n t\u1eeb b\u1ea5t k\u1ef3 thi\u1ebft b\u1ecb n\u00e0o \u2713 Ho\u00e0n t\u1ea5t \u0111\u0103ng nh\u1eadp 22Bet v\u00e0 b\u1eaft \u0111\u1ea7u c\u00e1 c\u01b0\u1ee3c \u26bd\ufe0f \u0110\u0103ng nh\u1eadp b\u1eb1ng \u1ee8ng d\u1ee5ng 22Bet\" \/>\n<meta name=\"robots\" content=\"index, follow, max-snippet:-1, max-image-preview:large, max-video-preview:-1\" \/>\n<meta property=\"og:locale\" content=\"vi_VN\" \/>\n<meta property=\"og:type\" content=\"article\" \/>\n<meta property=\"og:title\" content=\"\u0110\u0103ng nh\u1eadp 22Bet 2025 \u2611\ufe0f C\u00e1ch \u0111\u0103ng nh\u1eadp\" \/>\n<meta property=\"og:description\" content=\"\u0110\u0103ng nh\u1eadp v\u00e0o trang web c\u00e1 c\u01b0\u1ee3c 22Bet \u27a4 C\u00e1ch truy c\u1eadp T\u00e0i kho\u1ea3n 22Bet c\u1ee7a b\u1ea1n t\u1eeb b\u1ea5t k\u1ef3 thi\u1ebft b\u1ecb n\u00e0o \u2713 Ho\u00e0n t\u1ea5t \u0111\u0103ng nh\u1eadp 22Bet v\u00e0 b\u1eaft \u0111\u1ea7u c\u00e1 c\u01b0\u1ee3c \u26bd\ufe0f \u0110\u0103ng nh\u1eadp b\u1eb1ng \u1ee8ng d\u1ee5ng 22Bet\" \/>\n<meta property=\"og:url\" content=\"https:\/\/22bet.cafe\/vietnam\/login\/\" \/>\n<meta property=\"og:site_name\" content=\"22bet Team vi\" \/>\n<meta property=\"article:modified_time\" content=\"2025-01-13T14:34:40+00:00\" \/>\n<meta name=\"twitter:card\" content=\"summary_large_image\" \/>\n<script type=\"application\/ld+json\" class=\"yoast-schema-graph\">{\"@context\":\"https:\/\/schema.org\",\"@graph\":[{\"@type\":\"WebPage\",\"@id\":\"https:\/\/22bet.cafe\/vietnam\/login\/\",\"url\":\"https:\/\/22bet.cafe\/vietnam\/login\/\",\"name\":\"\u0110\u0103ng nh\u1eadp 22Bet 2025 \u2611\ufe0f C\u00e1ch \u0111\u0103ng nh\u1eadp\",\"isPartOf\":{\"@id\":\"https:\/\/22bet.cafe\/vietnam\/#website\"},\"datePublished\":\"2024-09-12T07:18:57+00:00\",\"dateModified\":\"2025-01-13T14:34:40+00:00\",\"description\":\"\u0110\u0103ng nh\u1eadp v\u00e0o trang web c\u00e1 c\u01b0\u1ee3c 22Bet \u27a4 C\u00e1ch truy c\u1eadp T\u00e0i kho\u1ea3n 22Bet c\u1ee7a b\u1ea1n t\u1eeb b\u1ea5t k\u1ef3 thi\u1ebft b\u1ecb n\u00e0o \u2713 Ho\u00e0n t\u1ea5t \u0111\u0103ng nh\u1eadp 22Bet v\u00e0 b\u1eaft \u0111\u1ea7u c\u00e1 c\u01b0\u1ee3c \u26bd\ufe0f \u0110\u0103ng nh\u1eadp b\u1eb1ng \u1ee8ng d\u1ee5ng 22Bet\",\"breadcrumb\":{\"@id\":\"https:\/\/22bet.cafe\/vietnam\/login\/#breadcrumb\"},\"inLanguage\":\"vi\",\"potentialAction\":[{\"@type\":\"ReadAction\",\"target\":[\"https:\/\/22bet.cafe\/vietnam\/login\/\"]}]},{\"@type\":\"BreadcrumbList\",\"@id\":\"https:\/\/22bet.cafe\/vietnam\/login\/#breadcrumb\",\"itemListElement\":[{\"@type\":\"ListItem\",\"position\":1,\"name\":\"\u0413\u043b\u0430\u0432\u043d\u0430\u044f \u0441\u0442\u0440\u0430\u043d\u0438\u0446\u0430\",\"item\":\"https:\/\/22bet.cafe\/vietnam\/\"},{\"@type\":\"ListItem\",\"position\":2,\"name\":\"\u0110\u0103ng nh\u1eadp\"}]},{\"@type\":\"WebSite\",\"@id\":\"https:\/\/22bet.cafe\/vietnam\/#website\",\"url\":\"https:\/\/22bet.cafe\/vietnam\/\",\"name\":\"22bet Team vi\",\"description\":\"My WordPress Blog\",\"potentialAction\":[{\"@type\":\"SearchAction\",\"target\":{\"@type\":\"EntryPoint\",\"urlTemplate\":\"https:\/\/22bet.cafe\/vietnam\/?s={search_term_string}\"},\"query-input\":{\"@type\":\"PropertyValueSpecification\",\"valueRequired\":true,\"valueName\":\"search_term_string\"}}],\"inLanguage\":\"vi\"}]}<\/script>\n<!-- \/ Yoast SEO plugin. -->","yoast_head_json":{"title":"\u0110\u0103ng nh\u1eadp 22Bet 2025 \u2611\ufe0f C\u00e1ch \u0111\u0103ng nh\u1eadp","description":"\u0110\u0103ng nh\u1eadp v\u00e0o trang web c\u00e1 c\u01b0\u1ee3c 22Bet \u27a4 C\u00e1ch truy c\u1eadp T\u00e0i kho\u1ea3n 22Bet c\u1ee7a b\u1ea1n t\u1eeb b\u1ea5t k\u1ef3 thi\u1ebft b\u1ecb n\u00e0o \u2713 Ho\u00e0n t\u1ea5t \u0111\u0103ng nh\u1eadp 22Bet v\u00e0 b\u1eaft \u0111\u1ea7u c\u00e1 c\u01b0\u1ee3c \u26bd\ufe0f \u0110\u0103ng nh\u1eadp b\u1eb1ng \u1ee8ng d\u1ee5ng 22Bet","robots":{"index":"index","follow":"follow","max-snippet":"max-snippet:-1","max-image-preview":"max-image-preview:large","max-video-preview":"max-video-preview:-1"},"og_locale":"vi_VN","og_type":"article","og_title":"\u0110\u0103ng nh\u1eadp 22Bet 2025 \u2611\ufe0f C\u00e1ch \u0111\u0103ng nh\u1eadp","og_description":"\u0110\u0103ng nh\u1eadp v\u00e0o trang web c\u00e1 c\u01b0\u1ee3c 22Bet \u27a4 C\u00e1ch truy c\u1eadp T\u00e0i kho\u1ea3n 22Bet c\u1ee7a b\u1ea1n t\u1eeb b\u1ea5t k\u1ef3 thi\u1ebft b\u1ecb n\u00e0o \u2713 Ho\u00e0n t\u1ea5t \u0111\u0103ng nh\u1eadp 22Bet v\u00e0 b\u1eaft \u0111\u1ea7u c\u00e1 c\u01b0\u1ee3c \u26bd\ufe0f \u0110\u0103ng nh\u1eadp b\u1eb1ng \u1ee8ng d\u1ee5ng 22Bet","og_url":"https:\/\/22bet.cafe\/vietnam\/login\/","og_site_name":"22bet Team vi","article_modified_time":"2025-01-13T14:34:40+00:00","twitter_card":"summary_large_image","schema":{"@context":"https:\/\/schema.org","@graph":[{"@type":"WebPage","@id":"https:\/\/22bet.cafe\/vietnam\/login\/","url":"https:\/\/22bet.cafe\/vietnam\/login\/","name":"\u0110\u0103ng nh\u1eadp 22Bet 2025 \u2611\ufe0f C\u00e1ch \u0111\u0103ng nh\u1eadp","isPartOf":{"@id":"https:\/\/22bet.cafe\/vietnam\/#website"},"datePublished":"2024-09-12T07:18:57+00:00","dateModified":"2025-01-13T14:34:40+00:00","description":"\u0110\u0103ng nh\u1eadp v\u00e0o trang web c\u00e1 c\u01b0\u1ee3c 22Bet \u27a4 C\u00e1ch truy c\u1eadp T\u00e0i kho\u1ea3n 22Bet c\u1ee7a b\u1ea1n t\u1eeb b\u1ea5t k\u1ef3 thi\u1ebft b\u1ecb n\u00e0o \u2713 Ho\u00e0n t\u1ea5t \u0111\u0103ng nh\u1eadp 22Bet v\u00e0 b\u1eaft \u0111\u1ea7u c\u00e1 c\u01b0\u1ee3c \u26bd\ufe0f \u0110\u0103ng nh\u1eadp b\u1eb1ng \u1ee8ng d\u1ee5ng 22Bet","breadcrumb":{"@id":"https:\/\/22bet.cafe\/vietnam\/login\/#breadcrumb"},"inLanguage":"vi","potentialAction":[{"@type":"ReadAction","target":["https:\/\/22bet.cafe\/vietnam\/login\/"]}]},{"@type":"BreadcrumbList","@id":"https:\/\/22bet.cafe\/vietnam\/login\/#breadcrumb","itemListElement":[{"@type":"ListItem","position":1,"name":"\u0413\u043b\u0430\u0432\u043d\u0430\u044f \u0441\u0442\u0440\u0430\u043d\u0438\u0446\u0430","item":"https:\/\/22bet.cafe\/vietnam\/"},{"@type":"ListItem","position":2,"name":"\u0110\u0103ng nh\u1eadp"}]},{"@type":"WebSite","@id":"https:\/\/22bet.cafe\/vietnam\/#website","url":"https:\/\/22bet.cafe\/vietnam\/","name":"22bet Team vi","description":"My WordPress Blog","potentialAction":[{"@type":"SearchAction","target":{"@type":"EntryPoint","urlTemplate":"https:\/\/22bet.cafe\/vietnam\/?s={search_term_string}"},"query-input":{"@type":"PropertyValueSpecification","valueRequired":true,"valueName":"search_term_string"}}],"inLanguage":"vi"}]}},"_links":{"self":[{"href":"https:\/\/22bet.cafe\/vietnam\/wp-json\/wp\/v2\/pages\/468","targetHints":{"allow":["GET"]}}],"collection":[{"href":"https:\/\/22bet.cafe\/vietnam\/wp-json\/wp\/v2\/pages"}],"about":[{"href":"https:\/\/22bet.cafe\/vietnam\/wp-json\/wp\/v2\/types\/page"}],"author":[{"embeddable":true,"href":"https:\/\/22bet.cafe\/vietnam\/wp-json\/wp\/v2\/users\/1"}],"replies":[{"embeddable":true,"href":"https:\/\/22bet.cafe\/vietnam\/wp-json\/wp\/v2\/comments?post=468"}],"version-history":[{"count":0,"href":"https:\/\/22bet.cafe\/vietnam\/wp-json\/wp\/v2\/pages\/468\/revisions"}],"wp:attachment":[{"href":"https:\/\/22bet.cafe\/vietnam\/wp-json\/wp\/v2\/media?parent=468"}],"curies":[{"name":"wp","href":"https:\/\/api.w.org\/{rel}","templated":true}]}}