{"id":294,"date":"2024-03-12T10:44:40","date_gmt":"2024-03-12T10:44:40","guid":{"rendered":"https:\/\/22bet.cafe\/vietnam\/?page_id=294"},"modified":"2024-11-27T15:03:40","modified_gmt":"2024-11-27T15:03:40","slug":"app","status":"publish","type":"page","link":"https:\/\/22bet.cafe\/vietnam\/app\/","title":{"rendered":"\u1ee8ng d\u1ee5ng"},"content":{"rendered":"","protected":false},"excerpt":{"rendered":"","protected":false},"author":1,"featured_media":0,"parent":0,"menu_order":0,"comment_status":"closed","ping_status":"closed","template":"","meta":{"_acf_changed":false,"inline_featured_image":false,"footnotes":""},"class_list":["post-294","page","type-page","status-publish","hentry"],"acf":[],"yoast_head":"<!-- This site is optimized with the Yoast SEO plugin v26.0 - https:\/\/yoast.com\/wordpress\/plugins\/seo\/ -->\n<title>\u1ee8ng d\u1ee5ng 22Bet | C\u00e1 c\u01b0\u1ee3c v\u00e0 Casino cho IOS &amp; Android<\/title>\n<meta name=\"description\" content=\"Kh\u00e1m ph\u00e1 T\u1ea3i xu\u1ed1ng \u1ee9ng d\u1ee5ng 22Bet \u2705 D\u1ec5 d\u00e0ng t\u1ea3i xu\u1ed1ng v\u00e0 c\u00e0i \u0111\u1eb7t \u1ee9ng d\u1ee5ng di \u0111\u1ed9ng 22Bet tr\u00ean thi\u1ebft b\u1ecb Android ho\u1eb7c iOS c\u1ee7a b\u1ea1n v\u1edbi H\u01b0\u1edbng d\u1eabn t\u1eebng b\u01b0\u1edbc \u0111\u01a1n gi\u1ea3n c\u1ee7a ch\u00fang t\u00f4i\" \/>\n<meta name=\"robots\" content=\"index, follow, max-snippet:-1, max-image-preview:large, max-video-preview:-1\" \/>\n<meta property=\"og:locale\" content=\"vi_VN\" \/>\n<meta property=\"og:type\" content=\"article\" \/>\n<meta property=\"og:title\" content=\"\u1ee8ng d\u1ee5ng 22Bet | C\u00e1 c\u01b0\u1ee3c v\u00e0 Casino cho IOS &amp; Android\" \/>\n<meta property=\"og:description\" content=\"Kh\u00e1m ph\u00e1 T\u1ea3i xu\u1ed1ng \u1ee9ng d\u1ee5ng 22Bet \u2705 D\u1ec5 d\u00e0ng t\u1ea3i xu\u1ed1ng v\u00e0 c\u00e0i \u0111\u1eb7t \u1ee9ng d\u1ee5ng di \u0111\u1ed9ng 22Bet tr\u00ean thi\u1ebft b\u1ecb Android ho\u1eb7c iOS c\u1ee7a b\u1ea1n v\u1edbi H\u01b0\u1edbng d\u1eabn t\u1eebng b\u01b0\u1edbc \u0111\u01a1n gi\u1ea3n c\u1ee7a ch\u00fang t\u00f4i\" \/>\n<meta property=\"og:url\" content=\"https:\/\/22bet.cafe\/vietnam\/app\/\" \/>\n<meta property=\"og:site_name\" content=\"22bet Team vi\" \/>\n<meta property=\"article:modified_time\" content=\"2024-11-27T15:03:40+00:00\" \/>\n<meta name=\"twitter:card\" content=\"summary_large_image\" \/>\n<script type=\"application\/ld+json\" class=\"yoast-schema-graph\">{\"@context\":\"https:\/\/schema.org\",\"@graph\":[{\"@type\":\"WebPage\",\"@id\":\"https:\/\/22bet.cafe\/vietnam\/app\/\",\"url\":\"https:\/\/22bet.cafe\/vietnam\/app\/\",\"name\":\"\u1ee8ng d\u1ee5ng 22Bet | C\u00e1 c\u01b0\u1ee3c v\u00e0 Casino cho IOS & Android\",\"isPartOf\":{\"@id\":\"https:\/\/22bet.cafe\/vietnam\/#website\"},\"datePublished\":\"2024-03-12T10:44:40+00:00\",\"dateModified\":\"2024-11-27T15:03:40+00:00\",\"description\":\"Kh\u00e1m ph\u00e1 T\u1ea3i xu\u1ed1ng \u1ee9ng d\u1ee5ng 22Bet \u2705 D\u1ec5 d\u00e0ng t\u1ea3i xu\u1ed1ng v\u00e0 c\u00e0i \u0111\u1eb7t \u1ee9ng d\u1ee5ng di \u0111\u1ed9ng 22Bet tr\u00ean thi\u1ebft b\u1ecb Android ho\u1eb7c iOS c\u1ee7a b\u1ea1n v\u1edbi H\u01b0\u1edbng d\u1eabn t\u1eebng b\u01b0\u1edbc \u0111\u01a1n gi\u1ea3n c\u1ee7a ch\u00fang t\u00f4i\",\"breadcrumb\":{\"@id\":\"https:\/\/22bet.cafe\/vietnam\/app\/#breadcrumb\"},\"inLanguage\":\"vi\",\"potentialAction\":[{\"@type\":\"ReadAction\",\"target\":[\"https:\/\/22bet.cafe\/vietnam\/app\/\"]}]},{\"@type\":\"BreadcrumbList\",\"@id\":\"https:\/\/22bet.cafe\/vietnam\/app\/#breadcrumb\",\"itemListElement\":[{\"@type\":\"ListItem\",\"position\":1,\"name\":\"\u0413\u043b\u0430\u0432\u043d\u0430\u044f \u0441\u0442\u0440\u0430\u043d\u0438\u0446\u0430\",\"item\":\"https:\/\/22bet.cafe\/vietnam\/\"},{\"@type\":\"ListItem\",\"position\":2,\"name\":\"\u1ee8ng d\u1ee5ng\"}]},{\"@type\":\"WebSite\",\"@id\":\"https:\/\/22bet.cafe\/vietnam\/#website\",\"url\":\"https:\/\/22bet.cafe\/vietnam\/\",\"name\":\"22bet Team vi\",\"description\":\"My WordPress Blog\",\"potentialAction\":[{\"@type\":\"SearchAction\",\"target\":{\"@type\":\"EntryPoint\",\"urlTemplate\":\"https:\/\/22bet.cafe\/vietnam\/?s={search_term_string}\"},\"query-input\":{\"@type\":\"PropertyValueSpecification\",\"valueRequired\":true,\"valueName\":\"search_term_string\"}}],\"inLanguage\":\"vi\"}]}<\/script>\n<!-- \/ Yoast SEO plugin. -->","yoast_head_json":{"title":"\u1ee8ng d\u1ee5ng 22Bet | C\u00e1 c\u01b0\u1ee3c v\u00e0 Casino cho IOS & Android","description":"Kh\u00e1m ph\u00e1 T\u1ea3i xu\u1ed1ng \u1ee9ng d\u1ee5ng 22Bet \u2705 D\u1ec5 d\u00e0ng t\u1ea3i xu\u1ed1ng v\u00e0 c\u00e0i \u0111\u1eb7t \u1ee9ng d\u1ee5ng di \u0111\u1ed9ng 22Bet tr\u00ean thi\u1ebft b\u1ecb Android ho\u1eb7c iOS c\u1ee7a b\u1ea1n v\u1edbi H\u01b0\u1edbng d\u1eabn t\u1eebng b\u01b0\u1edbc \u0111\u01a1n gi\u1ea3n c\u1ee7a ch\u00fang t\u00f4i","robots":{"index":"index","follow":"follow","max-snippet":"max-snippet:-1","max-image-preview":"max-image-preview:large","max-video-preview":"max-video-preview:-1"},"og_locale":"vi_VN","og_type":"article","og_title":"\u1ee8ng d\u1ee5ng 22Bet | C\u00e1 c\u01b0\u1ee3c v\u00e0 Casino cho IOS & Android","og_description":"Kh\u00e1m ph\u00e1 T\u1ea3i xu\u1ed1ng \u1ee9ng d\u1ee5ng 22Bet \u2705 D\u1ec5 d\u00e0ng t\u1ea3i xu\u1ed1ng v\u00e0 c\u00e0i \u0111\u1eb7t \u1ee9ng d\u1ee5ng di \u0111\u1ed9ng 22Bet tr\u00ean thi\u1ebft b\u1ecb Android ho\u1eb7c iOS c\u1ee7a b\u1ea1n v\u1edbi H\u01b0\u1edbng d\u1eabn t\u1eebng b\u01b0\u1edbc \u0111\u01a1n gi\u1ea3n c\u1ee7a ch\u00fang t\u00f4i","og_url":"https:\/\/22bet.cafe\/vietnam\/app\/","og_site_name":"22bet Team vi","article_modified_time":"2024-11-27T15:03:40+00:00","twitter_card":"summary_large_image","schema":{"@context":"https:\/\/schema.org","@graph":[{"@type":"WebPage","@id":"https:\/\/22bet.cafe\/vietnam\/app\/","url":"https:\/\/22bet.cafe\/vietnam\/app\/","name":"\u1ee8ng d\u1ee5ng 22Bet | C\u00e1 c\u01b0\u1ee3c v\u00e0 Casino cho IOS & Android","isPartOf":{"@id":"https:\/\/22bet.cafe\/vietnam\/#website"},"datePublished":"2024-03-12T10:44:40+00:00","dateModified":"2024-11-27T15:03:40+00:00","description":"Kh\u00e1m ph\u00e1 T\u1ea3i xu\u1ed1ng \u1ee9ng d\u1ee5ng 22Bet \u2705 D\u1ec5 d\u00e0ng t\u1ea3i xu\u1ed1ng v\u00e0 c\u00e0i \u0111\u1eb7t \u1ee9ng d\u1ee5ng di \u0111\u1ed9ng 22Bet tr\u00ean thi\u1ebft b\u1ecb Android ho\u1eb7c iOS c\u1ee7a b\u1ea1n v\u1edbi H\u01b0\u1edbng d\u1eabn t\u1eebng b\u01b0\u1edbc \u0111\u01a1n gi\u1ea3n c\u1ee7a ch\u00fang t\u00f4i","breadcrumb":{"@id":"https:\/\/22bet.cafe\/vietnam\/app\/#breadcrumb"},"inLanguage":"vi","potentialAction":[{"@type":"ReadAction","target":["https:\/\/22bet.cafe\/vietnam\/app\/"]}]},{"@type":"BreadcrumbList","@id":"https:\/\/22bet.cafe\/vietnam\/app\/#breadcrumb","itemListElement":[{"@type":"ListItem","position":1,"name":"\u0413\u043b\u0430\u0432\u043d\u0430\u044f \u0441\u0442\u0440\u0430\u043d\u0438\u0446\u0430","item":"https:\/\/22bet.cafe\/vietnam\/"},{"@type":"ListItem","position":2,"name":"\u1ee8ng d\u1ee5ng"}]},{"@type":"WebSite","@id":"https:\/\/22bet.cafe\/vietnam\/#website","url":"https:\/\/22bet.cafe\/vietnam\/","name":"22bet Team vi","description":"My WordPress Blog","potentialAction":[{"@type":"SearchAction","target":{"@type":"EntryPoint","urlTemplate":"https:\/\/22bet.cafe\/vietnam\/?s={search_term_string}"},"query-input":{"@type":"PropertyValueSpecification","valueRequired":true,"valueName":"search_term_string"}}],"inLanguage":"vi"}]}},"_links":{"self":[{"href":"https:\/\/22bet.cafe\/vietnam\/wp-json\/wp\/v2\/pages\/294","targetHints":{"allow":["GET"]}}],"collection":[{"href":"https:\/\/22bet.cafe\/vietnam\/wp-json\/wp\/v2\/pages"}],"about":[{"href":"https:\/\/22bet.cafe\/vietnam\/wp-json\/wp\/v2\/types\/page"}],"author":[{"embeddable":true,"href":"https:\/\/22bet.cafe\/vietnam\/wp-json\/wp\/v2\/users\/1"}],"replies":[{"embeddable":true,"href":"https:\/\/22bet.cafe\/vietnam\/wp-json\/wp\/v2\/comments?post=294"}],"version-history":[{"count":0,"href":"https:\/\/22bet.cafe\/vietnam\/wp-json\/wp\/v2\/pages\/294\/revisions"}],"wp:attachment":[{"href":"https:\/\/22bet.cafe\/vietnam\/wp-json\/wp\/v2\/media?parent=294"}],"curies":[{"name":"wp","href":"https:\/\/api.w.org\/{rel}","templated":true}]}}