{"id":981,"date":"2025-08-12T05:30:36","date_gmt":"2025-08-12T05:30:36","guid":{"rendered":"https:\/\/22bet.cafe\/turkey\/?page_id=981"},"modified":"2025-11-06T19:08:45","modified_gmt":"2025-11-06T19:08:45","slug":"play-aviator","status":"publish","type":"page","link":"https:\/\/22bet.cafe\/turkey\/play-aviator\/","title":{"rendered":"Havac\u0131"},"content":{"rendered":"","protected":false},"excerpt":{"rendered":"","protected":false},"author":1,"featured_media":0,"parent":0,"menu_order":0,"comment_status":"closed","ping_status":"closed","template":"","meta":{"_acf_changed":false,"inline_featured_image":false,"footnotes":""},"class_list":["post-981","page","type-page","status-publish","hentry"],"acf":[],"yoast_head":"<!-- This site is optimized with the Yoast SEO plugin v26.0 - https:\/\/yoast.com\/wordpress\/plugins\/seo\/ -->\n<title>22Bet Aviator&#039;\u0131 oynay\u0131n: \ud83d\ude80 Ba\u015far\u0131 i\u00e7in ipu\u00e7lar\u0131, p\u00fcf noktalar\u0131 ve bonuslar!<\/title>\n<meta name=\"description\" content=\"22Bet Aviator ile havalanmaya haz\u0131r olun! Benzersiz stratejiler, oyun ipu\u00e7lar\u0131 ve b\u00fcy\u00fck kazan\u00e7lar elde etme \u015fans\u0131 ke\u015ffedin. Artan oranlarla heyecan verici bu oyun sizi bekliyor \u2014 hemen kumar d\u00fcnyas\u0131na dal\u0131n.\" \/>\n<meta name=\"robots\" content=\"index, follow, max-snippet:-1, max-image-preview:large, max-video-preview:-1\" \/>\n<meta property=\"og:locale\" content=\"tr_TR\" \/>\n<meta property=\"og:type\" content=\"article\" \/>\n<meta property=\"og:title\" content=\"22Bet Aviator&#039;\u0131 oynay\u0131n: \ud83d\ude80 Ba\u015far\u0131 i\u00e7in ipu\u00e7lar\u0131, p\u00fcf noktalar\u0131 ve bonuslar!\" \/>\n<meta property=\"og:description\" content=\"22Bet Aviator ile havalanmaya haz\u0131r olun! Benzersiz stratejiler, oyun ipu\u00e7lar\u0131 ve b\u00fcy\u00fck kazan\u00e7lar elde etme \u015fans\u0131 ke\u015ffedin. Artan oranlarla heyecan verici bu oyun sizi bekliyor \u2014 hemen kumar d\u00fcnyas\u0131na dal\u0131n.\" \/>\n<meta property=\"og:url\" content=\"https:\/\/22bet.cafe\/turkey\/play-aviator\/\" \/>\n<meta property=\"og:site_name\" content=\"22bet Team TR\" \/>\n<meta property=\"article:modified_time\" content=\"2025-11-06T19:08:45+00:00\" \/>\n<meta name=\"twitter:card\" content=\"summary_large_image\" \/>\n<script type=\"application\/ld+json\" class=\"yoast-schema-graph\">{\"@context\":\"https:\/\/schema.org\",\"@graph\":[{\"@type\":\"WebPage\",\"@id\":\"https:\/\/22bet.cafe\/turkey\/play-aviator\/\",\"url\":\"https:\/\/22bet.cafe\/turkey\/play-aviator\/\",\"name\":\"22Bet Aviator'\u0131 oynay\u0131n: \ud83d\ude80 Ba\u015far\u0131 i\u00e7in ipu\u00e7lar\u0131, p\u00fcf noktalar\u0131 ve bonuslar!\",\"isPartOf\":{\"@id\":\"https:\/\/22bet.cafe\/turkey\/#website\"},\"datePublished\":\"2025-08-12T05:30:36+00:00\",\"dateModified\":\"2025-11-06T19:08:45+00:00\",\"description\":\"22Bet Aviator ile havalanmaya haz\u0131r olun! Benzersiz stratejiler, oyun ipu\u00e7lar\u0131 ve b\u00fcy\u00fck kazan\u00e7lar elde etme \u015fans\u0131 ke\u015ffedin. Artan oranlarla heyecan verici bu oyun sizi bekliyor \u2014 hemen kumar d\u00fcnyas\u0131na dal\u0131n.\",\"breadcrumb\":{\"@id\":\"https:\/\/22bet.cafe\/turkey\/play-aviator\/#breadcrumb\"},\"inLanguage\":\"tr\",\"potentialAction\":[{\"@type\":\"ReadAction\",\"target\":[\"https:\/\/22bet.cafe\/turkey\/play-aviator\/\"]}]},{\"@type\":\"BreadcrumbList\",\"@id\":\"https:\/\/22bet.cafe\/turkey\/play-aviator\/#breadcrumb\",\"itemListElement\":[{\"@type\":\"ListItem\",\"position\":1,\"name\":\"\u0413\u043b\u0430\u0432\u043d\u0430\u044f \u0441\u0442\u0440\u0430\u043d\u0438\u0446\u0430\",\"item\":\"https:\/\/22bet.cafe\/turkey\/\"},{\"@type\":\"ListItem\",\"position\":2,\"name\":\"Havac\u0131\"}]},{\"@type\":\"WebSite\",\"@id\":\"https:\/\/22bet.cafe\/turkey\/#website\",\"url\":\"https:\/\/22bet.cafe\/turkey\/\",\"name\":\"22bet Team TR\",\"description\":\"My WordPress Blog\",\"potentialAction\":[{\"@type\":\"SearchAction\",\"target\":{\"@type\":\"EntryPoint\",\"urlTemplate\":\"https:\/\/22bet.cafe\/turkey\/?s={search_term_string}\"},\"query-input\":{\"@type\":\"PropertyValueSpecification\",\"valueRequired\":true,\"valueName\":\"search_term_string\"}}],\"inLanguage\":\"tr\"}]}<\/script>\n<!-- \/ Yoast SEO plugin. -->","yoast_head_json":{"title":"22Bet Aviator'\u0131 oynay\u0131n: \ud83d\ude80 Ba\u015far\u0131 i\u00e7in ipu\u00e7lar\u0131, p\u00fcf noktalar\u0131 ve bonuslar!","description":"22Bet Aviator ile havalanmaya haz\u0131r olun! Benzersiz stratejiler, oyun ipu\u00e7lar\u0131 ve b\u00fcy\u00fck kazan\u00e7lar elde etme \u015fans\u0131 ke\u015ffedin. Artan oranlarla heyecan verici bu oyun sizi bekliyor \u2014 hemen kumar d\u00fcnyas\u0131na dal\u0131n.","robots":{"index":"index","follow":"follow","max-snippet":"max-snippet:-1","max-image-preview":"max-image-preview:large","max-video-preview":"max-video-preview:-1"},"og_locale":"tr_TR","og_type":"article","og_title":"22Bet Aviator'\u0131 oynay\u0131n: \ud83d\ude80 Ba\u015far\u0131 i\u00e7in ipu\u00e7lar\u0131, p\u00fcf noktalar\u0131 ve bonuslar!","og_description":"22Bet Aviator ile havalanmaya haz\u0131r olun! Benzersiz stratejiler, oyun ipu\u00e7lar\u0131 ve b\u00fcy\u00fck kazan\u00e7lar elde etme \u015fans\u0131 ke\u015ffedin. Artan oranlarla heyecan verici bu oyun sizi bekliyor \u2014 hemen kumar d\u00fcnyas\u0131na dal\u0131n.","og_url":"https:\/\/22bet.cafe\/turkey\/play-aviator\/","og_site_name":"22bet Team TR","article_modified_time":"2025-11-06T19:08:45+00:00","twitter_card":"summary_large_image","schema":{"@context":"https:\/\/schema.org","@graph":[{"@type":"WebPage","@id":"https:\/\/22bet.cafe\/turkey\/play-aviator\/","url":"https:\/\/22bet.cafe\/turkey\/play-aviator\/","name":"22Bet Aviator'\u0131 oynay\u0131n: \ud83d\ude80 Ba\u015far\u0131 i\u00e7in ipu\u00e7lar\u0131, p\u00fcf noktalar\u0131 ve bonuslar!","isPartOf":{"@id":"https:\/\/22bet.cafe\/turkey\/#website"},"datePublished":"2025-08-12T05:30:36+00:00","dateModified":"2025-11-06T19:08:45+00:00","description":"22Bet Aviator ile havalanmaya haz\u0131r olun! Benzersiz stratejiler, oyun ipu\u00e7lar\u0131 ve b\u00fcy\u00fck kazan\u00e7lar elde etme \u015fans\u0131 ke\u015ffedin. Artan oranlarla heyecan verici bu oyun sizi bekliyor \u2014 hemen kumar d\u00fcnyas\u0131na dal\u0131n.","breadcrumb":{"@id":"https:\/\/22bet.cafe\/turkey\/play-aviator\/#breadcrumb"},"inLanguage":"tr","potentialAction":[{"@type":"ReadAction","target":["https:\/\/22bet.cafe\/turkey\/play-aviator\/"]}]},{"@type":"BreadcrumbList","@id":"https:\/\/22bet.cafe\/turkey\/play-aviator\/#breadcrumb","itemListElement":[{"@type":"ListItem","position":1,"name":"\u0413\u043b\u0430\u0432\u043d\u0430\u044f \u0441\u0442\u0440\u0430\u043d\u0438\u0446\u0430","item":"https:\/\/22bet.cafe\/turkey\/"},{"@type":"ListItem","position":2,"name":"Havac\u0131"}]},{"@type":"WebSite","@id":"https:\/\/22bet.cafe\/turkey\/#website","url":"https:\/\/22bet.cafe\/turkey\/","name":"22bet Team TR","description":"My WordPress Blog","potentialAction":[{"@type":"SearchAction","target":{"@type":"EntryPoint","urlTemplate":"https:\/\/22bet.cafe\/turkey\/?s={search_term_string}"},"query-input":{"@type":"PropertyValueSpecification","valueRequired":true,"valueName":"search_term_string"}}],"inLanguage":"tr"}]}},"_links":{"self":[{"href":"https:\/\/22bet.cafe\/turkey\/wp-json\/wp\/v2\/pages\/981","targetHints":{"allow":["GET"]}}],"collection":[{"href":"https:\/\/22bet.cafe\/turkey\/wp-json\/wp\/v2\/pages"}],"about":[{"href":"https:\/\/22bet.cafe\/turkey\/wp-json\/wp\/v2\/types\/page"}],"author":[{"embeddable":true,"href":"https:\/\/22bet.cafe\/turkey\/wp-json\/wp\/v2\/users\/1"}],"replies":[{"embeddable":true,"href":"https:\/\/22bet.cafe\/turkey\/wp-json\/wp\/v2\/comments?post=981"}],"version-history":[{"count":4,"href":"https:\/\/22bet.cafe\/turkey\/wp-json\/wp\/v2\/pages\/981\/revisions"}],"predecessor-version":[{"id":1157,"href":"https:\/\/22bet.cafe\/turkey\/wp-json\/wp\/v2\/pages\/981\/revisions\/1157"}],"wp:attachment":[{"href":"https:\/\/22bet.cafe\/turkey\/wp-json\/wp\/v2\/media?parent=981"}],"curies":[{"name":"wp","href":"https:\/\/api.w.org\/{rel}","templated":true}]}}