{"id":733,"date":"2025-03-21T06:00:43","date_gmt":"2025-03-21T06:00:43","guid":{"rendered":"https:\/\/22bet.cafe\/turkey\/?page_id=733"},"modified":"2025-11-06T19:39:36","modified_gmt":"2025-11-06T19:39:36","slug":"welcome-bonus","status":"publish","type":"page","link":"https:\/\/22bet.cafe\/turkey\/bonus\/welcome-bonus\/","title":{"rendered":"Ho\u015f geldiniz bonusu"},"content":{"rendered":"","protected":false},"excerpt":{"rendered":"","protected":false},"author":1,"featured_media":0,"parent":152,"menu_order":0,"comment_status":"closed","ping_status":"closed","template":"","meta":{"_acf_changed":false,"inline_featured_image":false,"footnotes":""},"class_list":["post-733","page","type-page","status-publish","hentry"],"acf":[],"yoast_head":"<!-- This site is optimized with the Yoast SEO plugin v26.0 - https:\/\/yoast.com\/wordpress\/plugins\/seo\/ -->\n<title>22bet Casino&#039;da ilk para yat\u0131rma i\u015fleminizde 12.000 TRY&#039;ye kadar Ho\u015f Geldiniz Bonusu<\/title>\n<meta name=\"description\" content=\"22bet Casino&#039;da ilk para yat\u0131rma i\u015fleminizde 12.000 TRY&#039;ye kadar c\u00f6mert bir Ho\u015f Geldiniz Bonusu kazan\u0131n! Oyuna kat\u0131l\u0131n ve heyecan verici kumar f\u0131rsatlar\u0131n\u0131n d\u00fcnyas\u0131n\u0131 ke\u015ffedin! Bankroll\u00fcn\u00fcz\u00fc art\u0131rma f\u0131rsat\u0131n\u0131 ka\u00e7\u0131rmay\u0131n - hemen harekete ge\u00e7in!\" \/>\n<meta name=\"robots\" content=\"index, follow, max-snippet:-1, max-image-preview:large, max-video-preview:-1\" \/>\n<meta property=\"og:locale\" content=\"tr_TR\" \/>\n<meta property=\"og:type\" content=\"article\" \/>\n<meta property=\"og:title\" content=\"22bet Casino&#039;da ilk para yat\u0131rma i\u015fleminizde 12.000 TRY&#039;ye kadar Ho\u015f Geldiniz Bonusu\" \/>\n<meta property=\"og:description\" content=\"22bet Casino&#039;da ilk para yat\u0131rma i\u015fleminizde 12.000 TRY&#039;ye kadar c\u00f6mert bir Ho\u015f Geldiniz Bonusu kazan\u0131n! Oyuna kat\u0131l\u0131n ve heyecan verici kumar f\u0131rsatlar\u0131n\u0131n d\u00fcnyas\u0131n\u0131 ke\u015ffedin! Bankroll\u00fcn\u00fcz\u00fc art\u0131rma f\u0131rsat\u0131n\u0131 ka\u00e7\u0131rmay\u0131n - hemen harekete ge\u00e7in!\" \/>\n<meta property=\"og:url\" content=\"https:\/\/22bet.cafe\/turkey\/bonus\/welcome-bonus\/\" \/>\n<meta property=\"og:site_name\" content=\"22bet Team TR\" \/>\n<meta property=\"article:modified_time\" content=\"2025-11-06T19:39:36+00:00\" \/>\n<meta name=\"twitter:card\" content=\"summary_large_image\" \/>\n<script type=\"application\/ld+json\" class=\"yoast-schema-graph\">{\"@context\":\"https:\/\/schema.org\",\"@graph\":[{\"@type\":\"WebPage\",\"@id\":\"https:\/\/22bet.cafe\/turkey\/bonus\/welcome-bonus\/\",\"url\":\"https:\/\/22bet.cafe\/turkey\/bonus\/welcome-bonus\/\",\"name\":\"22bet Casino'da ilk para yat\u0131rma i\u015fleminizde 12.000 TRY'ye kadar Ho\u015f Geldiniz Bonusu\",\"isPartOf\":{\"@id\":\"https:\/\/22bet.cafe\/turkey\/#website\"},\"datePublished\":\"2025-03-21T06:00:43+00:00\",\"dateModified\":\"2025-11-06T19:39:36+00:00\",\"description\":\"22bet Casino'da ilk para yat\u0131rma i\u015fleminizde 12.000 TRY'ye kadar c\u00f6mert bir Ho\u015f Geldiniz Bonusu kazan\u0131n! Oyuna kat\u0131l\u0131n ve heyecan verici kumar f\u0131rsatlar\u0131n\u0131n d\u00fcnyas\u0131n\u0131 ke\u015ffedin! Bankroll\u00fcn\u00fcz\u00fc art\u0131rma f\u0131rsat\u0131n\u0131 ka\u00e7\u0131rmay\u0131n - hemen harekete ge\u00e7in!\",\"breadcrumb\":{\"@id\":\"https:\/\/22bet.cafe\/turkey\/bonus\/welcome-bonus\/#breadcrumb\"},\"inLanguage\":\"tr\",\"potentialAction\":[{\"@type\":\"ReadAction\",\"target\":[\"https:\/\/22bet.cafe\/turkey\/bonus\/welcome-bonus\/\"]}]},{\"@type\":\"BreadcrumbList\",\"@id\":\"https:\/\/22bet.cafe\/turkey\/bonus\/welcome-bonus\/#breadcrumb\",\"itemListElement\":[{\"@type\":\"ListItem\",\"position\":1,\"name\":\"\u0413\u043b\u0430\u0432\u043d\u0430\u044f \u0441\u0442\u0440\u0430\u043d\u0438\u0446\u0430\",\"item\":\"https:\/\/22bet.cafe\/turkey\/\"},{\"@type\":\"ListItem\",\"position\":2,\"name\":\"Bonus\",\"item\":\"https:\/\/22bet.cafe\/turkey\/bonus\/\"},{\"@type\":\"ListItem\",\"position\":3,\"name\":\"Ho\u015f geldiniz bonusu\"}]},{\"@type\":\"WebSite\",\"@id\":\"https:\/\/22bet.cafe\/turkey\/#website\",\"url\":\"https:\/\/22bet.cafe\/turkey\/\",\"name\":\"22bet Team TR\",\"description\":\"My WordPress Blog\",\"potentialAction\":[{\"@type\":\"SearchAction\",\"target\":{\"@type\":\"EntryPoint\",\"urlTemplate\":\"https:\/\/22bet.cafe\/turkey\/?s={search_term_string}\"},\"query-input\":{\"@type\":\"PropertyValueSpecification\",\"valueRequired\":true,\"valueName\":\"search_term_string\"}}],\"inLanguage\":\"tr\"}]}<\/script>\n<!-- \/ Yoast SEO plugin. -->","yoast_head_json":{"title":"22bet Casino'da ilk para yat\u0131rma i\u015fleminizde 12.000 TRY'ye kadar Ho\u015f Geldiniz Bonusu","description":"22bet Casino'da ilk para yat\u0131rma i\u015fleminizde 12.000 TRY'ye kadar c\u00f6mert bir Ho\u015f Geldiniz Bonusu kazan\u0131n! Oyuna kat\u0131l\u0131n ve heyecan verici kumar f\u0131rsatlar\u0131n\u0131n d\u00fcnyas\u0131n\u0131 ke\u015ffedin! Bankroll\u00fcn\u00fcz\u00fc art\u0131rma f\u0131rsat\u0131n\u0131 ka\u00e7\u0131rmay\u0131n - hemen harekete ge\u00e7in!","robots":{"index":"index","follow":"follow","max-snippet":"max-snippet:-1","max-image-preview":"max-image-preview:large","max-video-preview":"max-video-preview:-1"},"og_locale":"tr_TR","og_type":"article","og_title":"22bet Casino'da ilk para yat\u0131rma i\u015fleminizde 12.000 TRY'ye kadar Ho\u015f Geldiniz Bonusu","og_description":"22bet Casino'da ilk para yat\u0131rma i\u015fleminizde 12.000 TRY'ye kadar c\u00f6mert bir Ho\u015f Geldiniz Bonusu kazan\u0131n! Oyuna kat\u0131l\u0131n ve heyecan verici kumar f\u0131rsatlar\u0131n\u0131n d\u00fcnyas\u0131n\u0131 ke\u015ffedin! Bankroll\u00fcn\u00fcz\u00fc art\u0131rma f\u0131rsat\u0131n\u0131 ka\u00e7\u0131rmay\u0131n - hemen harekete ge\u00e7in!","og_url":"https:\/\/22bet.cafe\/turkey\/bonus\/welcome-bonus\/","og_site_name":"22bet Team TR","article_modified_time":"2025-11-06T19:39:36+00:00","twitter_card":"summary_large_image","schema":{"@context":"https:\/\/schema.org","@graph":[{"@type":"WebPage","@id":"https:\/\/22bet.cafe\/turkey\/bonus\/welcome-bonus\/","url":"https:\/\/22bet.cafe\/turkey\/bonus\/welcome-bonus\/","name":"22bet Casino'da ilk para yat\u0131rma i\u015fleminizde 12.000 TRY'ye kadar Ho\u015f Geldiniz Bonusu","isPartOf":{"@id":"https:\/\/22bet.cafe\/turkey\/#website"},"datePublished":"2025-03-21T06:00:43+00:00","dateModified":"2025-11-06T19:39:36+00:00","description":"22bet Casino'da ilk para yat\u0131rma i\u015fleminizde 12.000 TRY'ye kadar c\u00f6mert bir Ho\u015f Geldiniz Bonusu kazan\u0131n! Oyuna kat\u0131l\u0131n ve heyecan verici kumar f\u0131rsatlar\u0131n\u0131n d\u00fcnyas\u0131n\u0131 ke\u015ffedin! Bankroll\u00fcn\u00fcz\u00fc art\u0131rma f\u0131rsat\u0131n\u0131 ka\u00e7\u0131rmay\u0131n - hemen harekete ge\u00e7in!","breadcrumb":{"@id":"https:\/\/22bet.cafe\/turkey\/bonus\/welcome-bonus\/#breadcrumb"},"inLanguage":"tr","potentialAction":[{"@type":"ReadAction","target":["https:\/\/22bet.cafe\/turkey\/bonus\/welcome-bonus\/"]}]},{"@type":"BreadcrumbList","@id":"https:\/\/22bet.cafe\/turkey\/bonus\/welcome-bonus\/#breadcrumb","itemListElement":[{"@type":"ListItem","position":1,"name":"\u0413\u043b\u0430\u0432\u043d\u0430\u044f \u0441\u0442\u0440\u0430\u043d\u0438\u0446\u0430","item":"https:\/\/22bet.cafe\/turkey\/"},{"@type":"ListItem","position":2,"name":"Bonus","item":"https:\/\/22bet.cafe\/turkey\/bonus\/"},{"@type":"ListItem","position":3,"name":"Ho\u015f geldiniz bonusu"}]},{"@type":"WebSite","@id":"https:\/\/22bet.cafe\/turkey\/#website","url":"https:\/\/22bet.cafe\/turkey\/","name":"22bet Team TR","description":"My WordPress Blog","potentialAction":[{"@type":"SearchAction","target":{"@type":"EntryPoint","urlTemplate":"https:\/\/22bet.cafe\/turkey\/?s={search_term_string}"},"query-input":{"@type":"PropertyValueSpecification","valueRequired":true,"valueName":"search_term_string"}}],"inLanguage":"tr"}]}},"_links":{"self":[{"href":"https:\/\/22bet.cafe\/turkey\/wp-json\/wp\/v2\/pages\/733","targetHints":{"allow":["GET"]}}],"collection":[{"href":"https:\/\/22bet.cafe\/turkey\/wp-json\/wp\/v2\/pages"}],"about":[{"href":"https:\/\/22bet.cafe\/turkey\/wp-json\/wp\/v2\/types\/page"}],"author":[{"embeddable":true,"href":"https:\/\/22bet.cafe\/turkey\/wp-json\/wp\/v2\/users\/1"}],"replies":[{"embeddable":true,"href":"https:\/\/22bet.cafe\/turkey\/wp-json\/wp\/v2\/comments?post=733"}],"version-history":[{"count":3,"href":"https:\/\/22bet.cafe\/turkey\/wp-json\/wp\/v2\/pages\/733\/revisions"}],"predecessor-version":[{"id":1168,"href":"https:\/\/22bet.cafe\/turkey\/wp-json\/wp\/v2\/pages\/733\/revisions\/1168"}],"up":[{"embeddable":true,"href":"https:\/\/22bet.cafe\/turkey\/wp-json\/wp\/v2\/pages\/152"}],"wp:attachment":[{"href":"https:\/\/22bet.cafe\/turkey\/wp-json\/wp\/v2\/media?parent=733"}],"curies":[{"name":"wp","href":"https:\/\/api.w.org\/{rel}","templated":true}]}}