{"id":470,"date":"2024-09-12T07:19:47","date_gmt":"2024-09-12T07:19:47","guid":{"rendered":"https:\/\/22bet.cafe\/turkey\/?page_id=470"},"modified":"2025-11-06T20:25:12","modified_gmt":"2025-11-06T20:25:12","slug":"partners","status":"publish","type":"page","link":"https:\/\/22bet.cafe\/turkey\/partners\/","title":{"rendered":"Ortaklar"},"content":{"rendered":"","protected":false},"excerpt":{"rendered":"","protected":false},"author":1,"featured_media":0,"parent":0,"menu_order":0,"comment_status":"closed","ping_status":"closed","template":"","meta":{"_acf_changed":false,"inline_featured_image":false,"footnotes":""},"class_list":["post-470","page","type-page","status-publish","hentry"],"acf":[],"yoast_head":"<!-- This site is optimized with the Yoast SEO plugin v26.0 - https:\/\/yoast.com\/wordpress\/plugins\/seo\/ -->\n<title>22Bet Ortaklar\u0131 \u26a1 22Bet Ortakl\u0131k Program\u0131na Kat\u0131l\u0131n<\/title>\n<meta name=\"description\" content=\"Spor bahisleri, casino ve poker i\u00e7in 22Bet ortakl\u0131k program\u0131 \u27a4 Y\u00fcksek komisyon \u27a4 Haftal\u0131k \u00f6demeler \u27a4 22Bet Partners&#039;\u0131n tavsiye program\u0131 ile spor bahislerinde &#039;a varan kazan\u00e7lar elde edin\" \/>\n<meta name=\"robots\" content=\"index, follow, max-snippet:-1, max-image-preview:large, max-video-preview:-1\" \/>\n<meta property=\"og:locale\" content=\"tr_TR\" \/>\n<meta property=\"og:type\" content=\"article\" \/>\n<meta property=\"og:title\" content=\"22Bet Ortaklar\u0131 \u26a1 22Bet Ortakl\u0131k Program\u0131na Kat\u0131l\u0131n\" \/>\n<meta property=\"og:description\" content=\"Spor bahisleri, casino ve poker i\u00e7in 22Bet ortakl\u0131k program\u0131 \u27a4 Y\u00fcksek komisyon \u27a4 Haftal\u0131k \u00f6demeler \u27a4 22Bet Partners&#039;\u0131n tavsiye program\u0131 ile spor bahislerinde &#039;a varan kazan\u00e7lar elde edin\" \/>\n<meta property=\"og:url\" content=\"https:\/\/22bet.cafe\/turkey\/partners\/\" \/>\n<meta property=\"og:site_name\" content=\"22bet Team TR\" \/>\n<meta property=\"article:modified_time\" content=\"2025-11-06T20:25:12+00:00\" \/>\n<meta name=\"twitter:card\" content=\"summary_large_image\" \/>\n<script type=\"application\/ld+json\" class=\"yoast-schema-graph\">{\"@context\":\"https:\/\/schema.org\",\"@graph\":[{\"@type\":\"WebPage\",\"@id\":\"https:\/\/22bet.cafe\/turkey\/partners\/\",\"url\":\"https:\/\/22bet.cafe\/turkey\/partners\/\",\"name\":\"22Bet Ortaklar\u0131 \u26a1 22Bet Ortakl\u0131k Program\u0131na Kat\u0131l\u0131n\",\"isPartOf\":{\"@id\":\"https:\/\/22bet.cafe\/turkey\/#website\"},\"datePublished\":\"2024-09-12T07:19:47+00:00\",\"dateModified\":\"2025-11-06T20:25:12+00:00\",\"description\":\"Spor bahisleri, casino ve poker i\u00e7in 22Bet ortakl\u0131k program\u0131 \u27a4 Y\u00fcksek komisyon \u27a4 Haftal\u0131k \u00f6demeler \u27a4 22Bet Partners'\u0131n tavsiye program\u0131 ile spor bahislerinde 'a varan kazan\u00e7lar elde edin\",\"breadcrumb\":{\"@id\":\"https:\/\/22bet.cafe\/turkey\/partners\/#breadcrumb\"},\"inLanguage\":\"tr\",\"potentialAction\":[{\"@type\":\"ReadAction\",\"target\":[\"https:\/\/22bet.cafe\/turkey\/partners\/\"]}]},{\"@type\":\"BreadcrumbList\",\"@id\":\"https:\/\/22bet.cafe\/turkey\/partners\/#breadcrumb\",\"itemListElement\":[{\"@type\":\"ListItem\",\"position\":1,\"name\":\"\u0413\u043b\u0430\u0432\u043d\u0430\u044f \u0441\u0442\u0440\u0430\u043d\u0438\u0446\u0430\",\"item\":\"https:\/\/22bet.cafe\/turkey\/\"},{\"@type\":\"ListItem\",\"position\":2,\"name\":\"Ortaklar\"}]},{\"@type\":\"WebSite\",\"@id\":\"https:\/\/22bet.cafe\/turkey\/#website\",\"url\":\"https:\/\/22bet.cafe\/turkey\/\",\"name\":\"22bet Team TR\",\"description\":\"My WordPress Blog\",\"potentialAction\":[{\"@type\":\"SearchAction\",\"target\":{\"@type\":\"EntryPoint\",\"urlTemplate\":\"https:\/\/22bet.cafe\/turkey\/?s={search_term_string}\"},\"query-input\":{\"@type\":\"PropertyValueSpecification\",\"valueRequired\":true,\"valueName\":\"search_term_string\"}}],\"inLanguage\":\"tr\"}]}<\/script>\n<!-- \/ Yoast SEO plugin. -->","yoast_head_json":{"title":"22Bet Ortaklar\u0131 \u26a1 22Bet Ortakl\u0131k Program\u0131na Kat\u0131l\u0131n","description":"Spor bahisleri, casino ve poker i\u00e7in 22Bet ortakl\u0131k program\u0131 \u27a4 Y\u00fcksek komisyon \u27a4 Haftal\u0131k \u00f6demeler \u27a4 22Bet Partners'\u0131n tavsiye program\u0131 ile spor bahislerinde 'a varan kazan\u00e7lar elde edin","robots":{"index":"index","follow":"follow","max-snippet":"max-snippet:-1","max-image-preview":"max-image-preview:large","max-video-preview":"max-video-preview:-1"},"og_locale":"tr_TR","og_type":"article","og_title":"22Bet Ortaklar\u0131 \u26a1 22Bet Ortakl\u0131k Program\u0131na Kat\u0131l\u0131n","og_description":"Spor bahisleri, casino ve poker i\u00e7in 22Bet ortakl\u0131k program\u0131 \u27a4 Y\u00fcksek komisyon \u27a4 Haftal\u0131k \u00f6demeler \u27a4 22Bet Partners'\u0131n tavsiye program\u0131 ile spor bahislerinde 'a varan kazan\u00e7lar elde edin","og_url":"https:\/\/22bet.cafe\/turkey\/partners\/","og_site_name":"22bet Team TR","article_modified_time":"2025-11-06T20:25:12+00:00","twitter_card":"summary_large_image","schema":{"@context":"https:\/\/schema.org","@graph":[{"@type":"WebPage","@id":"https:\/\/22bet.cafe\/turkey\/partners\/","url":"https:\/\/22bet.cafe\/turkey\/partners\/","name":"22Bet Ortaklar\u0131 \u26a1 22Bet Ortakl\u0131k Program\u0131na Kat\u0131l\u0131n","isPartOf":{"@id":"https:\/\/22bet.cafe\/turkey\/#website"},"datePublished":"2024-09-12T07:19:47+00:00","dateModified":"2025-11-06T20:25:12+00:00","description":"Spor bahisleri, casino ve poker i\u00e7in 22Bet ortakl\u0131k program\u0131 \u27a4 Y\u00fcksek komisyon \u27a4 Haftal\u0131k \u00f6demeler \u27a4 22Bet Partners'\u0131n tavsiye program\u0131 ile spor bahislerinde 'a varan kazan\u00e7lar elde edin","breadcrumb":{"@id":"https:\/\/22bet.cafe\/turkey\/partners\/#breadcrumb"},"inLanguage":"tr","potentialAction":[{"@type":"ReadAction","target":["https:\/\/22bet.cafe\/turkey\/partners\/"]}]},{"@type":"BreadcrumbList","@id":"https:\/\/22bet.cafe\/turkey\/partners\/#breadcrumb","itemListElement":[{"@type":"ListItem","position":1,"name":"\u0413\u043b\u0430\u0432\u043d\u0430\u044f \u0441\u0442\u0440\u0430\u043d\u0438\u0446\u0430","item":"https:\/\/22bet.cafe\/turkey\/"},{"@type":"ListItem","position":2,"name":"Ortaklar"}]},{"@type":"WebSite","@id":"https:\/\/22bet.cafe\/turkey\/#website","url":"https:\/\/22bet.cafe\/turkey\/","name":"22bet Team TR","description":"My WordPress Blog","potentialAction":[{"@type":"SearchAction","target":{"@type":"EntryPoint","urlTemplate":"https:\/\/22bet.cafe\/turkey\/?s={search_term_string}"},"query-input":{"@type":"PropertyValueSpecification","valueRequired":true,"valueName":"search_term_string"}}],"inLanguage":"tr"}]}},"_links":{"self":[{"href":"https:\/\/22bet.cafe\/turkey\/wp-json\/wp\/v2\/pages\/470","targetHints":{"allow":["GET"]}}],"collection":[{"href":"https:\/\/22bet.cafe\/turkey\/wp-json\/wp\/v2\/pages"}],"about":[{"href":"https:\/\/22bet.cafe\/turkey\/wp-json\/wp\/v2\/types\/page"}],"author":[{"embeddable":true,"href":"https:\/\/22bet.cafe\/turkey\/wp-json\/wp\/v2\/users\/1"}],"replies":[{"embeddable":true,"href":"https:\/\/22bet.cafe\/turkey\/wp-json\/wp\/v2\/comments?post=470"}],"version-history":[{"count":2,"href":"https:\/\/22bet.cafe\/turkey\/wp-json\/wp\/v2\/pages\/470\/revisions"}],"predecessor-version":[{"id":1184,"href":"https:\/\/22bet.cafe\/turkey\/wp-json\/wp\/v2\/pages\/470\/revisions\/1184"}],"wp:attachment":[{"href":"https:\/\/22bet.cafe\/turkey\/wp-json\/wp\/v2\/media?parent=470"}],"curies":[{"name":"wp","href":"https:\/\/api.w.org\/{rel}","templated":true}]}}