{"id":1101,"date":"2025-10-17T06:58:40","date_gmt":"2025-10-17T06:58:40","guid":{"rendered":"https:\/\/22bet.cafe\/turkey\/?page_id=1101"},"modified":"2025-11-06T20:19:12","modified_gmt":"2025-11-06T20:19:12","slug":"ice-hockey-betting","status":"publish","type":"page","link":"https:\/\/22bet.cafe\/turkey\/ice-hockey-betting\/","title":{"rendered":"Buz Hokeyi"},"content":{"rendered":"","protected":false},"excerpt":{"rendered":"","protected":false},"author":1,"featured_media":0,"parent":0,"menu_order":0,"comment_status":"closed","ping_status":"closed","template":"","meta":{"_acf_changed":false,"inline_featured_image":false,"footnotes":""},"class_list":["post-1101","page","type-page","status-publish","hentry"],"acf":[],"yoast_head":"<!-- This site is optimized with the Yoast SEO plugin v26.0 - https:\/\/yoast.com\/wordpress\/plugins\/seo\/ -->\n<title>22Bet Buz Hokeyi Bahisleri \u1409 En \u0130yi Oranlar ve Canl\u0131 Bahisler<\/title>\n<meta name=\"description\" content=\"22Bet ile hokey bahisleri! Geni\u015f bir spor yelpazesi, y\u00fcksek oranlar ve kazan\u00e7l\u0131 bonuslar sunan lisansl\u0131 bir bahis \u015firketi. Kripto para birimleri de dahil olmak \u00fczere geni\u015f bir bahis yelpazesi ve g\u00fcvenli \u00f6demeler i\u00e7in bize kat\u0131l\u0131n.\" \/>\n<meta name=\"robots\" content=\"index, follow, max-snippet:-1, max-image-preview:large, max-video-preview:-1\" \/>\n<meta property=\"og:locale\" content=\"tr_TR\" \/>\n<meta property=\"og:type\" content=\"article\" \/>\n<meta property=\"og:title\" content=\"22Bet Buz Hokeyi Bahisleri \u1409 En \u0130yi Oranlar ve Canl\u0131 Bahisler\" \/>\n<meta property=\"og:description\" content=\"22Bet ile hokey bahisleri! Geni\u015f bir spor yelpazesi, y\u00fcksek oranlar ve kazan\u00e7l\u0131 bonuslar sunan lisansl\u0131 bir bahis \u015firketi. Kripto para birimleri de dahil olmak \u00fczere geni\u015f bir bahis yelpazesi ve g\u00fcvenli \u00f6demeler i\u00e7in bize kat\u0131l\u0131n.\" \/>\n<meta property=\"og:url\" content=\"https:\/\/22bet.cafe\/turkey\/ice-hockey-betting\/\" \/>\n<meta property=\"og:site_name\" content=\"22bet Team TR\" \/>\n<meta property=\"article:modified_time\" content=\"2025-11-06T20:19:12+00:00\" \/>\n<meta name=\"twitter:card\" content=\"summary_large_image\" \/>\n<script type=\"application\/ld+json\" class=\"yoast-schema-graph\">{\"@context\":\"https:\/\/schema.org\",\"@graph\":[{\"@type\":\"WebPage\",\"@id\":\"https:\/\/22bet.cafe\/turkey\/ice-hockey-betting\/\",\"url\":\"https:\/\/22bet.cafe\/turkey\/ice-hockey-betting\/\",\"name\":\"22Bet Buz Hokeyi Bahisleri \u1409 En \u0130yi Oranlar ve Canl\u0131 Bahisler\",\"isPartOf\":{\"@id\":\"https:\/\/22bet.cafe\/turkey\/#website\"},\"datePublished\":\"2025-10-17T06:58:40+00:00\",\"dateModified\":\"2025-11-06T20:19:12+00:00\",\"description\":\"22Bet ile hokey bahisleri! Geni\u015f bir spor yelpazesi, y\u00fcksek oranlar ve kazan\u00e7l\u0131 bonuslar sunan lisansl\u0131 bir bahis \u015firketi. Kripto para birimleri de dahil olmak \u00fczere geni\u015f bir bahis yelpazesi ve g\u00fcvenli \u00f6demeler i\u00e7in bize kat\u0131l\u0131n.\",\"breadcrumb\":{\"@id\":\"https:\/\/22bet.cafe\/turkey\/ice-hockey-betting\/#breadcrumb\"},\"inLanguage\":\"tr\",\"potentialAction\":[{\"@type\":\"ReadAction\",\"target\":[\"https:\/\/22bet.cafe\/turkey\/ice-hockey-betting\/\"]}]},{\"@type\":\"BreadcrumbList\",\"@id\":\"https:\/\/22bet.cafe\/turkey\/ice-hockey-betting\/#breadcrumb\",\"itemListElement\":[{\"@type\":\"ListItem\",\"position\":1,\"name\":\"\u0413\u043b\u0430\u0432\u043d\u0430\u044f \u0441\u0442\u0440\u0430\u043d\u0438\u0446\u0430\",\"item\":\"https:\/\/22bet.cafe\/turkey\/\"},{\"@type\":\"ListItem\",\"position\":2,\"name\":\"Buz Hokeyi\"}]},{\"@type\":\"WebSite\",\"@id\":\"https:\/\/22bet.cafe\/turkey\/#website\",\"url\":\"https:\/\/22bet.cafe\/turkey\/\",\"name\":\"22bet Team TR\",\"description\":\"My WordPress Blog\",\"potentialAction\":[{\"@type\":\"SearchAction\",\"target\":{\"@type\":\"EntryPoint\",\"urlTemplate\":\"https:\/\/22bet.cafe\/turkey\/?s={search_term_string}\"},\"query-input\":{\"@type\":\"PropertyValueSpecification\",\"valueRequired\":true,\"valueName\":\"search_term_string\"}}],\"inLanguage\":\"tr\"}]}<\/script>\n<!-- \/ Yoast SEO plugin. -->","yoast_head_json":{"title":"22Bet Buz Hokeyi Bahisleri \u1409 En \u0130yi Oranlar ve Canl\u0131 Bahisler","description":"22Bet ile hokey bahisleri! Geni\u015f bir spor yelpazesi, y\u00fcksek oranlar ve kazan\u00e7l\u0131 bonuslar sunan lisansl\u0131 bir bahis \u015firketi. Kripto para birimleri de dahil olmak \u00fczere geni\u015f bir bahis yelpazesi ve g\u00fcvenli \u00f6demeler i\u00e7in bize kat\u0131l\u0131n.","robots":{"index":"index","follow":"follow","max-snippet":"max-snippet:-1","max-image-preview":"max-image-preview:large","max-video-preview":"max-video-preview:-1"},"og_locale":"tr_TR","og_type":"article","og_title":"22Bet Buz Hokeyi Bahisleri \u1409 En \u0130yi Oranlar ve Canl\u0131 Bahisler","og_description":"22Bet ile hokey bahisleri! Geni\u015f bir spor yelpazesi, y\u00fcksek oranlar ve kazan\u00e7l\u0131 bonuslar sunan lisansl\u0131 bir bahis \u015firketi. Kripto para birimleri de dahil olmak \u00fczere geni\u015f bir bahis yelpazesi ve g\u00fcvenli \u00f6demeler i\u00e7in bize kat\u0131l\u0131n.","og_url":"https:\/\/22bet.cafe\/turkey\/ice-hockey-betting\/","og_site_name":"22bet Team TR","article_modified_time":"2025-11-06T20:19:12+00:00","twitter_card":"summary_large_image","schema":{"@context":"https:\/\/schema.org","@graph":[{"@type":"WebPage","@id":"https:\/\/22bet.cafe\/turkey\/ice-hockey-betting\/","url":"https:\/\/22bet.cafe\/turkey\/ice-hockey-betting\/","name":"22Bet Buz Hokeyi Bahisleri \u1409 En \u0130yi Oranlar ve Canl\u0131 Bahisler","isPartOf":{"@id":"https:\/\/22bet.cafe\/turkey\/#website"},"datePublished":"2025-10-17T06:58:40+00:00","dateModified":"2025-11-06T20:19:12+00:00","description":"22Bet ile hokey bahisleri! Geni\u015f bir spor yelpazesi, y\u00fcksek oranlar ve kazan\u00e7l\u0131 bonuslar sunan lisansl\u0131 bir bahis \u015firketi. Kripto para birimleri de dahil olmak \u00fczere geni\u015f bir bahis yelpazesi ve g\u00fcvenli \u00f6demeler i\u00e7in bize kat\u0131l\u0131n.","breadcrumb":{"@id":"https:\/\/22bet.cafe\/turkey\/ice-hockey-betting\/#breadcrumb"},"inLanguage":"tr","potentialAction":[{"@type":"ReadAction","target":["https:\/\/22bet.cafe\/turkey\/ice-hockey-betting\/"]}]},{"@type":"BreadcrumbList","@id":"https:\/\/22bet.cafe\/turkey\/ice-hockey-betting\/#breadcrumb","itemListElement":[{"@type":"ListItem","position":1,"name":"\u0413\u043b\u0430\u0432\u043d\u0430\u044f \u0441\u0442\u0440\u0430\u043d\u0438\u0446\u0430","item":"https:\/\/22bet.cafe\/turkey\/"},{"@type":"ListItem","position":2,"name":"Buz Hokeyi"}]},{"@type":"WebSite","@id":"https:\/\/22bet.cafe\/turkey\/#website","url":"https:\/\/22bet.cafe\/turkey\/","name":"22bet Team TR","description":"My WordPress Blog","potentialAction":[{"@type":"SearchAction","target":{"@type":"EntryPoint","urlTemplate":"https:\/\/22bet.cafe\/turkey\/?s={search_term_string}"},"query-input":{"@type":"PropertyValueSpecification","valueRequired":true,"valueName":"search_term_string"}}],"inLanguage":"tr"}]}},"_links":{"self":[{"href":"https:\/\/22bet.cafe\/turkey\/wp-json\/wp\/v2\/pages\/1101","targetHints":{"allow":["GET"]}}],"collection":[{"href":"https:\/\/22bet.cafe\/turkey\/wp-json\/wp\/v2\/pages"}],"about":[{"href":"https:\/\/22bet.cafe\/turkey\/wp-json\/wp\/v2\/types\/page"}],"author":[{"embeddable":true,"href":"https:\/\/22bet.cafe\/turkey\/wp-json\/wp\/v2\/users\/1"}],"replies":[{"embeddable":true,"href":"https:\/\/22bet.cafe\/turkey\/wp-json\/wp\/v2\/comments?post=1101"}],"version-history":[{"count":5,"href":"https:\/\/22bet.cafe\/turkey\/wp-json\/wp\/v2\/pages\/1101\/revisions"}],"predecessor-version":[{"id":1180,"href":"https:\/\/22bet.cafe\/turkey\/wp-json\/wp\/v2\/pages\/1101\/revisions\/1180"}],"wp:attachment":[{"href":"https:\/\/22bet.cafe\/turkey\/wp-json\/wp\/v2\/media?parent=1101"}],"curies":[{"name":"wp","href":"https:\/\/api.w.org\/{rel}","templated":true}]}}