{"id":981,"date":"2025-08-12T05:30:36","date_gmt":"2025-08-12T05:30:36","guid":{"rendered":"https:\/\/22bet.cafe\/?page_id=981"},"modified":"2025-09-04T06:47:32","modified_gmt":"2025-09-04T06:47:32","slug":"play-aviator","status":"publish","type":"page","link":"https:\/\/22bet.cafe\/sweden\/play-aviator\/","title":{"rendered":"Aviator"},"content":{"rendered":"","protected":false},"excerpt":{"rendered":"","protected":false},"author":1,"featured_media":0,"parent":0,"menu_order":0,"comment_status":"closed","ping_status":"closed","template":"","meta":{"_acf_changed":false,"inline_featured_image":false,"footnotes":""},"class_list":["post-981","page","type-page","status-publish","hentry"],"acf":[],"yoast_head":"<!-- This site is optimized with the Yoast SEO plugin v26.0 - https:\/\/yoast.com\/wordpress\/plugins\/seo\/ -->\n<title>Spela 22Bet Aviator: \ud83d\ude80 Tips, tricks och bonusar f\u00f6r framg\u00e5ng!<\/title>\n<meta name=\"description\" content=\"G\u00f6r dig redo att lyfta med 22Bet Flygare! Uppt\u00e4ck unika strategier, speltips och chansen att vinna stort. Detta sp\u00e4nnande spel med \u00f6kande odds v\u00e4ntar p\u00e5 dig \u2013 dyka in i spelv\u00e4rlden redan nu.\" \/>\n<meta name=\"robots\" content=\"index, follow, max-snippet:-1, max-image-preview:large, max-video-preview:-1\" \/>\n<meta property=\"og:locale\" content=\"sv_SE\" \/>\n<meta property=\"og:type\" content=\"article\" \/>\n<meta property=\"og:title\" content=\"Spela 22Bet Aviator: \ud83d\ude80 Tips, tricks och bonusar f\u00f6r framg\u00e5ng!\" \/>\n<meta property=\"og:description\" content=\"G\u00f6r dig redo att lyfta med 22Bet Flygare! Uppt\u00e4ck unika strategier, speltips och chansen att vinna stort. Detta sp\u00e4nnande spel med \u00f6kande odds v\u00e4ntar p\u00e5 dig \u2013 dyka in i spelv\u00e4rlden redan nu.\" \/>\n<meta property=\"og:url\" content=\"https:\/\/22bet.cafe\/sweden\/play-aviator\/\" \/>\n<meta property=\"og:site_name\" content=\"22bet Team sv\" \/>\n<meta property=\"article:modified_time\" content=\"2025-09-04T06:47:32+00:00\" \/>\n<meta name=\"twitter:card\" content=\"summary_large_image\" \/>\n<script type=\"application\/ld+json\" class=\"yoast-schema-graph\">{\"@context\":\"https:\/\/schema.org\",\"@graph\":[{\"@type\":\"WebPage\",\"@id\":\"https:\/\/22bet.cafe\/sweden\/play-aviator\/\",\"url\":\"https:\/\/22bet.cafe\/sweden\/play-aviator\/\",\"name\":\"Spela 22Bet Aviator: \ud83d\ude80 Tips, tricks och bonusar f\u00f6r framg\u00e5ng!\",\"isPartOf\":{\"@id\":\"https:\/\/22bet.cafe\/sweden\/#website\"},\"datePublished\":\"2025-08-12T05:30:36+00:00\",\"dateModified\":\"2025-09-04T06:47:32+00:00\",\"description\":\"G\u00f6r dig redo att lyfta med 22Bet Flygare! Uppt\u00e4ck unika strategier, speltips och chansen att vinna stort. Detta sp\u00e4nnande spel med \u00f6kande odds v\u00e4ntar p\u00e5 dig \u2013 dyka in i spelv\u00e4rlden redan nu.\",\"breadcrumb\":{\"@id\":\"https:\/\/22bet.cafe\/sweden\/play-aviator\/#breadcrumb\"},\"inLanguage\":\"sv-SE\",\"potentialAction\":[{\"@type\":\"ReadAction\",\"target\":[\"https:\/\/22bet.cafe\/sweden\/play-aviator\/\"]}]},{\"@type\":\"BreadcrumbList\",\"@id\":\"https:\/\/22bet.cafe\/sweden\/play-aviator\/#breadcrumb\",\"itemListElement\":[{\"@type\":\"ListItem\",\"position\":1,\"name\":\"\u0413\u043b\u0430\u0432\u043d\u0430\u044f \u0441\u0442\u0440\u0430\u043d\u0438\u0446\u0430\",\"item\":\"https:\/\/22bet.cafe\/sweden\/\"},{\"@type\":\"ListItem\",\"position\":2,\"name\":\"Aviator\"}]},{\"@type\":\"WebSite\",\"@id\":\"https:\/\/22bet.cafe\/sweden\/#website\",\"url\":\"https:\/\/22bet.cafe\/sweden\/\",\"name\":\"22bet Team sv\",\"description\":\"My WordPress Blog\",\"potentialAction\":[{\"@type\":\"SearchAction\",\"target\":{\"@type\":\"EntryPoint\",\"urlTemplate\":\"https:\/\/22bet.cafe\/sweden\/?s={search_term_string}\"},\"query-input\":{\"@type\":\"PropertyValueSpecification\",\"valueRequired\":true,\"valueName\":\"search_term_string\"}}],\"inLanguage\":\"sv-SE\"}]}<\/script>\n<!-- \/ Yoast SEO plugin. -->","yoast_head_json":{"title":"Spela 22Bet Aviator: \ud83d\ude80 Tips, tricks och bonusar f\u00f6r framg\u00e5ng!","description":"G\u00f6r dig redo att lyfta med 22Bet Flygare! Uppt\u00e4ck unika strategier, speltips och chansen att vinna stort. Detta sp\u00e4nnande spel med \u00f6kande odds v\u00e4ntar p\u00e5 dig \u2013 dyka in i spelv\u00e4rlden redan nu.","robots":{"index":"index","follow":"follow","max-snippet":"max-snippet:-1","max-image-preview":"max-image-preview:large","max-video-preview":"max-video-preview:-1"},"og_locale":"sv_SE","og_type":"article","og_title":"Spela 22Bet Aviator: \ud83d\ude80 Tips, tricks och bonusar f\u00f6r framg\u00e5ng!","og_description":"G\u00f6r dig redo att lyfta med 22Bet Flygare! Uppt\u00e4ck unika strategier, speltips och chansen att vinna stort. Detta sp\u00e4nnande spel med \u00f6kande odds v\u00e4ntar p\u00e5 dig \u2013 dyka in i spelv\u00e4rlden redan nu.","og_url":"https:\/\/22bet.cafe\/sweden\/play-aviator\/","og_site_name":"22bet Team sv","article_modified_time":"2025-09-04T06:47:32+00:00","twitter_card":"summary_large_image","schema":{"@context":"https:\/\/schema.org","@graph":[{"@type":"WebPage","@id":"https:\/\/22bet.cafe\/sweden\/play-aviator\/","url":"https:\/\/22bet.cafe\/sweden\/play-aviator\/","name":"Spela 22Bet Aviator: \ud83d\ude80 Tips, tricks och bonusar f\u00f6r framg\u00e5ng!","isPartOf":{"@id":"https:\/\/22bet.cafe\/sweden\/#website"},"datePublished":"2025-08-12T05:30:36+00:00","dateModified":"2025-09-04T06:47:32+00:00","description":"G\u00f6r dig redo att lyfta med 22Bet Flygare! Uppt\u00e4ck unika strategier, speltips och chansen att vinna stort. Detta sp\u00e4nnande spel med \u00f6kande odds v\u00e4ntar p\u00e5 dig \u2013 dyka in i spelv\u00e4rlden redan nu.","breadcrumb":{"@id":"https:\/\/22bet.cafe\/sweden\/play-aviator\/#breadcrumb"},"inLanguage":"sv-SE","potentialAction":[{"@type":"ReadAction","target":["https:\/\/22bet.cafe\/sweden\/play-aviator\/"]}]},{"@type":"BreadcrumbList","@id":"https:\/\/22bet.cafe\/sweden\/play-aviator\/#breadcrumb","itemListElement":[{"@type":"ListItem","position":1,"name":"\u0413\u043b\u0430\u0432\u043d\u0430\u044f \u0441\u0442\u0440\u0430\u043d\u0438\u0446\u0430","item":"https:\/\/22bet.cafe\/sweden\/"},{"@type":"ListItem","position":2,"name":"Aviator"}]},{"@type":"WebSite","@id":"https:\/\/22bet.cafe\/sweden\/#website","url":"https:\/\/22bet.cafe\/sweden\/","name":"22bet Team sv","description":"My WordPress Blog","potentialAction":[{"@type":"SearchAction","target":{"@type":"EntryPoint","urlTemplate":"https:\/\/22bet.cafe\/sweden\/?s={search_term_string}"},"query-input":{"@type":"PropertyValueSpecification","valueRequired":true,"valueName":"search_term_string"}}],"inLanguage":"sv-SE"}]}},"_links":{"self":[{"href":"https:\/\/22bet.cafe\/sweden\/wp-json\/wp\/v2\/pages\/981","targetHints":{"allow":["GET"]}}],"collection":[{"href":"https:\/\/22bet.cafe\/sweden\/wp-json\/wp\/v2\/pages"}],"about":[{"href":"https:\/\/22bet.cafe\/sweden\/wp-json\/wp\/v2\/types\/page"}],"author":[{"embeddable":true,"href":"https:\/\/22bet.cafe\/sweden\/wp-json\/wp\/v2\/users\/1"}],"replies":[{"embeddable":true,"href":"https:\/\/22bet.cafe\/sweden\/wp-json\/wp\/v2\/comments?post=981"}],"version-history":[{"count":1,"href":"https:\/\/22bet.cafe\/sweden\/wp-json\/wp\/v2\/pages\/981\/revisions"}],"predecessor-version":[{"id":991,"href":"https:\/\/22bet.cafe\/sweden\/wp-json\/wp\/v2\/pages\/981\/revisions\/991"}],"wp:attachment":[{"href":"https:\/\/22bet.cafe\/sweden\/wp-json\/wp\/v2\/media?parent=981"}],"curies":[{"name":"wp","href":"https:\/\/api.w.org\/{rel}","templated":true}]}}