{"id":733,"date":"2025-03-21T06:00:43","date_gmt":"2025-03-21T06:00:43","guid":{"rendered":"https:\/\/22bet.cafe\/?page_id=733"},"modified":"2025-09-04T07:08:39","modified_gmt":"2025-09-04T07:08:39","slug":"welcome-bonus","status":"publish","type":"page","link":"https:\/\/22bet.cafe\/sweden\/bonus\/welcome-bonus\/","title":{"rendered":"V\u00e4lkomstbonus"},"content":{"rendered":"","protected":false},"excerpt":{"rendered":"","protected":false},"author":1,"featured_media":0,"parent":152,"menu_order":0,"comment_status":"closed","ping_status":"closed","template":"","meta":{"_acf_changed":false,"inline_featured_image":false,"footnotes":""},"class_list":["post-733","page","type-page","status-publish","hentry"],"acf":[],"yoast_head":"<!-- This site is optimized with the Yoast SEO plugin v26.0 - https:\/\/yoast.com\/wordpress\/plugins\/seo\/ -->\n<title>22bet Casino f\u00f6rsta ins\u00e4ttningsbonus 3000 SEK<\/title>\n<meta name=\"description\" content=\"F\u00e5 en gener\u00f6s v\u00e4lkomstbonus p\u00e5 upp till 3000 SEK p\u00e5 din f\u00f6rsta ins\u00e4ttning hos 22bet Casino! Delta i spelet och l\u00e5s upp en v\u00e4rld av sp\u00e4nnande spelm\u00f6jligheter! Missa inte chansen att \u00f6ka din bankrulle \u2013 agera nu!\" \/>\n<meta name=\"robots\" content=\"index, follow, max-snippet:-1, max-image-preview:large, max-video-preview:-1\" \/>\n<meta property=\"og:locale\" content=\"sv_SE\" \/>\n<meta property=\"og:type\" content=\"article\" \/>\n<meta property=\"og:title\" content=\"22bet Casino f\u00f6rsta ins\u00e4ttningsbonus 3000 SEK\" \/>\n<meta property=\"og:description\" content=\"F\u00e5 en gener\u00f6s v\u00e4lkomstbonus p\u00e5 upp till 3000 SEK p\u00e5 din f\u00f6rsta ins\u00e4ttning hos 22bet Casino! Delta i spelet och l\u00e5s upp en v\u00e4rld av sp\u00e4nnande spelm\u00f6jligheter! Missa inte chansen att \u00f6ka din bankrulle \u2013 agera nu!\" \/>\n<meta property=\"og:url\" content=\"https:\/\/22bet.cafe\/sweden\/bonus\/welcome-bonus\/\" \/>\n<meta property=\"og:site_name\" content=\"22bet Team sv\" \/>\n<meta property=\"article:modified_time\" content=\"2025-09-04T07:08:39+00:00\" \/>\n<meta name=\"twitter:card\" content=\"summary_large_image\" \/>\n<script type=\"application\/ld+json\" class=\"yoast-schema-graph\">{\"@context\":\"https:\/\/schema.org\",\"@graph\":[{\"@type\":\"WebPage\",\"@id\":\"https:\/\/22bet.cafe\/sweden\/bonus\/welcome-bonus\/\",\"url\":\"https:\/\/22bet.cafe\/sweden\/bonus\/welcome-bonus\/\",\"name\":\"22bet Casino f\u00f6rsta ins\u00e4ttningsbonus 3000 SEK\",\"isPartOf\":{\"@id\":\"https:\/\/22bet.cafe\/sweden\/#website\"},\"datePublished\":\"2025-03-21T06:00:43+00:00\",\"dateModified\":\"2025-09-04T07:08:39+00:00\",\"description\":\"F\u00e5 en gener\u00f6s v\u00e4lkomstbonus p\u00e5 upp till 3000 SEK p\u00e5 din f\u00f6rsta ins\u00e4ttning hos 22bet Casino! Delta i spelet och l\u00e5s upp en v\u00e4rld av sp\u00e4nnande spelm\u00f6jligheter! Missa inte chansen att \u00f6ka din bankrulle \u2013 agera nu!\",\"breadcrumb\":{\"@id\":\"https:\/\/22bet.cafe\/sweden\/bonus\/welcome-bonus\/#breadcrumb\"},\"inLanguage\":\"sv-SE\",\"potentialAction\":[{\"@type\":\"ReadAction\",\"target\":[\"https:\/\/22bet.cafe\/sweden\/bonus\/welcome-bonus\/\"]}]},{\"@type\":\"BreadcrumbList\",\"@id\":\"https:\/\/22bet.cafe\/sweden\/bonus\/welcome-bonus\/#breadcrumb\",\"itemListElement\":[{\"@type\":\"ListItem\",\"position\":1,\"name\":\"\u0413\u043b\u0430\u0432\u043d\u0430\u044f \u0441\u0442\u0440\u0430\u043d\u0438\u0446\u0430\",\"item\":\"https:\/\/22bet.cafe\/sweden\/\"},{\"@type\":\"ListItem\",\"position\":2,\"name\":\"Bonus\",\"item\":\"https:\/\/22bet.cafe\/sweden\/bonus\/\"},{\"@type\":\"ListItem\",\"position\":3,\"name\":\"V\u00e4lkomstbonus\"}]},{\"@type\":\"WebSite\",\"@id\":\"https:\/\/22bet.cafe\/sweden\/#website\",\"url\":\"https:\/\/22bet.cafe\/sweden\/\",\"name\":\"22bet Team sv\",\"description\":\"My WordPress Blog\",\"potentialAction\":[{\"@type\":\"SearchAction\",\"target\":{\"@type\":\"EntryPoint\",\"urlTemplate\":\"https:\/\/22bet.cafe\/sweden\/?s={search_term_string}\"},\"query-input\":{\"@type\":\"PropertyValueSpecification\",\"valueRequired\":true,\"valueName\":\"search_term_string\"}}],\"inLanguage\":\"sv-SE\"}]}<\/script>\n<!-- \/ Yoast SEO plugin. -->","yoast_head_json":{"title":"22bet Casino f\u00f6rsta ins\u00e4ttningsbonus 3000 SEK","description":"F\u00e5 en gener\u00f6s v\u00e4lkomstbonus p\u00e5 upp till 3000 SEK p\u00e5 din f\u00f6rsta ins\u00e4ttning hos 22bet Casino! Delta i spelet och l\u00e5s upp en v\u00e4rld av sp\u00e4nnande spelm\u00f6jligheter! Missa inte chansen att \u00f6ka din bankrulle \u2013 agera nu!","robots":{"index":"index","follow":"follow","max-snippet":"max-snippet:-1","max-image-preview":"max-image-preview:large","max-video-preview":"max-video-preview:-1"},"og_locale":"sv_SE","og_type":"article","og_title":"22bet Casino f\u00f6rsta ins\u00e4ttningsbonus 3000 SEK","og_description":"F\u00e5 en gener\u00f6s v\u00e4lkomstbonus p\u00e5 upp till 3000 SEK p\u00e5 din f\u00f6rsta ins\u00e4ttning hos 22bet Casino! Delta i spelet och l\u00e5s upp en v\u00e4rld av sp\u00e4nnande spelm\u00f6jligheter! Missa inte chansen att \u00f6ka din bankrulle \u2013 agera nu!","og_url":"https:\/\/22bet.cafe\/sweden\/bonus\/welcome-bonus\/","og_site_name":"22bet Team sv","article_modified_time":"2025-09-04T07:08:39+00:00","twitter_card":"summary_large_image","schema":{"@context":"https:\/\/schema.org","@graph":[{"@type":"WebPage","@id":"https:\/\/22bet.cafe\/sweden\/bonus\/welcome-bonus\/","url":"https:\/\/22bet.cafe\/sweden\/bonus\/welcome-bonus\/","name":"22bet Casino f\u00f6rsta ins\u00e4ttningsbonus 3000 SEK","isPartOf":{"@id":"https:\/\/22bet.cafe\/sweden\/#website"},"datePublished":"2025-03-21T06:00:43+00:00","dateModified":"2025-09-04T07:08:39+00:00","description":"F\u00e5 en gener\u00f6s v\u00e4lkomstbonus p\u00e5 upp till 3000 SEK p\u00e5 din f\u00f6rsta ins\u00e4ttning hos 22bet Casino! Delta i spelet och l\u00e5s upp en v\u00e4rld av sp\u00e4nnande spelm\u00f6jligheter! Missa inte chansen att \u00f6ka din bankrulle \u2013 agera nu!","breadcrumb":{"@id":"https:\/\/22bet.cafe\/sweden\/bonus\/welcome-bonus\/#breadcrumb"},"inLanguage":"sv-SE","potentialAction":[{"@type":"ReadAction","target":["https:\/\/22bet.cafe\/sweden\/bonus\/welcome-bonus\/"]}]},{"@type":"BreadcrumbList","@id":"https:\/\/22bet.cafe\/sweden\/bonus\/welcome-bonus\/#breadcrumb","itemListElement":[{"@type":"ListItem","position":1,"name":"\u0413\u043b\u0430\u0432\u043d\u0430\u044f \u0441\u0442\u0440\u0430\u043d\u0438\u0446\u0430","item":"https:\/\/22bet.cafe\/sweden\/"},{"@type":"ListItem","position":2,"name":"Bonus","item":"https:\/\/22bet.cafe\/sweden\/bonus\/"},{"@type":"ListItem","position":3,"name":"V\u00e4lkomstbonus"}]},{"@type":"WebSite","@id":"https:\/\/22bet.cafe\/sweden\/#website","url":"https:\/\/22bet.cafe\/sweden\/","name":"22bet Team sv","description":"My WordPress Blog","potentialAction":[{"@type":"SearchAction","target":{"@type":"EntryPoint","urlTemplate":"https:\/\/22bet.cafe\/sweden\/?s={search_term_string}"},"query-input":{"@type":"PropertyValueSpecification","valueRequired":true,"valueName":"search_term_string"}}],"inLanguage":"sv-SE"}]}},"_links":{"self":[{"href":"https:\/\/22bet.cafe\/sweden\/wp-json\/wp\/v2\/pages\/733","targetHints":{"allow":["GET"]}}],"collection":[{"href":"https:\/\/22bet.cafe\/sweden\/wp-json\/wp\/v2\/pages"}],"about":[{"href":"https:\/\/22bet.cafe\/sweden\/wp-json\/wp\/v2\/types\/page"}],"author":[{"embeddable":true,"href":"https:\/\/22bet.cafe\/sweden\/wp-json\/wp\/v2\/users\/1"}],"replies":[{"embeddable":true,"href":"https:\/\/22bet.cafe\/sweden\/wp-json\/wp\/v2\/comments?post=733"}],"version-history":[{"count":2,"href":"https:\/\/22bet.cafe\/sweden\/wp-json\/wp\/v2\/pages\/733\/revisions"}],"predecessor-version":[{"id":999,"href":"https:\/\/22bet.cafe\/sweden\/wp-json\/wp\/v2\/pages\/733\/revisions\/999"}],"up":[{"embeddable":true,"href":"https:\/\/22bet.cafe\/sweden\/wp-json\/wp\/v2\/pages\/152"}],"wp:attachment":[{"href":"https:\/\/22bet.cafe\/sweden\/wp-json\/wp\/v2\/media?parent=733"}],"curies":[{"name":"wp","href":"https:\/\/api.w.org\/{rel}","templated":true}]}}