{"id":524,"date":"2024-09-17T06:15:53","date_gmt":"2024-09-17T06:15:53","guid":{"rendered":"https:\/\/22bet.cafe\/sweden\/?page_id=524"},"modified":"2025-02-27T05:34:39","modified_gmt":"2025-02-27T05:34:39","slug":"registration","status":"publish","type":"page","link":"https:\/\/22bet.cafe\/sweden\/registration\/","title":{"rendered":"Registrering"},"content":{"rendered":"","protected":false},"excerpt":{"rendered":"","protected":false},"author":1,"featured_media":0,"parent":0,"menu_order":0,"comment_status":"closed","ping_status":"closed","template":"","meta":{"_acf_changed":false,"inline_featured_image":false,"footnotes":""},"class_list":["post-524","page","type-page","status-publish","hentry"],"acf":[],"yoast_head":"<!-- This site is optimized with the Yoast SEO plugin v26.0 - https:\/\/yoast.com\/wordpress\/plugins\/seo\/ -->\n<title>22Bet Sverige Registrering | Hur skapar jag ett konto<\/title>\n<meta name=\"description\" content=\"Du m\u00e5ste registrera dig f\u00f6r att b\u00f6rja din v\u00e4g p\u00e5 22Bet. Bes\u00f6k 22Bets officiella spelwebbplats och skapa ett personligt konto. H\u00e4r hittar du en fullst\u00e4ndig guide om hur du registrerar och verifierar ditt konto\" \/>\n<meta name=\"robots\" content=\"index, follow, max-snippet:-1, max-image-preview:large, max-video-preview:-1\" \/>\n<meta property=\"og:locale\" content=\"sv_SE\" \/>\n<meta property=\"og:type\" content=\"article\" \/>\n<meta property=\"og:title\" content=\"22Bet Sverige Registrering | Hur skapar jag ett konto\" \/>\n<meta property=\"og:description\" content=\"Du m\u00e5ste registrera dig f\u00f6r att b\u00f6rja din v\u00e4g p\u00e5 22Bet. Bes\u00f6k 22Bets officiella spelwebbplats och skapa ett personligt konto. H\u00e4r hittar du en fullst\u00e4ndig guide om hur du registrerar och verifierar ditt konto\" \/>\n<meta property=\"og:url\" content=\"https:\/\/22bet.cafe\/sweden\/registration\/\" \/>\n<meta property=\"og:site_name\" content=\"22bet Team sv\" \/>\n<meta property=\"article:modified_time\" content=\"2025-02-27T05:34:39+00:00\" \/>\n<meta name=\"twitter:card\" content=\"summary_large_image\" \/>\n<script type=\"application\/ld+json\" class=\"yoast-schema-graph\">{\"@context\":\"https:\/\/schema.org\",\"@graph\":[{\"@type\":\"WebPage\",\"@id\":\"https:\/\/22bet.cafe\/sweden\/registration\/\",\"url\":\"https:\/\/22bet.cafe\/sweden\/registration\/\",\"name\":\"22Bet Sverige Registrering | Hur skapar jag ett konto\",\"isPartOf\":{\"@id\":\"https:\/\/22bet.cafe\/sweden\/#website\"},\"datePublished\":\"2024-09-17T06:15:53+00:00\",\"dateModified\":\"2025-02-27T05:34:39+00:00\",\"description\":\"Du m\u00e5ste registrera dig f\u00f6r att b\u00f6rja din v\u00e4g p\u00e5 22Bet. Bes\u00f6k 22Bets officiella spelwebbplats och skapa ett personligt konto. H\u00e4r hittar du en fullst\u00e4ndig guide om hur du registrerar och verifierar ditt konto\",\"breadcrumb\":{\"@id\":\"https:\/\/22bet.cafe\/sweden\/registration\/#breadcrumb\"},\"inLanguage\":\"sv-SE\",\"potentialAction\":[{\"@type\":\"ReadAction\",\"target\":[\"https:\/\/22bet.cafe\/sweden\/registration\/\"]}]},{\"@type\":\"BreadcrumbList\",\"@id\":\"https:\/\/22bet.cafe\/sweden\/registration\/#breadcrumb\",\"itemListElement\":[{\"@type\":\"ListItem\",\"position\":1,\"name\":\"\u0413\u043b\u0430\u0432\u043d\u0430\u044f \u0441\u0442\u0440\u0430\u043d\u0438\u0446\u0430\",\"item\":\"https:\/\/22bet.cafe\/sweden\/\"},{\"@type\":\"ListItem\",\"position\":2,\"name\":\"Registrering\"}]},{\"@type\":\"WebSite\",\"@id\":\"https:\/\/22bet.cafe\/sweden\/#website\",\"url\":\"https:\/\/22bet.cafe\/sweden\/\",\"name\":\"22bet Team sv\",\"description\":\"My WordPress Blog\",\"potentialAction\":[{\"@type\":\"SearchAction\",\"target\":{\"@type\":\"EntryPoint\",\"urlTemplate\":\"https:\/\/22bet.cafe\/sweden\/?s={search_term_string}\"},\"query-input\":{\"@type\":\"PropertyValueSpecification\",\"valueRequired\":true,\"valueName\":\"search_term_string\"}}],\"inLanguage\":\"sv-SE\"}]}<\/script>\n<!-- \/ Yoast SEO plugin. -->","yoast_head_json":{"title":"22Bet Sverige Registrering | Hur skapar jag ett konto","description":"Du m\u00e5ste registrera dig f\u00f6r att b\u00f6rja din v\u00e4g p\u00e5 22Bet. Bes\u00f6k 22Bets officiella spelwebbplats och skapa ett personligt konto. H\u00e4r hittar du en fullst\u00e4ndig guide om hur du registrerar och verifierar ditt konto","robots":{"index":"index","follow":"follow","max-snippet":"max-snippet:-1","max-image-preview":"max-image-preview:large","max-video-preview":"max-video-preview:-1"},"og_locale":"sv_SE","og_type":"article","og_title":"22Bet Sverige Registrering | Hur skapar jag ett konto","og_description":"Du m\u00e5ste registrera dig f\u00f6r att b\u00f6rja din v\u00e4g p\u00e5 22Bet. Bes\u00f6k 22Bets officiella spelwebbplats och skapa ett personligt konto. H\u00e4r hittar du en fullst\u00e4ndig guide om hur du registrerar och verifierar ditt konto","og_url":"https:\/\/22bet.cafe\/sweden\/registration\/","og_site_name":"22bet Team sv","article_modified_time":"2025-02-27T05:34:39+00:00","twitter_card":"summary_large_image","schema":{"@context":"https:\/\/schema.org","@graph":[{"@type":"WebPage","@id":"https:\/\/22bet.cafe\/sweden\/registration\/","url":"https:\/\/22bet.cafe\/sweden\/registration\/","name":"22Bet Sverige Registrering | Hur skapar jag ett konto","isPartOf":{"@id":"https:\/\/22bet.cafe\/sweden\/#website"},"datePublished":"2024-09-17T06:15:53+00:00","dateModified":"2025-02-27T05:34:39+00:00","description":"Du m\u00e5ste registrera dig f\u00f6r att b\u00f6rja din v\u00e4g p\u00e5 22Bet. Bes\u00f6k 22Bets officiella spelwebbplats och skapa ett personligt konto. H\u00e4r hittar du en fullst\u00e4ndig guide om hur du registrerar och verifierar ditt konto","breadcrumb":{"@id":"https:\/\/22bet.cafe\/sweden\/registration\/#breadcrumb"},"inLanguage":"sv-SE","potentialAction":[{"@type":"ReadAction","target":["https:\/\/22bet.cafe\/sweden\/registration\/"]}]},{"@type":"BreadcrumbList","@id":"https:\/\/22bet.cafe\/sweden\/registration\/#breadcrumb","itemListElement":[{"@type":"ListItem","position":1,"name":"\u0413\u043b\u0430\u0432\u043d\u0430\u044f \u0441\u0442\u0440\u0430\u043d\u0438\u0446\u0430","item":"https:\/\/22bet.cafe\/sweden\/"},{"@type":"ListItem","position":2,"name":"Registrering"}]},{"@type":"WebSite","@id":"https:\/\/22bet.cafe\/sweden\/#website","url":"https:\/\/22bet.cafe\/sweden\/","name":"22bet Team sv","description":"My WordPress Blog","potentialAction":[{"@type":"SearchAction","target":{"@type":"EntryPoint","urlTemplate":"https:\/\/22bet.cafe\/sweden\/?s={search_term_string}"},"query-input":{"@type":"PropertyValueSpecification","valueRequired":true,"valueName":"search_term_string"}}],"inLanguage":"sv-SE"}]}},"_links":{"self":[{"href":"https:\/\/22bet.cafe\/sweden\/wp-json\/wp\/v2\/pages\/524","targetHints":{"allow":["GET"]}}],"collection":[{"href":"https:\/\/22bet.cafe\/sweden\/wp-json\/wp\/v2\/pages"}],"about":[{"href":"https:\/\/22bet.cafe\/sweden\/wp-json\/wp\/v2\/types\/page"}],"author":[{"embeddable":true,"href":"https:\/\/22bet.cafe\/sweden\/wp-json\/wp\/v2\/users\/1"}],"replies":[{"embeddable":true,"href":"https:\/\/22bet.cafe\/sweden\/wp-json\/wp\/v2\/comments?post=524"}],"version-history":[{"count":0,"href":"https:\/\/22bet.cafe\/sweden\/wp-json\/wp\/v2\/pages\/524\/revisions"}],"wp:attachment":[{"href":"https:\/\/22bet.cafe\/sweden\/wp-json\/wp\/v2\/media?parent=524"}],"curies":[{"name":"wp","href":"https:\/\/api.w.org\/{rel}","templated":true}]}}