{"id":753,"date":"2025-03-21T06:00:43","date_gmt":"2025-03-21T06:00:43","guid":{"rendered":"https:\/\/22bet.cafe\/?page_id=733"},"modified":"2025-05-28T05:50:47","modified_gmt":"2025-05-28T05:50:47","slug":"welcome-bonus","status":"publish","type":"page","link":"https:\/\/22bet.cafe\/sn\/bonus\/welcome-bonus\/","title":{"rendered":"Bonus de bienvenue"},"content":{"rendered":"","protected":false},"excerpt":{"rendered":"","protected":false},"author":1,"featured_media":0,"parent":152,"menu_order":0,"comment_status":"closed","ping_status":"closed","template":"","meta":{"_acf_changed":false,"inline_featured_image":false,"footnotes":""},"class_list":["post-753","page","type-page","status-publish","hentry"],"acf":[],"yoast_head":"<!-- This site is optimized with the Yoast SEO plugin v26.0 - https:\/\/yoast.com\/wordpress\/plugins\/seo\/ -->\n<title>Bonus de bienvenue jusqu&#039;\u00e0 170000 XOF sur le premier d\u00e9p\u00f4t au 22bet Casino<\/title>\n<meta name=\"description\" content=\"Recevez un g\u00e9n\u00e9reux bonus de bienvenue allant jusqu&#039;\u00e0 170000 XOF sur votre premier d\u00e9p\u00f4t au 22bet Casino! Rejoignez le jeu et d\u00e9bloquez un monde d&#039;opportunit\u00e9s de jeu passionnantes! Ne manquez pas l&#039;occasion d&#039;augmenter votre bankroll - agissez maintenant!\" \/>\n<meta name=\"robots\" content=\"index, follow, max-snippet:-1, max-image-preview:large, max-video-preview:-1\" \/>\n<meta property=\"og:locale\" content=\"fr_FR\" \/>\n<meta property=\"og:type\" content=\"article\" \/>\n<meta property=\"og:title\" content=\"Bonus de bienvenue jusqu&#039;\u00e0 170000 XOF sur le premier d\u00e9p\u00f4t au 22bet Casino\" \/>\n<meta property=\"og:description\" content=\"Recevez un g\u00e9n\u00e9reux bonus de bienvenue allant jusqu&#039;\u00e0 170000 XOF sur votre premier d\u00e9p\u00f4t au 22bet Casino! Rejoignez le jeu et d\u00e9bloquez un monde d&#039;opportunit\u00e9s de jeu passionnantes! Ne manquez pas l&#039;occasion d&#039;augmenter votre bankroll - agissez maintenant!\" \/>\n<meta property=\"og:url\" content=\"https:\/\/22bet.cafe\/sn\/bonus\/welcome-bonus\/\" \/>\n<meta property=\"og:site_name\" content=\"22bet Team sn\" \/>\n<meta property=\"article:modified_time\" content=\"2025-05-28T05:50:47+00:00\" \/>\n<meta name=\"twitter:card\" content=\"summary_large_image\" \/>\n<script type=\"application\/ld+json\" class=\"yoast-schema-graph\">{\"@context\":\"https:\/\/schema.org\",\"@graph\":[{\"@type\":\"WebPage\",\"@id\":\"https:\/\/22bet.cafe\/sn\/bonus\/welcome-bonus\/\",\"url\":\"https:\/\/22bet.cafe\/sn\/bonus\/welcome-bonus\/\",\"name\":\"Bonus de bienvenue jusqu'\u00e0 170000 XOF sur le premier d\u00e9p\u00f4t au 22bet Casino\",\"isPartOf\":{\"@id\":\"https:\/\/22bet.cafe\/sn\/#website\"},\"datePublished\":\"2025-03-21T06:00:43+00:00\",\"dateModified\":\"2025-05-28T05:50:47+00:00\",\"description\":\"Recevez un g\u00e9n\u00e9reux bonus de bienvenue allant jusqu'\u00e0 170000 XOF sur votre premier d\u00e9p\u00f4t au 22bet Casino! Rejoignez le jeu et d\u00e9bloquez un monde d'opportunit\u00e9s de jeu passionnantes! Ne manquez pas l'occasion d'augmenter votre bankroll - agissez maintenant!\",\"breadcrumb\":{\"@id\":\"https:\/\/22bet.cafe\/sn\/bonus\/welcome-bonus\/#breadcrumb\"},\"inLanguage\":\"fr-SN\",\"potentialAction\":[{\"@type\":\"ReadAction\",\"target\":[\"https:\/\/22bet.cafe\/sn\/bonus\/welcome-bonus\/\"]}]},{\"@type\":\"BreadcrumbList\",\"@id\":\"https:\/\/22bet.cafe\/sn\/bonus\/welcome-bonus\/#breadcrumb\",\"itemListElement\":[{\"@type\":\"ListItem\",\"position\":1,\"name\":\"\u0413\u043b\u0430\u0432\u043d\u0430\u044f \u0441\u0442\u0440\u0430\u043d\u0438\u0446\u0430\",\"item\":\"https:\/\/22bet.cafe\/sn\/\"},{\"@type\":\"ListItem\",\"position\":2,\"name\":\"Bonus\",\"item\":\"https:\/\/22bet.cafe\/sn\/bonus\/\"},{\"@type\":\"ListItem\",\"position\":3,\"name\":\"Bonus de bienvenue\"}]},{\"@type\":\"WebSite\",\"@id\":\"https:\/\/22bet.cafe\/sn\/#website\",\"url\":\"https:\/\/22bet.cafe\/sn\/\",\"name\":\"22bet Team sn\",\"description\":\"My WordPress Blog\",\"potentialAction\":[{\"@type\":\"SearchAction\",\"target\":{\"@type\":\"EntryPoint\",\"urlTemplate\":\"https:\/\/22bet.cafe\/sn\/?s={search_term_string}\"},\"query-input\":{\"@type\":\"PropertyValueSpecification\",\"valueRequired\":true,\"valueName\":\"search_term_string\"}}],\"inLanguage\":\"fr-SN\"}]}<\/script>\n<!-- \/ Yoast SEO plugin. -->","yoast_head_json":{"title":"Bonus de bienvenue jusqu'\u00e0 170000 XOF sur le premier d\u00e9p\u00f4t au 22bet Casino","description":"Recevez un g\u00e9n\u00e9reux bonus de bienvenue allant jusqu'\u00e0 170000 XOF sur votre premier d\u00e9p\u00f4t au 22bet Casino! Rejoignez le jeu et d\u00e9bloquez un monde d'opportunit\u00e9s de jeu passionnantes! Ne manquez pas l'occasion d'augmenter votre bankroll - agissez maintenant!","robots":{"index":"index","follow":"follow","max-snippet":"max-snippet:-1","max-image-preview":"max-image-preview:large","max-video-preview":"max-video-preview:-1"},"og_locale":"fr_FR","og_type":"article","og_title":"Bonus de bienvenue jusqu'\u00e0 170000 XOF sur le premier d\u00e9p\u00f4t au 22bet Casino","og_description":"Recevez un g\u00e9n\u00e9reux bonus de bienvenue allant jusqu'\u00e0 170000 XOF sur votre premier d\u00e9p\u00f4t au 22bet Casino! Rejoignez le jeu et d\u00e9bloquez un monde d'opportunit\u00e9s de jeu passionnantes! Ne manquez pas l'occasion d'augmenter votre bankroll - agissez maintenant!","og_url":"https:\/\/22bet.cafe\/sn\/bonus\/welcome-bonus\/","og_site_name":"22bet Team sn","article_modified_time":"2025-05-28T05:50:47+00:00","twitter_card":"summary_large_image","schema":{"@context":"https:\/\/schema.org","@graph":[{"@type":"WebPage","@id":"https:\/\/22bet.cafe\/sn\/bonus\/welcome-bonus\/","url":"https:\/\/22bet.cafe\/sn\/bonus\/welcome-bonus\/","name":"Bonus de bienvenue jusqu'\u00e0 170000 XOF sur le premier d\u00e9p\u00f4t au 22bet Casino","isPartOf":{"@id":"https:\/\/22bet.cafe\/sn\/#website"},"datePublished":"2025-03-21T06:00:43+00:00","dateModified":"2025-05-28T05:50:47+00:00","description":"Recevez un g\u00e9n\u00e9reux bonus de bienvenue allant jusqu'\u00e0 170000 XOF sur votre premier d\u00e9p\u00f4t au 22bet Casino! Rejoignez le jeu et d\u00e9bloquez un monde d'opportunit\u00e9s de jeu passionnantes! Ne manquez pas l'occasion d'augmenter votre bankroll - agissez maintenant!","breadcrumb":{"@id":"https:\/\/22bet.cafe\/sn\/bonus\/welcome-bonus\/#breadcrumb"},"inLanguage":"fr-SN","potentialAction":[{"@type":"ReadAction","target":["https:\/\/22bet.cafe\/sn\/bonus\/welcome-bonus\/"]}]},{"@type":"BreadcrumbList","@id":"https:\/\/22bet.cafe\/sn\/bonus\/welcome-bonus\/#breadcrumb","itemListElement":[{"@type":"ListItem","position":1,"name":"\u0413\u043b\u0430\u0432\u043d\u0430\u044f \u0441\u0442\u0440\u0430\u043d\u0438\u0446\u0430","item":"https:\/\/22bet.cafe\/sn\/"},{"@type":"ListItem","position":2,"name":"Bonus","item":"https:\/\/22bet.cafe\/sn\/bonus\/"},{"@type":"ListItem","position":3,"name":"Bonus de bienvenue"}]},{"@type":"WebSite","@id":"https:\/\/22bet.cafe\/sn\/#website","url":"https:\/\/22bet.cafe\/sn\/","name":"22bet Team sn","description":"My WordPress Blog","potentialAction":[{"@type":"SearchAction","target":{"@type":"EntryPoint","urlTemplate":"https:\/\/22bet.cafe\/sn\/?s={search_term_string}"},"query-input":{"@type":"PropertyValueSpecification","valueRequired":true,"valueName":"search_term_string"}}],"inLanguage":"fr-SN"}]}},"_links":{"self":[{"href":"https:\/\/22bet.cafe\/sn\/wp-json\/wp\/v2\/pages\/753","targetHints":{"allow":["GET"]}}],"collection":[{"href":"https:\/\/22bet.cafe\/sn\/wp-json\/wp\/v2\/pages"}],"about":[{"href":"https:\/\/22bet.cafe\/sn\/wp-json\/wp\/v2\/types\/page"}],"author":[{"embeddable":true,"href":"https:\/\/22bet.cafe\/sn\/wp-json\/wp\/v2\/users\/1"}],"replies":[{"embeddable":true,"href":"https:\/\/22bet.cafe\/sn\/wp-json\/wp\/v2\/comments?post=753"}],"version-history":[{"count":0,"href":"https:\/\/22bet.cafe\/sn\/wp-json\/wp\/v2\/pages\/753\/revisions"}],"up":[{"embeddable":true,"href":"https:\/\/22bet.cafe\/sn\/wp-json\/wp\/v2\/pages\/152"}],"wp:attachment":[{"href":"https:\/\/22bet.cafe\/sn\/wp-json\/wp\/v2\/media?parent=753"}],"curies":[{"name":"wp","href":"https:\/\/api.w.org\/{rel}","templated":true}]}}