{"id":981,"date":"2025-08-12T05:30:36","date_gmt":"2025-08-12T05:30:36","guid":{"rendered":"https:\/\/22bet.cafe\/?page_id=981"},"modified":"2025-09-04T08:00:52","modified_gmt":"2025-09-04T08:00:52","slug":"play-aviator","status":"publish","type":"page","link":"https:\/\/22bet.cafe\/slovakia\/play-aviator\/","title":{"rendered":"Aviator"},"content":{"rendered":"","protected":false},"excerpt":{"rendered":"","protected":false},"author":1,"featured_media":0,"parent":0,"menu_order":0,"comment_status":"closed","ping_status":"closed","template":"","meta":{"_acf_changed":false,"inline_featured_image":false,"footnotes":""},"class_list":["post-981","page","type-page","status-publish","hentry"],"acf":[],"yoast_head":"<!-- This site is optimized with the Yoast SEO plugin v26.0 - https:\/\/yoast.com\/wordpress\/plugins\/seo\/ -->\n<title>Hrajte 22Bet Aviator: \ud83d\ude80 Tipy, triky a bonusy pre \u00faspech!<\/title>\n<meta name=\"description\" content=\"Pripravte sa na \u0161tart s 22Bet Aviator! Objavte jedine\u010dn\u00e9 strat\u00e9gie, tipy na hranie a \u0161ancu na ve\u013ek\u00e9 v\u00fdhry. T\u00e1to vzru\u0161uj\u00faca hra s rast\u00facimi kurzami na v\u00e1s \u010dak\u00e1 \u2013 ponorte sa do sveta hazardu hne\u010f teraz.\" \/>\n<meta name=\"robots\" content=\"index, follow, max-snippet:-1, max-image-preview:large, max-video-preview:-1\" \/>\n<meta property=\"og:locale\" content=\"sk_SK\" \/>\n<meta property=\"og:type\" content=\"article\" \/>\n<meta property=\"og:title\" content=\"Hrajte 22Bet Aviator: \ud83d\ude80 Tipy, triky a bonusy pre \u00faspech!\" \/>\n<meta property=\"og:description\" content=\"Pripravte sa na \u0161tart s 22Bet Aviator! Objavte jedine\u010dn\u00e9 strat\u00e9gie, tipy na hranie a \u0161ancu na ve\u013ek\u00e9 v\u00fdhry. T\u00e1to vzru\u0161uj\u00faca hra s rast\u00facimi kurzami na v\u00e1s \u010dak\u00e1 \u2013 ponorte sa do sveta hazardu hne\u010f teraz.\" \/>\n<meta property=\"og:url\" content=\"https:\/\/22bet.cafe\/slovakia\/play-aviator\/\" \/>\n<meta property=\"og:site_name\" content=\"22bet Team sk\" \/>\n<meta property=\"article:modified_time\" content=\"2025-09-04T08:00:52+00:00\" \/>\n<meta name=\"twitter:card\" content=\"summary_large_image\" \/>\n<script type=\"application\/ld+json\" class=\"yoast-schema-graph\">{\"@context\":\"https:\/\/schema.org\",\"@graph\":[{\"@type\":\"WebPage\",\"@id\":\"https:\/\/22bet.cafe\/slovakia\/play-aviator\/\",\"url\":\"https:\/\/22bet.cafe\/slovakia\/play-aviator\/\",\"name\":\"Hrajte 22Bet Aviator: \ud83d\ude80 Tipy, triky a bonusy pre \u00faspech!\",\"isPartOf\":{\"@id\":\"https:\/\/22bet.cafe\/slovakia\/#website\"},\"datePublished\":\"2025-08-12T05:30:36+00:00\",\"dateModified\":\"2025-09-04T08:00:52+00:00\",\"description\":\"Pripravte sa na \u0161tart s 22Bet Aviator! Objavte jedine\u010dn\u00e9 strat\u00e9gie, tipy na hranie a \u0161ancu na ve\u013ek\u00e9 v\u00fdhry. T\u00e1to vzru\u0161uj\u00faca hra s rast\u00facimi kurzami na v\u00e1s \u010dak\u00e1 \u2013 ponorte sa do sveta hazardu hne\u010f teraz.\",\"breadcrumb\":{\"@id\":\"https:\/\/22bet.cafe\/slovakia\/play-aviator\/#breadcrumb\"},\"inLanguage\":\"sk-SK\",\"potentialAction\":[{\"@type\":\"ReadAction\",\"target\":[\"https:\/\/22bet.cafe\/slovakia\/play-aviator\/\"]}]},{\"@type\":\"BreadcrumbList\",\"@id\":\"https:\/\/22bet.cafe\/slovakia\/play-aviator\/#breadcrumb\",\"itemListElement\":[{\"@type\":\"ListItem\",\"position\":1,\"name\":\"\u0413\u043b\u0430\u0432\u043d\u0430\u044f \u0441\u0442\u0440\u0430\u043d\u0438\u0446\u0430\",\"item\":\"https:\/\/22bet.cafe\/slovakia\/\"},{\"@type\":\"ListItem\",\"position\":2,\"name\":\"Aviator\"}]},{\"@type\":\"WebSite\",\"@id\":\"https:\/\/22bet.cafe\/slovakia\/#website\",\"url\":\"https:\/\/22bet.cafe\/slovakia\/\",\"name\":\"22bet Team sk\",\"description\":\"My WordPress Blog\",\"potentialAction\":[{\"@type\":\"SearchAction\",\"target\":{\"@type\":\"EntryPoint\",\"urlTemplate\":\"https:\/\/22bet.cafe\/slovakia\/?s={search_term_string}\"},\"query-input\":{\"@type\":\"PropertyValueSpecification\",\"valueRequired\":true,\"valueName\":\"search_term_string\"}}],\"inLanguage\":\"sk-SK\"}]}<\/script>\n<!-- \/ Yoast SEO plugin. -->","yoast_head_json":{"title":"Hrajte 22Bet Aviator: \ud83d\ude80 Tipy, triky a bonusy pre \u00faspech!","description":"Pripravte sa na \u0161tart s 22Bet Aviator! Objavte jedine\u010dn\u00e9 strat\u00e9gie, tipy na hranie a \u0161ancu na ve\u013ek\u00e9 v\u00fdhry. T\u00e1to vzru\u0161uj\u00faca hra s rast\u00facimi kurzami na v\u00e1s \u010dak\u00e1 \u2013 ponorte sa do sveta hazardu hne\u010f teraz.","robots":{"index":"index","follow":"follow","max-snippet":"max-snippet:-1","max-image-preview":"max-image-preview:large","max-video-preview":"max-video-preview:-1"},"og_locale":"sk_SK","og_type":"article","og_title":"Hrajte 22Bet Aviator: \ud83d\ude80 Tipy, triky a bonusy pre \u00faspech!","og_description":"Pripravte sa na \u0161tart s 22Bet Aviator! Objavte jedine\u010dn\u00e9 strat\u00e9gie, tipy na hranie a \u0161ancu na ve\u013ek\u00e9 v\u00fdhry. T\u00e1to vzru\u0161uj\u00faca hra s rast\u00facimi kurzami na v\u00e1s \u010dak\u00e1 \u2013 ponorte sa do sveta hazardu hne\u010f teraz.","og_url":"https:\/\/22bet.cafe\/slovakia\/play-aviator\/","og_site_name":"22bet Team sk","article_modified_time":"2025-09-04T08:00:52+00:00","twitter_card":"summary_large_image","schema":{"@context":"https:\/\/schema.org","@graph":[{"@type":"WebPage","@id":"https:\/\/22bet.cafe\/slovakia\/play-aviator\/","url":"https:\/\/22bet.cafe\/slovakia\/play-aviator\/","name":"Hrajte 22Bet Aviator: \ud83d\ude80 Tipy, triky a bonusy pre \u00faspech!","isPartOf":{"@id":"https:\/\/22bet.cafe\/slovakia\/#website"},"datePublished":"2025-08-12T05:30:36+00:00","dateModified":"2025-09-04T08:00:52+00:00","description":"Pripravte sa na \u0161tart s 22Bet Aviator! Objavte jedine\u010dn\u00e9 strat\u00e9gie, tipy na hranie a \u0161ancu na ve\u013ek\u00e9 v\u00fdhry. T\u00e1to vzru\u0161uj\u00faca hra s rast\u00facimi kurzami na v\u00e1s \u010dak\u00e1 \u2013 ponorte sa do sveta hazardu hne\u010f teraz.","breadcrumb":{"@id":"https:\/\/22bet.cafe\/slovakia\/play-aviator\/#breadcrumb"},"inLanguage":"sk-SK","potentialAction":[{"@type":"ReadAction","target":["https:\/\/22bet.cafe\/slovakia\/play-aviator\/"]}]},{"@type":"BreadcrumbList","@id":"https:\/\/22bet.cafe\/slovakia\/play-aviator\/#breadcrumb","itemListElement":[{"@type":"ListItem","position":1,"name":"\u0413\u043b\u0430\u0432\u043d\u0430\u044f \u0441\u0442\u0440\u0430\u043d\u0438\u0446\u0430","item":"https:\/\/22bet.cafe\/slovakia\/"},{"@type":"ListItem","position":2,"name":"Aviator"}]},{"@type":"WebSite","@id":"https:\/\/22bet.cafe\/slovakia\/#website","url":"https:\/\/22bet.cafe\/slovakia\/","name":"22bet Team sk","description":"My WordPress Blog","potentialAction":[{"@type":"SearchAction","target":{"@type":"EntryPoint","urlTemplate":"https:\/\/22bet.cafe\/slovakia\/?s={search_term_string}"},"query-input":{"@type":"PropertyValueSpecification","valueRequired":true,"valueName":"search_term_string"}}],"inLanguage":"sk-SK"}]}},"_links":{"self":[{"href":"https:\/\/22bet.cafe\/slovakia\/wp-json\/wp\/v2\/pages\/981","targetHints":{"allow":["GET"]}}],"collection":[{"href":"https:\/\/22bet.cafe\/slovakia\/wp-json\/wp\/v2\/pages"}],"about":[{"href":"https:\/\/22bet.cafe\/slovakia\/wp-json\/wp\/v2\/types\/page"}],"author":[{"embeddable":true,"href":"https:\/\/22bet.cafe\/slovakia\/wp-json\/wp\/v2\/users\/1"}],"replies":[{"embeddable":true,"href":"https:\/\/22bet.cafe\/slovakia\/wp-json\/wp\/v2\/comments?post=981"}],"version-history":[{"count":1,"href":"https:\/\/22bet.cafe\/slovakia\/wp-json\/wp\/v2\/pages\/981\/revisions"}],"predecessor-version":[{"id":992,"href":"https:\/\/22bet.cafe\/slovakia\/wp-json\/wp\/v2\/pages\/981\/revisions\/992"}],"wp:attachment":[{"href":"https:\/\/22bet.cafe\/slovakia\/wp-json\/wp\/v2\/media?parent=981"}],"curies":[{"name":"wp","href":"https:\/\/api.w.org\/{rel}","templated":true}]}}