{"id":522,"date":"2024-09-17T06:08:30","date_gmt":"2024-09-17T06:08:30","guid":{"rendered":"https:\/\/22bet.cafe\/slovakia\/?page_id=522"},"modified":"2025-02-09T16:42:54","modified_gmt":"2025-02-09T16:42:54","slug":"casino","status":"publish","type":"page","link":"https:\/\/22bet.cafe\/slovakia\/casino\/","title":{"rendered":"Kas\u00edno"},"content":{"rendered":"","protected":false},"excerpt":{"rendered":"","protected":false},"author":1,"featured_media":0,"parent":0,"menu_order":0,"comment_status":"closed","ping_status":"closed","template":"","meta":{"_acf_changed":false,"inline_featured_image":false,"footnotes":""},"class_list":["post-522","page","type-page","status-publish","hentry"],"acf":[],"yoast_head":"<!-- This site is optimized with the Yoast SEO plugin v26.0 - https:\/\/yoast.com\/wordpress\/plugins\/seo\/ -->\n<title>22Bet Casino 2025 | Hra\u0165 22Bet hry<\/title>\n<meta name=\"description\" content=\"22Bet Slovensko Casino pon\u00faka \u0161irok\u00fa \u0161k\u00e1lu kas\u00ednov\u00fdch hier a atrakt\u00edvnych propaga\u010dn\u00fdch akci\u00ed. Zahrajte si hry so \u017eiv\u00fdm krupi\u00e9rom a v\u00fdhern\u00e9 automaty s bonusov\u00fdmi funkciami v 22Bet. Zaregistrujte sa a z\u00edskajte uv\u00edtac\u00ed bonus!\" \/>\n<meta name=\"robots\" content=\"index, follow, max-snippet:-1, max-image-preview:large, max-video-preview:-1\" \/>\n<meta property=\"og:locale\" content=\"sk_SK\" \/>\n<meta property=\"og:type\" content=\"article\" \/>\n<meta property=\"og:title\" content=\"22Bet Casino 2025 | Hra\u0165 22Bet hry\" \/>\n<meta property=\"og:description\" content=\"22Bet Slovensko Casino pon\u00faka \u0161irok\u00fa \u0161k\u00e1lu kas\u00ednov\u00fdch hier a atrakt\u00edvnych propaga\u010dn\u00fdch akci\u00ed. Zahrajte si hry so \u017eiv\u00fdm krupi\u00e9rom a v\u00fdhern\u00e9 automaty s bonusov\u00fdmi funkciami v 22Bet. Zaregistrujte sa a z\u00edskajte uv\u00edtac\u00ed bonus!\" \/>\n<meta property=\"og:url\" content=\"https:\/\/22bet.cafe\/slovakia\/casino\/\" \/>\n<meta property=\"og:site_name\" content=\"22bet Team sk\" \/>\n<meta property=\"article:modified_time\" content=\"2025-02-09T16:42:54+00:00\" \/>\n<meta name=\"twitter:card\" content=\"summary_large_image\" \/>\n<script type=\"application\/ld+json\" class=\"yoast-schema-graph\">{\"@context\":\"https:\/\/schema.org\",\"@graph\":[{\"@type\":\"WebPage\",\"@id\":\"https:\/\/22bet.cafe\/slovakia\/casino\/\",\"url\":\"https:\/\/22bet.cafe\/slovakia\/casino\/\",\"name\":\"22Bet Casino 2025 | Hra\u0165 22Bet hry\",\"isPartOf\":{\"@id\":\"https:\/\/22bet.cafe\/slovakia\/#website\"},\"datePublished\":\"2024-09-17T06:08:30+00:00\",\"dateModified\":\"2025-02-09T16:42:54+00:00\",\"description\":\"22Bet Slovensko Casino pon\u00faka \u0161irok\u00fa \u0161k\u00e1lu kas\u00ednov\u00fdch hier a atrakt\u00edvnych propaga\u010dn\u00fdch akci\u00ed. Zahrajte si hry so \u017eiv\u00fdm krupi\u00e9rom a v\u00fdhern\u00e9 automaty s bonusov\u00fdmi funkciami v 22Bet. Zaregistrujte sa a z\u00edskajte uv\u00edtac\u00ed bonus!\",\"breadcrumb\":{\"@id\":\"https:\/\/22bet.cafe\/slovakia\/casino\/#breadcrumb\"},\"inLanguage\":\"sk-SK\",\"potentialAction\":[{\"@type\":\"ReadAction\",\"target\":[\"https:\/\/22bet.cafe\/slovakia\/casino\/\"]}]},{\"@type\":\"BreadcrumbList\",\"@id\":\"https:\/\/22bet.cafe\/slovakia\/casino\/#breadcrumb\",\"itemListElement\":[{\"@type\":\"ListItem\",\"position\":1,\"name\":\"\u0413\u043b\u0430\u0432\u043d\u0430\u044f \u0441\u0442\u0440\u0430\u043d\u0438\u0446\u0430\",\"item\":\"https:\/\/22bet.cafe\/slovakia\/\"},{\"@type\":\"ListItem\",\"position\":2,\"name\":\"Kas\u00edno\"}]},{\"@type\":\"WebSite\",\"@id\":\"https:\/\/22bet.cafe\/slovakia\/#website\",\"url\":\"https:\/\/22bet.cafe\/slovakia\/\",\"name\":\"22bet Team sk\",\"description\":\"My WordPress Blog\",\"potentialAction\":[{\"@type\":\"SearchAction\",\"target\":{\"@type\":\"EntryPoint\",\"urlTemplate\":\"https:\/\/22bet.cafe\/slovakia\/?s={search_term_string}\"},\"query-input\":{\"@type\":\"PropertyValueSpecification\",\"valueRequired\":true,\"valueName\":\"search_term_string\"}}],\"inLanguage\":\"sk-SK\"}]}<\/script>\n<!-- \/ Yoast SEO plugin. -->","yoast_head_json":{"title":"22Bet Casino 2025 | Hra\u0165 22Bet hry","description":"22Bet Slovensko Casino pon\u00faka \u0161irok\u00fa \u0161k\u00e1lu kas\u00ednov\u00fdch hier a atrakt\u00edvnych propaga\u010dn\u00fdch akci\u00ed. Zahrajte si hry so \u017eiv\u00fdm krupi\u00e9rom a v\u00fdhern\u00e9 automaty s bonusov\u00fdmi funkciami v 22Bet. Zaregistrujte sa a z\u00edskajte uv\u00edtac\u00ed bonus!","robots":{"index":"index","follow":"follow","max-snippet":"max-snippet:-1","max-image-preview":"max-image-preview:large","max-video-preview":"max-video-preview:-1"},"og_locale":"sk_SK","og_type":"article","og_title":"22Bet Casino 2025 | Hra\u0165 22Bet hry","og_description":"22Bet Slovensko Casino pon\u00faka \u0161irok\u00fa \u0161k\u00e1lu kas\u00ednov\u00fdch hier a atrakt\u00edvnych propaga\u010dn\u00fdch akci\u00ed. Zahrajte si hry so \u017eiv\u00fdm krupi\u00e9rom a v\u00fdhern\u00e9 automaty s bonusov\u00fdmi funkciami v 22Bet. Zaregistrujte sa a z\u00edskajte uv\u00edtac\u00ed bonus!","og_url":"https:\/\/22bet.cafe\/slovakia\/casino\/","og_site_name":"22bet Team sk","article_modified_time":"2025-02-09T16:42:54+00:00","twitter_card":"summary_large_image","schema":{"@context":"https:\/\/schema.org","@graph":[{"@type":"WebPage","@id":"https:\/\/22bet.cafe\/slovakia\/casino\/","url":"https:\/\/22bet.cafe\/slovakia\/casino\/","name":"22Bet Casino 2025 | Hra\u0165 22Bet hry","isPartOf":{"@id":"https:\/\/22bet.cafe\/slovakia\/#website"},"datePublished":"2024-09-17T06:08:30+00:00","dateModified":"2025-02-09T16:42:54+00:00","description":"22Bet Slovensko Casino pon\u00faka \u0161irok\u00fa \u0161k\u00e1lu kas\u00ednov\u00fdch hier a atrakt\u00edvnych propaga\u010dn\u00fdch akci\u00ed. Zahrajte si hry so \u017eiv\u00fdm krupi\u00e9rom a v\u00fdhern\u00e9 automaty s bonusov\u00fdmi funkciami v 22Bet. Zaregistrujte sa a z\u00edskajte uv\u00edtac\u00ed bonus!","breadcrumb":{"@id":"https:\/\/22bet.cafe\/slovakia\/casino\/#breadcrumb"},"inLanguage":"sk-SK","potentialAction":[{"@type":"ReadAction","target":["https:\/\/22bet.cafe\/slovakia\/casino\/"]}]},{"@type":"BreadcrumbList","@id":"https:\/\/22bet.cafe\/slovakia\/casino\/#breadcrumb","itemListElement":[{"@type":"ListItem","position":1,"name":"\u0413\u043b\u0430\u0432\u043d\u0430\u044f \u0441\u0442\u0440\u0430\u043d\u0438\u0446\u0430","item":"https:\/\/22bet.cafe\/slovakia\/"},{"@type":"ListItem","position":2,"name":"Kas\u00edno"}]},{"@type":"WebSite","@id":"https:\/\/22bet.cafe\/slovakia\/#website","url":"https:\/\/22bet.cafe\/slovakia\/","name":"22bet Team sk","description":"My WordPress Blog","potentialAction":[{"@type":"SearchAction","target":{"@type":"EntryPoint","urlTemplate":"https:\/\/22bet.cafe\/slovakia\/?s={search_term_string}"},"query-input":{"@type":"PropertyValueSpecification","valueRequired":true,"valueName":"search_term_string"}}],"inLanguage":"sk-SK"}]}},"_links":{"self":[{"href":"https:\/\/22bet.cafe\/slovakia\/wp-json\/wp\/v2\/pages\/522","targetHints":{"allow":["GET"]}}],"collection":[{"href":"https:\/\/22bet.cafe\/slovakia\/wp-json\/wp\/v2\/pages"}],"about":[{"href":"https:\/\/22bet.cafe\/slovakia\/wp-json\/wp\/v2\/types\/page"}],"author":[{"embeddable":true,"href":"https:\/\/22bet.cafe\/slovakia\/wp-json\/wp\/v2\/users\/1"}],"replies":[{"embeddable":true,"href":"https:\/\/22bet.cafe\/slovakia\/wp-json\/wp\/v2\/comments?post=522"}],"version-history":[{"count":0,"href":"https:\/\/22bet.cafe\/slovakia\/wp-json\/wp\/v2\/pages\/522\/revisions"}],"wp:attachment":[{"href":"https:\/\/22bet.cafe\/slovakia\/wp-json\/wp\/v2\/media?parent=522"}],"curies":[{"name":"wp","href":"https:\/\/api.w.org\/{rel}","templated":true}]}}