{"id":858,"date":"2025-03-16T06:17:38","date_gmt":"2025-03-16T06:17:38","guid":{"rendered":"https:\/\/22bet.cafe\/?page_id=858"},"modified":"2025-08-25T17:00:50","modified_gmt":"2025-08-25T17:00:50","slug":"sunday-bonus","status":"publish","type":"page","link":"https:\/\/22bet.cafe\/sl\/bonus\/sunday-bonus\/","title":{"rendered":"Nedeljski bonus"},"content":{"rendered":"","protected":false},"excerpt":{"rendered":"","protected":false},"author":1,"featured_media":0,"parent":152,"menu_order":0,"comment_status":"closed","ping_status":"closed","template":"","meta":{"_acf_changed":false,"inline_featured_image":false,"footnotes":""},"class_list":["post-858","page","type-page","status-publish","hentry"],"acf":[],"yoast_head":"<!-- This site is optimized with the Yoast SEO plugin v26.0 - https:\/\/yoast.com\/wordpress\/plugins\/seo\/ -->\n<title>22Bet Mega Bonus ob nedeljah \u1409 Pridobite 66 % in 50 brezpla\u010dnih vrtljajev!<\/title>\n<meta name=\"description\" content=\"Ne zamudite! Vsako nedeljo vam 22Bet ponuja 66 % na va\u0161 prvi depozit in 50 brezpla\u010dnih vrtljajev za Golden Mine! Naka\u017eite 20 \u20ac ali ve\u010d in zahtevajte svoje nagrade!\" \/>\n<meta name=\"robots\" content=\"index, follow, max-snippet:-1, max-image-preview:large, max-video-preview:-1\" \/>\n<meta property=\"og:locale\" content=\"sk_SK\" \/>\n<meta property=\"og:type\" content=\"article\" \/>\n<meta property=\"og:title\" content=\"22Bet Mega Bonus ob nedeljah \u1409 Pridobite 66 % in 50 brezpla\u010dnih vrtljajev!\" \/>\n<meta property=\"og:description\" content=\"Ne zamudite! Vsako nedeljo vam 22Bet ponuja 66 % na va\u0161 prvi depozit in 50 brezpla\u010dnih vrtljajev za Golden Mine! Naka\u017eite 20 \u20ac ali ve\u010d in zahtevajte svoje nagrade!\" \/>\n<meta property=\"og:url\" content=\"https:\/\/22bet.cafe\/sl\/bonus\/sunday-bonus\/\" \/>\n<meta property=\"og:site_name\" content=\"22bet Team sl\" \/>\n<meta property=\"article:modified_time\" content=\"2025-08-25T17:00:50+00:00\" \/>\n<meta name=\"twitter:card\" content=\"summary_large_image\" \/>\n<script type=\"application\/ld+json\" class=\"yoast-schema-graph\">{\"@context\":\"https:\/\/schema.org\",\"@graph\":[{\"@type\":\"WebPage\",\"@id\":\"https:\/\/22bet.cafe\/sl\/bonus\/sunday-bonus\/\",\"url\":\"https:\/\/22bet.cafe\/sl\/bonus\/sunday-bonus\/\",\"name\":\"22Bet Mega Bonus ob nedeljah \u1409 Pridobite 66 % in 50 brezpla\u010dnih vrtljajev!\",\"isPartOf\":{\"@id\":\"https:\/\/22bet.cafe\/sl\/#website\"},\"datePublished\":\"2025-03-16T06:17:38+00:00\",\"dateModified\":\"2025-08-25T17:00:50+00:00\",\"description\":\"Ne zamudite! Vsako nedeljo vam 22Bet ponuja 66 % na va\u0161 prvi depozit in 50 brezpla\u010dnih vrtljajev za Golden Mine! Naka\u017eite 20 \u20ac ali ve\u010d in zahtevajte svoje nagrade!\",\"breadcrumb\":{\"@id\":\"https:\/\/22bet.cafe\/sl\/bonus\/sunday-bonus\/#breadcrumb\"},\"inLanguage\":\"sk-SK\",\"potentialAction\":[{\"@type\":\"ReadAction\",\"target\":[\"https:\/\/22bet.cafe\/sl\/bonus\/sunday-bonus\/\"]}]},{\"@type\":\"BreadcrumbList\",\"@id\":\"https:\/\/22bet.cafe\/sl\/bonus\/sunday-bonus\/#breadcrumb\",\"itemListElement\":[{\"@type\":\"ListItem\",\"position\":1,\"name\":\"\u0413\u043b\u0430\u0432\u043d\u0430\u044f \u0441\u0442\u0440\u0430\u043d\u0438\u0446\u0430\",\"item\":\"https:\/\/22bet.cafe\/sl\/\"},{\"@type\":\"ListItem\",\"position\":2,\"name\":\"Bonus\",\"item\":\"https:\/\/22bet.cafe\/sl\/bonus\/\"},{\"@type\":\"ListItem\",\"position\":3,\"name\":\"Nedeljski bonus\"}]},{\"@type\":\"WebSite\",\"@id\":\"https:\/\/22bet.cafe\/sl\/#website\",\"url\":\"https:\/\/22bet.cafe\/sl\/\",\"name\":\"22bet Team sl\",\"description\":\"My WordPress Blog\",\"potentialAction\":[{\"@type\":\"SearchAction\",\"target\":{\"@type\":\"EntryPoint\",\"urlTemplate\":\"https:\/\/22bet.cafe\/sl\/?s={search_term_string}\"},\"query-input\":{\"@type\":\"PropertyValueSpecification\",\"valueRequired\":true,\"valueName\":\"search_term_string\"}}],\"inLanguage\":\"sk-SK\"}]}<\/script>\n<!-- \/ Yoast SEO plugin. -->","yoast_head_json":{"title":"22Bet Mega Bonus ob nedeljah \u1409 Pridobite 66 % in 50 brezpla\u010dnih vrtljajev!","description":"Ne zamudite! Vsako nedeljo vam 22Bet ponuja 66 % na va\u0161 prvi depozit in 50 brezpla\u010dnih vrtljajev za Golden Mine! Naka\u017eite 20 \u20ac ali ve\u010d in zahtevajte svoje nagrade!","robots":{"index":"index","follow":"follow","max-snippet":"max-snippet:-1","max-image-preview":"max-image-preview:large","max-video-preview":"max-video-preview:-1"},"og_locale":"sk_SK","og_type":"article","og_title":"22Bet Mega Bonus ob nedeljah \u1409 Pridobite 66 % in 50 brezpla\u010dnih vrtljajev!","og_description":"Ne zamudite! Vsako nedeljo vam 22Bet ponuja 66 % na va\u0161 prvi depozit in 50 brezpla\u010dnih vrtljajev za Golden Mine! Naka\u017eite 20 \u20ac ali ve\u010d in zahtevajte svoje nagrade!","og_url":"https:\/\/22bet.cafe\/sl\/bonus\/sunday-bonus\/","og_site_name":"22bet Team sl","article_modified_time":"2025-08-25T17:00:50+00:00","twitter_card":"summary_large_image","schema":{"@context":"https:\/\/schema.org","@graph":[{"@type":"WebPage","@id":"https:\/\/22bet.cafe\/sl\/bonus\/sunday-bonus\/","url":"https:\/\/22bet.cafe\/sl\/bonus\/sunday-bonus\/","name":"22Bet Mega Bonus ob nedeljah \u1409 Pridobite 66 % in 50 brezpla\u010dnih vrtljajev!","isPartOf":{"@id":"https:\/\/22bet.cafe\/sl\/#website"},"datePublished":"2025-03-16T06:17:38+00:00","dateModified":"2025-08-25T17:00:50+00:00","description":"Ne zamudite! Vsako nedeljo vam 22Bet ponuja 66 % na va\u0161 prvi depozit in 50 brezpla\u010dnih vrtljajev za Golden Mine! Naka\u017eite 20 \u20ac ali ve\u010d in zahtevajte svoje nagrade!","breadcrumb":{"@id":"https:\/\/22bet.cafe\/sl\/bonus\/sunday-bonus\/#breadcrumb"},"inLanguage":"sk-SK","potentialAction":[{"@type":"ReadAction","target":["https:\/\/22bet.cafe\/sl\/bonus\/sunday-bonus\/"]}]},{"@type":"BreadcrumbList","@id":"https:\/\/22bet.cafe\/sl\/bonus\/sunday-bonus\/#breadcrumb","itemListElement":[{"@type":"ListItem","position":1,"name":"\u0413\u043b\u0430\u0432\u043d\u0430\u044f \u0441\u0442\u0440\u0430\u043d\u0438\u0446\u0430","item":"https:\/\/22bet.cafe\/sl\/"},{"@type":"ListItem","position":2,"name":"Bonus","item":"https:\/\/22bet.cafe\/sl\/bonus\/"},{"@type":"ListItem","position":3,"name":"Nedeljski bonus"}]},{"@type":"WebSite","@id":"https:\/\/22bet.cafe\/sl\/#website","url":"https:\/\/22bet.cafe\/sl\/","name":"22bet Team sl","description":"My WordPress Blog","potentialAction":[{"@type":"SearchAction","target":{"@type":"EntryPoint","urlTemplate":"https:\/\/22bet.cafe\/sl\/?s={search_term_string}"},"query-input":{"@type":"PropertyValueSpecification","valueRequired":true,"valueName":"search_term_string"}}],"inLanguage":"sk-SK"}]}},"_links":{"self":[{"href":"https:\/\/22bet.cafe\/sl\/wp-json\/wp\/v2\/pages\/858","targetHints":{"allow":["GET"]}}],"collection":[{"href":"https:\/\/22bet.cafe\/sl\/wp-json\/wp\/v2\/pages"}],"about":[{"href":"https:\/\/22bet.cafe\/sl\/wp-json\/wp\/v2\/types\/page"}],"author":[{"embeddable":true,"href":"https:\/\/22bet.cafe\/sl\/wp-json\/wp\/v2\/users\/1"}],"replies":[{"embeddable":true,"href":"https:\/\/22bet.cafe\/sl\/wp-json\/wp\/v2\/comments?post=858"}],"version-history":[{"count":0,"href":"https:\/\/22bet.cafe\/sl\/wp-json\/wp\/v2\/pages\/858\/revisions"}],"up":[{"embeddable":true,"href":"https:\/\/22bet.cafe\/sl\/wp-json\/wp\/v2\/pages\/152"}],"wp:attachment":[{"href":"https:\/\/22bet.cafe\/sl\/wp-json\/wp\/v2\/media?parent=858"}],"curies":[{"name":"wp","href":"https:\/\/api.w.org\/{rel}","templated":true}]}}