{"id":522,"date":"2024-09-17T06:08:30","date_gmt":"2024-09-17T06:08:30","guid":{"rendered":"https:\/\/22bet.cafe\/sl\/?page_id=522"},"modified":"2025-02-24T08:20:15","modified_gmt":"2025-02-24T08:20:15","slug":"casino","status":"publish","type":"page","link":"https:\/\/22bet.cafe\/sl\/casino\/","title":{"rendered":"Casino"},"content":{"rendered":"","protected":false},"excerpt":{"rendered":"","protected":false},"author":1,"featured_media":0,"parent":0,"menu_order":0,"comment_status":"closed","ping_status":"closed","template":"","meta":{"_acf_changed":false,"inline_featured_image":false,"footnotes":""},"class_list":["post-522","page","type-page","status-publish","hentry"],"acf":[],"yoast_head":"<!-- This site is optimized with the Yoast SEO plugin v26.0 - https:\/\/yoast.com\/wordpress\/plugins\/seo\/ -->\n<title>22Bet Slovenija Casino 2025 | Igranje 22Bet iger<\/title>\n<meta name=\"description\" content=\"22Bet Casino ponuja veliko razli\u010dnih igralni\u0161kih iger in privla\u010dnih promocij. Igrajte igre s trgovcem v \u017eivo in igralne avtomate z bonusnimi funkcijami v 22Betu. Prijavite se in prejmite bonus za dobrodo\u0161lico v igralnici!\" \/>\n<meta name=\"robots\" content=\"index, follow, max-snippet:-1, max-image-preview:large, max-video-preview:-1\" \/>\n<meta property=\"og:locale\" content=\"sk_SK\" \/>\n<meta property=\"og:type\" content=\"article\" \/>\n<meta property=\"og:title\" content=\"22Bet Slovenija Casino 2025 | Igranje 22Bet iger\" \/>\n<meta property=\"og:description\" content=\"22Bet Casino ponuja veliko razli\u010dnih igralni\u0161kih iger in privla\u010dnih promocij. Igrajte igre s trgovcem v \u017eivo in igralne avtomate z bonusnimi funkcijami v 22Betu. Prijavite se in prejmite bonus za dobrodo\u0161lico v igralnici!\" \/>\n<meta property=\"og:url\" content=\"https:\/\/22bet.cafe\/sl\/casino\/\" \/>\n<meta property=\"og:site_name\" content=\"22bet Team sl\" \/>\n<meta property=\"article:modified_time\" content=\"2025-02-24T08:20:15+00:00\" \/>\n<meta name=\"twitter:card\" content=\"summary_large_image\" \/>\n<script type=\"application\/ld+json\" class=\"yoast-schema-graph\">{\"@context\":\"https:\/\/schema.org\",\"@graph\":[{\"@type\":\"WebPage\",\"@id\":\"https:\/\/22bet.cafe\/sl\/casino\/\",\"url\":\"https:\/\/22bet.cafe\/sl\/casino\/\",\"name\":\"22Bet Slovenija Casino 2025 | Igranje 22Bet iger\",\"isPartOf\":{\"@id\":\"https:\/\/22bet.cafe\/sl\/#website\"},\"datePublished\":\"2024-09-17T06:08:30+00:00\",\"dateModified\":\"2025-02-24T08:20:15+00:00\",\"description\":\"22Bet Casino ponuja veliko razli\u010dnih igralni\u0161kih iger in privla\u010dnih promocij. Igrajte igre s trgovcem v \u017eivo in igralne avtomate z bonusnimi funkcijami v 22Betu. Prijavite se in prejmite bonus za dobrodo\u0161lico v igralnici!\",\"breadcrumb\":{\"@id\":\"https:\/\/22bet.cafe\/sl\/casino\/#breadcrumb\"},\"inLanguage\":\"sk-SK\",\"potentialAction\":[{\"@type\":\"ReadAction\",\"target\":[\"https:\/\/22bet.cafe\/sl\/casino\/\"]}]},{\"@type\":\"BreadcrumbList\",\"@id\":\"https:\/\/22bet.cafe\/sl\/casino\/#breadcrumb\",\"itemListElement\":[{\"@type\":\"ListItem\",\"position\":1,\"name\":\"\u0413\u043b\u0430\u0432\u043d\u0430\u044f \u0441\u0442\u0440\u0430\u043d\u0438\u0446\u0430\",\"item\":\"https:\/\/22bet.cafe\/sl\/\"},{\"@type\":\"ListItem\",\"position\":2,\"name\":\"Casino\"}]},{\"@type\":\"WebSite\",\"@id\":\"https:\/\/22bet.cafe\/sl\/#website\",\"url\":\"https:\/\/22bet.cafe\/sl\/\",\"name\":\"22bet Team sl\",\"description\":\"My WordPress Blog\",\"potentialAction\":[{\"@type\":\"SearchAction\",\"target\":{\"@type\":\"EntryPoint\",\"urlTemplate\":\"https:\/\/22bet.cafe\/sl\/?s={search_term_string}\"},\"query-input\":{\"@type\":\"PropertyValueSpecification\",\"valueRequired\":true,\"valueName\":\"search_term_string\"}}],\"inLanguage\":\"sk-SK\"}]}<\/script>\n<!-- \/ Yoast SEO plugin. -->","yoast_head_json":{"title":"22Bet Slovenija Casino 2025 | Igranje 22Bet iger","description":"22Bet Casino ponuja veliko razli\u010dnih igralni\u0161kih iger in privla\u010dnih promocij. Igrajte igre s trgovcem v \u017eivo in igralne avtomate z bonusnimi funkcijami v 22Betu. Prijavite se in prejmite bonus za dobrodo\u0161lico v igralnici!","robots":{"index":"index","follow":"follow","max-snippet":"max-snippet:-1","max-image-preview":"max-image-preview:large","max-video-preview":"max-video-preview:-1"},"og_locale":"sk_SK","og_type":"article","og_title":"22Bet Slovenija Casino 2025 | Igranje 22Bet iger","og_description":"22Bet Casino ponuja veliko razli\u010dnih igralni\u0161kih iger in privla\u010dnih promocij. Igrajte igre s trgovcem v \u017eivo in igralne avtomate z bonusnimi funkcijami v 22Betu. Prijavite se in prejmite bonus za dobrodo\u0161lico v igralnici!","og_url":"https:\/\/22bet.cafe\/sl\/casino\/","og_site_name":"22bet Team sl","article_modified_time":"2025-02-24T08:20:15+00:00","twitter_card":"summary_large_image","schema":{"@context":"https:\/\/schema.org","@graph":[{"@type":"WebPage","@id":"https:\/\/22bet.cafe\/sl\/casino\/","url":"https:\/\/22bet.cafe\/sl\/casino\/","name":"22Bet Slovenija Casino 2025 | Igranje 22Bet iger","isPartOf":{"@id":"https:\/\/22bet.cafe\/sl\/#website"},"datePublished":"2024-09-17T06:08:30+00:00","dateModified":"2025-02-24T08:20:15+00:00","description":"22Bet Casino ponuja veliko razli\u010dnih igralni\u0161kih iger in privla\u010dnih promocij. Igrajte igre s trgovcem v \u017eivo in igralne avtomate z bonusnimi funkcijami v 22Betu. Prijavite se in prejmite bonus za dobrodo\u0161lico v igralnici!","breadcrumb":{"@id":"https:\/\/22bet.cafe\/sl\/casino\/#breadcrumb"},"inLanguage":"sk-SK","potentialAction":[{"@type":"ReadAction","target":["https:\/\/22bet.cafe\/sl\/casino\/"]}]},{"@type":"BreadcrumbList","@id":"https:\/\/22bet.cafe\/sl\/casino\/#breadcrumb","itemListElement":[{"@type":"ListItem","position":1,"name":"\u0413\u043b\u0430\u0432\u043d\u0430\u044f \u0441\u0442\u0440\u0430\u043d\u0438\u0446\u0430","item":"https:\/\/22bet.cafe\/sl\/"},{"@type":"ListItem","position":2,"name":"Casino"}]},{"@type":"WebSite","@id":"https:\/\/22bet.cafe\/sl\/#website","url":"https:\/\/22bet.cafe\/sl\/","name":"22bet Team sl","description":"My WordPress Blog","potentialAction":[{"@type":"SearchAction","target":{"@type":"EntryPoint","urlTemplate":"https:\/\/22bet.cafe\/sl\/?s={search_term_string}"},"query-input":{"@type":"PropertyValueSpecification","valueRequired":true,"valueName":"search_term_string"}}],"inLanguage":"sk-SK"}]}},"_links":{"self":[{"href":"https:\/\/22bet.cafe\/sl\/wp-json\/wp\/v2\/pages\/522","targetHints":{"allow":["GET"]}}],"collection":[{"href":"https:\/\/22bet.cafe\/sl\/wp-json\/wp\/v2\/pages"}],"about":[{"href":"https:\/\/22bet.cafe\/sl\/wp-json\/wp\/v2\/types\/page"}],"author":[{"embeddable":true,"href":"https:\/\/22bet.cafe\/sl\/wp-json\/wp\/v2\/users\/1"}],"replies":[{"embeddable":true,"href":"https:\/\/22bet.cafe\/sl\/wp-json\/wp\/v2\/comments?post=522"}],"version-history":[{"count":0,"href":"https:\/\/22bet.cafe\/sl\/wp-json\/wp\/v2\/pages\/522\/revisions"}],"wp:attachment":[{"href":"https:\/\/22bet.cafe\/sl\/wp-json\/wp\/v2\/media?parent=522"}],"curies":[{"name":"wp","href":"https:\/\/api.w.org\/{rel}","templated":true}]}}