{"id":524,"date":"2024-09-17T06:15:53","date_gmt":"2024-09-17T06:15:53","guid":{"rendered":"https:\/\/22bet.cafe\/ro\/?page_id=524"},"modified":"2025-11-03T13:05:55","modified_gmt":"2025-11-03T13:05:55","slug":"registration","status":"publish","type":"page","link":"https:\/\/22bet.cafe\/ro\/registration\/","title":{"rendered":"\u00cenregistrare"},"content":{"rendered":"","protected":false},"excerpt":{"rendered":"","protected":false},"author":1,"featured_media":0,"parent":0,"menu_order":0,"comment_status":"closed","ping_status":"closed","template":"","meta":{"_acf_changed":false,"inline_featured_image":false,"footnotes":""},"class_list":["post-524","page","type-page","status-publish","hentry"],"acf":[],"yoast_head":"<!-- This site is optimized with the Yoast SEO plugin v26.0 - https:\/\/yoast.com\/wordpress\/plugins\/seo\/ -->\n<title>\u00cenregistrare 22Bet | Cum s\u0103 creezi un cont<\/title>\n<meta name=\"description\" content=\"Trebuie s\u0103 v\u0103 \u00eenregistra\u021bi pentru a \u00eencepe aventura la 22Bet. Vizita\u021bi site-ul oficial de pariuri 22Bet \u0219i crea\u021bi-v\u0103 un cont personal. Aici ve\u021bi g\u0103si un ghid complet despre cum s\u0103 v\u0103 \u00eenregistra\u021bi \u0219i s\u0103 v\u0103 verifica\u021bi contul.\" \/>\n<meta name=\"robots\" content=\"index, follow, max-snippet:-1, max-image-preview:large, max-video-preview:-1\" \/>\n<meta property=\"og:locale\" content=\"ro_RO\" \/>\n<meta property=\"og:type\" content=\"article\" \/>\n<meta property=\"og:title\" content=\"\u00cenregistrare 22Bet | Cum s\u0103 creezi un cont\" \/>\n<meta property=\"og:description\" content=\"Trebuie s\u0103 v\u0103 \u00eenregistra\u021bi pentru a \u00eencepe aventura la 22Bet. Vizita\u021bi site-ul oficial de pariuri 22Bet \u0219i crea\u021bi-v\u0103 un cont personal. Aici ve\u021bi g\u0103si un ghid complet despre cum s\u0103 v\u0103 \u00eenregistra\u021bi \u0219i s\u0103 v\u0103 verifica\u021bi contul.\" \/>\n<meta property=\"og:url\" content=\"https:\/\/22bet.cafe\/ro\/registration\/\" \/>\n<meta property=\"og:site_name\" content=\"22bet Team ro\" \/>\n<meta property=\"article:modified_time\" content=\"2025-11-03T13:05:55+00:00\" \/>\n<meta name=\"twitter:card\" content=\"summary_large_image\" \/>\n<script type=\"application\/ld+json\" class=\"yoast-schema-graph\">{\"@context\":\"https:\/\/schema.org\",\"@graph\":[{\"@type\":\"WebPage\",\"@id\":\"https:\/\/22bet.cafe\/ro\/registration\/\",\"url\":\"https:\/\/22bet.cafe\/ro\/registration\/\",\"name\":\"\u00cenregistrare 22Bet | Cum s\u0103 creezi un cont\",\"isPartOf\":{\"@id\":\"https:\/\/22bet.cafe\/ro\/#website\"},\"datePublished\":\"2024-09-17T06:15:53+00:00\",\"dateModified\":\"2025-11-03T13:05:55+00:00\",\"description\":\"Trebuie s\u0103 v\u0103 \u00eenregistra\u021bi pentru a \u00eencepe aventura la 22Bet. Vizita\u021bi site-ul oficial de pariuri 22Bet \u0219i crea\u021bi-v\u0103 un cont personal. Aici ve\u021bi g\u0103si un ghid complet despre cum s\u0103 v\u0103 \u00eenregistra\u021bi \u0219i s\u0103 v\u0103 verifica\u021bi contul.\",\"breadcrumb\":{\"@id\":\"https:\/\/22bet.cafe\/ro\/registration\/#breadcrumb\"},\"inLanguage\":\"ro-RO\",\"potentialAction\":[{\"@type\":\"ReadAction\",\"target\":[\"https:\/\/22bet.cafe\/ro\/registration\/\"]}]},{\"@type\":\"BreadcrumbList\",\"@id\":\"https:\/\/22bet.cafe\/ro\/registration\/#breadcrumb\",\"itemListElement\":[{\"@type\":\"ListItem\",\"position\":1,\"name\":\"\u0413\u043b\u0430\u0432\u043d\u0430\u044f \u0441\u0442\u0440\u0430\u043d\u0438\u0446\u0430\",\"item\":\"https:\/\/22bet.cafe\/ro\/\"},{\"@type\":\"ListItem\",\"position\":2,\"name\":\"\u00cenregistrare\"}]},{\"@type\":\"WebSite\",\"@id\":\"https:\/\/22bet.cafe\/ro\/#website\",\"url\":\"https:\/\/22bet.cafe\/ro\/\",\"name\":\"22bet Team ro\",\"description\":\"\",\"potentialAction\":[{\"@type\":\"SearchAction\",\"target\":{\"@type\":\"EntryPoint\",\"urlTemplate\":\"https:\/\/22bet.cafe\/ro\/?s={search_term_string}\"},\"query-input\":{\"@type\":\"PropertyValueSpecification\",\"valueRequired\":true,\"valueName\":\"search_term_string\"}}],\"inLanguage\":\"ro-RO\"}]}<\/script>\n<!-- \/ Yoast SEO plugin. -->","yoast_head_json":{"title":"\u00cenregistrare 22Bet | Cum s\u0103 creezi un cont","description":"Trebuie s\u0103 v\u0103 \u00eenregistra\u021bi pentru a \u00eencepe aventura la 22Bet. Vizita\u021bi site-ul oficial de pariuri 22Bet \u0219i crea\u021bi-v\u0103 un cont personal. Aici ve\u021bi g\u0103si un ghid complet despre cum s\u0103 v\u0103 \u00eenregistra\u021bi \u0219i s\u0103 v\u0103 verifica\u021bi contul.","robots":{"index":"index","follow":"follow","max-snippet":"max-snippet:-1","max-image-preview":"max-image-preview:large","max-video-preview":"max-video-preview:-1"},"og_locale":"ro_RO","og_type":"article","og_title":"\u00cenregistrare 22Bet | Cum s\u0103 creezi un cont","og_description":"Trebuie s\u0103 v\u0103 \u00eenregistra\u021bi pentru a \u00eencepe aventura la 22Bet. Vizita\u021bi site-ul oficial de pariuri 22Bet \u0219i crea\u021bi-v\u0103 un cont personal. Aici ve\u021bi g\u0103si un ghid complet despre cum s\u0103 v\u0103 \u00eenregistra\u021bi \u0219i s\u0103 v\u0103 verifica\u021bi contul.","og_url":"https:\/\/22bet.cafe\/ro\/registration\/","og_site_name":"22bet Team ro","article_modified_time":"2025-11-03T13:05:55+00:00","twitter_card":"summary_large_image","schema":{"@context":"https:\/\/schema.org","@graph":[{"@type":"WebPage","@id":"https:\/\/22bet.cafe\/ro\/registration\/","url":"https:\/\/22bet.cafe\/ro\/registration\/","name":"\u00cenregistrare 22Bet | Cum s\u0103 creezi un cont","isPartOf":{"@id":"https:\/\/22bet.cafe\/ro\/#website"},"datePublished":"2024-09-17T06:15:53+00:00","dateModified":"2025-11-03T13:05:55+00:00","description":"Trebuie s\u0103 v\u0103 \u00eenregistra\u021bi pentru a \u00eencepe aventura la 22Bet. Vizita\u021bi site-ul oficial de pariuri 22Bet \u0219i crea\u021bi-v\u0103 un cont personal. Aici ve\u021bi g\u0103si un ghid complet despre cum s\u0103 v\u0103 \u00eenregistra\u021bi \u0219i s\u0103 v\u0103 verifica\u021bi contul.","breadcrumb":{"@id":"https:\/\/22bet.cafe\/ro\/registration\/#breadcrumb"},"inLanguage":"ro-RO","potentialAction":[{"@type":"ReadAction","target":["https:\/\/22bet.cafe\/ro\/registration\/"]}]},{"@type":"BreadcrumbList","@id":"https:\/\/22bet.cafe\/ro\/registration\/#breadcrumb","itemListElement":[{"@type":"ListItem","position":1,"name":"\u0413\u043b\u0430\u0432\u043d\u0430\u044f \u0441\u0442\u0440\u0430\u043d\u0438\u0446\u0430","item":"https:\/\/22bet.cafe\/ro\/"},{"@type":"ListItem","position":2,"name":"\u00cenregistrare"}]},{"@type":"WebSite","@id":"https:\/\/22bet.cafe\/ro\/#website","url":"https:\/\/22bet.cafe\/ro\/","name":"22bet Team ro","description":"","potentialAction":[{"@type":"SearchAction","target":{"@type":"EntryPoint","urlTemplate":"https:\/\/22bet.cafe\/ro\/?s={search_term_string}"},"query-input":{"@type":"PropertyValueSpecification","valueRequired":true,"valueName":"search_term_string"}}],"inLanguage":"ro-RO"}]}},"_links":{"self":[{"href":"https:\/\/22bet.cafe\/ro\/wp-json\/wp\/v2\/pages\/524","targetHints":{"allow":["GET"]}}],"collection":[{"href":"https:\/\/22bet.cafe\/ro\/wp-json\/wp\/v2\/pages"}],"about":[{"href":"https:\/\/22bet.cafe\/ro\/wp-json\/wp\/v2\/types\/page"}],"author":[{"embeddable":true,"href":"https:\/\/22bet.cafe\/ro\/wp-json\/wp\/v2\/users\/1"}],"replies":[{"embeddable":true,"href":"https:\/\/22bet.cafe\/ro\/wp-json\/wp\/v2\/comments?post=524"}],"version-history":[{"count":3,"href":"https:\/\/22bet.cafe\/ro\/wp-json\/wp\/v2\/pages\/524\/revisions"}],"predecessor-version":[{"id":1191,"href":"https:\/\/22bet.cafe\/ro\/wp-json\/wp\/v2\/pages\/524\/revisions\/1191"}],"wp:attachment":[{"href":"https:\/\/22bet.cafe\/ro\/wp-json\/wp\/v2\/media?parent=524"}],"curies":[{"name":"wp","href":"https:\/\/api.w.org\/{rel}","templated":true}]}}