{"id":1112,"date":"2025-10-17T08:04:14","date_gmt":"2025-10-17T08:04:14","guid":{"rendered":"https:\/\/22bet.cafe\/ro\/?page_id=1112"},"modified":"2025-11-03T13:12:07","modified_gmt":"2025-11-03T13:12:07","slug":"volleyball-betting","status":"publish","type":"page","link":"https:\/\/22bet.cafe\/ro\/volleyball-betting\/","title":{"rendered":"Volei"},"content":{"rendered":"","protected":false},"excerpt":{"rendered":"","protected":false},"author":1,"featured_media":0,"parent":0,"menu_order":0,"comment_status":"closed","ping_status":"closed","template":"","meta":{"_acf_changed":false,"inline_featured_image":false,"footnotes":""},"class_list":["post-1112","page","type-page","status-publish","hentry"],"acf":[],"yoast_head":"<!-- This site is optimized with the Yoast SEO plugin v26.0 - https:\/\/yoast.com\/wordpress\/plugins\/seo\/ -->\n<title>Pariuri pe volei la 22Bet \u1409 Cote mari \u0219i bonusuri unice<\/title>\n<meta name=\"description\" content=\"Paria\u021bi pe volei cu 22Bet! Cote mari, o varietate de ligi \u0219i turnee, precum \u0219i bonusuri unice garanteaz\u0103 o experien\u021b\u0103 de pariere captivant\u0103. Al\u0103tura\u021bi-v\u0103 nou\u0103 \u0219i \u00eencepe\u021bi s\u0103 c\u00e2\u0219tiga\u021bi chiar ast\u0103zi!\" \/>\n<meta name=\"robots\" content=\"index, follow, max-snippet:-1, max-image-preview:large, max-video-preview:-1\" \/>\n<meta property=\"og:locale\" content=\"ro_RO\" \/>\n<meta property=\"og:type\" content=\"article\" \/>\n<meta property=\"og:title\" content=\"Pariuri pe volei la 22Bet \u1409 Cote mari \u0219i bonusuri unice\" \/>\n<meta property=\"og:description\" content=\"Paria\u021bi pe volei cu 22Bet! Cote mari, o varietate de ligi \u0219i turnee, precum \u0219i bonusuri unice garanteaz\u0103 o experien\u021b\u0103 de pariere captivant\u0103. Al\u0103tura\u021bi-v\u0103 nou\u0103 \u0219i \u00eencepe\u021bi s\u0103 c\u00e2\u0219tiga\u021bi chiar ast\u0103zi!\" \/>\n<meta property=\"og:url\" content=\"https:\/\/22bet.cafe\/ro\/volleyball-betting\/\" \/>\n<meta property=\"og:site_name\" content=\"22bet Team ro\" \/>\n<meta property=\"article:modified_time\" content=\"2025-11-03T13:12:07+00:00\" \/>\n<meta name=\"twitter:card\" content=\"summary_large_image\" \/>\n<script type=\"application\/ld+json\" class=\"yoast-schema-graph\">{\"@context\":\"https:\/\/schema.org\",\"@graph\":[{\"@type\":\"WebPage\",\"@id\":\"https:\/\/22bet.cafe\/ro\/volleyball-betting\/\",\"url\":\"https:\/\/22bet.cafe\/ro\/volleyball-betting\/\",\"name\":\"Pariuri pe volei la 22Bet \u1409 Cote mari \u0219i bonusuri unice\",\"isPartOf\":{\"@id\":\"https:\/\/22bet.cafe\/ro\/#website\"},\"datePublished\":\"2025-10-17T08:04:14+00:00\",\"dateModified\":\"2025-11-03T13:12:07+00:00\",\"description\":\"Paria\u021bi pe volei cu 22Bet! Cote mari, o varietate de ligi \u0219i turnee, precum \u0219i bonusuri unice garanteaz\u0103 o experien\u021b\u0103 de pariere captivant\u0103. Al\u0103tura\u021bi-v\u0103 nou\u0103 \u0219i \u00eencepe\u021bi s\u0103 c\u00e2\u0219tiga\u021bi chiar ast\u0103zi!\",\"breadcrumb\":{\"@id\":\"https:\/\/22bet.cafe\/ro\/volleyball-betting\/#breadcrumb\"},\"inLanguage\":\"ro-RO\",\"potentialAction\":[{\"@type\":\"ReadAction\",\"target\":[\"https:\/\/22bet.cafe\/ro\/volleyball-betting\/\"]}]},{\"@type\":\"BreadcrumbList\",\"@id\":\"https:\/\/22bet.cafe\/ro\/volleyball-betting\/#breadcrumb\",\"itemListElement\":[{\"@type\":\"ListItem\",\"position\":1,\"name\":\"\u0413\u043b\u0430\u0432\u043d\u0430\u044f \u0441\u0442\u0440\u0430\u043d\u0438\u0446\u0430\",\"item\":\"https:\/\/22bet.cafe\/ro\/\"},{\"@type\":\"ListItem\",\"position\":2,\"name\":\"Volei\"}]},{\"@type\":\"WebSite\",\"@id\":\"https:\/\/22bet.cafe\/ro\/#website\",\"url\":\"https:\/\/22bet.cafe\/ro\/\",\"name\":\"22bet Team ro\",\"description\":\"\",\"potentialAction\":[{\"@type\":\"SearchAction\",\"target\":{\"@type\":\"EntryPoint\",\"urlTemplate\":\"https:\/\/22bet.cafe\/ro\/?s={search_term_string}\"},\"query-input\":{\"@type\":\"PropertyValueSpecification\",\"valueRequired\":true,\"valueName\":\"search_term_string\"}}],\"inLanguage\":\"ro-RO\"}]}<\/script>\n<!-- \/ Yoast SEO plugin. -->","yoast_head_json":{"title":"Pariuri pe volei la 22Bet \u1409 Cote mari \u0219i bonusuri unice","description":"Paria\u021bi pe volei cu 22Bet! Cote mari, o varietate de ligi \u0219i turnee, precum \u0219i bonusuri unice garanteaz\u0103 o experien\u021b\u0103 de pariere captivant\u0103. Al\u0103tura\u021bi-v\u0103 nou\u0103 \u0219i \u00eencepe\u021bi s\u0103 c\u00e2\u0219tiga\u021bi chiar ast\u0103zi!","robots":{"index":"index","follow":"follow","max-snippet":"max-snippet:-1","max-image-preview":"max-image-preview:large","max-video-preview":"max-video-preview:-1"},"og_locale":"ro_RO","og_type":"article","og_title":"Pariuri pe volei la 22Bet \u1409 Cote mari \u0219i bonusuri unice","og_description":"Paria\u021bi pe volei cu 22Bet! Cote mari, o varietate de ligi \u0219i turnee, precum \u0219i bonusuri unice garanteaz\u0103 o experien\u021b\u0103 de pariere captivant\u0103. Al\u0103tura\u021bi-v\u0103 nou\u0103 \u0219i \u00eencepe\u021bi s\u0103 c\u00e2\u0219tiga\u021bi chiar ast\u0103zi!","og_url":"https:\/\/22bet.cafe\/ro\/volleyball-betting\/","og_site_name":"22bet Team ro","article_modified_time":"2025-11-03T13:12:07+00:00","twitter_card":"summary_large_image","schema":{"@context":"https:\/\/schema.org","@graph":[{"@type":"WebPage","@id":"https:\/\/22bet.cafe\/ro\/volleyball-betting\/","url":"https:\/\/22bet.cafe\/ro\/volleyball-betting\/","name":"Pariuri pe volei la 22Bet \u1409 Cote mari \u0219i bonusuri unice","isPartOf":{"@id":"https:\/\/22bet.cafe\/ro\/#website"},"datePublished":"2025-10-17T08:04:14+00:00","dateModified":"2025-11-03T13:12:07+00:00","description":"Paria\u021bi pe volei cu 22Bet! Cote mari, o varietate de ligi \u0219i turnee, precum \u0219i bonusuri unice garanteaz\u0103 o experien\u021b\u0103 de pariere captivant\u0103. Al\u0103tura\u021bi-v\u0103 nou\u0103 \u0219i \u00eencepe\u021bi s\u0103 c\u00e2\u0219tiga\u021bi chiar ast\u0103zi!","breadcrumb":{"@id":"https:\/\/22bet.cafe\/ro\/volleyball-betting\/#breadcrumb"},"inLanguage":"ro-RO","potentialAction":[{"@type":"ReadAction","target":["https:\/\/22bet.cafe\/ro\/volleyball-betting\/"]}]},{"@type":"BreadcrumbList","@id":"https:\/\/22bet.cafe\/ro\/volleyball-betting\/#breadcrumb","itemListElement":[{"@type":"ListItem","position":1,"name":"\u0413\u043b\u0430\u0432\u043d\u0430\u044f \u0441\u0442\u0440\u0430\u043d\u0438\u0446\u0430","item":"https:\/\/22bet.cafe\/ro\/"},{"@type":"ListItem","position":2,"name":"Volei"}]},{"@type":"WebSite","@id":"https:\/\/22bet.cafe\/ro\/#website","url":"https:\/\/22bet.cafe\/ro\/","name":"22bet Team ro","description":"","potentialAction":[{"@type":"SearchAction","target":{"@type":"EntryPoint","urlTemplate":"https:\/\/22bet.cafe\/ro\/?s={search_term_string}"},"query-input":{"@type":"PropertyValueSpecification","valueRequired":true,"valueName":"search_term_string"}}],"inLanguage":"ro-RO"}]}},"_links":{"self":[{"href":"https:\/\/22bet.cafe\/ro\/wp-json\/wp\/v2\/pages\/1112","targetHints":{"allow":["GET"]}}],"collection":[{"href":"https:\/\/22bet.cafe\/ro\/wp-json\/wp\/v2\/pages"}],"about":[{"href":"https:\/\/22bet.cafe\/ro\/wp-json\/wp\/v2\/types\/page"}],"author":[{"embeddable":true,"href":"https:\/\/22bet.cafe\/ro\/wp-json\/wp\/v2\/users\/1"}],"replies":[{"embeddable":true,"href":"https:\/\/22bet.cafe\/ro\/wp-json\/wp\/v2\/comments?post=1112"}],"version-history":[{"count":4,"href":"https:\/\/22bet.cafe\/ro\/wp-json\/wp\/v2\/pages\/1112\/revisions"}],"predecessor-version":[{"id":1196,"href":"https:\/\/22bet.cafe\/ro\/wp-json\/wp\/v2\/pages\/1112\/revisions\/1196"}],"wp:attachment":[{"href":"https:\/\/22bet.cafe\/ro\/wp-json\/wp\/v2\/media?parent=1112"}],"curies":[{"name":"wp","href":"https:\/\/api.w.org\/{rel}","templated":true}]}}