{"id":470,"date":"2024-09-12T07:19:47","date_gmt":"2024-09-12T07:19:47","guid":{"rendered":"https:\/\/22bet.cafe\/poland\/?page_id=470"},"modified":"2025-03-26T07:19:22","modified_gmt":"2025-03-26T07:19:22","slug":"partners","status":"publish","type":"page","link":"https:\/\/22bet.cafe\/poland\/partners\/","title":{"rendered":"Partnerzy"},"content":{"rendered":"","protected":false},"excerpt":{"rendered":"","protected":false},"author":1,"featured_media":0,"parent":0,"menu_order":0,"comment_status":"closed","ping_status":"closed","template":"","meta":{"_acf_changed":false,"inline_featured_image":false,"footnotes":""},"class_list":["post-470","page","type-page","status-publish","hentry"],"acf":[],"yoast_head":"<!-- This site is optimized with the Yoast SEO plugin v26.0 - https:\/\/yoast.com\/wordpress\/plugins\/seo\/ -->\n<title>Partnerzy 22Bet \u26a1 Do\u0142\u0105cz do programu partnerskiego 22Bet<\/title>\n<meta name=\"description\" content=\"Program partnerski 22Bet Polska dla zak\u0142ad\u00f3w sportowych, kasyna i pokera \u27a4 Wysoka prowizja \u27a4 Cotygodniowe wyp\u0142aty \u27a4 Zarabiaj do 40% na sportach z partnerami 22Bet dzi\u0119ki programowi polece\u0144\" \/>\n<meta name=\"robots\" content=\"index, follow, max-snippet:-1, max-image-preview:large, max-video-preview:-1\" \/>\n<meta property=\"og:locale\" content=\"pl_PL\" \/>\n<meta property=\"og:type\" content=\"article\" \/>\n<meta property=\"og:title\" content=\"Partnerzy 22Bet \u26a1 Do\u0142\u0105cz do programu partnerskiego 22Bet\" \/>\n<meta property=\"og:description\" content=\"Program partnerski 22Bet Polska dla zak\u0142ad\u00f3w sportowych, kasyna i pokera \u27a4 Wysoka prowizja \u27a4 Cotygodniowe wyp\u0142aty \u27a4 Zarabiaj do 40% na sportach z partnerami 22Bet dzi\u0119ki programowi polece\u0144\" \/>\n<meta property=\"og:url\" content=\"https:\/\/22bet.cafe\/poland\/partners\/\" \/>\n<meta property=\"og:site_name\" content=\"22bet Team pl\" \/>\n<meta property=\"article:modified_time\" content=\"2025-03-26T07:19:22+00:00\" \/>\n<meta name=\"twitter:card\" content=\"summary_large_image\" \/>\n<script type=\"application\/ld+json\" class=\"yoast-schema-graph\">{\"@context\":\"https:\/\/schema.org\",\"@graph\":[{\"@type\":\"WebPage\",\"@id\":\"https:\/\/22bet.cafe\/poland\/partners\/\",\"url\":\"https:\/\/22bet.cafe\/poland\/partners\/\",\"name\":\"Partnerzy 22Bet \u26a1 Do\u0142\u0105cz do programu partnerskiego 22Bet\",\"isPartOf\":{\"@id\":\"https:\/\/22bet.cafe\/poland\/#website\"},\"datePublished\":\"2024-09-12T07:19:47+00:00\",\"dateModified\":\"2025-03-26T07:19:22+00:00\",\"description\":\"Program partnerski 22Bet Polska dla zak\u0142ad\u00f3w sportowych, kasyna i pokera \u27a4 Wysoka prowizja \u27a4 Cotygodniowe wyp\u0142aty \u27a4 Zarabiaj do 40% na sportach z partnerami 22Bet dzi\u0119ki programowi polece\u0144\",\"breadcrumb\":{\"@id\":\"https:\/\/22bet.cafe\/poland\/partners\/#breadcrumb\"},\"inLanguage\":\"pl-PL\",\"potentialAction\":[{\"@type\":\"ReadAction\",\"target\":[\"https:\/\/22bet.cafe\/poland\/partners\/\"]}]},{\"@type\":\"BreadcrumbList\",\"@id\":\"https:\/\/22bet.cafe\/poland\/partners\/#breadcrumb\",\"itemListElement\":[{\"@type\":\"ListItem\",\"position\":1,\"name\":\"\u0413\u043b\u0430\u0432\u043d\u0430\u044f \u0441\u0442\u0440\u0430\u043d\u0438\u0446\u0430\",\"item\":\"https:\/\/22bet.cafe\/poland\/\"},{\"@type\":\"ListItem\",\"position\":2,\"name\":\"Partnerzy\"}]},{\"@type\":\"WebSite\",\"@id\":\"https:\/\/22bet.cafe\/poland\/#website\",\"url\":\"https:\/\/22bet.cafe\/poland\/\",\"name\":\"22bet Team pl\",\"description\":\"My WordPress Blog\",\"potentialAction\":[{\"@type\":\"SearchAction\",\"target\":{\"@type\":\"EntryPoint\",\"urlTemplate\":\"https:\/\/22bet.cafe\/poland\/?s={search_term_string}\"},\"query-input\":{\"@type\":\"PropertyValueSpecification\",\"valueRequired\":true,\"valueName\":\"search_term_string\"}}],\"inLanguage\":\"pl-PL\"}]}<\/script>\n<!-- \/ Yoast SEO plugin. -->","yoast_head_json":{"title":"Partnerzy 22Bet \u26a1 Do\u0142\u0105cz do programu partnerskiego 22Bet","description":"Program partnerski 22Bet Polska dla zak\u0142ad\u00f3w sportowych, kasyna i pokera \u27a4 Wysoka prowizja \u27a4 Cotygodniowe wyp\u0142aty \u27a4 Zarabiaj do 40% na sportach z partnerami 22Bet dzi\u0119ki programowi polece\u0144","robots":{"index":"index","follow":"follow","max-snippet":"max-snippet:-1","max-image-preview":"max-image-preview:large","max-video-preview":"max-video-preview:-1"},"og_locale":"pl_PL","og_type":"article","og_title":"Partnerzy 22Bet \u26a1 Do\u0142\u0105cz do programu partnerskiego 22Bet","og_description":"Program partnerski 22Bet Polska dla zak\u0142ad\u00f3w sportowych, kasyna i pokera \u27a4 Wysoka prowizja \u27a4 Cotygodniowe wyp\u0142aty \u27a4 Zarabiaj do 40% na sportach z partnerami 22Bet dzi\u0119ki programowi polece\u0144","og_url":"https:\/\/22bet.cafe\/poland\/partners\/","og_site_name":"22bet Team pl","article_modified_time":"2025-03-26T07:19:22+00:00","twitter_card":"summary_large_image","schema":{"@context":"https:\/\/schema.org","@graph":[{"@type":"WebPage","@id":"https:\/\/22bet.cafe\/poland\/partners\/","url":"https:\/\/22bet.cafe\/poland\/partners\/","name":"Partnerzy 22Bet \u26a1 Do\u0142\u0105cz do programu partnerskiego 22Bet","isPartOf":{"@id":"https:\/\/22bet.cafe\/poland\/#website"},"datePublished":"2024-09-12T07:19:47+00:00","dateModified":"2025-03-26T07:19:22+00:00","description":"Program partnerski 22Bet Polska dla zak\u0142ad\u00f3w sportowych, kasyna i pokera \u27a4 Wysoka prowizja \u27a4 Cotygodniowe wyp\u0142aty \u27a4 Zarabiaj do 40% na sportach z partnerami 22Bet dzi\u0119ki programowi polece\u0144","breadcrumb":{"@id":"https:\/\/22bet.cafe\/poland\/partners\/#breadcrumb"},"inLanguage":"pl-PL","potentialAction":[{"@type":"ReadAction","target":["https:\/\/22bet.cafe\/poland\/partners\/"]}]},{"@type":"BreadcrumbList","@id":"https:\/\/22bet.cafe\/poland\/partners\/#breadcrumb","itemListElement":[{"@type":"ListItem","position":1,"name":"\u0413\u043b\u0430\u0432\u043d\u0430\u044f \u0441\u0442\u0440\u0430\u043d\u0438\u0446\u0430","item":"https:\/\/22bet.cafe\/poland\/"},{"@type":"ListItem","position":2,"name":"Partnerzy"}]},{"@type":"WebSite","@id":"https:\/\/22bet.cafe\/poland\/#website","url":"https:\/\/22bet.cafe\/poland\/","name":"22bet Team pl","description":"My WordPress Blog","potentialAction":[{"@type":"SearchAction","target":{"@type":"EntryPoint","urlTemplate":"https:\/\/22bet.cafe\/poland\/?s={search_term_string}"},"query-input":{"@type":"PropertyValueSpecification","valueRequired":true,"valueName":"search_term_string"}}],"inLanguage":"pl-PL"}]}},"_links":{"self":[{"href":"https:\/\/22bet.cafe\/poland\/wp-json\/wp\/v2\/pages\/470","targetHints":{"allow":["GET"]}}],"collection":[{"href":"https:\/\/22bet.cafe\/poland\/wp-json\/wp\/v2\/pages"}],"about":[{"href":"https:\/\/22bet.cafe\/poland\/wp-json\/wp\/v2\/types\/page"}],"author":[{"embeddable":true,"href":"https:\/\/22bet.cafe\/poland\/wp-json\/wp\/v2\/users\/1"}],"replies":[{"embeddable":true,"href":"https:\/\/22bet.cafe\/poland\/wp-json\/wp\/v2\/comments?post=470"}],"version-history":[{"count":0,"href":"https:\/\/22bet.cafe\/poland\/wp-json\/wp\/v2\/pages\/470\/revisions"}],"wp:attachment":[{"href":"https:\/\/22bet.cafe\/poland\/wp-json\/wp\/v2\/media?parent=470"}],"curies":[{"name":"wp","href":"https:\/\/api.w.org\/{rel}","templated":true}]}}