{"id":745,"date":"2025-03-21T06:50:46","date_gmt":"2025-03-21T06:50:46","guid":{"rendered":"https:\/\/22bet.cafe\/norway\/?page_id=745"},"modified":"2025-12-04T07:59:19","modified_gmt":"2025-12-04T07:59:19","slug":"sports-welcome-bonus","status":"publish","type":"page","link":"https:\/\/22bet.cafe\/norway\/bonus\/sports-welcome-bonus\/","title":{"rendered":"Velkomstbonus for sport"},"content":{"rendered":"","protected":false},"excerpt":{"rendered":"","protected":false},"author":1,"featured_media":0,"parent":152,"menu_order":0,"comment_status":"closed","ping_status":"closed","template":"","meta":{"_acf_changed":false,"inline_featured_image":false,"footnotes":""},"class_list":["post-745","page","type-page","status-publish","hentry"],"acf":[],"yoast_head":"<!-- This site is optimized with the Yoast SEO plugin v26.0 - https:\/\/yoast.com\/wordpress\/plugins\/seo\/ -->\n<title>Ta imot velkomstbonusen p\u00e5 1300 NOK og nyt spillingen hos 22bet<\/title>\n<meta name=\"description\" content=\"F\u00e5 din velkomstbonus p\u00e5 1300 NOK og dykk inn i en spennende verden av spill hos 22bet! Pr\u00f8v lykken, velg de beste arrangementene og \u00f8k sjansene dine for \u00e5 vinne! Ikke g\u00e5 glipp av denne sjansen \u2013 handle n\u00e5!\" \/>\n<meta name=\"robots\" content=\"index, follow, max-snippet:-1, max-image-preview:large, max-video-preview:-1\" \/>\n<meta property=\"og:locale\" content=\"nb_NO\" \/>\n<meta property=\"og:type\" content=\"article\" \/>\n<meta property=\"og:title\" content=\"Ta imot velkomstbonusen p\u00e5 1300 NOK og nyt spillingen hos 22bet\" \/>\n<meta property=\"og:description\" content=\"F\u00e5 din velkomstbonus p\u00e5 1300 NOK og dykk inn i en spennende verden av spill hos 22bet! Pr\u00f8v lykken, velg de beste arrangementene og \u00f8k sjansene dine for \u00e5 vinne! Ikke g\u00e5 glipp av denne sjansen \u2013 handle n\u00e5!\" \/>\n<meta property=\"og:url\" content=\"https:\/\/22bet.cafe\/norway\/bonus\/sports-welcome-bonus\/\" \/>\n<meta property=\"og:site_name\" content=\"22bet Team no\" \/>\n<meta property=\"article:modified_time\" content=\"2025-12-04T07:59:19+00:00\" \/>\n<meta name=\"twitter:card\" content=\"summary_large_image\" \/>\n<script type=\"application\/ld+json\" class=\"yoast-schema-graph\">{\"@context\":\"https:\/\/schema.org\",\"@graph\":[{\"@type\":\"WebPage\",\"@id\":\"https:\/\/22bet.cafe\/norway\/bonus\/sports-welcome-bonus\/\",\"url\":\"https:\/\/22bet.cafe\/norway\/bonus\/sports-welcome-bonus\/\",\"name\":\"Ta imot velkomstbonusen p\u00e5 1300 NOK og nyt spillingen hos 22bet\",\"isPartOf\":{\"@id\":\"https:\/\/22bet.cafe\/norway\/#website\"},\"datePublished\":\"2025-03-21T06:50:46+00:00\",\"dateModified\":\"2025-12-04T07:59:19+00:00\",\"description\":\"F\u00e5 din velkomstbonus p\u00e5 1300 NOK og dykk inn i en spennende verden av spill hos 22bet! Pr\u00f8v lykken, velg de beste arrangementene og \u00f8k sjansene dine for \u00e5 vinne! Ikke g\u00e5 glipp av denne sjansen \u2013 handle n\u00e5!\",\"breadcrumb\":{\"@id\":\"https:\/\/22bet.cafe\/norway\/bonus\/sports-welcome-bonus\/#breadcrumb\"},\"inLanguage\":\"nb-NO\",\"potentialAction\":[{\"@type\":\"ReadAction\",\"target\":[\"https:\/\/22bet.cafe\/norway\/bonus\/sports-welcome-bonus\/\"]}]},{\"@type\":\"BreadcrumbList\",\"@id\":\"https:\/\/22bet.cafe\/norway\/bonus\/sports-welcome-bonus\/#breadcrumb\",\"itemListElement\":[{\"@type\":\"ListItem\",\"position\":1,\"name\":\"\u0413\u043b\u0430\u0432\u043d\u0430\u044f \u0441\u0442\u0440\u0430\u043d\u0438\u0446\u0430\",\"item\":\"https:\/\/22bet.cafe\/norway\/\"},{\"@type\":\"ListItem\",\"position\":2,\"name\":\"Bonus\",\"item\":\"https:\/\/22bet.cafe\/norway\/bonus\/\"},{\"@type\":\"ListItem\",\"position\":3,\"name\":\"Velkomstbonus for sport\"}]},{\"@type\":\"WebSite\",\"@id\":\"https:\/\/22bet.cafe\/norway\/#website\",\"url\":\"https:\/\/22bet.cafe\/norway\/\",\"name\":\"22bet Team no\",\"description\":\"\",\"potentialAction\":[{\"@type\":\"SearchAction\",\"target\":{\"@type\":\"EntryPoint\",\"urlTemplate\":\"https:\/\/22bet.cafe\/norway\/?s={search_term_string}\"},\"query-input\":{\"@type\":\"PropertyValueSpecification\",\"valueRequired\":true,\"valueName\":\"search_term_string\"}}],\"inLanguage\":\"nb-NO\"}]}<\/script>\n<!-- \/ Yoast SEO plugin. -->","yoast_head_json":{"title":"Ta imot velkomstbonusen p\u00e5 1300 NOK og nyt spillingen hos 22bet","description":"F\u00e5 din velkomstbonus p\u00e5 1300 NOK og dykk inn i en spennende verden av spill hos 22bet! Pr\u00f8v lykken, velg de beste arrangementene og \u00f8k sjansene dine for \u00e5 vinne! Ikke g\u00e5 glipp av denne sjansen \u2013 handle n\u00e5!","robots":{"index":"index","follow":"follow","max-snippet":"max-snippet:-1","max-image-preview":"max-image-preview:large","max-video-preview":"max-video-preview:-1"},"og_locale":"nb_NO","og_type":"article","og_title":"Ta imot velkomstbonusen p\u00e5 1300 NOK og nyt spillingen hos 22bet","og_description":"F\u00e5 din velkomstbonus p\u00e5 1300 NOK og dykk inn i en spennende verden av spill hos 22bet! Pr\u00f8v lykken, velg de beste arrangementene og \u00f8k sjansene dine for \u00e5 vinne! Ikke g\u00e5 glipp av denne sjansen \u2013 handle n\u00e5!","og_url":"https:\/\/22bet.cafe\/norway\/bonus\/sports-welcome-bonus\/","og_site_name":"22bet Team no","article_modified_time":"2025-12-04T07:59:19+00:00","twitter_card":"summary_large_image","schema":{"@context":"https:\/\/schema.org","@graph":[{"@type":"WebPage","@id":"https:\/\/22bet.cafe\/norway\/bonus\/sports-welcome-bonus\/","url":"https:\/\/22bet.cafe\/norway\/bonus\/sports-welcome-bonus\/","name":"Ta imot velkomstbonusen p\u00e5 1300 NOK og nyt spillingen hos 22bet","isPartOf":{"@id":"https:\/\/22bet.cafe\/norway\/#website"},"datePublished":"2025-03-21T06:50:46+00:00","dateModified":"2025-12-04T07:59:19+00:00","description":"F\u00e5 din velkomstbonus p\u00e5 1300 NOK og dykk inn i en spennende verden av spill hos 22bet! Pr\u00f8v lykken, velg de beste arrangementene og \u00f8k sjansene dine for \u00e5 vinne! Ikke g\u00e5 glipp av denne sjansen \u2013 handle n\u00e5!","breadcrumb":{"@id":"https:\/\/22bet.cafe\/norway\/bonus\/sports-welcome-bonus\/#breadcrumb"},"inLanguage":"nb-NO","potentialAction":[{"@type":"ReadAction","target":["https:\/\/22bet.cafe\/norway\/bonus\/sports-welcome-bonus\/"]}]},{"@type":"BreadcrumbList","@id":"https:\/\/22bet.cafe\/norway\/bonus\/sports-welcome-bonus\/#breadcrumb","itemListElement":[{"@type":"ListItem","position":1,"name":"\u0413\u043b\u0430\u0432\u043d\u0430\u044f \u0441\u0442\u0440\u0430\u043d\u0438\u0446\u0430","item":"https:\/\/22bet.cafe\/norway\/"},{"@type":"ListItem","position":2,"name":"Bonus","item":"https:\/\/22bet.cafe\/norway\/bonus\/"},{"@type":"ListItem","position":3,"name":"Velkomstbonus for sport"}]},{"@type":"WebSite","@id":"https:\/\/22bet.cafe\/norway\/#website","url":"https:\/\/22bet.cafe\/norway\/","name":"22bet Team no","description":"","potentialAction":[{"@type":"SearchAction","target":{"@type":"EntryPoint","urlTemplate":"https:\/\/22bet.cafe\/norway\/?s={search_term_string}"},"query-input":{"@type":"PropertyValueSpecification","valueRequired":true,"valueName":"search_term_string"}}],"inLanguage":"nb-NO"}]}},"_links":{"self":[{"href":"https:\/\/22bet.cafe\/norway\/wp-json\/wp\/v2\/pages\/745","targetHints":{"allow":["GET"]}}],"collection":[{"href":"https:\/\/22bet.cafe\/norway\/wp-json\/wp\/v2\/pages"}],"about":[{"href":"https:\/\/22bet.cafe\/norway\/wp-json\/wp\/v2\/types\/page"}],"author":[{"embeddable":true,"href":"https:\/\/22bet.cafe\/norway\/wp-json\/wp\/v2\/users\/1"}],"replies":[{"embeddable":true,"href":"https:\/\/22bet.cafe\/norway\/wp-json\/wp\/v2\/comments?post=745"}],"version-history":[{"count":5,"href":"https:\/\/22bet.cafe\/norway\/wp-json\/wp\/v2\/pages\/745\/revisions"}],"predecessor-version":[{"id":1215,"href":"https:\/\/22bet.cafe\/norway\/wp-json\/wp\/v2\/pages\/745\/revisions\/1215"}],"up":[{"embeddable":true,"href":"https:\/\/22bet.cafe\/norway\/wp-json\/wp\/v2\/pages\/152"}],"wp:attachment":[{"href":"https:\/\/22bet.cafe\/norway\/wp-json\/wp\/v2\/media?parent=745"}],"curies":[{"name":"wp","href":"https:\/\/api.w.org\/{rel}","templated":true}]}}