{"id":470,"date":"2024-09-12T07:19:47","date_gmt":"2024-09-12T07:19:47","guid":{"rendered":"https:\/\/22bet.cafe\/mexico\/?page_id=470"},"modified":"2025-12-12T19:25:54","modified_gmt":"2025-12-12T19:25:54","slug":"partners","status":"publish","type":"page","link":"https:\/\/22bet.cafe\/mexico\/partners\/","title":{"rendered":"Socios"},"content":{"rendered":"","protected":false},"excerpt":{"rendered":"","protected":false},"author":1,"featured_media":0,"parent":0,"menu_order":0,"comment_status":"closed","ping_status":"closed","template":"","meta":{"_acf_changed":false,"inline_featured_image":false,"footnotes":""},"class_list":["post-470","page","type-page","status-publish","hentry"],"acf":[],"yoast_head":"<!-- This site is optimized with the Yoast SEO plugin v26.0 - https:\/\/yoast.com\/wordpress\/plugins\/seo\/ -->\n<title>Socios de 22Bet \u26a1 \u00danete al programa de afiliados de 22Bet<\/title>\n<meta name=\"description\" content=\"Programa de afiliados de 22Bet M\u00e9xico para apuestas deportivas, casino y p\u00f3quer \u27a4 Altas comisiones \u27a4 Pagos semanales \u27a4 Gana hasta un 40 % en deportes con 22Bet Partners a trav\u00e9s del programa de referidos.\" \/>\n<meta name=\"robots\" content=\"index, follow, max-snippet:-1, max-image-preview:large, max-video-preview:-1\" \/>\n<meta property=\"og:locale\" content=\"es_MX\" \/>\n<meta property=\"og:type\" content=\"article\" \/>\n<meta property=\"og:title\" content=\"Socios de 22Bet \u26a1 \u00danete al programa de afiliados de 22Bet\" \/>\n<meta property=\"og:description\" content=\"Programa de afiliados de 22Bet M\u00e9xico para apuestas deportivas, casino y p\u00f3quer \u27a4 Altas comisiones \u27a4 Pagos semanales \u27a4 Gana hasta un 40 % en deportes con 22Bet Partners a trav\u00e9s del programa de referidos.\" \/>\n<meta property=\"og:url\" content=\"https:\/\/22bet.cafe\/mexico\/partners\/\" \/>\n<meta property=\"og:site_name\" content=\"22bet Team mx\" \/>\n<meta property=\"article:modified_time\" content=\"2025-12-12T19:25:54+00:00\" \/>\n<meta name=\"twitter:card\" content=\"summary_large_image\" \/>\n<script type=\"application\/ld+json\" class=\"yoast-schema-graph\">{\"@context\":\"https:\/\/schema.org\",\"@graph\":[{\"@type\":\"WebPage\",\"@id\":\"https:\/\/22bet.cafe\/mexico\/partners\/\",\"url\":\"https:\/\/22bet.cafe\/mexico\/partners\/\",\"name\":\"Socios de 22Bet \u26a1 \u00danete al programa de afiliados de 22Bet\",\"isPartOf\":{\"@id\":\"https:\/\/22bet.cafe\/mexico\/#website\"},\"datePublished\":\"2024-09-12T07:19:47+00:00\",\"dateModified\":\"2025-12-12T19:25:54+00:00\",\"description\":\"Programa de afiliados de 22Bet M\u00e9xico para apuestas deportivas, casino y p\u00f3quer \u27a4 Altas comisiones \u27a4 Pagos semanales \u27a4 Gana hasta un 40 % en deportes con 22Bet Partners a trav\u00e9s del programa de referidos.\",\"breadcrumb\":{\"@id\":\"https:\/\/22bet.cafe\/mexico\/partners\/#breadcrumb\"},\"inLanguage\":\"es\",\"potentialAction\":[{\"@type\":\"ReadAction\",\"target\":[\"https:\/\/22bet.cafe\/mexico\/partners\/\"]}]},{\"@type\":\"BreadcrumbList\",\"@id\":\"https:\/\/22bet.cafe\/mexico\/partners\/#breadcrumb\",\"itemListElement\":[{\"@type\":\"ListItem\",\"position\":1,\"name\":\"\u0413\u043b\u0430\u0432\u043d\u0430\u044f \u0441\u0442\u0440\u0430\u043d\u0438\u0446\u0430\",\"item\":\"https:\/\/22bet.cafe\/mexico\/\"},{\"@type\":\"ListItem\",\"position\":2,\"name\":\"Socios\"}]},{\"@type\":\"WebSite\",\"@id\":\"https:\/\/22bet.cafe\/mexico\/#website\",\"url\":\"https:\/\/22bet.cafe\/mexico\/\",\"name\":\"22bet Team mx\",\"description\":\"My WordPress Blog\",\"potentialAction\":[{\"@type\":\"SearchAction\",\"target\":{\"@type\":\"EntryPoint\",\"urlTemplate\":\"https:\/\/22bet.cafe\/mexico\/?s={search_term_string}\"},\"query-input\":{\"@type\":\"PropertyValueSpecification\",\"valueRequired\":true,\"valueName\":\"search_term_string\"}}],\"inLanguage\":\"es\"}]}<\/script>\n<!-- \/ Yoast SEO plugin. -->","yoast_head_json":{"title":"Socios de 22Bet \u26a1 \u00danete al programa de afiliados de 22Bet","description":"Programa de afiliados de 22Bet M\u00e9xico para apuestas deportivas, casino y p\u00f3quer \u27a4 Altas comisiones \u27a4 Pagos semanales \u27a4 Gana hasta un 40 % en deportes con 22Bet Partners a trav\u00e9s del programa de referidos.","robots":{"index":"index","follow":"follow","max-snippet":"max-snippet:-1","max-image-preview":"max-image-preview:large","max-video-preview":"max-video-preview:-1"},"og_locale":"es_MX","og_type":"article","og_title":"Socios de 22Bet \u26a1 \u00danete al programa de afiliados de 22Bet","og_description":"Programa de afiliados de 22Bet M\u00e9xico para apuestas deportivas, casino y p\u00f3quer \u27a4 Altas comisiones \u27a4 Pagos semanales \u27a4 Gana hasta un 40 % en deportes con 22Bet Partners a trav\u00e9s del programa de referidos.","og_url":"https:\/\/22bet.cafe\/mexico\/partners\/","og_site_name":"22bet Team mx","article_modified_time":"2025-12-12T19:25:54+00:00","twitter_card":"summary_large_image","schema":{"@context":"https:\/\/schema.org","@graph":[{"@type":"WebPage","@id":"https:\/\/22bet.cafe\/mexico\/partners\/","url":"https:\/\/22bet.cafe\/mexico\/partners\/","name":"Socios de 22Bet \u26a1 \u00danete al programa de afiliados de 22Bet","isPartOf":{"@id":"https:\/\/22bet.cafe\/mexico\/#website"},"datePublished":"2024-09-12T07:19:47+00:00","dateModified":"2025-12-12T19:25:54+00:00","description":"Programa de afiliados de 22Bet M\u00e9xico para apuestas deportivas, casino y p\u00f3quer \u27a4 Altas comisiones \u27a4 Pagos semanales \u27a4 Gana hasta un 40 % en deportes con 22Bet Partners a trav\u00e9s del programa de referidos.","breadcrumb":{"@id":"https:\/\/22bet.cafe\/mexico\/partners\/#breadcrumb"},"inLanguage":"es","potentialAction":[{"@type":"ReadAction","target":["https:\/\/22bet.cafe\/mexico\/partners\/"]}]},{"@type":"BreadcrumbList","@id":"https:\/\/22bet.cafe\/mexico\/partners\/#breadcrumb","itemListElement":[{"@type":"ListItem","position":1,"name":"\u0413\u043b\u0430\u0432\u043d\u0430\u044f \u0441\u0442\u0440\u0430\u043d\u0438\u0446\u0430","item":"https:\/\/22bet.cafe\/mexico\/"},{"@type":"ListItem","position":2,"name":"Socios"}]},{"@type":"WebSite","@id":"https:\/\/22bet.cafe\/mexico\/#website","url":"https:\/\/22bet.cafe\/mexico\/","name":"22bet Team mx","description":"My WordPress Blog","potentialAction":[{"@type":"SearchAction","target":{"@type":"EntryPoint","urlTemplate":"https:\/\/22bet.cafe\/mexico\/?s={search_term_string}"},"query-input":{"@type":"PropertyValueSpecification","valueRequired":true,"valueName":"search_term_string"}}],"inLanguage":"es"}]}},"_links":{"self":[{"href":"https:\/\/22bet.cafe\/mexico\/wp-json\/wp\/v2\/pages\/470","targetHints":{"allow":["GET"]}}],"collection":[{"href":"https:\/\/22bet.cafe\/mexico\/wp-json\/wp\/v2\/pages"}],"about":[{"href":"https:\/\/22bet.cafe\/mexico\/wp-json\/wp\/v2\/types\/page"}],"author":[{"embeddable":true,"href":"https:\/\/22bet.cafe\/mexico\/wp-json\/wp\/v2\/users\/1"}],"replies":[{"embeddable":true,"href":"https:\/\/22bet.cafe\/mexico\/wp-json\/wp\/v2\/comments?post=470"}],"version-history":[{"count":2,"href":"https:\/\/22bet.cafe\/mexico\/wp-json\/wp\/v2\/pages\/470\/revisions"}],"predecessor-version":[{"id":1181,"href":"https:\/\/22bet.cafe\/mexico\/wp-json\/wp\/v2\/pages\/470\/revisions\/1181"}],"wp:attachment":[{"href":"https:\/\/22bet.cafe\/mexico\/wp-json\/wp\/v2\/media?parent=470"}],"curies":[{"name":"wp","href":"https:\/\/api.w.org\/{rel}","templated":true}]}}