{"id":1094,"date":"2025-10-17T06:29:49","date_gmt":"2025-10-17T06:29:49","guid":{"rendered":"https:\/\/22bet.cafe\/mexico\/?page_id=1094"},"modified":"2025-12-12T14:03:09","modified_gmt":"2025-12-12T14:03:09","slug":"football-betting","status":"publish","type":"page","link":"https:\/\/22bet.cafe\/mexico\/football-betting\/","title":{"rendered":"F\u00fatbol"},"content":{"rendered":"","protected":false},"excerpt":{"rendered":"","protected":false},"author":1,"featured_media":0,"parent":0,"menu_order":0,"comment_status":"closed","ping_status":"closed","template":"","meta":{"_acf_changed":false,"inline_featured_image":false,"footnotes":""},"class_list":["post-1094","page","type-page","status-publish","hentry"],"acf":[],"yoast_head":"<!-- This site is optimized with the Yoast SEO plugin v26.0 - https:\/\/yoast.com\/wordpress\/plugins\/seo\/ -->\n<title>Apuestas de f\u00fatbol en 22Bet \u1409 Las mejores cuotas y bonificaciones<\/title>\n<meta name=\"description\" content=\"\u00a1Apuestas de f\u00fatbol con 22Bet M\u00e9xico! Ofrecemos las mejores cuotas, una amplia selecci\u00f3n de partidos y generosos bonos para los nuevos jugadores. \u00a1Empieza a ganar hoy mismo!\" \/>\n<meta name=\"robots\" content=\"index, follow, max-snippet:-1, max-image-preview:large, max-video-preview:-1\" \/>\n<meta property=\"og:locale\" content=\"es_MX\" \/>\n<meta property=\"og:type\" content=\"article\" \/>\n<meta property=\"og:title\" content=\"Apuestas de f\u00fatbol en 22Bet \u1409 Las mejores cuotas y bonificaciones\" \/>\n<meta property=\"og:description\" content=\"\u00a1Apuestas de f\u00fatbol con 22Bet M\u00e9xico! Ofrecemos las mejores cuotas, una amplia selecci\u00f3n de partidos y generosos bonos para los nuevos jugadores. \u00a1Empieza a ganar hoy mismo!\" \/>\n<meta property=\"og:url\" content=\"https:\/\/22bet.cafe\/mexico\/football-betting\/\" \/>\n<meta property=\"og:site_name\" content=\"22bet Team mx\" \/>\n<meta property=\"article:modified_time\" content=\"2025-12-12T14:03:09+00:00\" \/>\n<meta name=\"twitter:card\" content=\"summary_large_image\" \/>\n<script type=\"application\/ld+json\" class=\"yoast-schema-graph\">{\"@context\":\"https:\/\/schema.org\",\"@graph\":[{\"@type\":\"WebPage\",\"@id\":\"https:\/\/22bet.cafe\/mexico\/football-betting\/\",\"url\":\"https:\/\/22bet.cafe\/mexico\/football-betting\/\",\"name\":\"Apuestas de f\u00fatbol en 22Bet \u1409 Las mejores cuotas y bonificaciones\",\"isPartOf\":{\"@id\":\"https:\/\/22bet.cafe\/mexico\/#website\"},\"datePublished\":\"2025-10-17T06:29:49+00:00\",\"dateModified\":\"2025-12-12T14:03:09+00:00\",\"description\":\"\u00a1Apuestas de f\u00fatbol con 22Bet M\u00e9xico! Ofrecemos las mejores cuotas, una amplia selecci\u00f3n de partidos y generosos bonos para los nuevos jugadores. \u00a1Empieza a ganar hoy mismo!\",\"breadcrumb\":{\"@id\":\"https:\/\/22bet.cafe\/mexico\/football-betting\/#breadcrumb\"},\"inLanguage\":\"es\",\"potentialAction\":[{\"@type\":\"ReadAction\",\"target\":[\"https:\/\/22bet.cafe\/mexico\/football-betting\/\"]}]},{\"@type\":\"BreadcrumbList\",\"@id\":\"https:\/\/22bet.cafe\/mexico\/football-betting\/#breadcrumb\",\"itemListElement\":[{\"@type\":\"ListItem\",\"position\":1,\"name\":\"\u0413\u043b\u0430\u0432\u043d\u0430\u044f \u0441\u0442\u0440\u0430\u043d\u0438\u0446\u0430\",\"item\":\"https:\/\/22bet.cafe\/mexico\/\"},{\"@type\":\"ListItem\",\"position\":2,\"name\":\"F\u00fatbol\"}]},{\"@type\":\"WebSite\",\"@id\":\"https:\/\/22bet.cafe\/mexico\/#website\",\"url\":\"https:\/\/22bet.cafe\/mexico\/\",\"name\":\"22bet Team mx\",\"description\":\"My WordPress Blog\",\"potentialAction\":[{\"@type\":\"SearchAction\",\"target\":{\"@type\":\"EntryPoint\",\"urlTemplate\":\"https:\/\/22bet.cafe\/mexico\/?s={search_term_string}\"},\"query-input\":{\"@type\":\"PropertyValueSpecification\",\"valueRequired\":true,\"valueName\":\"search_term_string\"}}],\"inLanguage\":\"es\"}]}<\/script>\n<!-- \/ Yoast SEO plugin. -->","yoast_head_json":{"title":"Apuestas de f\u00fatbol en 22Bet \u1409 Las mejores cuotas y bonificaciones","description":"\u00a1Apuestas de f\u00fatbol con 22Bet M\u00e9xico! Ofrecemos las mejores cuotas, una amplia selecci\u00f3n de partidos y generosos bonos para los nuevos jugadores. \u00a1Empieza a ganar hoy mismo!","robots":{"index":"index","follow":"follow","max-snippet":"max-snippet:-1","max-image-preview":"max-image-preview:large","max-video-preview":"max-video-preview:-1"},"og_locale":"es_MX","og_type":"article","og_title":"Apuestas de f\u00fatbol en 22Bet \u1409 Las mejores cuotas y bonificaciones","og_description":"\u00a1Apuestas de f\u00fatbol con 22Bet M\u00e9xico! Ofrecemos las mejores cuotas, una amplia selecci\u00f3n de partidos y generosos bonos para los nuevos jugadores. \u00a1Empieza a ganar hoy mismo!","og_url":"https:\/\/22bet.cafe\/mexico\/football-betting\/","og_site_name":"22bet Team mx","article_modified_time":"2025-12-12T14:03:09+00:00","twitter_card":"summary_large_image","schema":{"@context":"https:\/\/schema.org","@graph":[{"@type":"WebPage","@id":"https:\/\/22bet.cafe\/mexico\/football-betting\/","url":"https:\/\/22bet.cafe\/mexico\/football-betting\/","name":"Apuestas de f\u00fatbol en 22Bet \u1409 Las mejores cuotas y bonificaciones","isPartOf":{"@id":"https:\/\/22bet.cafe\/mexico\/#website"},"datePublished":"2025-10-17T06:29:49+00:00","dateModified":"2025-12-12T14:03:09+00:00","description":"\u00a1Apuestas de f\u00fatbol con 22Bet M\u00e9xico! Ofrecemos las mejores cuotas, una amplia selecci\u00f3n de partidos y generosos bonos para los nuevos jugadores. \u00a1Empieza a ganar hoy mismo!","breadcrumb":{"@id":"https:\/\/22bet.cafe\/mexico\/football-betting\/#breadcrumb"},"inLanguage":"es","potentialAction":[{"@type":"ReadAction","target":["https:\/\/22bet.cafe\/mexico\/football-betting\/"]}]},{"@type":"BreadcrumbList","@id":"https:\/\/22bet.cafe\/mexico\/football-betting\/#breadcrumb","itemListElement":[{"@type":"ListItem","position":1,"name":"\u0413\u043b\u0430\u0432\u043d\u0430\u044f \u0441\u0442\u0440\u0430\u043d\u0438\u0446\u0430","item":"https:\/\/22bet.cafe\/mexico\/"},{"@type":"ListItem","position":2,"name":"F\u00fatbol"}]},{"@type":"WebSite","@id":"https:\/\/22bet.cafe\/mexico\/#website","url":"https:\/\/22bet.cafe\/mexico\/","name":"22bet Team mx","description":"My WordPress Blog","potentialAction":[{"@type":"SearchAction","target":{"@type":"EntryPoint","urlTemplate":"https:\/\/22bet.cafe\/mexico\/?s={search_term_string}"},"query-input":{"@type":"PropertyValueSpecification","valueRequired":true,"valueName":"search_term_string"}}],"inLanguage":"es"}]}},"_links":{"self":[{"href":"https:\/\/22bet.cafe\/mexico\/wp-json\/wp\/v2\/pages\/1094","targetHints":{"allow":["GET"]}}],"collection":[{"href":"https:\/\/22bet.cafe\/mexico\/wp-json\/wp\/v2\/pages"}],"about":[{"href":"https:\/\/22bet.cafe\/mexico\/wp-json\/wp\/v2\/types\/page"}],"author":[{"embeddable":true,"href":"https:\/\/22bet.cafe\/mexico\/wp-json\/wp\/v2\/users\/1"}],"replies":[{"embeddable":true,"href":"https:\/\/22bet.cafe\/mexico\/wp-json\/wp\/v2\/comments?post=1094"}],"version-history":[{"count":4,"href":"https:\/\/22bet.cafe\/mexico\/wp-json\/wp\/v2\/pages\/1094\/revisions"}],"predecessor-version":[{"id":1173,"href":"https:\/\/22bet.cafe\/mexico\/wp-json\/wp\/v2\/pages\/1094\/revisions\/1173"}],"wp:attachment":[{"href":"https:\/\/22bet.cafe\/mexico\/wp-json\/wp\/v2\/media?parent=1094"}],"curies":[{"name":"wp","href":"https:\/\/api.w.org\/{rel}","templated":true}]}}