{"id":522,"date":"2024-09-17T06:08:30","date_gmt":"2024-09-17T06:08:30","guid":{"rendered":"https:\/\/22bet.cafe\/iceland\/?page_id=522"},"modified":"2025-02-11T13:54:54","modified_gmt":"2025-02-11T13:54:54","slug":"casino","status":"publish","type":"page","link":"https:\/\/22bet.cafe\/iceland\/casino\/","title":{"rendered":"Spilav\u00edti"},"content":{"rendered":"","protected":false},"excerpt":{"rendered":"","protected":false},"author":1,"featured_media":0,"parent":0,"menu_order":0,"comment_status":"closed","ping_status":"closed","template":"","meta":{"_acf_changed":false,"inline_featured_image":false,"footnotes":""},"class_list":["post-522","page","type-page","status-publish","hentry"],"acf":[],"yoast_head":"<!-- This site is optimized with the Yoast SEO plugin v26.0 - https:\/\/yoast.com\/wordpress\/plugins\/seo\/ -->\n<title>22Bet spilav\u00edti 2025 | Spila\u00f0u 22Byet leiki<\/title>\n<meta name=\"description\" content=\"22Bet Casino \u00cdsland b\u00fd\u00f0ur upp \u00e1 miki\u00f0 \u00farval af spilav\u00edtisleikjum og a\u00f0la\u00f0andi kynningar. Spila\u00f0u lifandi s\u00f6lua\u00f0ila leiki og spilakassa me\u00f0 b\u00f3nuseiginleikum \u00e1 22Bet. Skr\u00e1\u00f0u \u00feig og f\u00e1\u00f0u velkominn b\u00f3nus \u00ed spilav\u00edtinu!\" \/>\n<meta name=\"robots\" content=\"index, follow, max-snippet:-1, max-image-preview:large, max-video-preview:-1\" \/>\n<meta property=\"og:locale\" content=\"is_IS\" \/>\n<meta property=\"og:type\" content=\"article\" \/>\n<meta property=\"og:title\" content=\"22Bet spilav\u00edti 2025 | Spila\u00f0u 22Byet leiki\" \/>\n<meta property=\"og:description\" content=\"22Bet Casino \u00cdsland b\u00fd\u00f0ur upp \u00e1 miki\u00f0 \u00farval af spilav\u00edtisleikjum og a\u00f0la\u00f0andi kynningar. Spila\u00f0u lifandi s\u00f6lua\u00f0ila leiki og spilakassa me\u00f0 b\u00f3nuseiginleikum \u00e1 22Bet. Skr\u00e1\u00f0u \u00feig og f\u00e1\u00f0u velkominn b\u00f3nus \u00ed spilav\u00edtinu!\" \/>\n<meta property=\"og:url\" content=\"https:\/\/22bet.cafe\/iceland\/casino\/\" \/>\n<meta property=\"og:site_name\" content=\"22bet Team is\" \/>\n<meta property=\"article:modified_time\" content=\"2025-02-11T13:54:54+00:00\" \/>\n<meta name=\"twitter:card\" content=\"summary_large_image\" \/>\n<script type=\"application\/ld+json\" class=\"yoast-schema-graph\">{\"@context\":\"https:\/\/schema.org\",\"@graph\":[{\"@type\":\"WebPage\",\"@id\":\"https:\/\/22bet.cafe\/iceland\/casino\/\",\"url\":\"https:\/\/22bet.cafe\/iceland\/casino\/\",\"name\":\"22Bet spilav\u00edti 2025 | Spila\u00f0u 22Byet leiki\",\"isPartOf\":{\"@id\":\"https:\/\/22bet.cafe\/iceland\/#website\"},\"datePublished\":\"2024-09-17T06:08:30+00:00\",\"dateModified\":\"2025-02-11T13:54:54+00:00\",\"description\":\"22Bet Casino \u00cdsland b\u00fd\u00f0ur upp \u00e1 miki\u00f0 \u00farval af spilav\u00edtisleikjum og a\u00f0la\u00f0andi kynningar. Spila\u00f0u lifandi s\u00f6lua\u00f0ila leiki og spilakassa me\u00f0 b\u00f3nuseiginleikum \u00e1 22Bet. Skr\u00e1\u00f0u \u00feig og f\u00e1\u00f0u velkominn b\u00f3nus \u00ed spilav\u00edtinu!\",\"breadcrumb\":{\"@id\":\"https:\/\/22bet.cafe\/iceland\/casino\/#breadcrumb\"},\"inLanguage\":\"is\",\"potentialAction\":[{\"@type\":\"ReadAction\",\"target\":[\"https:\/\/22bet.cafe\/iceland\/casino\/\"]}]},{\"@type\":\"BreadcrumbList\",\"@id\":\"https:\/\/22bet.cafe\/iceland\/casino\/#breadcrumb\",\"itemListElement\":[{\"@type\":\"ListItem\",\"position\":1,\"name\":\"\u0413\u043b\u0430\u0432\u043d\u0430\u044f \u0441\u0442\u0440\u0430\u043d\u0438\u0446\u0430\",\"item\":\"https:\/\/22bet.cafe\/iceland\/\"},{\"@type\":\"ListItem\",\"position\":2,\"name\":\"Spilav\u00edti\"}]},{\"@type\":\"WebSite\",\"@id\":\"https:\/\/22bet.cafe\/iceland\/#website\",\"url\":\"https:\/\/22bet.cafe\/iceland\/\",\"name\":\"22bet Team is\",\"description\":\"My WordPress Blog\",\"potentialAction\":[{\"@type\":\"SearchAction\",\"target\":{\"@type\":\"EntryPoint\",\"urlTemplate\":\"https:\/\/22bet.cafe\/iceland\/?s={search_term_string}\"},\"query-input\":{\"@type\":\"PropertyValueSpecification\",\"valueRequired\":true,\"valueName\":\"search_term_string\"}}],\"inLanguage\":\"is\"}]}<\/script>\n<!-- \/ Yoast SEO plugin. -->","yoast_head_json":{"title":"22Bet spilav\u00edti 2025 | Spila\u00f0u 22Byet leiki","description":"22Bet Casino \u00cdsland b\u00fd\u00f0ur upp \u00e1 miki\u00f0 \u00farval af spilav\u00edtisleikjum og a\u00f0la\u00f0andi kynningar. Spila\u00f0u lifandi s\u00f6lua\u00f0ila leiki og spilakassa me\u00f0 b\u00f3nuseiginleikum \u00e1 22Bet. Skr\u00e1\u00f0u \u00feig og f\u00e1\u00f0u velkominn b\u00f3nus \u00ed spilav\u00edtinu!","robots":{"index":"index","follow":"follow","max-snippet":"max-snippet:-1","max-image-preview":"max-image-preview:large","max-video-preview":"max-video-preview:-1"},"og_locale":"is_IS","og_type":"article","og_title":"22Bet spilav\u00edti 2025 | Spila\u00f0u 22Byet leiki","og_description":"22Bet Casino \u00cdsland b\u00fd\u00f0ur upp \u00e1 miki\u00f0 \u00farval af spilav\u00edtisleikjum og a\u00f0la\u00f0andi kynningar. Spila\u00f0u lifandi s\u00f6lua\u00f0ila leiki og spilakassa me\u00f0 b\u00f3nuseiginleikum \u00e1 22Bet. Skr\u00e1\u00f0u \u00feig og f\u00e1\u00f0u velkominn b\u00f3nus \u00ed spilav\u00edtinu!","og_url":"https:\/\/22bet.cafe\/iceland\/casino\/","og_site_name":"22bet Team is","article_modified_time":"2025-02-11T13:54:54+00:00","twitter_card":"summary_large_image","schema":{"@context":"https:\/\/schema.org","@graph":[{"@type":"WebPage","@id":"https:\/\/22bet.cafe\/iceland\/casino\/","url":"https:\/\/22bet.cafe\/iceland\/casino\/","name":"22Bet spilav\u00edti 2025 | Spila\u00f0u 22Byet leiki","isPartOf":{"@id":"https:\/\/22bet.cafe\/iceland\/#website"},"datePublished":"2024-09-17T06:08:30+00:00","dateModified":"2025-02-11T13:54:54+00:00","description":"22Bet Casino \u00cdsland b\u00fd\u00f0ur upp \u00e1 miki\u00f0 \u00farval af spilav\u00edtisleikjum og a\u00f0la\u00f0andi kynningar. Spila\u00f0u lifandi s\u00f6lua\u00f0ila leiki og spilakassa me\u00f0 b\u00f3nuseiginleikum \u00e1 22Bet. Skr\u00e1\u00f0u \u00feig og f\u00e1\u00f0u velkominn b\u00f3nus \u00ed spilav\u00edtinu!","breadcrumb":{"@id":"https:\/\/22bet.cafe\/iceland\/casino\/#breadcrumb"},"inLanguage":"is","potentialAction":[{"@type":"ReadAction","target":["https:\/\/22bet.cafe\/iceland\/casino\/"]}]},{"@type":"BreadcrumbList","@id":"https:\/\/22bet.cafe\/iceland\/casino\/#breadcrumb","itemListElement":[{"@type":"ListItem","position":1,"name":"\u0413\u043b\u0430\u0432\u043d\u0430\u044f \u0441\u0442\u0440\u0430\u043d\u0438\u0446\u0430","item":"https:\/\/22bet.cafe\/iceland\/"},{"@type":"ListItem","position":2,"name":"Spilav\u00edti"}]},{"@type":"WebSite","@id":"https:\/\/22bet.cafe\/iceland\/#website","url":"https:\/\/22bet.cafe\/iceland\/","name":"22bet Team is","description":"My WordPress Blog","potentialAction":[{"@type":"SearchAction","target":{"@type":"EntryPoint","urlTemplate":"https:\/\/22bet.cafe\/iceland\/?s={search_term_string}"},"query-input":{"@type":"PropertyValueSpecification","valueRequired":true,"valueName":"search_term_string"}}],"inLanguage":"is"}]}},"_links":{"self":[{"href":"https:\/\/22bet.cafe\/iceland\/wp-json\/wp\/v2\/pages\/522","targetHints":{"allow":["GET"]}}],"collection":[{"href":"https:\/\/22bet.cafe\/iceland\/wp-json\/wp\/v2\/pages"}],"about":[{"href":"https:\/\/22bet.cafe\/iceland\/wp-json\/wp\/v2\/types\/page"}],"author":[{"embeddable":true,"href":"https:\/\/22bet.cafe\/iceland\/wp-json\/wp\/v2\/users\/1"}],"replies":[{"embeddable":true,"href":"https:\/\/22bet.cafe\/iceland\/wp-json\/wp\/v2\/comments?post=522"}],"version-history":[{"count":0,"href":"https:\/\/22bet.cafe\/iceland\/wp-json\/wp\/v2\/pages\/522\/revisions"}],"wp:attachment":[{"href":"https:\/\/22bet.cafe\/iceland\/wp-json\/wp\/v2\/media?parent=522"}],"curies":[{"name":"wp","href":"https:\/\/api.w.org\/{rel}","templated":true}]}}