{"id":770,"date":"2025-04-30T07:18:36","date_gmt":"2025-04-30T07:18:36","guid":{"rendered":"https:\/\/22bet.cafe\/hungary\/?page_id=770"},"modified":"2025-04-30T07:19:41","modified_gmt":"2025-04-30T07:19:41","slug":"welcome-bonus","status":"publish","type":"page","link":"https:\/\/22bet.cafe\/hungary\/bonus\/welcome-bonus\/","title":{"rendered":"\u00dcdv\u00f6zl\u0151 b\u00f3nusz"},"content":{"rendered":"","protected":false},"excerpt":{"rendered":"","protected":false},"author":1,"featured_media":0,"parent":152,"menu_order":0,"comment_status":"closed","ping_status":"closed","template":"","meta":{"_acf_changed":false,"inline_featured_image":false,"footnotes":""},"class_list":["post-770","page","type-page","status-publish","hentry"],"acf":[],"yoast_head":"<!-- This site is optimized with the Yoast SEO plugin v26.0 - https:\/\/yoast.com\/wordpress\/plugins\/seo\/ -->\n<title>\u00dcdv\u00f6zl\u0151 b\u00f3nusz ak\u00e1r 105.000 HUF az els\u0151 befizet\u00e9skor a 22bet<\/title>\n<meta name=\"description\" content=\"Szerezzen egy nagylelk\u0171, ak\u00e1r 105.000 Ft-os \u00fcdv\u00f6zl\u0151 b\u00f3nuszt az els\u0151 befizet\u00e9s\u00e9re a 22bet Casino-ban! Csatlakozzon a j\u00e1t\u00e9khoz, \u00e9s nyissa meg az izgalmas szerencsej\u00e1t\u00e9k lehet\u0151s\u00e9gek vil\u00e1g\u00e1t! Ne hagyd ki a lehet\u0151s\u00e9get, hogy n\u00f6veld a bankrollodat - cselekedj most!\" \/>\n<meta name=\"robots\" content=\"index, follow, max-snippet:-1, max-image-preview:large, max-video-preview:-1\" \/>\n<meta property=\"og:locale\" content=\"hu_HU\" \/>\n<meta property=\"og:type\" content=\"article\" \/>\n<meta property=\"og:title\" content=\"\u00dcdv\u00f6zl\u0151 b\u00f3nusz ak\u00e1r 105.000 HUF az els\u0151 befizet\u00e9skor a 22bet\" \/>\n<meta property=\"og:description\" content=\"Szerezzen egy nagylelk\u0171, ak\u00e1r 105.000 Ft-os \u00fcdv\u00f6zl\u0151 b\u00f3nuszt az els\u0151 befizet\u00e9s\u00e9re a 22bet Casino-ban! Csatlakozzon a j\u00e1t\u00e9khoz, \u00e9s nyissa meg az izgalmas szerencsej\u00e1t\u00e9k lehet\u0151s\u00e9gek vil\u00e1g\u00e1t! Ne hagyd ki a lehet\u0151s\u00e9get, hogy n\u00f6veld a bankrollodat - cselekedj most!\" \/>\n<meta property=\"og:url\" content=\"https:\/\/22bet.cafe\/hungary\/bonus\/welcome-bonus\/\" \/>\n<meta property=\"og:site_name\" content=\"22bet Team hu\" \/>\n<meta property=\"article:modified_time\" content=\"2025-04-30T07:19:41+00:00\" \/>\n<meta name=\"twitter:card\" content=\"summary_large_image\" \/>\n<script type=\"application\/ld+json\" class=\"yoast-schema-graph\">{\"@context\":\"https:\/\/schema.org\",\"@graph\":[{\"@type\":\"WebPage\",\"@id\":\"https:\/\/22bet.cafe\/hungary\/bonus\/welcome-bonus\/\",\"url\":\"https:\/\/22bet.cafe\/hungary\/bonus\/welcome-bonus\/\",\"name\":\"\u00dcdv\u00f6zl\u0151 b\u00f3nusz ak\u00e1r 105.000 HUF az els\u0151 befizet\u00e9skor a 22bet\",\"isPartOf\":{\"@id\":\"https:\/\/22bet.cafe\/hungary\/#website\"},\"datePublished\":\"2025-04-30T07:18:36+00:00\",\"dateModified\":\"2025-04-30T07:19:41+00:00\",\"description\":\"Szerezzen egy nagylelk\u0171, ak\u00e1r 105.000 Ft-os \u00fcdv\u00f6zl\u0151 b\u00f3nuszt az els\u0151 befizet\u00e9s\u00e9re a 22bet Casino-ban! Csatlakozzon a j\u00e1t\u00e9khoz, \u00e9s nyissa meg az izgalmas szerencsej\u00e1t\u00e9k lehet\u0151s\u00e9gek vil\u00e1g\u00e1t! Ne hagyd ki a lehet\u0151s\u00e9get, hogy n\u00f6veld a bankrollodat - cselekedj most!\",\"breadcrumb\":{\"@id\":\"https:\/\/22bet.cafe\/hungary\/bonus\/welcome-bonus\/#breadcrumb\"},\"inLanguage\":\"hu\",\"potentialAction\":[{\"@type\":\"ReadAction\",\"target\":[\"https:\/\/22bet.cafe\/hungary\/bonus\/welcome-bonus\/\"]}]},{\"@type\":\"BreadcrumbList\",\"@id\":\"https:\/\/22bet.cafe\/hungary\/bonus\/welcome-bonus\/#breadcrumb\",\"itemListElement\":[{\"@type\":\"ListItem\",\"position\":1,\"name\":\"\u0413\u043b\u0430\u0432\u043d\u0430\u044f \u0441\u0442\u0440\u0430\u043d\u0438\u0446\u0430\",\"item\":\"https:\/\/22bet.cafe\/hungary\/\"},{\"@type\":\"ListItem\",\"position\":2,\"name\":\"B\u00f3nusz\",\"item\":\"https:\/\/22bet.cafe\/hungary\/bonus\/\"},{\"@type\":\"ListItem\",\"position\":3,\"name\":\"\u00dcdv\u00f6zl\u0151 b\u00f3nusz\"}]},{\"@type\":\"WebSite\",\"@id\":\"https:\/\/22bet.cafe\/hungary\/#website\",\"url\":\"https:\/\/22bet.cafe\/hungary\/\",\"name\":\"22bet Team hu\",\"description\":\"My WordPress Blog\",\"potentialAction\":[{\"@type\":\"SearchAction\",\"target\":{\"@type\":\"EntryPoint\",\"urlTemplate\":\"https:\/\/22bet.cafe\/hungary\/?s={search_term_string}\"},\"query-input\":{\"@type\":\"PropertyValueSpecification\",\"valueRequired\":true,\"valueName\":\"search_term_string\"}}],\"inLanguage\":\"hu\"}]}<\/script>\n<!-- \/ Yoast SEO plugin. -->","yoast_head_json":{"title":"\u00dcdv\u00f6zl\u0151 b\u00f3nusz ak\u00e1r 105.000 HUF az els\u0151 befizet\u00e9skor a 22bet","description":"Szerezzen egy nagylelk\u0171, ak\u00e1r 105.000 Ft-os \u00fcdv\u00f6zl\u0151 b\u00f3nuszt az els\u0151 befizet\u00e9s\u00e9re a 22bet Casino-ban! Csatlakozzon a j\u00e1t\u00e9khoz, \u00e9s nyissa meg az izgalmas szerencsej\u00e1t\u00e9k lehet\u0151s\u00e9gek vil\u00e1g\u00e1t! Ne hagyd ki a lehet\u0151s\u00e9get, hogy n\u00f6veld a bankrollodat - cselekedj most!","robots":{"index":"index","follow":"follow","max-snippet":"max-snippet:-1","max-image-preview":"max-image-preview:large","max-video-preview":"max-video-preview:-1"},"og_locale":"hu_HU","og_type":"article","og_title":"\u00dcdv\u00f6zl\u0151 b\u00f3nusz ak\u00e1r 105.000 HUF az els\u0151 befizet\u00e9skor a 22bet","og_description":"Szerezzen egy nagylelk\u0171, ak\u00e1r 105.000 Ft-os \u00fcdv\u00f6zl\u0151 b\u00f3nuszt az els\u0151 befizet\u00e9s\u00e9re a 22bet Casino-ban! Csatlakozzon a j\u00e1t\u00e9khoz, \u00e9s nyissa meg az izgalmas szerencsej\u00e1t\u00e9k lehet\u0151s\u00e9gek vil\u00e1g\u00e1t! Ne hagyd ki a lehet\u0151s\u00e9get, hogy n\u00f6veld a bankrollodat - cselekedj most!","og_url":"https:\/\/22bet.cafe\/hungary\/bonus\/welcome-bonus\/","og_site_name":"22bet Team hu","article_modified_time":"2025-04-30T07:19:41+00:00","twitter_card":"summary_large_image","schema":{"@context":"https:\/\/schema.org","@graph":[{"@type":"WebPage","@id":"https:\/\/22bet.cafe\/hungary\/bonus\/welcome-bonus\/","url":"https:\/\/22bet.cafe\/hungary\/bonus\/welcome-bonus\/","name":"\u00dcdv\u00f6zl\u0151 b\u00f3nusz ak\u00e1r 105.000 HUF az els\u0151 befizet\u00e9skor a 22bet","isPartOf":{"@id":"https:\/\/22bet.cafe\/hungary\/#website"},"datePublished":"2025-04-30T07:18:36+00:00","dateModified":"2025-04-30T07:19:41+00:00","description":"Szerezzen egy nagylelk\u0171, ak\u00e1r 105.000 Ft-os \u00fcdv\u00f6zl\u0151 b\u00f3nuszt az els\u0151 befizet\u00e9s\u00e9re a 22bet Casino-ban! Csatlakozzon a j\u00e1t\u00e9khoz, \u00e9s nyissa meg az izgalmas szerencsej\u00e1t\u00e9k lehet\u0151s\u00e9gek vil\u00e1g\u00e1t! Ne hagyd ki a lehet\u0151s\u00e9get, hogy n\u00f6veld a bankrollodat - cselekedj most!","breadcrumb":{"@id":"https:\/\/22bet.cafe\/hungary\/bonus\/welcome-bonus\/#breadcrumb"},"inLanguage":"hu","potentialAction":[{"@type":"ReadAction","target":["https:\/\/22bet.cafe\/hungary\/bonus\/welcome-bonus\/"]}]},{"@type":"BreadcrumbList","@id":"https:\/\/22bet.cafe\/hungary\/bonus\/welcome-bonus\/#breadcrumb","itemListElement":[{"@type":"ListItem","position":1,"name":"\u0413\u043b\u0430\u0432\u043d\u0430\u044f \u0441\u0442\u0440\u0430\u043d\u0438\u0446\u0430","item":"https:\/\/22bet.cafe\/hungary\/"},{"@type":"ListItem","position":2,"name":"B\u00f3nusz","item":"https:\/\/22bet.cafe\/hungary\/bonus\/"},{"@type":"ListItem","position":3,"name":"\u00dcdv\u00f6zl\u0151 b\u00f3nusz"}]},{"@type":"WebSite","@id":"https:\/\/22bet.cafe\/hungary\/#website","url":"https:\/\/22bet.cafe\/hungary\/","name":"22bet Team hu","description":"My WordPress Blog","potentialAction":[{"@type":"SearchAction","target":{"@type":"EntryPoint","urlTemplate":"https:\/\/22bet.cafe\/hungary\/?s={search_term_string}"},"query-input":{"@type":"PropertyValueSpecification","valueRequired":true,"valueName":"search_term_string"}}],"inLanguage":"hu"}]}},"_links":{"self":[{"href":"https:\/\/22bet.cafe\/hungary\/wp-json\/wp\/v2\/pages\/770","targetHints":{"allow":["GET"]}}],"collection":[{"href":"https:\/\/22bet.cafe\/hungary\/wp-json\/wp\/v2\/pages"}],"about":[{"href":"https:\/\/22bet.cafe\/hungary\/wp-json\/wp\/v2\/types\/page"}],"author":[{"embeddable":true,"href":"https:\/\/22bet.cafe\/hungary\/wp-json\/wp\/v2\/users\/1"}],"replies":[{"embeddable":true,"href":"https:\/\/22bet.cafe\/hungary\/wp-json\/wp\/v2\/comments?post=770"}],"version-history":[{"count":0,"href":"https:\/\/22bet.cafe\/hungary\/wp-json\/wp\/v2\/pages\/770\/revisions"}],"up":[{"embeddable":true,"href":"https:\/\/22bet.cafe\/hungary\/wp-json\/wp\/v2\/pages\/152"}],"wp:attachment":[{"href":"https:\/\/22bet.cafe\/hungary\/wp-json\/wp\/v2\/media?parent=770"}],"curies":[{"name":"wp","href":"https:\/\/api.w.org\/{rel}","templated":true}]}}