{"id":762,"date":"2025-04-30T06:46:27","date_gmt":"2025-04-30T06:46:27","guid":{"rendered":"https:\/\/22bet.cafe\/hungary\/?page_id=762"},"modified":"2025-04-30T06:58:03","modified_gmt":"2025-04-30T06:58:03","slug":"reload-bonus","status":"publish","type":"page","link":"https:\/\/22bet.cafe\/hungary\/bonus\/reload-bonus\/","title":{"rendered":"\u00dajrat\u00f6lt\u00e9si b\u00f3nusz"},"content":{"rendered":"","protected":false},"excerpt":{"rendered":"","protected":false},"author":1,"featured_media":0,"parent":152,"menu_order":0,"comment_status":"closed","ping_status":"closed","template":"","meta":{"_acf_changed":false,"inline_featured_image":false,"footnotes":""},"class_list":["post-762","page","type-page","status-publish","hentry"],"acf":[],"yoast_head":"<!-- This site is optimized with the Yoast SEO plugin v26.0 - https:\/\/yoast.com\/wordpress\/plugins\/seo\/ -->\n<title>22Bet befizet\u00e9si b\u00f3nusz Szerezzen 100% b\u00f3nuszt ak\u00e1r 39.000 Ft<\/title>\n<meta name=\"description\" content=\"A 22Bet minden p\u00e9nteken 100%-os b\u00f3nuszt ad \u00d6nnek, ak\u00e1r 39.000 Ft is nyerhet! Dupl\u00e1zd meg nyer\u00e9si es\u00e9lyeidet a 100%-os b\u00f3nusszal minden befizet\u00e9sedre! Ne hagyd ki a lehet\u0151s\u00e9get, hogy minden t\u00e9tet aranny\u00e1 v\u00e1ltoztass!\" \/>\n<meta name=\"robots\" content=\"index, follow, max-snippet:-1, max-image-preview:large, max-video-preview:-1\" \/>\n<meta property=\"og:locale\" content=\"hu_HU\" \/>\n<meta property=\"og:type\" content=\"article\" \/>\n<meta property=\"og:title\" content=\"22Bet befizet\u00e9si b\u00f3nusz Szerezzen 100% b\u00f3nuszt ak\u00e1r 39.000 Ft\" \/>\n<meta property=\"og:description\" content=\"A 22Bet minden p\u00e9nteken 100%-os b\u00f3nuszt ad \u00d6nnek, ak\u00e1r 39.000 Ft is nyerhet! Dupl\u00e1zd meg nyer\u00e9si es\u00e9lyeidet a 100%-os b\u00f3nusszal minden befizet\u00e9sedre! Ne hagyd ki a lehet\u0151s\u00e9get, hogy minden t\u00e9tet aranny\u00e1 v\u00e1ltoztass!\" \/>\n<meta property=\"og:url\" content=\"https:\/\/22bet.cafe\/hungary\/bonus\/reload-bonus\/\" \/>\n<meta property=\"og:site_name\" content=\"22bet Team hu\" \/>\n<meta property=\"article:modified_time\" content=\"2025-04-30T06:58:03+00:00\" \/>\n<meta name=\"twitter:card\" content=\"summary_large_image\" \/>\n<script type=\"application\/ld+json\" class=\"yoast-schema-graph\">{\"@context\":\"https:\/\/schema.org\",\"@graph\":[{\"@type\":\"WebPage\",\"@id\":\"https:\/\/22bet.cafe\/hungary\/bonus\/reload-bonus\/\",\"url\":\"https:\/\/22bet.cafe\/hungary\/bonus\/reload-bonus\/\",\"name\":\"22Bet befizet\u00e9si b\u00f3nusz Szerezzen 100% b\u00f3nuszt ak\u00e1r 39.000 Ft\",\"isPartOf\":{\"@id\":\"https:\/\/22bet.cafe\/hungary\/#website\"},\"datePublished\":\"2025-04-30T06:46:27+00:00\",\"dateModified\":\"2025-04-30T06:58:03+00:00\",\"description\":\"A 22Bet minden p\u00e9nteken 100%-os b\u00f3nuszt ad \u00d6nnek, ak\u00e1r 39.000 Ft is nyerhet! Dupl\u00e1zd meg nyer\u00e9si es\u00e9lyeidet a 100%-os b\u00f3nusszal minden befizet\u00e9sedre! Ne hagyd ki a lehet\u0151s\u00e9get, hogy minden t\u00e9tet aranny\u00e1 v\u00e1ltoztass!\",\"breadcrumb\":{\"@id\":\"https:\/\/22bet.cafe\/hungary\/bonus\/reload-bonus\/#breadcrumb\"},\"inLanguage\":\"hu\",\"potentialAction\":[{\"@type\":\"ReadAction\",\"target\":[\"https:\/\/22bet.cafe\/hungary\/bonus\/reload-bonus\/\"]}]},{\"@type\":\"BreadcrumbList\",\"@id\":\"https:\/\/22bet.cafe\/hungary\/bonus\/reload-bonus\/#breadcrumb\",\"itemListElement\":[{\"@type\":\"ListItem\",\"position\":1,\"name\":\"\u0413\u043b\u0430\u0432\u043d\u0430\u044f \u0441\u0442\u0440\u0430\u043d\u0438\u0446\u0430\",\"item\":\"https:\/\/22bet.cafe\/hungary\/\"},{\"@type\":\"ListItem\",\"position\":2,\"name\":\"B\u00f3nusz\",\"item\":\"https:\/\/22bet.cafe\/hungary\/bonus\/\"},{\"@type\":\"ListItem\",\"position\":3,\"name\":\"\u00dajrat\u00f6lt\u00e9si b\u00f3nusz\"}]},{\"@type\":\"WebSite\",\"@id\":\"https:\/\/22bet.cafe\/hungary\/#website\",\"url\":\"https:\/\/22bet.cafe\/hungary\/\",\"name\":\"22bet Team hu\",\"description\":\"My WordPress Blog\",\"potentialAction\":[{\"@type\":\"SearchAction\",\"target\":{\"@type\":\"EntryPoint\",\"urlTemplate\":\"https:\/\/22bet.cafe\/hungary\/?s={search_term_string}\"},\"query-input\":{\"@type\":\"PropertyValueSpecification\",\"valueRequired\":true,\"valueName\":\"search_term_string\"}}],\"inLanguage\":\"hu\"}]}<\/script>\n<!-- \/ Yoast SEO plugin. -->","yoast_head_json":{"title":"22Bet befizet\u00e9si b\u00f3nusz Szerezzen 100% b\u00f3nuszt ak\u00e1r 39.000 Ft","description":"A 22Bet minden p\u00e9nteken 100%-os b\u00f3nuszt ad \u00d6nnek, ak\u00e1r 39.000 Ft is nyerhet! Dupl\u00e1zd meg nyer\u00e9si es\u00e9lyeidet a 100%-os b\u00f3nusszal minden befizet\u00e9sedre! Ne hagyd ki a lehet\u0151s\u00e9get, hogy minden t\u00e9tet aranny\u00e1 v\u00e1ltoztass!","robots":{"index":"index","follow":"follow","max-snippet":"max-snippet:-1","max-image-preview":"max-image-preview:large","max-video-preview":"max-video-preview:-1"},"og_locale":"hu_HU","og_type":"article","og_title":"22Bet befizet\u00e9si b\u00f3nusz Szerezzen 100% b\u00f3nuszt ak\u00e1r 39.000 Ft","og_description":"A 22Bet minden p\u00e9nteken 100%-os b\u00f3nuszt ad \u00d6nnek, ak\u00e1r 39.000 Ft is nyerhet! Dupl\u00e1zd meg nyer\u00e9si es\u00e9lyeidet a 100%-os b\u00f3nusszal minden befizet\u00e9sedre! Ne hagyd ki a lehet\u0151s\u00e9get, hogy minden t\u00e9tet aranny\u00e1 v\u00e1ltoztass!","og_url":"https:\/\/22bet.cafe\/hungary\/bonus\/reload-bonus\/","og_site_name":"22bet Team hu","article_modified_time":"2025-04-30T06:58:03+00:00","twitter_card":"summary_large_image","schema":{"@context":"https:\/\/schema.org","@graph":[{"@type":"WebPage","@id":"https:\/\/22bet.cafe\/hungary\/bonus\/reload-bonus\/","url":"https:\/\/22bet.cafe\/hungary\/bonus\/reload-bonus\/","name":"22Bet befizet\u00e9si b\u00f3nusz Szerezzen 100% b\u00f3nuszt ak\u00e1r 39.000 Ft","isPartOf":{"@id":"https:\/\/22bet.cafe\/hungary\/#website"},"datePublished":"2025-04-30T06:46:27+00:00","dateModified":"2025-04-30T06:58:03+00:00","description":"A 22Bet minden p\u00e9nteken 100%-os b\u00f3nuszt ad \u00d6nnek, ak\u00e1r 39.000 Ft is nyerhet! Dupl\u00e1zd meg nyer\u00e9si es\u00e9lyeidet a 100%-os b\u00f3nusszal minden befizet\u00e9sedre! Ne hagyd ki a lehet\u0151s\u00e9get, hogy minden t\u00e9tet aranny\u00e1 v\u00e1ltoztass!","breadcrumb":{"@id":"https:\/\/22bet.cafe\/hungary\/bonus\/reload-bonus\/#breadcrumb"},"inLanguage":"hu","potentialAction":[{"@type":"ReadAction","target":["https:\/\/22bet.cafe\/hungary\/bonus\/reload-bonus\/"]}]},{"@type":"BreadcrumbList","@id":"https:\/\/22bet.cafe\/hungary\/bonus\/reload-bonus\/#breadcrumb","itemListElement":[{"@type":"ListItem","position":1,"name":"\u0413\u043b\u0430\u0432\u043d\u0430\u044f \u0441\u0442\u0440\u0430\u043d\u0438\u0446\u0430","item":"https:\/\/22bet.cafe\/hungary\/"},{"@type":"ListItem","position":2,"name":"B\u00f3nusz","item":"https:\/\/22bet.cafe\/hungary\/bonus\/"},{"@type":"ListItem","position":3,"name":"\u00dajrat\u00f6lt\u00e9si b\u00f3nusz"}]},{"@type":"WebSite","@id":"https:\/\/22bet.cafe\/hungary\/#website","url":"https:\/\/22bet.cafe\/hungary\/","name":"22bet Team hu","description":"My WordPress Blog","potentialAction":[{"@type":"SearchAction","target":{"@type":"EntryPoint","urlTemplate":"https:\/\/22bet.cafe\/hungary\/?s={search_term_string}"},"query-input":{"@type":"PropertyValueSpecification","valueRequired":true,"valueName":"search_term_string"}}],"inLanguage":"hu"}]}},"_links":{"self":[{"href":"https:\/\/22bet.cafe\/hungary\/wp-json\/wp\/v2\/pages\/762","targetHints":{"allow":["GET"]}}],"collection":[{"href":"https:\/\/22bet.cafe\/hungary\/wp-json\/wp\/v2\/pages"}],"about":[{"href":"https:\/\/22bet.cafe\/hungary\/wp-json\/wp\/v2\/types\/page"}],"author":[{"embeddable":true,"href":"https:\/\/22bet.cafe\/hungary\/wp-json\/wp\/v2\/users\/1"}],"replies":[{"embeddable":true,"href":"https:\/\/22bet.cafe\/hungary\/wp-json\/wp\/v2\/comments?post=762"}],"version-history":[{"count":0,"href":"https:\/\/22bet.cafe\/hungary\/wp-json\/wp\/v2\/pages\/762\/revisions"}],"up":[{"embeddable":true,"href":"https:\/\/22bet.cafe\/hungary\/wp-json\/wp\/v2\/pages\/152"}],"wp:attachment":[{"href":"https:\/\/22bet.cafe\/hungary\/wp-json\/wp\/v2\/media?parent=762"}],"curies":[{"name":"wp","href":"https:\/\/api.w.org\/{rel}","templated":true}]}}