{"id":568,"date":"2024-09-17T13:43:21","date_gmt":"2024-09-17T13:43:21","guid":{"rendered":"https:\/\/22bet.cafe\/hungary\/?page_id=568"},"modified":"2025-08-19T11:50:55","modified_gmt":"2025-08-19T11:50:55","slug":"promo-code","status":"publish","type":"page","link":"https:\/\/22bet.cafe\/hungary\/promo-code\/","title":{"rendered":"Promo k\u00f3d"},"content":{"rendered":"","protected":false},"excerpt":{"rendered":"","protected":false},"author":1,"featured_media":0,"parent":0,"menu_order":0,"comment_status":"closed","ping_status":"closed","template":"","meta":{"_acf_changed":false,"inline_featured_image":false,"footnotes":""},"class_list":["post-568","page","type-page","status-publish","hentry"],"acf":[],"yoast_head":"<!-- This site is optimized with the Yoast SEO plugin v26.0 - https:\/\/yoast.com\/wordpress\/plugins\/seo\/ -->\n<title>22Bet Promo k\u00f3d \ud83c\udf81 Exkluz\u00edv b\u00f3nusz k\u00f3dok<\/title>\n<meta name=\"description\" content=\"Hogyan juthat el a jelenlegi 22Bet Promo Code \u2714 Haszn\u00e1lja 22Bet Bonus Code, hogy a 100% \u00fcdv\u00f6zl\u0151 b\u00f3nusz \u27a4 Bonus k\u00f3dok sportfogad\u00e1s \u00e9s kaszin\u00f3\" \/>\n<meta name=\"robots\" content=\"index, follow, max-snippet:-1, max-image-preview:large, max-video-preview:-1\" \/>\n<meta property=\"og:locale\" content=\"hu_HU\" \/>\n<meta property=\"og:type\" content=\"article\" \/>\n<meta property=\"og:title\" content=\"22Bet Promo k\u00f3d \ud83c\udf81 Exkluz\u00edv b\u00f3nusz k\u00f3dok\" \/>\n<meta property=\"og:description\" content=\"Hogyan juthat el a jelenlegi 22Bet Promo Code \u2714 Haszn\u00e1lja 22Bet Bonus Code, hogy a 100% \u00fcdv\u00f6zl\u0151 b\u00f3nusz \u27a4 Bonus k\u00f3dok sportfogad\u00e1s \u00e9s kaszin\u00f3\" \/>\n<meta property=\"og:url\" content=\"https:\/\/22bet.cafe\/hungary\/promo-code\/\" \/>\n<meta property=\"og:site_name\" content=\"22bet Team hu\" \/>\n<meta property=\"article:modified_time\" content=\"2025-08-19T11:50:55+00:00\" \/>\n<meta name=\"twitter:card\" content=\"summary_large_image\" \/>\n<script type=\"application\/ld+json\" class=\"yoast-schema-graph\">{\"@context\":\"https:\/\/schema.org\",\"@graph\":[{\"@type\":\"WebPage\",\"@id\":\"https:\/\/22bet.cafe\/hungary\/promo-code\/\",\"url\":\"https:\/\/22bet.cafe\/hungary\/promo-code\/\",\"name\":\"22Bet Promo k\u00f3d \ud83c\udf81 Exkluz\u00edv b\u00f3nusz k\u00f3dok\",\"isPartOf\":{\"@id\":\"https:\/\/22bet.cafe\/hungary\/#website\"},\"datePublished\":\"2024-09-17T13:43:21+00:00\",\"dateModified\":\"2025-08-19T11:50:55+00:00\",\"description\":\"Hogyan juthat el a jelenlegi 22Bet Promo Code \u2714 Haszn\u00e1lja 22Bet Bonus Code, hogy a 100% \u00fcdv\u00f6zl\u0151 b\u00f3nusz \u27a4 Bonus k\u00f3dok sportfogad\u00e1s \u00e9s kaszin\u00f3\",\"breadcrumb\":{\"@id\":\"https:\/\/22bet.cafe\/hungary\/promo-code\/#breadcrumb\"},\"inLanguage\":\"hu\",\"potentialAction\":[{\"@type\":\"ReadAction\",\"target\":[\"https:\/\/22bet.cafe\/hungary\/promo-code\/\"]}]},{\"@type\":\"BreadcrumbList\",\"@id\":\"https:\/\/22bet.cafe\/hungary\/promo-code\/#breadcrumb\",\"itemListElement\":[{\"@type\":\"ListItem\",\"position\":1,\"name\":\"\u0413\u043b\u0430\u0432\u043d\u0430\u044f \u0441\u0442\u0440\u0430\u043d\u0438\u0446\u0430\",\"item\":\"https:\/\/22bet.cafe\/hungary\/\"},{\"@type\":\"ListItem\",\"position\":2,\"name\":\"Promo k\u00f3d\"}]},{\"@type\":\"WebSite\",\"@id\":\"https:\/\/22bet.cafe\/hungary\/#website\",\"url\":\"https:\/\/22bet.cafe\/hungary\/\",\"name\":\"22bet Team hu\",\"description\":\"My WordPress Blog\",\"potentialAction\":[{\"@type\":\"SearchAction\",\"target\":{\"@type\":\"EntryPoint\",\"urlTemplate\":\"https:\/\/22bet.cafe\/hungary\/?s={search_term_string}\"},\"query-input\":{\"@type\":\"PropertyValueSpecification\",\"valueRequired\":true,\"valueName\":\"search_term_string\"}}],\"inLanguage\":\"hu\"}]}<\/script>\n<!-- \/ Yoast SEO plugin. -->","yoast_head_json":{"title":"22Bet Promo k\u00f3d \ud83c\udf81 Exkluz\u00edv b\u00f3nusz k\u00f3dok","description":"Hogyan juthat el a jelenlegi 22Bet Promo Code \u2714 Haszn\u00e1lja 22Bet Bonus Code, hogy a 100% \u00fcdv\u00f6zl\u0151 b\u00f3nusz \u27a4 Bonus k\u00f3dok sportfogad\u00e1s \u00e9s kaszin\u00f3","robots":{"index":"index","follow":"follow","max-snippet":"max-snippet:-1","max-image-preview":"max-image-preview:large","max-video-preview":"max-video-preview:-1"},"og_locale":"hu_HU","og_type":"article","og_title":"22Bet Promo k\u00f3d \ud83c\udf81 Exkluz\u00edv b\u00f3nusz k\u00f3dok","og_description":"Hogyan juthat el a jelenlegi 22Bet Promo Code \u2714 Haszn\u00e1lja 22Bet Bonus Code, hogy a 100% \u00fcdv\u00f6zl\u0151 b\u00f3nusz \u27a4 Bonus k\u00f3dok sportfogad\u00e1s \u00e9s kaszin\u00f3","og_url":"https:\/\/22bet.cafe\/hungary\/promo-code\/","og_site_name":"22bet Team hu","article_modified_time":"2025-08-19T11:50:55+00:00","twitter_card":"summary_large_image","schema":{"@context":"https:\/\/schema.org","@graph":[{"@type":"WebPage","@id":"https:\/\/22bet.cafe\/hungary\/promo-code\/","url":"https:\/\/22bet.cafe\/hungary\/promo-code\/","name":"22Bet Promo k\u00f3d \ud83c\udf81 Exkluz\u00edv b\u00f3nusz k\u00f3dok","isPartOf":{"@id":"https:\/\/22bet.cafe\/hungary\/#website"},"datePublished":"2024-09-17T13:43:21+00:00","dateModified":"2025-08-19T11:50:55+00:00","description":"Hogyan juthat el a jelenlegi 22Bet Promo Code \u2714 Haszn\u00e1lja 22Bet Bonus Code, hogy a 100% \u00fcdv\u00f6zl\u0151 b\u00f3nusz \u27a4 Bonus k\u00f3dok sportfogad\u00e1s \u00e9s kaszin\u00f3","breadcrumb":{"@id":"https:\/\/22bet.cafe\/hungary\/promo-code\/#breadcrumb"},"inLanguage":"hu","potentialAction":[{"@type":"ReadAction","target":["https:\/\/22bet.cafe\/hungary\/promo-code\/"]}]},{"@type":"BreadcrumbList","@id":"https:\/\/22bet.cafe\/hungary\/promo-code\/#breadcrumb","itemListElement":[{"@type":"ListItem","position":1,"name":"\u0413\u043b\u0430\u0432\u043d\u0430\u044f \u0441\u0442\u0440\u0430\u043d\u0438\u0446\u0430","item":"https:\/\/22bet.cafe\/hungary\/"},{"@type":"ListItem","position":2,"name":"Promo k\u00f3d"}]},{"@type":"WebSite","@id":"https:\/\/22bet.cafe\/hungary\/#website","url":"https:\/\/22bet.cafe\/hungary\/","name":"22bet Team hu","description":"My WordPress Blog","potentialAction":[{"@type":"SearchAction","target":{"@type":"EntryPoint","urlTemplate":"https:\/\/22bet.cafe\/hungary\/?s={search_term_string}"},"query-input":{"@type":"PropertyValueSpecification","valueRequired":true,"valueName":"search_term_string"}}],"inLanguage":"hu"}]}},"_links":{"self":[{"href":"https:\/\/22bet.cafe\/hungary\/wp-json\/wp\/v2\/pages\/568","targetHints":{"allow":["GET"]}}],"collection":[{"href":"https:\/\/22bet.cafe\/hungary\/wp-json\/wp\/v2\/pages"}],"about":[{"href":"https:\/\/22bet.cafe\/hungary\/wp-json\/wp\/v2\/types\/page"}],"author":[{"embeddable":true,"href":"https:\/\/22bet.cafe\/hungary\/wp-json\/wp\/v2\/users\/1"}],"replies":[{"embeddable":true,"href":"https:\/\/22bet.cafe\/hungary\/wp-json\/wp\/v2\/comments?post=568"}],"version-history":[{"count":0,"href":"https:\/\/22bet.cafe\/hungary\/wp-json\/wp\/v2\/pages\/568\/revisions"}],"wp:attachment":[{"href":"https:\/\/22bet.cafe\/hungary\/wp-json\/wp\/v2\/media?parent=568"}],"curies":[{"name":"wp","href":"https:\/\/api.w.org\/{rel}","templated":true}]}}