{"id":294,"date":"2024-03-12T10:44:40","date_gmt":"2024-03-12T10:44:40","guid":{"rendered":"https:\/\/22bet.cafe\/hungary\/?page_id=294"},"modified":"2025-02-08T19:43:37","modified_gmt":"2025-02-08T19:43:37","slug":"app","status":"publish","type":"page","link":"https:\/\/22bet.cafe\/hungary\/app\/","title":{"rendered":"App"},"content":{"rendered":"","protected":false},"excerpt":{"rendered":"","protected":false},"author":1,"featured_media":0,"parent":0,"menu_order":0,"comment_status":"closed","ping_status":"closed","template":"","meta":{"_acf_changed":false,"inline_featured_image":false,"footnotes":""},"class_list":["post-294","page","type-page","status-publish","hentry"],"acf":[],"yoast_head":"<!-- This site is optimized with the Yoast SEO plugin v26.0 - https:\/\/yoast.com\/wordpress\/plugins\/seo\/ -->\n<title>22Bet App | Fogad\u00e1s \u00e9s kaszin\u00f3 IOS &amp; Android sz\u00e1m\u00e1ra<\/title>\n<meta name=\"description\" content=\"Fedezze fel a 22Bet Magyarorsz\u00e1g alkalmaz\u00e1s let\u00f6lt\u00e9s\u00e9t \u2705 Egyszer\u0171, l\u00e9p\u00e9sr\u0151l l\u00e9p\u00e9sre k\u00f6vethet\u0151 \u00fatmutat\u00f3nkkal k\u00f6nnyed\u00e9n let\u00f6ltheti \u00e9s telep\u00edtheti a 22Bet mobilalkalmaz\u00e1st Android vagy iOS k\u00e9sz\u00fcl\u00e9k\u00e9re.\" \/>\n<meta name=\"robots\" content=\"index, follow, max-snippet:-1, max-image-preview:large, max-video-preview:-1\" \/>\n<meta property=\"og:locale\" content=\"hu_HU\" \/>\n<meta property=\"og:type\" content=\"article\" \/>\n<meta property=\"og:title\" content=\"22Bet App | Fogad\u00e1s \u00e9s kaszin\u00f3 IOS &amp; Android sz\u00e1m\u00e1ra\" \/>\n<meta property=\"og:description\" content=\"Fedezze fel a 22Bet Magyarorsz\u00e1g alkalmaz\u00e1s let\u00f6lt\u00e9s\u00e9t \u2705 Egyszer\u0171, l\u00e9p\u00e9sr\u0151l l\u00e9p\u00e9sre k\u00f6vethet\u0151 \u00fatmutat\u00f3nkkal k\u00f6nnyed\u00e9n let\u00f6ltheti \u00e9s telep\u00edtheti a 22Bet mobilalkalmaz\u00e1st Android vagy iOS k\u00e9sz\u00fcl\u00e9k\u00e9re.\" \/>\n<meta property=\"og:url\" content=\"https:\/\/22bet.cafe\/hungary\/app\/\" \/>\n<meta property=\"og:site_name\" content=\"22bet Team hu\" \/>\n<meta property=\"article:modified_time\" content=\"2025-02-08T19:43:37+00:00\" \/>\n<meta name=\"twitter:card\" content=\"summary_large_image\" \/>\n<script type=\"application\/ld+json\" class=\"yoast-schema-graph\">{\"@context\":\"https:\/\/schema.org\",\"@graph\":[{\"@type\":\"WebPage\",\"@id\":\"https:\/\/22bet.cafe\/hungary\/app\/\",\"url\":\"https:\/\/22bet.cafe\/hungary\/app\/\",\"name\":\"22Bet App | Fogad\u00e1s \u00e9s kaszin\u00f3 IOS & Android sz\u00e1m\u00e1ra\",\"isPartOf\":{\"@id\":\"https:\/\/22bet.cafe\/hungary\/#website\"},\"datePublished\":\"2024-03-12T10:44:40+00:00\",\"dateModified\":\"2025-02-08T19:43:37+00:00\",\"description\":\"Fedezze fel a 22Bet Magyarorsz\u00e1g alkalmaz\u00e1s let\u00f6lt\u00e9s\u00e9t \u2705 Egyszer\u0171, l\u00e9p\u00e9sr\u0151l l\u00e9p\u00e9sre k\u00f6vethet\u0151 \u00fatmutat\u00f3nkkal k\u00f6nnyed\u00e9n let\u00f6ltheti \u00e9s telep\u00edtheti a 22Bet mobilalkalmaz\u00e1st Android vagy iOS k\u00e9sz\u00fcl\u00e9k\u00e9re.\",\"breadcrumb\":{\"@id\":\"https:\/\/22bet.cafe\/hungary\/app\/#breadcrumb\"},\"inLanguage\":\"hu\",\"potentialAction\":[{\"@type\":\"ReadAction\",\"target\":[\"https:\/\/22bet.cafe\/hungary\/app\/\"]}]},{\"@type\":\"BreadcrumbList\",\"@id\":\"https:\/\/22bet.cafe\/hungary\/app\/#breadcrumb\",\"itemListElement\":[{\"@type\":\"ListItem\",\"position\":1,\"name\":\"\u0413\u043b\u0430\u0432\u043d\u0430\u044f \u0441\u0442\u0440\u0430\u043d\u0438\u0446\u0430\",\"item\":\"https:\/\/22bet.cafe\/hungary\/\"},{\"@type\":\"ListItem\",\"position\":2,\"name\":\"App\"}]},{\"@type\":\"WebSite\",\"@id\":\"https:\/\/22bet.cafe\/hungary\/#website\",\"url\":\"https:\/\/22bet.cafe\/hungary\/\",\"name\":\"22bet Team hu\",\"description\":\"My WordPress Blog\",\"potentialAction\":[{\"@type\":\"SearchAction\",\"target\":{\"@type\":\"EntryPoint\",\"urlTemplate\":\"https:\/\/22bet.cafe\/hungary\/?s={search_term_string}\"},\"query-input\":{\"@type\":\"PropertyValueSpecification\",\"valueRequired\":true,\"valueName\":\"search_term_string\"}}],\"inLanguage\":\"hu\"}]}<\/script>\n<!-- \/ Yoast SEO plugin. -->","yoast_head_json":{"title":"22Bet App | Fogad\u00e1s \u00e9s kaszin\u00f3 IOS & Android sz\u00e1m\u00e1ra","description":"Fedezze fel a 22Bet Magyarorsz\u00e1g alkalmaz\u00e1s let\u00f6lt\u00e9s\u00e9t \u2705 Egyszer\u0171, l\u00e9p\u00e9sr\u0151l l\u00e9p\u00e9sre k\u00f6vethet\u0151 \u00fatmutat\u00f3nkkal k\u00f6nnyed\u00e9n let\u00f6ltheti \u00e9s telep\u00edtheti a 22Bet mobilalkalmaz\u00e1st Android vagy iOS k\u00e9sz\u00fcl\u00e9k\u00e9re.","robots":{"index":"index","follow":"follow","max-snippet":"max-snippet:-1","max-image-preview":"max-image-preview:large","max-video-preview":"max-video-preview:-1"},"og_locale":"hu_HU","og_type":"article","og_title":"22Bet App | Fogad\u00e1s \u00e9s kaszin\u00f3 IOS & Android sz\u00e1m\u00e1ra","og_description":"Fedezze fel a 22Bet Magyarorsz\u00e1g alkalmaz\u00e1s let\u00f6lt\u00e9s\u00e9t \u2705 Egyszer\u0171, l\u00e9p\u00e9sr\u0151l l\u00e9p\u00e9sre k\u00f6vethet\u0151 \u00fatmutat\u00f3nkkal k\u00f6nnyed\u00e9n let\u00f6ltheti \u00e9s telep\u00edtheti a 22Bet mobilalkalmaz\u00e1st Android vagy iOS k\u00e9sz\u00fcl\u00e9k\u00e9re.","og_url":"https:\/\/22bet.cafe\/hungary\/app\/","og_site_name":"22bet Team hu","article_modified_time":"2025-02-08T19:43:37+00:00","twitter_card":"summary_large_image","schema":{"@context":"https:\/\/schema.org","@graph":[{"@type":"WebPage","@id":"https:\/\/22bet.cafe\/hungary\/app\/","url":"https:\/\/22bet.cafe\/hungary\/app\/","name":"22Bet App | Fogad\u00e1s \u00e9s kaszin\u00f3 IOS & Android sz\u00e1m\u00e1ra","isPartOf":{"@id":"https:\/\/22bet.cafe\/hungary\/#website"},"datePublished":"2024-03-12T10:44:40+00:00","dateModified":"2025-02-08T19:43:37+00:00","description":"Fedezze fel a 22Bet Magyarorsz\u00e1g alkalmaz\u00e1s let\u00f6lt\u00e9s\u00e9t \u2705 Egyszer\u0171, l\u00e9p\u00e9sr\u0151l l\u00e9p\u00e9sre k\u00f6vethet\u0151 \u00fatmutat\u00f3nkkal k\u00f6nnyed\u00e9n let\u00f6ltheti \u00e9s telep\u00edtheti a 22Bet mobilalkalmaz\u00e1st Android vagy iOS k\u00e9sz\u00fcl\u00e9k\u00e9re.","breadcrumb":{"@id":"https:\/\/22bet.cafe\/hungary\/app\/#breadcrumb"},"inLanguage":"hu","potentialAction":[{"@type":"ReadAction","target":["https:\/\/22bet.cafe\/hungary\/app\/"]}]},{"@type":"BreadcrumbList","@id":"https:\/\/22bet.cafe\/hungary\/app\/#breadcrumb","itemListElement":[{"@type":"ListItem","position":1,"name":"\u0413\u043b\u0430\u0432\u043d\u0430\u044f \u0441\u0442\u0440\u0430\u043d\u0438\u0446\u0430","item":"https:\/\/22bet.cafe\/hungary\/"},{"@type":"ListItem","position":2,"name":"App"}]},{"@type":"WebSite","@id":"https:\/\/22bet.cafe\/hungary\/#website","url":"https:\/\/22bet.cafe\/hungary\/","name":"22bet Team hu","description":"My WordPress Blog","potentialAction":[{"@type":"SearchAction","target":{"@type":"EntryPoint","urlTemplate":"https:\/\/22bet.cafe\/hungary\/?s={search_term_string}"},"query-input":{"@type":"PropertyValueSpecification","valueRequired":true,"valueName":"search_term_string"}}],"inLanguage":"hu"}]}},"_links":{"self":[{"href":"https:\/\/22bet.cafe\/hungary\/wp-json\/wp\/v2\/pages\/294","targetHints":{"allow":["GET"]}}],"collection":[{"href":"https:\/\/22bet.cafe\/hungary\/wp-json\/wp\/v2\/pages"}],"about":[{"href":"https:\/\/22bet.cafe\/hungary\/wp-json\/wp\/v2\/types\/page"}],"author":[{"embeddable":true,"href":"https:\/\/22bet.cafe\/hungary\/wp-json\/wp\/v2\/users\/1"}],"replies":[{"embeddable":true,"href":"https:\/\/22bet.cafe\/hungary\/wp-json\/wp\/v2\/comments?post=294"}],"version-history":[{"count":0,"href":"https:\/\/22bet.cafe\/hungary\/wp-json\/wp\/v2\/pages\/294\/revisions"}],"wp:attachment":[{"href":"https:\/\/22bet.cafe\/hungary\/wp-json\/wp\/v2\/media?parent=294"}],"curies":[{"name":"wp","href":"https:\/\/api.w.org\/{rel}","templated":true}]}}