{"id":2,"date":"2023-05-18T17:18:34","date_gmt":"2023-05-18T17:18:34","guid":{"rendered":"https:\/\/22bet.cafe\/hungary\/?page_id=2"},"modified":"2025-09-01T22:26:26","modified_gmt":"2025-09-01T22:26:26","slug":"sample-page","status":"publish","type":"page","link":"https:\/\/22bet.cafe\/hungary\/","title":{"rendered":"Home"},"content":{"rendered":"","protected":false},"excerpt":{"rendered":"","protected":false},"author":1,"featured_media":0,"parent":0,"menu_order":0,"comment_status":"closed","ping_status":"open","template":"","meta":{"_acf_changed":false,"inline_featured_image":false,"footnotes":""},"class_list":["post-2","page","type-page","status-publish","hentry"],"acf":[],"yoast_head":"<!-- This site is optimized with the Yoast SEO plugin v26.0 - https:\/\/yoast.com\/wordpress\/plugins\/seo\/ -->\n<title>22Bet sportfogad\u00e1s \u00e9s kaszin\u00f3 | Hivatalos weboldal<\/title>\n<meta name=\"description\" content=\"A 22Bet az \u00d6n v\u00e9gs\u0151 c\u00e9lpontja az online szerencsej\u00e1t\u00e9k \u00e9s sportfogad\u00e1s ter\u00e9n! \u2714\ufe0f \u00c9lvezze a biztons\u00e1gos \u00e9s tisztess\u00e9ges j\u00e1t\u00e9kot a 22Bet b\u00f3nuszokkal\" \/>\n<meta name=\"robots\" content=\"index, follow, max-snippet:-1, max-image-preview:large, max-video-preview:-1\" \/>\n<meta property=\"og:locale\" content=\"hu_HU\" \/>\n<meta property=\"og:type\" content=\"article\" \/>\n<meta property=\"og:title\" content=\"22Bet sportfogad\u00e1s \u00e9s kaszin\u00f3 | Hivatalos weboldal\" \/>\n<meta property=\"og:description\" content=\"A 22Bet az \u00d6n v\u00e9gs\u0151 c\u00e9lpontja az online szerencsej\u00e1t\u00e9k \u00e9s sportfogad\u00e1s ter\u00e9n! \u2714\ufe0f \u00c9lvezze a biztons\u00e1gos \u00e9s tisztess\u00e9ges j\u00e1t\u00e9kot a 22Bet b\u00f3nuszokkal\" \/>\n<meta property=\"og:url\" content=\"https:\/\/22bet.cafe\/hungary\/\" \/>\n<meta property=\"og:site_name\" content=\"22bet Team hu\" \/>\n<meta property=\"article:modified_time\" content=\"2025-09-01T22:26:26+00:00\" \/>\n<meta name=\"twitter:card\" content=\"summary_large_image\" \/>\n<script type=\"application\/ld+json\" class=\"yoast-schema-graph\">{\"@context\":\"https:\/\/schema.org\",\"@graph\":[{\"@type\":\"WebPage\",\"@id\":\"https:\/\/22bet.cafe\/hungary\/\",\"url\":\"https:\/\/22bet.cafe\/hungary\/\",\"name\":\"22Bet sportfogad\u00e1s \u00e9s kaszin\u00f3 | Hivatalos weboldal\",\"isPartOf\":{\"@id\":\"https:\/\/22bet.cafe\/hungary\/#website\"},\"datePublished\":\"2023-05-18T17:18:34+00:00\",\"dateModified\":\"2025-09-01T22:26:26+00:00\",\"description\":\"A 22Bet az \u00d6n v\u00e9gs\u0151 c\u00e9lpontja az online szerencsej\u00e1t\u00e9k \u00e9s sportfogad\u00e1s ter\u00e9n! \u2714\ufe0f \u00c9lvezze a biztons\u00e1gos \u00e9s tisztess\u00e9ges j\u00e1t\u00e9kot a 22Bet b\u00f3nuszokkal\",\"breadcrumb\":{\"@id\":\"https:\/\/22bet.cafe\/hungary\/#breadcrumb\"},\"inLanguage\":\"hu\",\"potentialAction\":[{\"@type\":\"ReadAction\",\"target\":[\"https:\/\/22bet.cafe\/hungary\/\"]}]},{\"@type\":\"BreadcrumbList\",\"@id\":\"https:\/\/22bet.cafe\/hungary\/#breadcrumb\",\"itemListElement\":[{\"@type\":\"ListItem\",\"position\":1,\"name\":\"\u0413\u043b\u0430\u0432\u043d\u0430\u044f \u0441\u0442\u0440\u0430\u043d\u0438\u0446\u0430\",\"item\":\"https:\/\/22bet.cafe\/hungary\/\"},{\"@type\":\"ListItem\",\"position\":2,\"name\":\"Home\"}]},{\"@type\":\"WebSite\",\"@id\":\"https:\/\/22bet.cafe\/hungary\/#website\",\"url\":\"https:\/\/22bet.cafe\/hungary\/\",\"name\":\"22bet Team hu\",\"description\":\"My WordPress Blog\",\"potentialAction\":[{\"@type\":\"SearchAction\",\"target\":{\"@type\":\"EntryPoint\",\"urlTemplate\":\"https:\/\/22bet.cafe\/hungary\/?s={search_term_string}\"},\"query-input\":{\"@type\":\"PropertyValueSpecification\",\"valueRequired\":true,\"valueName\":\"search_term_string\"}}],\"inLanguage\":\"hu\"}]}<\/script>\n<!-- \/ Yoast SEO plugin. -->","yoast_head_json":{"title":"22Bet sportfogad\u00e1s \u00e9s kaszin\u00f3 | Hivatalos weboldal","description":"A 22Bet az \u00d6n v\u00e9gs\u0151 c\u00e9lpontja az online szerencsej\u00e1t\u00e9k \u00e9s sportfogad\u00e1s ter\u00e9n! \u2714\ufe0f \u00c9lvezze a biztons\u00e1gos \u00e9s tisztess\u00e9ges j\u00e1t\u00e9kot a 22Bet b\u00f3nuszokkal","robots":{"index":"index","follow":"follow","max-snippet":"max-snippet:-1","max-image-preview":"max-image-preview:large","max-video-preview":"max-video-preview:-1"},"og_locale":"hu_HU","og_type":"article","og_title":"22Bet sportfogad\u00e1s \u00e9s kaszin\u00f3 | Hivatalos weboldal","og_description":"A 22Bet az \u00d6n v\u00e9gs\u0151 c\u00e9lpontja az online szerencsej\u00e1t\u00e9k \u00e9s sportfogad\u00e1s ter\u00e9n! \u2714\ufe0f \u00c9lvezze a biztons\u00e1gos \u00e9s tisztess\u00e9ges j\u00e1t\u00e9kot a 22Bet b\u00f3nuszokkal","og_url":"https:\/\/22bet.cafe\/hungary\/","og_site_name":"22bet Team hu","article_modified_time":"2025-09-01T22:26:26+00:00","twitter_card":"summary_large_image","schema":{"@context":"https:\/\/schema.org","@graph":[{"@type":"WebPage","@id":"https:\/\/22bet.cafe\/hungary\/","url":"https:\/\/22bet.cafe\/hungary\/","name":"22Bet sportfogad\u00e1s \u00e9s kaszin\u00f3 | Hivatalos weboldal","isPartOf":{"@id":"https:\/\/22bet.cafe\/hungary\/#website"},"datePublished":"2023-05-18T17:18:34+00:00","dateModified":"2025-09-01T22:26:26+00:00","description":"A 22Bet az \u00d6n v\u00e9gs\u0151 c\u00e9lpontja az online szerencsej\u00e1t\u00e9k \u00e9s sportfogad\u00e1s ter\u00e9n! \u2714\ufe0f \u00c9lvezze a biztons\u00e1gos \u00e9s tisztess\u00e9ges j\u00e1t\u00e9kot a 22Bet b\u00f3nuszokkal","breadcrumb":{"@id":"https:\/\/22bet.cafe\/hungary\/#breadcrumb"},"inLanguage":"hu","potentialAction":[{"@type":"ReadAction","target":["https:\/\/22bet.cafe\/hungary\/"]}]},{"@type":"BreadcrumbList","@id":"https:\/\/22bet.cafe\/hungary\/#breadcrumb","itemListElement":[{"@type":"ListItem","position":1,"name":"\u0413\u043b\u0430\u0432\u043d\u0430\u044f \u0441\u0442\u0440\u0430\u043d\u0438\u0446\u0430","item":"https:\/\/22bet.cafe\/hungary\/"},{"@type":"ListItem","position":2,"name":"Home"}]},{"@type":"WebSite","@id":"https:\/\/22bet.cafe\/hungary\/#website","url":"https:\/\/22bet.cafe\/hungary\/","name":"22bet Team hu","description":"My WordPress Blog","potentialAction":[{"@type":"SearchAction","target":{"@type":"EntryPoint","urlTemplate":"https:\/\/22bet.cafe\/hungary\/?s={search_term_string}"},"query-input":{"@type":"PropertyValueSpecification","valueRequired":true,"valueName":"search_term_string"}}],"inLanguage":"hu"}]}},"_links":{"self":[{"href":"https:\/\/22bet.cafe\/hungary\/wp-json\/wp\/v2\/pages\/2","targetHints":{"allow":["GET"]}}],"collection":[{"href":"https:\/\/22bet.cafe\/hungary\/wp-json\/wp\/v2\/pages"}],"about":[{"href":"https:\/\/22bet.cafe\/hungary\/wp-json\/wp\/v2\/types\/page"}],"author":[{"embeddable":true,"href":"https:\/\/22bet.cafe\/hungary\/wp-json\/wp\/v2\/users\/1"}],"replies":[{"embeddable":true,"href":"https:\/\/22bet.cafe\/hungary\/wp-json\/wp\/v2\/comments?post=2"}],"version-history":[{"count":0,"href":"https:\/\/22bet.cafe\/hungary\/wp-json\/wp\/v2\/pages\/2\/revisions"}],"wp:attachment":[{"href":"https:\/\/22bet.cafe\/hungary\/wp-json\/wp\/v2\/media?parent=2"}],"curies":[{"name":"wp","href":"https:\/\/api.w.org\/{rel}","templated":true}]}}