{"id":152,"date":"2023-05-18T17:39:43","date_gmt":"2023-05-18T17:39:43","guid":{"rendered":"https:\/\/22bet.cafe\/hungary\/?page_id=152"},"modified":"2025-06-16T06:03:23","modified_gmt":"2025-06-16T06:03:23","slug":"bonus","status":"publish","type":"page","link":"https:\/\/22bet.cafe\/hungary\/bonus\/","title":{"rendered":"B\u00f3nusz"},"content":{"rendered":"","protected":false},"excerpt":{"rendered":"","protected":false},"author":1,"featured_media":0,"parent":0,"menu_order":0,"comment_status":"closed","ping_status":"closed","template":"","meta":{"_acf_changed":false,"inline_featured_image":false,"footnotes":""},"class_list":["post-152","page","type-page","status-publish","hentry"],"acf":[],"yoast_head":"<!-- This site is optimized with the Yoast SEO plugin v26.0 - https:\/\/yoast.com\/wordpress\/plugins\/seo\/ -->\n<title>22Bet prom\u00f3ci\u00f3k \u00e9s b\u00f3nuszk\u00f3dok sportfogad\u00e1shoz \u00e9s kaszin\u00f3hoz<\/title>\n<meta name=\"description\" content=\"Minden a leg\u00fajabb 22Bet b\u00f3nusz aj\u00e1nlatokr\u00f3l 2025 \u2705 \u00dcdv\u00f6zl\u0151 b\u00f3nusz, Napi prom\u00f3ci\u00f3k, VIP Club \ud83c\udf81 Exkluz\u00edv b\u00f3nuszk\u00f3dok ingyenes fogad\u00e1sok\u00e9rt!\" \/>\n<meta name=\"robots\" content=\"index, follow, max-snippet:-1, max-image-preview:large, max-video-preview:-1\" \/>\n<meta property=\"og:locale\" content=\"hu_HU\" \/>\n<meta property=\"og:type\" content=\"article\" \/>\n<meta property=\"og:title\" content=\"22Bet prom\u00f3ci\u00f3k \u00e9s b\u00f3nuszk\u00f3dok sportfogad\u00e1shoz \u00e9s kaszin\u00f3hoz\" \/>\n<meta property=\"og:description\" content=\"Minden a leg\u00fajabb 22Bet b\u00f3nusz aj\u00e1nlatokr\u00f3l 2025 \u2705 \u00dcdv\u00f6zl\u0151 b\u00f3nusz, Napi prom\u00f3ci\u00f3k, VIP Club \ud83c\udf81 Exkluz\u00edv b\u00f3nuszk\u00f3dok ingyenes fogad\u00e1sok\u00e9rt!\" \/>\n<meta property=\"og:url\" content=\"https:\/\/22bet.cafe\/hungary\/bonus\/\" \/>\n<meta property=\"og:site_name\" content=\"22bet Team hu\" \/>\n<meta property=\"article:modified_time\" content=\"2025-06-16T06:03:23+00:00\" \/>\n<meta name=\"twitter:card\" content=\"summary_large_image\" \/>\n<script type=\"application\/ld+json\" class=\"yoast-schema-graph\">{\"@context\":\"https:\/\/schema.org\",\"@graph\":[{\"@type\":\"WebPage\",\"@id\":\"https:\/\/22bet.cafe\/hungary\/bonus\/\",\"url\":\"https:\/\/22bet.cafe\/hungary\/bonus\/\",\"name\":\"22Bet prom\u00f3ci\u00f3k \u00e9s b\u00f3nuszk\u00f3dok sportfogad\u00e1shoz \u00e9s kaszin\u00f3hoz\",\"isPartOf\":{\"@id\":\"https:\/\/22bet.cafe\/hungary\/#website\"},\"datePublished\":\"2023-05-18T17:39:43+00:00\",\"dateModified\":\"2025-06-16T06:03:23+00:00\",\"description\":\"Minden a leg\u00fajabb 22Bet b\u00f3nusz aj\u00e1nlatokr\u00f3l 2025 \u2705 \u00dcdv\u00f6zl\u0151 b\u00f3nusz, Napi prom\u00f3ci\u00f3k, VIP Club \ud83c\udf81 Exkluz\u00edv b\u00f3nuszk\u00f3dok ingyenes fogad\u00e1sok\u00e9rt!\",\"breadcrumb\":{\"@id\":\"https:\/\/22bet.cafe\/hungary\/bonus\/#breadcrumb\"},\"inLanguage\":\"hu\",\"potentialAction\":[{\"@type\":\"ReadAction\",\"target\":[\"https:\/\/22bet.cafe\/hungary\/bonus\/\"]}]},{\"@type\":\"BreadcrumbList\",\"@id\":\"https:\/\/22bet.cafe\/hungary\/bonus\/#breadcrumb\",\"itemListElement\":[{\"@type\":\"ListItem\",\"position\":1,\"name\":\"\u0413\u043b\u0430\u0432\u043d\u0430\u044f \u0441\u0442\u0440\u0430\u043d\u0438\u0446\u0430\",\"item\":\"https:\/\/22bet.cafe\/hungary\/\"},{\"@type\":\"ListItem\",\"position\":2,\"name\":\"B\u00f3nusz\"}]},{\"@type\":\"WebSite\",\"@id\":\"https:\/\/22bet.cafe\/hungary\/#website\",\"url\":\"https:\/\/22bet.cafe\/hungary\/\",\"name\":\"22bet Team hu\",\"description\":\"My WordPress Blog\",\"potentialAction\":[{\"@type\":\"SearchAction\",\"target\":{\"@type\":\"EntryPoint\",\"urlTemplate\":\"https:\/\/22bet.cafe\/hungary\/?s={search_term_string}\"},\"query-input\":{\"@type\":\"PropertyValueSpecification\",\"valueRequired\":true,\"valueName\":\"search_term_string\"}}],\"inLanguage\":\"hu\"}]}<\/script>\n<!-- \/ Yoast SEO plugin. -->","yoast_head_json":{"title":"22Bet prom\u00f3ci\u00f3k \u00e9s b\u00f3nuszk\u00f3dok sportfogad\u00e1shoz \u00e9s kaszin\u00f3hoz","description":"Minden a leg\u00fajabb 22Bet b\u00f3nusz aj\u00e1nlatokr\u00f3l 2025 \u2705 \u00dcdv\u00f6zl\u0151 b\u00f3nusz, Napi prom\u00f3ci\u00f3k, VIP Club \ud83c\udf81 Exkluz\u00edv b\u00f3nuszk\u00f3dok ingyenes fogad\u00e1sok\u00e9rt!","robots":{"index":"index","follow":"follow","max-snippet":"max-snippet:-1","max-image-preview":"max-image-preview:large","max-video-preview":"max-video-preview:-1"},"og_locale":"hu_HU","og_type":"article","og_title":"22Bet prom\u00f3ci\u00f3k \u00e9s b\u00f3nuszk\u00f3dok sportfogad\u00e1shoz \u00e9s kaszin\u00f3hoz","og_description":"Minden a leg\u00fajabb 22Bet b\u00f3nusz aj\u00e1nlatokr\u00f3l 2025 \u2705 \u00dcdv\u00f6zl\u0151 b\u00f3nusz, Napi prom\u00f3ci\u00f3k, VIP Club \ud83c\udf81 Exkluz\u00edv b\u00f3nuszk\u00f3dok ingyenes fogad\u00e1sok\u00e9rt!","og_url":"https:\/\/22bet.cafe\/hungary\/bonus\/","og_site_name":"22bet Team hu","article_modified_time":"2025-06-16T06:03:23+00:00","twitter_card":"summary_large_image","schema":{"@context":"https:\/\/schema.org","@graph":[{"@type":"WebPage","@id":"https:\/\/22bet.cafe\/hungary\/bonus\/","url":"https:\/\/22bet.cafe\/hungary\/bonus\/","name":"22Bet prom\u00f3ci\u00f3k \u00e9s b\u00f3nuszk\u00f3dok sportfogad\u00e1shoz \u00e9s kaszin\u00f3hoz","isPartOf":{"@id":"https:\/\/22bet.cafe\/hungary\/#website"},"datePublished":"2023-05-18T17:39:43+00:00","dateModified":"2025-06-16T06:03:23+00:00","description":"Minden a leg\u00fajabb 22Bet b\u00f3nusz aj\u00e1nlatokr\u00f3l 2025 \u2705 \u00dcdv\u00f6zl\u0151 b\u00f3nusz, Napi prom\u00f3ci\u00f3k, VIP Club \ud83c\udf81 Exkluz\u00edv b\u00f3nuszk\u00f3dok ingyenes fogad\u00e1sok\u00e9rt!","breadcrumb":{"@id":"https:\/\/22bet.cafe\/hungary\/bonus\/#breadcrumb"},"inLanguage":"hu","potentialAction":[{"@type":"ReadAction","target":["https:\/\/22bet.cafe\/hungary\/bonus\/"]}]},{"@type":"BreadcrumbList","@id":"https:\/\/22bet.cafe\/hungary\/bonus\/#breadcrumb","itemListElement":[{"@type":"ListItem","position":1,"name":"\u0413\u043b\u0430\u0432\u043d\u0430\u044f \u0441\u0442\u0440\u0430\u043d\u0438\u0446\u0430","item":"https:\/\/22bet.cafe\/hungary\/"},{"@type":"ListItem","position":2,"name":"B\u00f3nusz"}]},{"@type":"WebSite","@id":"https:\/\/22bet.cafe\/hungary\/#website","url":"https:\/\/22bet.cafe\/hungary\/","name":"22bet Team hu","description":"My WordPress Blog","potentialAction":[{"@type":"SearchAction","target":{"@type":"EntryPoint","urlTemplate":"https:\/\/22bet.cafe\/hungary\/?s={search_term_string}"},"query-input":{"@type":"PropertyValueSpecification","valueRequired":true,"valueName":"search_term_string"}}],"inLanguage":"hu"}]}},"_links":{"self":[{"href":"https:\/\/22bet.cafe\/hungary\/wp-json\/wp\/v2\/pages\/152","targetHints":{"allow":["GET"]}}],"collection":[{"href":"https:\/\/22bet.cafe\/hungary\/wp-json\/wp\/v2\/pages"}],"about":[{"href":"https:\/\/22bet.cafe\/hungary\/wp-json\/wp\/v2\/types\/page"}],"author":[{"embeddable":true,"href":"https:\/\/22bet.cafe\/hungary\/wp-json\/wp\/v2\/users\/1"}],"replies":[{"embeddable":true,"href":"https:\/\/22bet.cafe\/hungary\/wp-json\/wp\/v2\/comments?post=152"}],"version-history":[{"count":0,"href":"https:\/\/22bet.cafe\/hungary\/wp-json\/wp\/v2\/pages\/152\/revisions"}],"wp:attachment":[{"href":"https:\/\/22bet.cafe\/hungary\/wp-json\/wp\/v2\/media?parent=152"}],"curies":[{"name":"wp","href":"https:\/\/api.w.org\/{rel}","templated":true}]}}