{"id":733,"date":"2025-03-21T06:00:43","date_gmt":"2025-03-21T06:00:43","guid":{"rendered":"https:\/\/22bet.cafe\/?page_id=733"},"modified":"2025-05-24T11:56:56","modified_gmt":"2025-05-24T11:56:56","slug":"welcome-bonus","status":"publish","type":"page","link":"https:\/\/22bet.cafe\/germany\/bonus\/welcome-bonus\/","title":{"rendered":"Willkommensbonus"},"content":{"rendered":"","protected":false},"excerpt":{"rendered":"","protected":false},"author":1,"featured_media":0,"parent":152,"menu_order":0,"comment_status":"closed","ping_status":"closed","template":"","meta":{"_acf_changed":false,"inline_featured_image":false,"footnotes":""},"class_list":["post-733","page","type-page","status-publish","hentry"],"acf":[],"yoast_head":"<!-- This site is optimized with the Yoast SEO plugin v26.0 - https:\/\/yoast.com\/wordpress\/plugins\/seo\/ -->\n<title>Willkommensbonus bis zu 300 \u20ac auf die erste Einzahlung bei 22bet Casino<\/title>\n<meta name=\"description\" content=\"Holen Sie sich einen gro\u00dfz\u00fcgigen Willkommensbonus von bis zu 300 \u20ac auf Ihre erste Einzahlung bei 22bet Casino! Steigen Sie in das Spiel ein und erschlie\u00dfen Sie sich eine Welt voller aufregender Gl\u00fccksspielm\u00f6glichkeiten! Verpassen Sie nicht die Chance, Ihre Bankroll zu erh\u00f6hen - handeln Sie jetzt!\" \/>\n<meta name=\"robots\" content=\"index, follow, max-snippet:-1, max-image-preview:large, max-video-preview:-1\" \/>\n<meta property=\"og:locale\" content=\"de_DE\" \/>\n<meta property=\"og:type\" content=\"article\" \/>\n<meta property=\"og:title\" content=\"Willkommensbonus bis zu 300 \u20ac auf die erste Einzahlung bei 22bet Casino\" \/>\n<meta property=\"og:description\" content=\"Holen Sie sich einen gro\u00dfz\u00fcgigen Willkommensbonus von bis zu 300 \u20ac auf Ihre erste Einzahlung bei 22bet Casino! Steigen Sie in das Spiel ein und erschlie\u00dfen Sie sich eine Welt voller aufregender Gl\u00fccksspielm\u00f6glichkeiten! Verpassen Sie nicht die Chance, Ihre Bankroll zu erh\u00f6hen - handeln Sie jetzt!\" \/>\n<meta property=\"og:url\" content=\"https:\/\/22bet.cafe\/germany\/bonus\/welcome-bonus\/\" \/>\n<meta property=\"og:site_name\" content=\"22bet Team de\" \/>\n<meta property=\"article:modified_time\" content=\"2025-05-24T11:56:56+00:00\" \/>\n<meta name=\"twitter:card\" content=\"summary_large_image\" \/>\n<script type=\"application\/ld+json\" class=\"yoast-schema-graph\">{\"@context\":\"https:\/\/schema.org\",\"@graph\":[{\"@type\":\"WebPage\",\"@id\":\"https:\/\/22bet.cafe\/germany\/bonus\/welcome-bonus\/\",\"url\":\"https:\/\/22bet.cafe\/germany\/bonus\/welcome-bonus\/\",\"name\":\"Willkommensbonus bis zu 300 \u20ac auf die erste Einzahlung bei 22bet Casino\",\"isPartOf\":{\"@id\":\"https:\/\/22bet.cafe\/germany\/#website\"},\"datePublished\":\"2025-03-21T06:00:43+00:00\",\"dateModified\":\"2025-05-24T11:56:56+00:00\",\"description\":\"Holen Sie sich einen gro\u00dfz\u00fcgigen Willkommensbonus von bis zu 300 \u20ac auf Ihre erste Einzahlung bei 22bet Casino! Steigen Sie in das Spiel ein und erschlie\u00dfen Sie sich eine Welt voller aufregender Gl\u00fccksspielm\u00f6glichkeiten! Verpassen Sie nicht die Chance, Ihre Bankroll zu erh\u00f6hen - handeln Sie jetzt!\",\"breadcrumb\":{\"@id\":\"https:\/\/22bet.cafe\/germany\/bonus\/welcome-bonus\/#breadcrumb\"},\"inLanguage\":\"de\",\"potentialAction\":[{\"@type\":\"ReadAction\",\"target\":[\"https:\/\/22bet.cafe\/germany\/bonus\/welcome-bonus\/\"]}]},{\"@type\":\"BreadcrumbList\",\"@id\":\"https:\/\/22bet.cafe\/germany\/bonus\/welcome-bonus\/#breadcrumb\",\"itemListElement\":[{\"@type\":\"ListItem\",\"position\":1,\"name\":\"\u0413\u043b\u0430\u0432\u043d\u0430\u044f \u0441\u0442\u0440\u0430\u043d\u0438\u0446\u0430\",\"item\":\"https:\/\/22bet.cafe\/germany\/\"},{\"@type\":\"ListItem\",\"position\":2,\"name\":\"Bonus\",\"item\":\"https:\/\/22bet.cafe\/germany\/bonus\/\"},{\"@type\":\"ListItem\",\"position\":3,\"name\":\"Willkommensbonus\"}]},{\"@type\":\"WebSite\",\"@id\":\"https:\/\/22bet.cafe\/germany\/#website\",\"url\":\"https:\/\/22bet.cafe\/germany\/\",\"name\":\"22bet Team de\",\"description\":\"My WordPress Blog\",\"potentialAction\":[{\"@type\":\"SearchAction\",\"target\":{\"@type\":\"EntryPoint\",\"urlTemplate\":\"https:\/\/22bet.cafe\/germany\/?s={search_term_string}\"},\"query-input\":{\"@type\":\"PropertyValueSpecification\",\"valueRequired\":true,\"valueName\":\"search_term_string\"}}],\"inLanguage\":\"de\"}]}<\/script>\n<!-- \/ Yoast SEO plugin. -->","yoast_head_json":{"title":"Willkommensbonus bis zu 300 \u20ac auf die erste Einzahlung bei 22bet Casino","description":"Holen Sie sich einen gro\u00dfz\u00fcgigen Willkommensbonus von bis zu 300 \u20ac auf Ihre erste Einzahlung bei 22bet Casino! Steigen Sie in das Spiel ein und erschlie\u00dfen Sie sich eine Welt voller aufregender Gl\u00fccksspielm\u00f6glichkeiten! Verpassen Sie nicht die Chance, Ihre Bankroll zu erh\u00f6hen - handeln Sie jetzt!","robots":{"index":"index","follow":"follow","max-snippet":"max-snippet:-1","max-image-preview":"max-image-preview:large","max-video-preview":"max-video-preview:-1"},"og_locale":"de_DE","og_type":"article","og_title":"Willkommensbonus bis zu 300 \u20ac auf die erste Einzahlung bei 22bet Casino","og_description":"Holen Sie sich einen gro\u00dfz\u00fcgigen Willkommensbonus von bis zu 300 \u20ac auf Ihre erste Einzahlung bei 22bet Casino! Steigen Sie in das Spiel ein und erschlie\u00dfen Sie sich eine Welt voller aufregender Gl\u00fccksspielm\u00f6glichkeiten! Verpassen Sie nicht die Chance, Ihre Bankroll zu erh\u00f6hen - handeln Sie jetzt!","og_url":"https:\/\/22bet.cafe\/germany\/bonus\/welcome-bonus\/","og_site_name":"22bet Team de","article_modified_time":"2025-05-24T11:56:56+00:00","twitter_card":"summary_large_image","schema":{"@context":"https:\/\/schema.org","@graph":[{"@type":"WebPage","@id":"https:\/\/22bet.cafe\/germany\/bonus\/welcome-bonus\/","url":"https:\/\/22bet.cafe\/germany\/bonus\/welcome-bonus\/","name":"Willkommensbonus bis zu 300 \u20ac auf die erste Einzahlung bei 22bet Casino","isPartOf":{"@id":"https:\/\/22bet.cafe\/germany\/#website"},"datePublished":"2025-03-21T06:00:43+00:00","dateModified":"2025-05-24T11:56:56+00:00","description":"Holen Sie sich einen gro\u00dfz\u00fcgigen Willkommensbonus von bis zu 300 \u20ac auf Ihre erste Einzahlung bei 22bet Casino! Steigen Sie in das Spiel ein und erschlie\u00dfen Sie sich eine Welt voller aufregender Gl\u00fccksspielm\u00f6glichkeiten! Verpassen Sie nicht die Chance, Ihre Bankroll zu erh\u00f6hen - handeln Sie jetzt!","breadcrumb":{"@id":"https:\/\/22bet.cafe\/germany\/bonus\/welcome-bonus\/#breadcrumb"},"inLanguage":"de","potentialAction":[{"@type":"ReadAction","target":["https:\/\/22bet.cafe\/germany\/bonus\/welcome-bonus\/"]}]},{"@type":"BreadcrumbList","@id":"https:\/\/22bet.cafe\/germany\/bonus\/welcome-bonus\/#breadcrumb","itemListElement":[{"@type":"ListItem","position":1,"name":"\u0413\u043b\u0430\u0432\u043d\u0430\u044f \u0441\u0442\u0440\u0430\u043d\u0438\u0446\u0430","item":"https:\/\/22bet.cafe\/germany\/"},{"@type":"ListItem","position":2,"name":"Bonus","item":"https:\/\/22bet.cafe\/germany\/bonus\/"},{"@type":"ListItem","position":3,"name":"Willkommensbonus"}]},{"@type":"WebSite","@id":"https:\/\/22bet.cafe\/germany\/#website","url":"https:\/\/22bet.cafe\/germany\/","name":"22bet Team de","description":"My WordPress Blog","potentialAction":[{"@type":"SearchAction","target":{"@type":"EntryPoint","urlTemplate":"https:\/\/22bet.cafe\/germany\/?s={search_term_string}"},"query-input":{"@type":"PropertyValueSpecification","valueRequired":true,"valueName":"search_term_string"}}],"inLanguage":"de"}]}},"_links":{"self":[{"href":"https:\/\/22bet.cafe\/germany\/wp-json\/wp\/v2\/pages\/733","targetHints":{"allow":["GET"]}}],"collection":[{"href":"https:\/\/22bet.cafe\/germany\/wp-json\/wp\/v2\/pages"}],"about":[{"href":"https:\/\/22bet.cafe\/germany\/wp-json\/wp\/v2\/types\/page"}],"author":[{"embeddable":true,"href":"https:\/\/22bet.cafe\/germany\/wp-json\/wp\/v2\/users\/1"}],"replies":[{"embeddable":true,"href":"https:\/\/22bet.cafe\/germany\/wp-json\/wp\/v2\/comments?post=733"}],"version-history":[{"count":0,"href":"https:\/\/22bet.cafe\/germany\/wp-json\/wp\/v2\/pages\/733\/revisions"}],"up":[{"embeddable":true,"href":"https:\/\/22bet.cafe\/germany\/wp-json\/wp\/v2\/pages\/152"}],"wp:attachment":[{"href":"https:\/\/22bet.cafe\/germany\/wp-json\/wp\/v2\/media?parent=733"}],"curies":[{"name":"wp","href":"https:\/\/api.w.org\/{rel}","templated":true}]}}