{"id":745,"date":"2025-03-21T06:50:46","date_gmt":"2025-03-21T06:50:46","guid":{"rendered":"https:\/\/22bet.cafe\/?page_id=745"},"modified":"2025-05-27T13:13:48","modified_gmt":"2025-05-27T13:13:48","slug":"sports-welcome-bonus","status":"publish","type":"page","link":"https:\/\/22bet.cafe\/finland\/bonus\/sports-welcome-bonus\/","title":{"rendered":"Urheilun tervetuliaisbonus"},"content":{"rendered":"","protected":false},"excerpt":{"rendered":"","protected":false},"author":1,"featured_media":0,"parent":152,"menu_order":0,"comment_status":"closed","ping_status":"closed","template":"","meta":{"_acf_changed":false,"inline_featured_image":false,"footnotes":""},"class_list":["post-745","page","type-page","status-publish","hentry"],"acf":[],"yoast_head":"<!-- This site is optimized with the Yoast SEO plugin v26.0 - https:\/\/yoast.com\/wordpress\/plugins\/seo\/ -->\n<title>Ota 114 euron tervetuliaisbonus ja nauti vedonly\u00f6nnist\u00e4 22betill\u00e4.<\/title>\n<meta name=\"description\" content=\"Nappaa 114 euron tervetuliaisbonus ja sukella j\u00e4nnitt\u00e4v\u00e4n vedonly\u00f6nnin maailmaan 22betill\u00e4! Kokeile onneasi, valitse parhaat tapahtumat ja lis\u00e4\u00e4 voittomahdollisuuksiasi! \u00c4l\u00e4 missaa t\u00e4t\u00e4 tilaisuutta - toimi nyt!\" \/>\n<meta name=\"robots\" content=\"index, follow, max-snippet:-1, max-image-preview:large, max-video-preview:-1\" \/>\n<meta property=\"og:locale\" content=\"fi_FI\" \/>\n<meta property=\"og:type\" content=\"article\" \/>\n<meta property=\"og:title\" content=\"Ota 114 euron tervetuliaisbonus ja nauti vedonly\u00f6nnist\u00e4 22betill\u00e4.\" \/>\n<meta property=\"og:description\" content=\"Nappaa 114 euron tervetuliaisbonus ja sukella j\u00e4nnitt\u00e4v\u00e4n vedonly\u00f6nnin maailmaan 22betill\u00e4! Kokeile onneasi, valitse parhaat tapahtumat ja lis\u00e4\u00e4 voittomahdollisuuksiasi! \u00c4l\u00e4 missaa t\u00e4t\u00e4 tilaisuutta - toimi nyt!\" \/>\n<meta property=\"og:url\" content=\"https:\/\/22bet.cafe\/finland\/bonus\/sports-welcome-bonus\/\" \/>\n<meta property=\"og:site_name\" content=\"22bet Team fi\" \/>\n<meta property=\"article:modified_time\" content=\"2025-05-27T13:13:48+00:00\" \/>\n<meta name=\"twitter:card\" content=\"summary_large_image\" \/>\n<script type=\"application\/ld+json\" class=\"yoast-schema-graph\">{\"@context\":\"https:\/\/schema.org\",\"@graph\":[{\"@type\":\"WebPage\",\"@id\":\"https:\/\/22bet.cafe\/finland\/bonus\/sports-welcome-bonus\/\",\"url\":\"https:\/\/22bet.cafe\/finland\/bonus\/sports-welcome-bonus\/\",\"name\":\"Ota 114 euron tervetuliaisbonus ja nauti vedonly\u00f6nnist\u00e4 22betill\u00e4.\",\"isPartOf\":{\"@id\":\"https:\/\/22bet.cafe\/finland\/#website\"},\"datePublished\":\"2025-03-21T06:50:46+00:00\",\"dateModified\":\"2025-05-27T13:13:48+00:00\",\"description\":\"Nappaa 114 euron tervetuliaisbonus ja sukella j\u00e4nnitt\u00e4v\u00e4n vedonly\u00f6nnin maailmaan 22betill\u00e4! Kokeile onneasi, valitse parhaat tapahtumat ja lis\u00e4\u00e4 voittomahdollisuuksiasi! \u00c4l\u00e4 missaa t\u00e4t\u00e4 tilaisuutta - toimi nyt!\",\"breadcrumb\":{\"@id\":\"https:\/\/22bet.cafe\/finland\/bonus\/sports-welcome-bonus\/#breadcrumb\"},\"inLanguage\":\"fi\",\"potentialAction\":[{\"@type\":\"ReadAction\",\"target\":[\"https:\/\/22bet.cafe\/finland\/bonus\/sports-welcome-bonus\/\"]}]},{\"@type\":\"BreadcrumbList\",\"@id\":\"https:\/\/22bet.cafe\/finland\/bonus\/sports-welcome-bonus\/#breadcrumb\",\"itemListElement\":[{\"@type\":\"ListItem\",\"position\":1,\"name\":\"\u0413\u043b\u0430\u0432\u043d\u0430\u044f \u0441\u0442\u0440\u0430\u043d\u0438\u0446\u0430\",\"item\":\"https:\/\/22bet.cafe\/finland\/\"},{\"@type\":\"ListItem\",\"position\":2,\"name\":\"Bonus\",\"item\":\"https:\/\/22bet.cafe\/finland\/bonus\/\"},{\"@type\":\"ListItem\",\"position\":3,\"name\":\"Urheilun tervetuliaisbonus\"}]},{\"@type\":\"WebSite\",\"@id\":\"https:\/\/22bet.cafe\/finland\/#website\",\"url\":\"https:\/\/22bet.cafe\/finland\/\",\"name\":\"22bet Team fi\",\"description\":\"My WordPress Blog\",\"potentialAction\":[{\"@type\":\"SearchAction\",\"target\":{\"@type\":\"EntryPoint\",\"urlTemplate\":\"https:\/\/22bet.cafe\/finland\/?s={search_term_string}\"},\"query-input\":{\"@type\":\"PropertyValueSpecification\",\"valueRequired\":true,\"valueName\":\"search_term_string\"}}],\"inLanguage\":\"fi\"}]}<\/script>\n<!-- \/ Yoast SEO plugin. -->","yoast_head_json":{"title":"Ota 114 euron tervetuliaisbonus ja nauti vedonly\u00f6nnist\u00e4 22betill\u00e4.","description":"Nappaa 114 euron tervetuliaisbonus ja sukella j\u00e4nnitt\u00e4v\u00e4n vedonly\u00f6nnin maailmaan 22betill\u00e4! Kokeile onneasi, valitse parhaat tapahtumat ja lis\u00e4\u00e4 voittomahdollisuuksiasi! \u00c4l\u00e4 missaa t\u00e4t\u00e4 tilaisuutta - toimi nyt!","robots":{"index":"index","follow":"follow","max-snippet":"max-snippet:-1","max-image-preview":"max-image-preview:large","max-video-preview":"max-video-preview:-1"},"og_locale":"fi_FI","og_type":"article","og_title":"Ota 114 euron tervetuliaisbonus ja nauti vedonly\u00f6nnist\u00e4 22betill\u00e4.","og_description":"Nappaa 114 euron tervetuliaisbonus ja sukella j\u00e4nnitt\u00e4v\u00e4n vedonly\u00f6nnin maailmaan 22betill\u00e4! Kokeile onneasi, valitse parhaat tapahtumat ja lis\u00e4\u00e4 voittomahdollisuuksiasi! \u00c4l\u00e4 missaa t\u00e4t\u00e4 tilaisuutta - toimi nyt!","og_url":"https:\/\/22bet.cafe\/finland\/bonus\/sports-welcome-bonus\/","og_site_name":"22bet Team fi","article_modified_time":"2025-05-27T13:13:48+00:00","twitter_card":"summary_large_image","schema":{"@context":"https:\/\/schema.org","@graph":[{"@type":"WebPage","@id":"https:\/\/22bet.cafe\/finland\/bonus\/sports-welcome-bonus\/","url":"https:\/\/22bet.cafe\/finland\/bonus\/sports-welcome-bonus\/","name":"Ota 114 euron tervetuliaisbonus ja nauti vedonly\u00f6nnist\u00e4 22betill\u00e4.","isPartOf":{"@id":"https:\/\/22bet.cafe\/finland\/#website"},"datePublished":"2025-03-21T06:50:46+00:00","dateModified":"2025-05-27T13:13:48+00:00","description":"Nappaa 114 euron tervetuliaisbonus ja sukella j\u00e4nnitt\u00e4v\u00e4n vedonly\u00f6nnin maailmaan 22betill\u00e4! Kokeile onneasi, valitse parhaat tapahtumat ja lis\u00e4\u00e4 voittomahdollisuuksiasi! \u00c4l\u00e4 missaa t\u00e4t\u00e4 tilaisuutta - toimi nyt!","breadcrumb":{"@id":"https:\/\/22bet.cafe\/finland\/bonus\/sports-welcome-bonus\/#breadcrumb"},"inLanguage":"fi","potentialAction":[{"@type":"ReadAction","target":["https:\/\/22bet.cafe\/finland\/bonus\/sports-welcome-bonus\/"]}]},{"@type":"BreadcrumbList","@id":"https:\/\/22bet.cafe\/finland\/bonus\/sports-welcome-bonus\/#breadcrumb","itemListElement":[{"@type":"ListItem","position":1,"name":"\u0413\u043b\u0430\u0432\u043d\u0430\u044f \u0441\u0442\u0440\u0430\u043d\u0438\u0446\u0430","item":"https:\/\/22bet.cafe\/finland\/"},{"@type":"ListItem","position":2,"name":"Bonus","item":"https:\/\/22bet.cafe\/finland\/bonus\/"},{"@type":"ListItem","position":3,"name":"Urheilun tervetuliaisbonus"}]},{"@type":"WebSite","@id":"https:\/\/22bet.cafe\/finland\/#website","url":"https:\/\/22bet.cafe\/finland\/","name":"22bet Team fi","description":"My WordPress Blog","potentialAction":[{"@type":"SearchAction","target":{"@type":"EntryPoint","urlTemplate":"https:\/\/22bet.cafe\/finland\/?s={search_term_string}"},"query-input":{"@type":"PropertyValueSpecification","valueRequired":true,"valueName":"search_term_string"}}],"inLanguage":"fi"}]}},"_links":{"self":[{"href":"https:\/\/22bet.cafe\/finland\/wp-json\/wp\/v2\/pages\/745","targetHints":{"allow":["GET"]}}],"collection":[{"href":"https:\/\/22bet.cafe\/finland\/wp-json\/wp\/v2\/pages"}],"about":[{"href":"https:\/\/22bet.cafe\/finland\/wp-json\/wp\/v2\/types\/page"}],"author":[{"embeddable":true,"href":"https:\/\/22bet.cafe\/finland\/wp-json\/wp\/v2\/users\/1"}],"replies":[{"embeddable":true,"href":"https:\/\/22bet.cafe\/finland\/wp-json\/wp\/v2\/comments?post=745"}],"version-history":[{"count":0,"href":"https:\/\/22bet.cafe\/finland\/wp-json\/wp\/v2\/pages\/745\/revisions"}],"up":[{"embeddable":true,"href":"https:\/\/22bet.cafe\/finland\/wp-json\/wp\/v2\/pages\/152"}],"wp:attachment":[{"href":"https:\/\/22bet.cafe\/finland\/wp-json\/wp\/v2\/media?parent=745"}],"curies":[{"name":"wp","href":"https:\/\/api.w.org\/{rel}","templated":true}]}}