{"id":468,"date":"2024-09-12T07:18:57","date_gmt":"2024-09-12T07:18:57","guid":{"rendered":"https:\/\/22bet.cafe\/finland\/?page_id=468"},"modified":"2025-01-13T14:19:16","modified_gmt":"2025-01-13T14:19:16","slug":"login","status":"publish","type":"page","link":"https:\/\/22bet.cafe\/finland\/login\/","title":{"rendered":"Kirjaudu sis\u00e4\u00e4n"},"content":{"rendered":"","protected":false},"excerpt":{"rendered":"","protected":false},"author":1,"featured_media":0,"parent":0,"menu_order":0,"comment_status":"closed","ping_status":"closed","template":"","meta":{"_acf_changed":false,"inline_featured_image":false,"footnotes":""},"class_list":["post-468","page","type-page","status-publish","hentry"],"acf":[],"yoast_head":"<!-- This site is optimized with the Yoast SEO plugin v26.0 - https:\/\/yoast.com\/wordpress\/plugins\/seo\/ -->\n<title>22Bet login 2025 \u2611\ufe0f Kuinka kirjautua sis\u00e4\u00e4n?<\/title>\n<meta name=\"description\" content=\"Kirjaudu sis\u00e4\u00e4n 22Bet vedonly\u00f6ntisivustolle \u27a4 N\u00e4in p\u00e4\u00e4set 22Bet tilillesi mill\u00e4 tahansa laitteella \u2713 T\u00e4ydenn\u00e4 22Bet kirjautuminen ja aloita vedonly\u00f6nti \u26bd\ufe0f Kirjaudu sis\u00e4\u00e4n 22Bet sovelluksella\" \/>\n<meta name=\"robots\" content=\"index, follow, max-snippet:-1, max-image-preview:large, max-video-preview:-1\" \/>\n<meta property=\"og:locale\" content=\"fi_FI\" \/>\n<meta property=\"og:type\" content=\"article\" \/>\n<meta property=\"og:title\" content=\"22Bet login 2025 \u2611\ufe0f Kuinka kirjautua sis\u00e4\u00e4n?\" \/>\n<meta property=\"og:description\" content=\"Kirjaudu sis\u00e4\u00e4n 22Bet vedonly\u00f6ntisivustolle \u27a4 N\u00e4in p\u00e4\u00e4set 22Bet tilillesi mill\u00e4 tahansa laitteella \u2713 T\u00e4ydenn\u00e4 22Bet kirjautuminen ja aloita vedonly\u00f6nti \u26bd\ufe0f Kirjaudu sis\u00e4\u00e4n 22Bet sovelluksella\" \/>\n<meta property=\"og:url\" content=\"https:\/\/22bet.cafe\/finland\/login\/\" \/>\n<meta property=\"og:site_name\" content=\"22bet Team fi\" \/>\n<meta property=\"article:modified_time\" content=\"2025-01-13T14:19:16+00:00\" \/>\n<meta name=\"twitter:card\" content=\"summary_large_image\" \/>\n<script type=\"application\/ld+json\" class=\"yoast-schema-graph\">{\"@context\":\"https:\/\/schema.org\",\"@graph\":[{\"@type\":\"WebPage\",\"@id\":\"https:\/\/22bet.cafe\/finland\/login\/\",\"url\":\"https:\/\/22bet.cafe\/finland\/login\/\",\"name\":\"22Bet login 2025 \u2611\ufe0f Kuinka kirjautua sis\u00e4\u00e4n?\",\"isPartOf\":{\"@id\":\"https:\/\/22bet.cafe\/finland\/#website\"},\"datePublished\":\"2024-09-12T07:18:57+00:00\",\"dateModified\":\"2025-01-13T14:19:16+00:00\",\"description\":\"Kirjaudu sis\u00e4\u00e4n 22Bet vedonly\u00f6ntisivustolle \u27a4 N\u00e4in p\u00e4\u00e4set 22Bet tilillesi mill\u00e4 tahansa laitteella \u2713 T\u00e4ydenn\u00e4 22Bet kirjautuminen ja aloita vedonly\u00f6nti \u26bd\ufe0f Kirjaudu sis\u00e4\u00e4n 22Bet sovelluksella\",\"breadcrumb\":{\"@id\":\"https:\/\/22bet.cafe\/finland\/login\/#breadcrumb\"},\"inLanguage\":\"fi\",\"potentialAction\":[{\"@type\":\"ReadAction\",\"target\":[\"https:\/\/22bet.cafe\/finland\/login\/\"]}]},{\"@type\":\"BreadcrumbList\",\"@id\":\"https:\/\/22bet.cafe\/finland\/login\/#breadcrumb\",\"itemListElement\":[{\"@type\":\"ListItem\",\"position\":1,\"name\":\"\u0413\u043b\u0430\u0432\u043d\u0430\u044f \u0441\u0442\u0440\u0430\u043d\u0438\u0446\u0430\",\"item\":\"https:\/\/22bet.cafe\/finland\/\"},{\"@type\":\"ListItem\",\"position\":2,\"name\":\"Kirjaudu sis\u00e4\u00e4n\"}]},{\"@type\":\"WebSite\",\"@id\":\"https:\/\/22bet.cafe\/finland\/#website\",\"url\":\"https:\/\/22bet.cafe\/finland\/\",\"name\":\"22bet Team fi\",\"description\":\"My WordPress Blog\",\"potentialAction\":[{\"@type\":\"SearchAction\",\"target\":{\"@type\":\"EntryPoint\",\"urlTemplate\":\"https:\/\/22bet.cafe\/finland\/?s={search_term_string}\"},\"query-input\":{\"@type\":\"PropertyValueSpecification\",\"valueRequired\":true,\"valueName\":\"search_term_string\"}}],\"inLanguage\":\"fi\"}]}<\/script>\n<!-- \/ Yoast SEO plugin. -->","yoast_head_json":{"title":"22Bet login 2025 \u2611\ufe0f Kuinka kirjautua sis\u00e4\u00e4n?","description":"Kirjaudu sis\u00e4\u00e4n 22Bet vedonly\u00f6ntisivustolle \u27a4 N\u00e4in p\u00e4\u00e4set 22Bet tilillesi mill\u00e4 tahansa laitteella \u2713 T\u00e4ydenn\u00e4 22Bet kirjautuminen ja aloita vedonly\u00f6nti \u26bd\ufe0f Kirjaudu sis\u00e4\u00e4n 22Bet sovelluksella","robots":{"index":"index","follow":"follow","max-snippet":"max-snippet:-1","max-image-preview":"max-image-preview:large","max-video-preview":"max-video-preview:-1"},"og_locale":"fi_FI","og_type":"article","og_title":"22Bet login 2025 \u2611\ufe0f Kuinka kirjautua sis\u00e4\u00e4n?","og_description":"Kirjaudu sis\u00e4\u00e4n 22Bet vedonly\u00f6ntisivustolle \u27a4 N\u00e4in p\u00e4\u00e4set 22Bet tilillesi mill\u00e4 tahansa laitteella \u2713 T\u00e4ydenn\u00e4 22Bet kirjautuminen ja aloita vedonly\u00f6nti \u26bd\ufe0f Kirjaudu sis\u00e4\u00e4n 22Bet sovelluksella","og_url":"https:\/\/22bet.cafe\/finland\/login\/","og_site_name":"22bet Team fi","article_modified_time":"2025-01-13T14:19:16+00:00","twitter_card":"summary_large_image","schema":{"@context":"https:\/\/schema.org","@graph":[{"@type":"WebPage","@id":"https:\/\/22bet.cafe\/finland\/login\/","url":"https:\/\/22bet.cafe\/finland\/login\/","name":"22Bet login 2025 \u2611\ufe0f Kuinka kirjautua sis\u00e4\u00e4n?","isPartOf":{"@id":"https:\/\/22bet.cafe\/finland\/#website"},"datePublished":"2024-09-12T07:18:57+00:00","dateModified":"2025-01-13T14:19:16+00:00","description":"Kirjaudu sis\u00e4\u00e4n 22Bet vedonly\u00f6ntisivustolle \u27a4 N\u00e4in p\u00e4\u00e4set 22Bet tilillesi mill\u00e4 tahansa laitteella \u2713 T\u00e4ydenn\u00e4 22Bet kirjautuminen ja aloita vedonly\u00f6nti \u26bd\ufe0f Kirjaudu sis\u00e4\u00e4n 22Bet sovelluksella","breadcrumb":{"@id":"https:\/\/22bet.cafe\/finland\/login\/#breadcrumb"},"inLanguage":"fi","potentialAction":[{"@type":"ReadAction","target":["https:\/\/22bet.cafe\/finland\/login\/"]}]},{"@type":"BreadcrumbList","@id":"https:\/\/22bet.cafe\/finland\/login\/#breadcrumb","itemListElement":[{"@type":"ListItem","position":1,"name":"\u0413\u043b\u0430\u0432\u043d\u0430\u044f \u0441\u0442\u0440\u0430\u043d\u0438\u0446\u0430","item":"https:\/\/22bet.cafe\/finland\/"},{"@type":"ListItem","position":2,"name":"Kirjaudu sis\u00e4\u00e4n"}]},{"@type":"WebSite","@id":"https:\/\/22bet.cafe\/finland\/#website","url":"https:\/\/22bet.cafe\/finland\/","name":"22bet Team fi","description":"My WordPress Blog","potentialAction":[{"@type":"SearchAction","target":{"@type":"EntryPoint","urlTemplate":"https:\/\/22bet.cafe\/finland\/?s={search_term_string}"},"query-input":{"@type":"PropertyValueSpecification","valueRequired":true,"valueName":"search_term_string"}}],"inLanguage":"fi"}]}},"_links":{"self":[{"href":"https:\/\/22bet.cafe\/finland\/wp-json\/wp\/v2\/pages\/468","targetHints":{"allow":["GET"]}}],"collection":[{"href":"https:\/\/22bet.cafe\/finland\/wp-json\/wp\/v2\/pages"}],"about":[{"href":"https:\/\/22bet.cafe\/finland\/wp-json\/wp\/v2\/types\/page"}],"author":[{"embeddable":true,"href":"https:\/\/22bet.cafe\/finland\/wp-json\/wp\/v2\/users\/1"}],"replies":[{"embeddable":true,"href":"https:\/\/22bet.cafe\/finland\/wp-json\/wp\/v2\/comments?post=468"}],"version-history":[{"count":0,"href":"https:\/\/22bet.cafe\/finland\/wp-json\/wp\/v2\/pages\/468\/revisions"}],"wp:attachment":[{"href":"https:\/\/22bet.cafe\/finland\/wp-json\/wp\/v2\/media?parent=468"}],"curies":[{"name":"wp","href":"https:\/\/api.w.org\/{rel}","templated":true}]}}