{"id":981,"date":"2025-08-12T05:30:36","date_gmt":"2025-08-12T05:30:36","guid":{"rendered":"https:\/\/22bet.cafe\/?page_id=981"},"modified":"2025-11-23T17:14:20","modified_gmt":"2025-11-23T17:14:20","slug":"play-aviator","status":"publish","type":"page","link":"https:\/\/22bet.cafe\/dk\/play-aviator\/","title":{"rendered":"Flyver"},"content":{"rendered":"","protected":false},"excerpt":{"rendered":"","protected":false},"author":1,"featured_media":0,"parent":0,"menu_order":0,"comment_status":"closed","ping_status":"closed","template":"","meta":{"_acf_changed":false,"inline_featured_image":false,"footnotes":""},"class_list":["post-981","page","type-page","status-publish","hentry"],"acf":[],"yoast_head":"<!-- This site is optimized with the Yoast SEO plugin v26.0 - https:\/\/yoast.com\/wordpress\/plugins\/seo\/ -->\n<title>Spil 22Bet Flyver: \ud83d\ude80 Tips, tricks og bonusser til succes!<\/title>\n<meta name=\"description\" content=\"G\u00f8r dig klar til at lette med 22Bet Flyver! Opdag unikke strategier, spiltips og chancen for at vinde stort. Dette sp\u00e6ndende spil med stigende odds venter p\u00e5 dig \u2013 dyk ned i gamblingens verden lige nu.\" \/>\n<meta name=\"robots\" content=\"index, follow, max-snippet:-1, max-image-preview:large, max-video-preview:-1\" \/>\n<meta property=\"og:locale\" content=\"da_DK\" \/>\n<meta property=\"og:type\" content=\"article\" \/>\n<meta property=\"og:title\" content=\"Spil 22Bet Flyver: \ud83d\ude80 Tips, tricks og bonusser til succes!\" \/>\n<meta property=\"og:description\" content=\"G\u00f8r dig klar til at lette med 22Bet Flyver! Opdag unikke strategier, spiltips og chancen for at vinde stort. Dette sp\u00e6ndende spil med stigende odds venter p\u00e5 dig \u2013 dyk ned i gamblingens verden lige nu.\" \/>\n<meta property=\"og:url\" content=\"https:\/\/22bet.cafe\/dk\/play-aviator\/\" \/>\n<meta property=\"og:site_name\" content=\"22bet Team dk\" \/>\n<meta property=\"article:modified_time\" content=\"2025-11-23T17:14:20+00:00\" \/>\n<meta name=\"twitter:card\" content=\"summary_large_image\" \/>\n<script type=\"application\/ld+json\" class=\"yoast-schema-graph\">{\"@context\":\"https:\/\/schema.org\",\"@graph\":[{\"@type\":\"WebPage\",\"@id\":\"https:\/\/22bet.cafe\/dk\/play-aviator\/\",\"url\":\"https:\/\/22bet.cafe\/dk\/play-aviator\/\",\"name\":\"Spil 22Bet Flyver: \ud83d\ude80 Tips, tricks og bonusser til succes!\",\"isPartOf\":{\"@id\":\"https:\/\/22bet.cafe\/dk\/#website\"},\"datePublished\":\"2025-08-12T05:30:36+00:00\",\"dateModified\":\"2025-11-23T17:14:20+00:00\",\"description\":\"G\u00f8r dig klar til at lette med 22Bet Flyver! Opdag unikke strategier, spiltips og chancen for at vinde stort. Dette sp\u00e6ndende spil med stigende odds venter p\u00e5 dig \u2013 dyk ned i gamblingens verden lige nu.\",\"breadcrumb\":{\"@id\":\"https:\/\/22bet.cafe\/dk\/play-aviator\/#breadcrumb\"},\"inLanguage\":\"da-DK\",\"potentialAction\":[{\"@type\":\"ReadAction\",\"target\":[\"https:\/\/22bet.cafe\/dk\/play-aviator\/\"]}]},{\"@type\":\"BreadcrumbList\",\"@id\":\"https:\/\/22bet.cafe\/dk\/play-aviator\/#breadcrumb\",\"itemListElement\":[{\"@type\":\"ListItem\",\"position\":1,\"name\":\"\u0413\u043b\u0430\u0432\u043d\u0430\u044f \u0441\u0442\u0440\u0430\u043d\u0438\u0446\u0430\",\"item\":\"https:\/\/22bet.cafe\/dk\/\"},{\"@type\":\"ListItem\",\"position\":2,\"name\":\"Flyver\"}]},{\"@type\":\"WebSite\",\"@id\":\"https:\/\/22bet.cafe\/dk\/#website\",\"url\":\"https:\/\/22bet.cafe\/dk\/\",\"name\":\"22bet Team dk\",\"description\":\"My WordPress Blog\",\"potentialAction\":[{\"@type\":\"SearchAction\",\"target\":{\"@type\":\"EntryPoint\",\"urlTemplate\":\"https:\/\/22bet.cafe\/dk\/?s={search_term_string}\"},\"query-input\":{\"@type\":\"PropertyValueSpecification\",\"valueRequired\":true,\"valueName\":\"search_term_string\"}}],\"inLanguage\":\"da-DK\"}]}<\/script>\n<!-- \/ Yoast SEO plugin. -->","yoast_head_json":{"title":"Spil 22Bet Flyver: \ud83d\ude80 Tips, tricks og bonusser til succes!","description":"G\u00f8r dig klar til at lette med 22Bet Flyver! Opdag unikke strategier, spiltips og chancen for at vinde stort. Dette sp\u00e6ndende spil med stigende odds venter p\u00e5 dig \u2013 dyk ned i gamblingens verden lige nu.","robots":{"index":"index","follow":"follow","max-snippet":"max-snippet:-1","max-image-preview":"max-image-preview:large","max-video-preview":"max-video-preview:-1"},"og_locale":"da_DK","og_type":"article","og_title":"Spil 22Bet Flyver: \ud83d\ude80 Tips, tricks og bonusser til succes!","og_description":"G\u00f8r dig klar til at lette med 22Bet Flyver! Opdag unikke strategier, spiltips og chancen for at vinde stort. Dette sp\u00e6ndende spil med stigende odds venter p\u00e5 dig \u2013 dyk ned i gamblingens verden lige nu.","og_url":"https:\/\/22bet.cafe\/dk\/play-aviator\/","og_site_name":"22bet Team dk","article_modified_time":"2025-11-23T17:14:20+00:00","twitter_card":"summary_large_image","schema":{"@context":"https:\/\/schema.org","@graph":[{"@type":"WebPage","@id":"https:\/\/22bet.cafe\/dk\/play-aviator\/","url":"https:\/\/22bet.cafe\/dk\/play-aviator\/","name":"Spil 22Bet Flyver: \ud83d\ude80 Tips, tricks og bonusser til succes!","isPartOf":{"@id":"https:\/\/22bet.cafe\/dk\/#website"},"datePublished":"2025-08-12T05:30:36+00:00","dateModified":"2025-11-23T17:14:20+00:00","description":"G\u00f8r dig klar til at lette med 22Bet Flyver! Opdag unikke strategier, spiltips og chancen for at vinde stort. Dette sp\u00e6ndende spil med stigende odds venter p\u00e5 dig \u2013 dyk ned i gamblingens verden lige nu.","breadcrumb":{"@id":"https:\/\/22bet.cafe\/dk\/play-aviator\/#breadcrumb"},"inLanguage":"da-DK","potentialAction":[{"@type":"ReadAction","target":["https:\/\/22bet.cafe\/dk\/play-aviator\/"]}]},{"@type":"BreadcrumbList","@id":"https:\/\/22bet.cafe\/dk\/play-aviator\/#breadcrumb","itemListElement":[{"@type":"ListItem","position":1,"name":"\u0413\u043b\u0430\u0432\u043d\u0430\u044f \u0441\u0442\u0440\u0430\u043d\u0438\u0446\u0430","item":"https:\/\/22bet.cafe\/dk\/"},{"@type":"ListItem","position":2,"name":"Flyver"}]},{"@type":"WebSite","@id":"https:\/\/22bet.cafe\/dk\/#website","url":"https:\/\/22bet.cafe\/dk\/","name":"22bet Team dk","description":"My WordPress Blog","potentialAction":[{"@type":"SearchAction","target":{"@type":"EntryPoint","urlTemplate":"https:\/\/22bet.cafe\/dk\/?s={search_term_string}"},"query-input":{"@type":"PropertyValueSpecification","valueRequired":true,"valueName":"search_term_string"}}],"inLanguage":"da-DK"}]}},"_links":{"self":[{"href":"https:\/\/22bet.cafe\/dk\/wp-json\/wp\/v2\/pages\/981","targetHints":{"allow":["GET"]}}],"collection":[{"href":"https:\/\/22bet.cafe\/dk\/wp-json\/wp\/v2\/pages"}],"about":[{"href":"https:\/\/22bet.cafe\/dk\/wp-json\/wp\/v2\/types\/page"}],"author":[{"embeddable":true,"href":"https:\/\/22bet.cafe\/dk\/wp-json\/wp\/v2\/users\/1"}],"replies":[{"embeddable":true,"href":"https:\/\/22bet.cafe\/dk\/wp-json\/wp\/v2\/comments?post=981"}],"version-history":[{"count":4,"href":"https:\/\/22bet.cafe\/dk\/wp-json\/wp\/v2\/pages\/981\/revisions"}],"predecessor-version":[{"id":994,"href":"https:\/\/22bet.cafe\/dk\/wp-json\/wp\/v2\/pages\/981\/revisions\/994"}],"wp:attachment":[{"href":"https:\/\/22bet.cafe\/dk\/wp-json\/wp\/v2\/media?parent=981"}],"curies":[{"name":"wp","href":"https:\/\/api.w.org\/{rel}","templated":true}]}}