{"id":858,"date":"2025-03-16T06:17:38","date_gmt":"2025-03-16T06:17:38","guid":{"rendered":"https:\/\/22bet.cafe\/?page_id=858"},"modified":"2025-11-23T06:46:50","modified_gmt":"2025-11-23T06:46:50","slug":"sunday-bonus","status":"publish","type":"page","link":"https:\/\/22bet.cafe\/dk\/bonus\/sunday-bonus\/","title":{"rendered":"S\u00f8ndagsbonus"},"content":{"rendered":"","protected":false},"excerpt":{"rendered":"","protected":false},"author":1,"featured_media":0,"parent":152,"menu_order":0,"comment_status":"closed","ping_status":"closed","template":"","meta":{"_acf_changed":false,"inline_featured_image":false,"footnotes":""},"class_list":["post-858","page","type-page","status-publish","hentry"],"acf":[],"yoast_head":"<!-- This site is optimized with the Yoast SEO plugin v26.0 - https:\/\/yoast.com\/wordpress\/plugins\/seo\/ -->\n<title>22Bet Mega Bonus p\u00e5 s\u00f8ndage \u1409 F\u00e5 66 % og 50 gratis spins!<\/title>\n<meta name=\"description\" content=\"G\u00e5 ikke glip af det! Hver s\u00f8ndag giver 22Bet dig 66 % p\u00e5 din f\u00f8rste indbetaling og 50 gratis spins til Guldmine! Indbetal 150 DKK eller mere og f\u00e5 dine bel\u00f8nninger!\" \/>\n<meta name=\"robots\" content=\"index, follow, max-snippet:-1, max-image-preview:large, max-video-preview:-1\" \/>\n<meta property=\"og:locale\" content=\"da_DK\" \/>\n<meta property=\"og:type\" content=\"article\" \/>\n<meta property=\"og:title\" content=\"22Bet Mega Bonus p\u00e5 s\u00f8ndage \u1409 F\u00e5 66 % og 50 gratis spins!\" \/>\n<meta property=\"og:description\" content=\"G\u00e5 ikke glip af det! Hver s\u00f8ndag giver 22Bet dig 66 % p\u00e5 din f\u00f8rste indbetaling og 50 gratis spins til Guldmine! Indbetal 150 DKK eller mere og f\u00e5 dine bel\u00f8nninger!\" \/>\n<meta property=\"og:url\" content=\"https:\/\/22bet.cafe\/dk\/bonus\/sunday-bonus\/\" \/>\n<meta property=\"og:site_name\" content=\"22bet Team dk\" \/>\n<meta property=\"article:modified_time\" content=\"2025-11-23T06:46:50+00:00\" \/>\n<meta name=\"twitter:card\" content=\"summary_large_image\" \/>\n<script type=\"application\/ld+json\" class=\"yoast-schema-graph\">{\"@context\":\"https:\/\/schema.org\",\"@graph\":[{\"@type\":\"WebPage\",\"@id\":\"https:\/\/22bet.cafe\/dk\/bonus\/sunday-bonus\/\",\"url\":\"https:\/\/22bet.cafe\/dk\/bonus\/sunday-bonus\/\",\"name\":\"22Bet Mega Bonus p\u00e5 s\u00f8ndage \u1409 F\u00e5 66 % og 50 gratis spins!\",\"isPartOf\":{\"@id\":\"https:\/\/22bet.cafe\/dk\/#website\"},\"datePublished\":\"2025-03-16T06:17:38+00:00\",\"dateModified\":\"2025-11-23T06:46:50+00:00\",\"description\":\"G\u00e5 ikke glip af det! Hver s\u00f8ndag giver 22Bet dig 66 % p\u00e5 din f\u00f8rste indbetaling og 50 gratis spins til Guldmine! Indbetal 150 DKK eller mere og f\u00e5 dine bel\u00f8nninger!\",\"breadcrumb\":{\"@id\":\"https:\/\/22bet.cafe\/dk\/bonus\/sunday-bonus\/#breadcrumb\"},\"inLanguage\":\"da-DK\",\"potentialAction\":[{\"@type\":\"ReadAction\",\"target\":[\"https:\/\/22bet.cafe\/dk\/bonus\/sunday-bonus\/\"]}]},{\"@type\":\"BreadcrumbList\",\"@id\":\"https:\/\/22bet.cafe\/dk\/bonus\/sunday-bonus\/#breadcrumb\",\"itemListElement\":[{\"@type\":\"ListItem\",\"position\":1,\"name\":\"\u0413\u043b\u0430\u0432\u043d\u0430\u044f \u0441\u0442\u0440\u0430\u043d\u0438\u0446\u0430\",\"item\":\"https:\/\/22bet.cafe\/dk\/\"},{\"@type\":\"ListItem\",\"position\":2,\"name\":\"Bonus\",\"item\":\"https:\/\/22bet.cafe\/dk\/bonus\/\"},{\"@type\":\"ListItem\",\"position\":3,\"name\":\"S\u00f8ndagsbonus\"}]},{\"@type\":\"WebSite\",\"@id\":\"https:\/\/22bet.cafe\/dk\/#website\",\"url\":\"https:\/\/22bet.cafe\/dk\/\",\"name\":\"22bet Team dk\",\"description\":\"My WordPress Blog\",\"potentialAction\":[{\"@type\":\"SearchAction\",\"target\":{\"@type\":\"EntryPoint\",\"urlTemplate\":\"https:\/\/22bet.cafe\/dk\/?s={search_term_string}\"},\"query-input\":{\"@type\":\"PropertyValueSpecification\",\"valueRequired\":true,\"valueName\":\"search_term_string\"}}],\"inLanguage\":\"da-DK\"}]}<\/script>\n<!-- \/ Yoast SEO plugin. -->","yoast_head_json":{"title":"22Bet Mega Bonus p\u00e5 s\u00f8ndage \u1409 F\u00e5 66 % og 50 gratis spins!","description":"G\u00e5 ikke glip af det! Hver s\u00f8ndag giver 22Bet dig 66 % p\u00e5 din f\u00f8rste indbetaling og 50 gratis spins til Guldmine! Indbetal 150 DKK eller mere og f\u00e5 dine bel\u00f8nninger!","robots":{"index":"index","follow":"follow","max-snippet":"max-snippet:-1","max-image-preview":"max-image-preview:large","max-video-preview":"max-video-preview:-1"},"og_locale":"da_DK","og_type":"article","og_title":"22Bet Mega Bonus p\u00e5 s\u00f8ndage \u1409 F\u00e5 66 % og 50 gratis spins!","og_description":"G\u00e5 ikke glip af det! Hver s\u00f8ndag giver 22Bet dig 66 % p\u00e5 din f\u00f8rste indbetaling og 50 gratis spins til Guldmine! Indbetal 150 DKK eller mere og f\u00e5 dine bel\u00f8nninger!","og_url":"https:\/\/22bet.cafe\/dk\/bonus\/sunday-bonus\/","og_site_name":"22bet Team dk","article_modified_time":"2025-11-23T06:46:50+00:00","twitter_card":"summary_large_image","schema":{"@context":"https:\/\/schema.org","@graph":[{"@type":"WebPage","@id":"https:\/\/22bet.cafe\/dk\/bonus\/sunday-bonus\/","url":"https:\/\/22bet.cafe\/dk\/bonus\/sunday-bonus\/","name":"22Bet Mega Bonus p\u00e5 s\u00f8ndage \u1409 F\u00e5 66 % og 50 gratis spins!","isPartOf":{"@id":"https:\/\/22bet.cafe\/dk\/#website"},"datePublished":"2025-03-16T06:17:38+00:00","dateModified":"2025-11-23T06:46:50+00:00","description":"G\u00e5 ikke glip af det! Hver s\u00f8ndag giver 22Bet dig 66 % p\u00e5 din f\u00f8rste indbetaling og 50 gratis spins til Guldmine! Indbetal 150 DKK eller mere og f\u00e5 dine bel\u00f8nninger!","breadcrumb":{"@id":"https:\/\/22bet.cafe\/dk\/bonus\/sunday-bonus\/#breadcrumb"},"inLanguage":"da-DK","potentialAction":[{"@type":"ReadAction","target":["https:\/\/22bet.cafe\/dk\/bonus\/sunday-bonus\/"]}]},{"@type":"BreadcrumbList","@id":"https:\/\/22bet.cafe\/dk\/bonus\/sunday-bonus\/#breadcrumb","itemListElement":[{"@type":"ListItem","position":1,"name":"\u0413\u043b\u0430\u0432\u043d\u0430\u044f \u0441\u0442\u0440\u0430\u043d\u0438\u0446\u0430","item":"https:\/\/22bet.cafe\/dk\/"},{"@type":"ListItem","position":2,"name":"Bonus","item":"https:\/\/22bet.cafe\/dk\/bonus\/"},{"@type":"ListItem","position":3,"name":"S\u00f8ndagsbonus"}]},{"@type":"WebSite","@id":"https:\/\/22bet.cafe\/dk\/#website","url":"https:\/\/22bet.cafe\/dk\/","name":"22bet Team dk","description":"My WordPress Blog","potentialAction":[{"@type":"SearchAction","target":{"@type":"EntryPoint","urlTemplate":"https:\/\/22bet.cafe\/dk\/?s={search_term_string}"},"query-input":{"@type":"PropertyValueSpecification","valueRequired":true,"valueName":"search_term_string"}}],"inLanguage":"da-DK"}]}},"_links":{"self":[{"href":"https:\/\/22bet.cafe\/dk\/wp-json\/wp\/v2\/pages\/858","targetHints":{"allow":["GET"]}}],"collection":[{"href":"https:\/\/22bet.cafe\/dk\/wp-json\/wp\/v2\/pages"}],"about":[{"href":"https:\/\/22bet.cafe\/dk\/wp-json\/wp\/v2\/types\/page"}],"author":[{"embeddable":true,"href":"https:\/\/22bet.cafe\/dk\/wp-json\/wp\/v2\/users\/1"}],"replies":[{"embeddable":true,"href":"https:\/\/22bet.cafe\/dk\/wp-json\/wp\/v2\/comments?post=858"}],"version-history":[{"count":3,"href":"https:\/\/22bet.cafe\/dk\/wp-json\/wp\/v2\/pages\/858\/revisions"}],"predecessor-version":[{"id":867,"href":"https:\/\/22bet.cafe\/dk\/wp-json\/wp\/v2\/pages\/858\/revisions\/867"}],"up":[{"embeddable":true,"href":"https:\/\/22bet.cafe\/dk\/wp-json\/wp\/v2\/pages\/152"}],"wp:attachment":[{"href":"https:\/\/22bet.cafe\/dk\/wp-json\/wp\/v2\/media?parent=858"}],"curies":[{"name":"wp","href":"https:\/\/api.w.org\/{rel}","templated":true}]}}