{"id":753,"date":"2025-03-21T07:46:08","date_gmt":"2025-03-21T07:46:08","guid":{"rendered":"https:\/\/22bet.cafe\/?page_id=753"},"modified":"2025-11-23T16:29:50","modified_gmt":"2025-11-23T16:29:50","slug":"wednesday-cash-splash","status":"publish","type":"page","link":"https:\/\/22bet.cafe\/dk\/bonus\/wednesday-cash-splash\/","title":{"rendered":"Onsdag Cash Splash"},"content":{"rendered":"","protected":false},"excerpt":{"rendered":"","protected":false},"author":1,"featured_media":0,"parent":152,"menu_order":0,"comment_status":"closed","ping_status":"closed","template":"","meta":{"_acf_changed":false,"inline_featured_image":false,"footnotes":""},"class_list":["post-753","page","type-page","status-publish","hentry"],"acf":[],"yoast_head":"<!-- This site is optimized with the Yoast SEO plugin v26.0 - https:\/\/yoast.com\/wordpress\/plugins\/seo\/ -->\n<title>Onsdag Cash Splash: 50% op til 1600 DKK p\u00e5 spilleautomater<\/title>\n<meta name=\"description\" content=\"T\u00e6nd sp\u00e6ndingen med Onsdag Cash Splash! F\u00e5 50% bonus op til 1600 DKK p\u00e5 dine yndlingsspillemaskiner p\u00e5 casinoet. G\u00e5 ikke glip af chancen for at maksimere dine gevinster og booste dit spil \u2013 handle nu og f\u00e5 din bonus!\" \/>\n<meta name=\"robots\" content=\"index, follow, max-snippet:-1, max-image-preview:large, max-video-preview:-1\" \/>\n<meta property=\"og:locale\" content=\"da_DK\" \/>\n<meta property=\"og:type\" content=\"article\" \/>\n<meta property=\"og:title\" content=\"Onsdag Cash Splash: 50% op til 1600 DKK p\u00e5 spilleautomater\" \/>\n<meta property=\"og:description\" content=\"T\u00e6nd sp\u00e6ndingen med Onsdag Cash Splash! F\u00e5 50% bonus op til 1600 DKK p\u00e5 dine yndlingsspillemaskiner p\u00e5 casinoet. G\u00e5 ikke glip af chancen for at maksimere dine gevinster og booste dit spil \u2013 handle nu og f\u00e5 din bonus!\" \/>\n<meta property=\"og:url\" content=\"https:\/\/22bet.cafe\/dk\/bonus\/wednesday-cash-splash\/\" \/>\n<meta property=\"og:site_name\" content=\"22bet Team dk\" \/>\n<meta property=\"article:modified_time\" content=\"2025-11-23T16:29:50+00:00\" \/>\n<meta name=\"twitter:card\" content=\"summary_large_image\" \/>\n<script type=\"application\/ld+json\" class=\"yoast-schema-graph\">{\"@context\":\"https:\/\/schema.org\",\"@graph\":[{\"@type\":\"WebPage\",\"@id\":\"https:\/\/22bet.cafe\/dk\/bonus\/wednesday-cash-splash\/\",\"url\":\"https:\/\/22bet.cafe\/dk\/bonus\/wednesday-cash-splash\/\",\"name\":\"Onsdag Cash Splash: 50% op til 1600 DKK p\u00e5 spilleautomater\",\"isPartOf\":{\"@id\":\"https:\/\/22bet.cafe\/dk\/#website\"},\"datePublished\":\"2025-03-21T07:46:08+00:00\",\"dateModified\":\"2025-11-23T16:29:50+00:00\",\"description\":\"T\u00e6nd sp\u00e6ndingen med Onsdag Cash Splash! F\u00e5 50% bonus op til 1600 DKK p\u00e5 dine yndlingsspillemaskiner p\u00e5 casinoet. G\u00e5 ikke glip af chancen for at maksimere dine gevinster og booste dit spil \u2013 handle nu og f\u00e5 din bonus!\",\"breadcrumb\":{\"@id\":\"https:\/\/22bet.cafe\/dk\/bonus\/wednesday-cash-splash\/#breadcrumb\"},\"inLanguage\":\"da-DK\",\"potentialAction\":[{\"@type\":\"ReadAction\",\"target\":[\"https:\/\/22bet.cafe\/dk\/bonus\/wednesday-cash-splash\/\"]}]},{\"@type\":\"BreadcrumbList\",\"@id\":\"https:\/\/22bet.cafe\/dk\/bonus\/wednesday-cash-splash\/#breadcrumb\",\"itemListElement\":[{\"@type\":\"ListItem\",\"position\":1,\"name\":\"\u0413\u043b\u0430\u0432\u043d\u0430\u044f \u0441\u0442\u0440\u0430\u043d\u0438\u0446\u0430\",\"item\":\"https:\/\/22bet.cafe\/dk\/\"},{\"@type\":\"ListItem\",\"position\":2,\"name\":\"Bonus\",\"item\":\"https:\/\/22bet.cafe\/dk\/bonus\/\"},{\"@type\":\"ListItem\",\"position\":3,\"name\":\"Onsdag Cash Splash\"}]},{\"@type\":\"WebSite\",\"@id\":\"https:\/\/22bet.cafe\/dk\/#website\",\"url\":\"https:\/\/22bet.cafe\/dk\/\",\"name\":\"22bet Team dk\",\"description\":\"My WordPress Blog\",\"potentialAction\":[{\"@type\":\"SearchAction\",\"target\":{\"@type\":\"EntryPoint\",\"urlTemplate\":\"https:\/\/22bet.cafe\/dk\/?s={search_term_string}\"},\"query-input\":{\"@type\":\"PropertyValueSpecification\",\"valueRequired\":true,\"valueName\":\"search_term_string\"}}],\"inLanguage\":\"da-DK\"}]}<\/script>\n<!-- \/ Yoast SEO plugin. -->","yoast_head_json":{"title":"Onsdag Cash Splash: 50% op til 1600 DKK p\u00e5 spilleautomater","description":"T\u00e6nd sp\u00e6ndingen med Onsdag Cash Splash! F\u00e5 50% bonus op til 1600 DKK p\u00e5 dine yndlingsspillemaskiner p\u00e5 casinoet. G\u00e5 ikke glip af chancen for at maksimere dine gevinster og booste dit spil \u2013 handle nu og f\u00e5 din bonus!","robots":{"index":"index","follow":"follow","max-snippet":"max-snippet:-1","max-image-preview":"max-image-preview:large","max-video-preview":"max-video-preview:-1"},"og_locale":"da_DK","og_type":"article","og_title":"Onsdag Cash Splash: 50% op til 1600 DKK p\u00e5 spilleautomater","og_description":"T\u00e6nd sp\u00e6ndingen med Onsdag Cash Splash! F\u00e5 50% bonus op til 1600 DKK p\u00e5 dine yndlingsspillemaskiner p\u00e5 casinoet. G\u00e5 ikke glip af chancen for at maksimere dine gevinster og booste dit spil \u2013 handle nu og f\u00e5 din bonus!","og_url":"https:\/\/22bet.cafe\/dk\/bonus\/wednesday-cash-splash\/","og_site_name":"22bet Team dk","article_modified_time":"2025-11-23T16:29:50+00:00","twitter_card":"summary_large_image","schema":{"@context":"https:\/\/schema.org","@graph":[{"@type":"WebPage","@id":"https:\/\/22bet.cafe\/dk\/bonus\/wednesday-cash-splash\/","url":"https:\/\/22bet.cafe\/dk\/bonus\/wednesday-cash-splash\/","name":"Onsdag Cash Splash: 50% op til 1600 DKK p\u00e5 spilleautomater","isPartOf":{"@id":"https:\/\/22bet.cafe\/dk\/#website"},"datePublished":"2025-03-21T07:46:08+00:00","dateModified":"2025-11-23T16:29:50+00:00","description":"T\u00e6nd sp\u00e6ndingen med Onsdag Cash Splash! F\u00e5 50% bonus op til 1600 DKK p\u00e5 dine yndlingsspillemaskiner p\u00e5 casinoet. G\u00e5 ikke glip af chancen for at maksimere dine gevinster og booste dit spil \u2013 handle nu og f\u00e5 din bonus!","breadcrumb":{"@id":"https:\/\/22bet.cafe\/dk\/bonus\/wednesday-cash-splash\/#breadcrumb"},"inLanguage":"da-DK","potentialAction":[{"@type":"ReadAction","target":["https:\/\/22bet.cafe\/dk\/bonus\/wednesday-cash-splash\/"]}]},{"@type":"BreadcrumbList","@id":"https:\/\/22bet.cafe\/dk\/bonus\/wednesday-cash-splash\/#breadcrumb","itemListElement":[{"@type":"ListItem","position":1,"name":"\u0413\u043b\u0430\u0432\u043d\u0430\u044f \u0441\u0442\u0440\u0430\u043d\u0438\u0446\u0430","item":"https:\/\/22bet.cafe\/dk\/"},{"@type":"ListItem","position":2,"name":"Bonus","item":"https:\/\/22bet.cafe\/dk\/bonus\/"},{"@type":"ListItem","position":3,"name":"Onsdag Cash Splash"}]},{"@type":"WebSite","@id":"https:\/\/22bet.cafe\/dk\/#website","url":"https:\/\/22bet.cafe\/dk\/","name":"22bet Team dk","description":"My WordPress Blog","potentialAction":[{"@type":"SearchAction","target":{"@type":"EntryPoint","urlTemplate":"https:\/\/22bet.cafe\/dk\/?s={search_term_string}"},"query-input":{"@type":"PropertyValueSpecification","valueRequired":true,"valueName":"search_term_string"}}],"inLanguage":"da-DK"}]}},"_links":{"self":[{"href":"https:\/\/22bet.cafe\/dk\/wp-json\/wp\/v2\/pages\/753","targetHints":{"allow":["GET"]}}],"collection":[{"href":"https:\/\/22bet.cafe\/dk\/wp-json\/wp\/v2\/pages"}],"about":[{"href":"https:\/\/22bet.cafe\/dk\/wp-json\/wp\/v2\/types\/page"}],"author":[{"embeddable":true,"href":"https:\/\/22bet.cafe\/dk\/wp-json\/wp\/v2\/users\/1"}],"replies":[{"embeddable":true,"href":"https:\/\/22bet.cafe\/dk\/wp-json\/wp\/v2\/comments?post=753"}],"version-history":[{"count":2,"href":"https:\/\/22bet.cafe\/dk\/wp-json\/wp\/v2\/pages\/753\/revisions"}],"predecessor-version":[{"id":869,"href":"https:\/\/22bet.cafe\/dk\/wp-json\/wp\/v2\/pages\/753\/revisions\/869"}],"up":[{"embeddable":true,"href":"https:\/\/22bet.cafe\/dk\/wp-json\/wp\/v2\/pages\/152"}],"wp:attachment":[{"href":"https:\/\/22bet.cafe\/dk\/wp-json\/wp\/v2\/media?parent=753"}],"curies":[{"name":"wp","href":"https:\/\/api.w.org\/{rel}","templated":true}]}}