{"id":745,"date":"2025-03-21T06:50:46","date_gmt":"2025-03-21T06:50:46","guid":{"rendered":"https:\/\/22bet.cafe\/?page_id=745"},"modified":"2025-11-23T06:38:12","modified_gmt":"2025-11-23T06:38:12","slug":"sports-welcome-bonus","status":"publish","type":"page","link":"https:\/\/22bet.cafe\/dk\/bonus\/sports-welcome-bonus\/","title":{"rendered":"Sports velkomstbonus"},"content":{"rendered":"","protected":false},"excerpt":{"rendered":"","protected":false},"author":1,"featured_media":0,"parent":152,"menu_order":0,"comment_status":"closed","ping_status":"closed","template":"","meta":{"_acf_changed":false,"inline_featured_image":false,"footnotes":""},"class_list":["post-745","page","type-page","status-publish","hentry"],"acf":[],"yoast_head":"<!-- This site is optimized with the Yoast SEO plugin v26.0 - https:\/\/yoast.com\/wordpress\/plugins\/seo\/ -->\n<title>Tag imod velkomstbonussen p\u00e5 970 DKK og nyd at spille hos 22bet<\/title>\n<meta name=\"description\" content=\"F\u00e5 din velkomstbonus p\u00e5 970 DKK og dyk ned i en verden af sp\u00e6ndende v\u00e6ddem\u00e5l hos 22bet! Pr\u00f8v lykken, v\u00e6lg de bedste begivenheder og \u00f8g dine chancer for at vinde! G\u00e5 ikke glip af denne chance \u2013 handle nu!\" \/>\n<meta name=\"robots\" content=\"index, follow, max-snippet:-1, max-image-preview:large, max-video-preview:-1\" \/>\n<meta property=\"og:locale\" content=\"da_DK\" \/>\n<meta property=\"og:type\" content=\"article\" \/>\n<meta property=\"og:title\" content=\"Tag imod velkomstbonussen p\u00e5 970 DKK og nyd at spille hos 22bet\" \/>\n<meta property=\"og:description\" content=\"F\u00e5 din velkomstbonus p\u00e5 970 DKK og dyk ned i en verden af sp\u00e6ndende v\u00e6ddem\u00e5l hos 22bet! Pr\u00f8v lykken, v\u00e6lg de bedste begivenheder og \u00f8g dine chancer for at vinde! G\u00e5 ikke glip af denne chance \u2013 handle nu!\" \/>\n<meta property=\"og:url\" content=\"https:\/\/22bet.cafe\/dk\/bonus\/sports-welcome-bonus\/\" \/>\n<meta property=\"og:site_name\" content=\"22bet Team dk\" \/>\n<meta property=\"article:modified_time\" content=\"2025-11-23T06:38:12+00:00\" \/>\n<meta name=\"twitter:card\" content=\"summary_large_image\" \/>\n<script type=\"application\/ld+json\" class=\"yoast-schema-graph\">{\"@context\":\"https:\/\/schema.org\",\"@graph\":[{\"@type\":\"WebPage\",\"@id\":\"https:\/\/22bet.cafe\/dk\/bonus\/sports-welcome-bonus\/\",\"url\":\"https:\/\/22bet.cafe\/dk\/bonus\/sports-welcome-bonus\/\",\"name\":\"Tag imod velkomstbonussen p\u00e5 970 DKK og nyd at spille hos 22bet\",\"isPartOf\":{\"@id\":\"https:\/\/22bet.cafe\/dk\/#website\"},\"datePublished\":\"2025-03-21T06:50:46+00:00\",\"dateModified\":\"2025-11-23T06:38:12+00:00\",\"description\":\"F\u00e5 din velkomstbonus p\u00e5 970 DKK og dyk ned i en verden af sp\u00e6ndende v\u00e6ddem\u00e5l hos 22bet! Pr\u00f8v lykken, v\u00e6lg de bedste begivenheder og \u00f8g dine chancer for at vinde! G\u00e5 ikke glip af denne chance \u2013 handle nu!\",\"breadcrumb\":{\"@id\":\"https:\/\/22bet.cafe\/dk\/bonus\/sports-welcome-bonus\/#breadcrumb\"},\"inLanguage\":\"da-DK\",\"potentialAction\":[{\"@type\":\"ReadAction\",\"target\":[\"https:\/\/22bet.cafe\/dk\/bonus\/sports-welcome-bonus\/\"]}]},{\"@type\":\"BreadcrumbList\",\"@id\":\"https:\/\/22bet.cafe\/dk\/bonus\/sports-welcome-bonus\/#breadcrumb\",\"itemListElement\":[{\"@type\":\"ListItem\",\"position\":1,\"name\":\"\u0413\u043b\u0430\u0432\u043d\u0430\u044f \u0441\u0442\u0440\u0430\u043d\u0438\u0446\u0430\",\"item\":\"https:\/\/22bet.cafe\/dk\/\"},{\"@type\":\"ListItem\",\"position\":2,\"name\":\"Bonus\",\"item\":\"https:\/\/22bet.cafe\/dk\/bonus\/\"},{\"@type\":\"ListItem\",\"position\":3,\"name\":\"Sports velkomstbonus\"}]},{\"@type\":\"WebSite\",\"@id\":\"https:\/\/22bet.cafe\/dk\/#website\",\"url\":\"https:\/\/22bet.cafe\/dk\/\",\"name\":\"22bet Team dk\",\"description\":\"My WordPress Blog\",\"potentialAction\":[{\"@type\":\"SearchAction\",\"target\":{\"@type\":\"EntryPoint\",\"urlTemplate\":\"https:\/\/22bet.cafe\/dk\/?s={search_term_string}\"},\"query-input\":{\"@type\":\"PropertyValueSpecification\",\"valueRequired\":true,\"valueName\":\"search_term_string\"}}],\"inLanguage\":\"da-DK\"}]}<\/script>\n<!-- \/ Yoast SEO plugin. -->","yoast_head_json":{"title":"Tag imod velkomstbonussen p\u00e5 970 DKK og nyd at spille hos 22bet","description":"F\u00e5 din velkomstbonus p\u00e5 970 DKK og dyk ned i en verden af sp\u00e6ndende v\u00e6ddem\u00e5l hos 22bet! Pr\u00f8v lykken, v\u00e6lg de bedste begivenheder og \u00f8g dine chancer for at vinde! G\u00e5 ikke glip af denne chance \u2013 handle nu!","robots":{"index":"index","follow":"follow","max-snippet":"max-snippet:-1","max-image-preview":"max-image-preview:large","max-video-preview":"max-video-preview:-1"},"og_locale":"da_DK","og_type":"article","og_title":"Tag imod velkomstbonussen p\u00e5 970 DKK og nyd at spille hos 22bet","og_description":"F\u00e5 din velkomstbonus p\u00e5 970 DKK og dyk ned i en verden af sp\u00e6ndende v\u00e6ddem\u00e5l hos 22bet! Pr\u00f8v lykken, v\u00e6lg de bedste begivenheder og \u00f8g dine chancer for at vinde! G\u00e5 ikke glip af denne chance \u2013 handle nu!","og_url":"https:\/\/22bet.cafe\/dk\/bonus\/sports-welcome-bonus\/","og_site_name":"22bet Team dk","article_modified_time":"2025-11-23T06:38:12+00:00","twitter_card":"summary_large_image","schema":{"@context":"https:\/\/schema.org","@graph":[{"@type":"WebPage","@id":"https:\/\/22bet.cafe\/dk\/bonus\/sports-welcome-bonus\/","url":"https:\/\/22bet.cafe\/dk\/bonus\/sports-welcome-bonus\/","name":"Tag imod velkomstbonussen p\u00e5 970 DKK og nyd at spille hos 22bet","isPartOf":{"@id":"https:\/\/22bet.cafe\/dk\/#website"},"datePublished":"2025-03-21T06:50:46+00:00","dateModified":"2025-11-23T06:38:12+00:00","description":"F\u00e5 din velkomstbonus p\u00e5 970 DKK og dyk ned i en verden af sp\u00e6ndende v\u00e6ddem\u00e5l hos 22bet! Pr\u00f8v lykken, v\u00e6lg de bedste begivenheder og \u00f8g dine chancer for at vinde! G\u00e5 ikke glip af denne chance \u2013 handle nu!","breadcrumb":{"@id":"https:\/\/22bet.cafe\/dk\/bonus\/sports-welcome-bonus\/#breadcrumb"},"inLanguage":"da-DK","potentialAction":[{"@type":"ReadAction","target":["https:\/\/22bet.cafe\/dk\/bonus\/sports-welcome-bonus\/"]}]},{"@type":"BreadcrumbList","@id":"https:\/\/22bet.cafe\/dk\/bonus\/sports-welcome-bonus\/#breadcrumb","itemListElement":[{"@type":"ListItem","position":1,"name":"\u0413\u043b\u0430\u0432\u043d\u0430\u044f \u0441\u0442\u0440\u0430\u043d\u0438\u0446\u0430","item":"https:\/\/22bet.cafe\/dk\/"},{"@type":"ListItem","position":2,"name":"Bonus","item":"https:\/\/22bet.cafe\/dk\/bonus\/"},{"@type":"ListItem","position":3,"name":"Sports velkomstbonus"}]},{"@type":"WebSite","@id":"https:\/\/22bet.cafe\/dk\/#website","url":"https:\/\/22bet.cafe\/dk\/","name":"22bet Team dk","description":"My WordPress Blog","potentialAction":[{"@type":"SearchAction","target":{"@type":"EntryPoint","urlTemplate":"https:\/\/22bet.cafe\/dk\/?s={search_term_string}"},"query-input":{"@type":"PropertyValueSpecification","valueRequired":true,"valueName":"search_term_string"}}],"inLanguage":"da-DK"}]}},"_links":{"self":[{"href":"https:\/\/22bet.cafe\/dk\/wp-json\/wp\/v2\/pages\/745","targetHints":{"allow":["GET"]}}],"collection":[{"href":"https:\/\/22bet.cafe\/dk\/wp-json\/wp\/v2\/pages"}],"about":[{"href":"https:\/\/22bet.cafe\/dk\/wp-json\/wp\/v2\/types\/page"}],"author":[{"embeddable":true,"href":"https:\/\/22bet.cafe\/dk\/wp-json\/wp\/v2\/users\/1"}],"replies":[{"embeddable":true,"href":"https:\/\/22bet.cafe\/dk\/wp-json\/wp\/v2\/comments?post=745"}],"version-history":[{"count":3,"href":"https:\/\/22bet.cafe\/dk\/wp-json\/wp\/v2\/pages\/745\/revisions"}],"predecessor-version":[{"id":864,"href":"https:\/\/22bet.cafe\/dk\/wp-json\/wp\/v2\/pages\/745\/revisions\/864"}],"up":[{"embeddable":true,"href":"https:\/\/22bet.cafe\/dk\/wp-json\/wp\/v2\/pages\/152"}],"wp:attachment":[{"href":"https:\/\/22bet.cafe\/dk\/wp-json\/wp\/v2\/media?parent=745"}],"curies":[{"name":"wp","href":"https:\/\/api.w.org\/{rel}","templated":true}]}}