{"id":1106,"date":"2025-10-17T07:31:33","date_gmt":"2025-10-17T07:31:33","guid":{"rendered":"https:\/\/22bet.cafe\/?page_id=1106"},"modified":"2025-11-23T17:44:54","modified_gmt":"2025-11-23T17:44:54","slug":"tennis-betting","status":"publish","type":"page","link":"https:\/\/22bet.cafe\/dk\/tennis-betting\/","title":{"rendered":"Tennis"},"content":{"rendered":"","protected":false},"excerpt":{"rendered":"","protected":false},"author":1,"featured_media":0,"parent":0,"menu_order":0,"comment_status":"closed","ping_status":"closed","template":"","meta":{"_acf_changed":false,"inline_featured_image":false,"footnotes":""},"class_list":["post-1106","page","type-page","status-publish","hentry"],"acf":[],"yoast_head":"<!-- This site is optimized with the Yoast SEO plugin v26.0 - https:\/\/yoast.com\/wordpress\/plugins\/seo\/ -->\n<title>22Bet Bedste tennisv\u00e6ddem\u00e5l med h\u00f8je odds og bonusser<\/title>\n<meta name=\"description\" content=\"Spil p\u00e5 tennis med 22Bet! Oplev h\u00f8je odds, eksklusive bonusser og et bredt udvalg af v\u00e6ddem\u00e5l. Spil p\u00e5 dine yndlingsturneringer og nyd sp\u00e6ndingen ved spillet n\u00e5r som helst!\" \/>\n<meta name=\"robots\" content=\"index, follow, max-snippet:-1, max-image-preview:large, max-video-preview:-1\" \/>\n<meta property=\"og:locale\" content=\"da_DK\" \/>\n<meta property=\"og:type\" content=\"article\" \/>\n<meta property=\"og:title\" content=\"22Bet Bedste tennisv\u00e6ddem\u00e5l med h\u00f8je odds og bonusser\" \/>\n<meta property=\"og:description\" content=\"Spil p\u00e5 tennis med 22Bet! Oplev h\u00f8je odds, eksklusive bonusser og et bredt udvalg af v\u00e6ddem\u00e5l. Spil p\u00e5 dine yndlingsturneringer og nyd sp\u00e6ndingen ved spillet n\u00e5r som helst!\" \/>\n<meta property=\"og:url\" content=\"https:\/\/22bet.cafe\/dk\/tennis-betting\/\" \/>\n<meta property=\"og:site_name\" content=\"22bet Team dk\" \/>\n<meta property=\"article:modified_time\" content=\"2025-11-23T17:44:54+00:00\" \/>\n<meta name=\"twitter:card\" content=\"summary_large_image\" \/>\n<script type=\"application\/ld+json\" class=\"yoast-schema-graph\">{\"@context\":\"https:\/\/schema.org\",\"@graph\":[{\"@type\":\"WebPage\",\"@id\":\"https:\/\/22bet.cafe\/dk\/tennis-betting\/\",\"url\":\"https:\/\/22bet.cafe\/dk\/tennis-betting\/\",\"name\":\"22Bet Bedste tennisv\u00e6ddem\u00e5l med h\u00f8je odds og bonusser\",\"isPartOf\":{\"@id\":\"https:\/\/22bet.cafe\/dk\/#website\"},\"datePublished\":\"2025-10-17T07:31:33+00:00\",\"dateModified\":\"2025-11-23T17:44:54+00:00\",\"description\":\"Spil p\u00e5 tennis med 22Bet! Oplev h\u00f8je odds, eksklusive bonusser og et bredt udvalg af v\u00e6ddem\u00e5l. Spil p\u00e5 dine yndlingsturneringer og nyd sp\u00e6ndingen ved spillet n\u00e5r som helst!\",\"breadcrumb\":{\"@id\":\"https:\/\/22bet.cafe\/dk\/tennis-betting\/#breadcrumb\"},\"inLanguage\":\"da-DK\",\"potentialAction\":[{\"@type\":\"ReadAction\",\"target\":[\"https:\/\/22bet.cafe\/dk\/tennis-betting\/\"]}]},{\"@type\":\"BreadcrumbList\",\"@id\":\"https:\/\/22bet.cafe\/dk\/tennis-betting\/#breadcrumb\",\"itemListElement\":[{\"@type\":\"ListItem\",\"position\":1,\"name\":\"\u0413\u043b\u0430\u0432\u043d\u0430\u044f \u0441\u0442\u0440\u0430\u043d\u0438\u0446\u0430\",\"item\":\"https:\/\/22bet.cafe\/dk\/\"},{\"@type\":\"ListItem\",\"position\":2,\"name\":\"Tennis\"}]},{\"@type\":\"WebSite\",\"@id\":\"https:\/\/22bet.cafe\/dk\/#website\",\"url\":\"https:\/\/22bet.cafe\/dk\/\",\"name\":\"22bet Team dk\",\"description\":\"My WordPress Blog\",\"potentialAction\":[{\"@type\":\"SearchAction\",\"target\":{\"@type\":\"EntryPoint\",\"urlTemplate\":\"https:\/\/22bet.cafe\/dk\/?s={search_term_string}\"},\"query-input\":{\"@type\":\"PropertyValueSpecification\",\"valueRequired\":true,\"valueName\":\"search_term_string\"}}],\"inLanguage\":\"da-DK\"}]}<\/script>\n<!-- \/ Yoast SEO plugin. -->","yoast_head_json":{"title":"22Bet Bedste tennisv\u00e6ddem\u00e5l med h\u00f8je odds og bonusser","description":"Spil p\u00e5 tennis med 22Bet! Oplev h\u00f8je odds, eksklusive bonusser og et bredt udvalg af v\u00e6ddem\u00e5l. Spil p\u00e5 dine yndlingsturneringer og nyd sp\u00e6ndingen ved spillet n\u00e5r som helst!","robots":{"index":"index","follow":"follow","max-snippet":"max-snippet:-1","max-image-preview":"max-image-preview:large","max-video-preview":"max-video-preview:-1"},"og_locale":"da_DK","og_type":"article","og_title":"22Bet Bedste tennisv\u00e6ddem\u00e5l med h\u00f8je odds og bonusser","og_description":"Spil p\u00e5 tennis med 22Bet! Oplev h\u00f8je odds, eksklusive bonusser og et bredt udvalg af v\u00e6ddem\u00e5l. Spil p\u00e5 dine yndlingsturneringer og nyd sp\u00e6ndingen ved spillet n\u00e5r som helst!","og_url":"https:\/\/22bet.cafe\/dk\/tennis-betting\/","og_site_name":"22bet Team dk","article_modified_time":"2025-11-23T17:44:54+00:00","twitter_card":"summary_large_image","schema":{"@context":"https:\/\/schema.org","@graph":[{"@type":"WebPage","@id":"https:\/\/22bet.cafe\/dk\/tennis-betting\/","url":"https:\/\/22bet.cafe\/dk\/tennis-betting\/","name":"22Bet Bedste tennisv\u00e6ddem\u00e5l med h\u00f8je odds og bonusser","isPartOf":{"@id":"https:\/\/22bet.cafe\/dk\/#website"},"datePublished":"2025-10-17T07:31:33+00:00","dateModified":"2025-11-23T17:44:54+00:00","description":"Spil p\u00e5 tennis med 22Bet! Oplev h\u00f8je odds, eksklusive bonusser og et bredt udvalg af v\u00e6ddem\u00e5l. Spil p\u00e5 dine yndlingsturneringer og nyd sp\u00e6ndingen ved spillet n\u00e5r som helst!","breadcrumb":{"@id":"https:\/\/22bet.cafe\/dk\/tennis-betting\/#breadcrumb"},"inLanguage":"da-DK","potentialAction":[{"@type":"ReadAction","target":["https:\/\/22bet.cafe\/dk\/tennis-betting\/"]}]},{"@type":"BreadcrumbList","@id":"https:\/\/22bet.cafe\/dk\/tennis-betting\/#breadcrumb","itemListElement":[{"@type":"ListItem","position":1,"name":"\u0413\u043b\u0430\u0432\u043d\u0430\u044f \u0441\u0442\u0440\u0430\u043d\u0438\u0446\u0430","item":"https:\/\/22bet.cafe\/dk\/"},{"@type":"ListItem","position":2,"name":"Tennis"}]},{"@type":"WebSite","@id":"https:\/\/22bet.cafe\/dk\/#website","url":"https:\/\/22bet.cafe\/dk\/","name":"22bet Team dk","description":"My WordPress Blog","potentialAction":[{"@type":"SearchAction","target":{"@type":"EntryPoint","urlTemplate":"https:\/\/22bet.cafe\/dk\/?s={search_term_string}"},"query-input":{"@type":"PropertyValueSpecification","valueRequired":true,"valueName":"search_term_string"}}],"inLanguage":"da-DK"}]}},"_links":{"self":[{"href":"https:\/\/22bet.cafe\/dk\/wp-json\/wp\/v2\/pages\/1106","targetHints":{"allow":["GET"]}}],"collection":[{"href":"https:\/\/22bet.cafe\/dk\/wp-json\/wp\/v2\/pages"}],"about":[{"href":"https:\/\/22bet.cafe\/dk\/wp-json\/wp\/v2\/types\/page"}],"author":[{"embeddable":true,"href":"https:\/\/22bet.cafe\/dk\/wp-json\/wp\/v2\/users\/1"}],"replies":[{"embeddable":true,"href":"https:\/\/22bet.cafe\/dk\/wp-json\/wp\/v2\/comments?post=1106"}],"version-history":[{"count":1,"href":"https:\/\/22bet.cafe\/dk\/wp-json\/wp\/v2\/pages\/1106\/revisions"}],"predecessor-version":[{"id":1141,"href":"https:\/\/22bet.cafe\/dk\/wp-json\/wp\/v2\/pages\/1106\/revisions\/1141"}],"wp:attachment":[{"href":"https:\/\/22bet.cafe\/dk\/wp-json\/wp\/v2\/media?parent=1106"}],"curies":[{"name":"wp","href":"https:\/\/api.w.org\/{rel}","templated":true}]}}