{"id":723,"date":"2025-04-23T16:41:49","date_gmt":"2025-04-23T16:41:49","guid":{"rendered":"https:\/\/22bet.cafe\/czec\/?page_id=723"},"modified":"2025-04-23T16:41:49","modified_gmt":"2025-04-23T16:41:49","slug":"reload-bonus","status":"publish","type":"page","link":"https:\/\/22bet.cafe\/czec\/bonus\/reload-bonus\/","title":{"rendered":"Bonus za dobit\u00ed"},"content":{"rendered":"","protected":false},"excerpt":{"rendered":"","protected":false},"author":1,"featured_media":0,"parent":152,"menu_order":0,"comment_status":"closed","ping_status":"closed","template":"","meta":{"_acf_changed":false,"inline_featured_image":false,"footnotes":""},"class_list":["post-723","page","type-page","status-publish","hentry"],"acf":[],"yoast_head":"<!-- This site is optimized with the Yoast SEO plugin v26.0 - https:\/\/yoast.com\/wordpress\/plugins\/seo\/ -->\n<title>22Bet Vkladov\u00fd bonus Z\u00edskejte 100% bonus a\u017e do v\u00fd\u0161e 2400 K\u010d<\/title>\n<meta name=\"description\" content=\"Ka\u017ed\u00fd p\u00e1tek v\u00e1m 22Bet d\u00e1v\u00e1 \u0161anci vyhr\u00e1t 100% bonus a\u017e do v\u00fd\u0161e 2400 K\u010d! Zdvojn\u00e1sobte sv\u00e9 \u0161ance na v\u00fdhru se 100% bonusem na ka\u017ed\u00fd vklad! Nenechte si uj\u00edt \u0161anci prom\u011bnit ka\u017edou s\u00e1zku ve zlato!\" \/>\n<meta name=\"robots\" content=\"index, follow, max-snippet:-1, max-image-preview:large, max-video-preview:-1\" \/>\n<meta property=\"og:locale\" content=\"cs_CZ\" \/>\n<meta property=\"og:type\" content=\"article\" \/>\n<meta property=\"og:title\" content=\"22Bet Vkladov\u00fd bonus Z\u00edskejte 100% bonus a\u017e do v\u00fd\u0161e 2400 K\u010d\" \/>\n<meta property=\"og:description\" content=\"Ka\u017ed\u00fd p\u00e1tek v\u00e1m 22Bet d\u00e1v\u00e1 \u0161anci vyhr\u00e1t 100% bonus a\u017e do v\u00fd\u0161e 2400 K\u010d! Zdvojn\u00e1sobte sv\u00e9 \u0161ance na v\u00fdhru se 100% bonusem na ka\u017ed\u00fd vklad! Nenechte si uj\u00edt \u0161anci prom\u011bnit ka\u017edou s\u00e1zku ve zlato!\" \/>\n<meta property=\"og:url\" content=\"https:\/\/22bet.cafe\/czec\/bonus\/reload-bonus\/\" \/>\n<meta property=\"og:site_name\" content=\"22bet Team cs\" \/>\n<meta name=\"twitter:card\" content=\"summary_large_image\" \/>\n<script type=\"application\/ld+json\" class=\"yoast-schema-graph\">{\"@context\":\"https:\/\/schema.org\",\"@graph\":[{\"@type\":\"WebPage\",\"@id\":\"https:\/\/22bet.cafe\/czec\/bonus\/reload-bonus\/\",\"url\":\"https:\/\/22bet.cafe\/czec\/bonus\/reload-bonus\/\",\"name\":\"22Bet Vkladov\u00fd bonus Z\u00edskejte 100% bonus a\u017e do v\u00fd\u0161e 2400 K\u010d\",\"isPartOf\":{\"@id\":\"https:\/\/22bet.cafe\/czec\/#website\"},\"datePublished\":\"2025-04-23T16:41:49+00:00\",\"description\":\"Ka\u017ed\u00fd p\u00e1tek v\u00e1m 22Bet d\u00e1v\u00e1 \u0161anci vyhr\u00e1t 100% bonus a\u017e do v\u00fd\u0161e 2400 K\u010d! Zdvojn\u00e1sobte sv\u00e9 \u0161ance na v\u00fdhru se 100% bonusem na ka\u017ed\u00fd vklad! Nenechte si uj\u00edt \u0161anci prom\u011bnit ka\u017edou s\u00e1zku ve zlato!\",\"breadcrumb\":{\"@id\":\"https:\/\/22bet.cafe\/czec\/bonus\/reload-bonus\/#breadcrumb\"},\"inLanguage\":\"cs-CZ\",\"potentialAction\":[{\"@type\":\"ReadAction\",\"target\":[\"https:\/\/22bet.cafe\/czec\/bonus\/reload-bonus\/\"]}]},{\"@type\":\"BreadcrumbList\",\"@id\":\"https:\/\/22bet.cafe\/czec\/bonus\/reload-bonus\/#breadcrumb\",\"itemListElement\":[{\"@type\":\"ListItem\",\"position\":1,\"name\":\"\u0413\u043b\u0430\u0432\u043d\u0430\u044f \u0441\u0442\u0440\u0430\u043d\u0438\u0446\u0430\",\"item\":\"https:\/\/22bet.cafe\/czec\/\"},{\"@type\":\"ListItem\",\"position\":2,\"name\":\"Bonus\",\"item\":\"https:\/\/22bet.cafe\/czec\/bonus\/\"},{\"@type\":\"ListItem\",\"position\":3,\"name\":\"Bonus za dobit\u00ed\"}]},{\"@type\":\"WebSite\",\"@id\":\"https:\/\/22bet.cafe\/czec\/#website\",\"url\":\"https:\/\/22bet.cafe\/czec\/\",\"name\":\"22bet Team cs\",\"description\":\"My WordPress Blog\",\"potentialAction\":[{\"@type\":\"SearchAction\",\"target\":{\"@type\":\"EntryPoint\",\"urlTemplate\":\"https:\/\/22bet.cafe\/czec\/?s={search_term_string}\"},\"query-input\":{\"@type\":\"PropertyValueSpecification\",\"valueRequired\":true,\"valueName\":\"search_term_string\"}}],\"inLanguage\":\"cs-CZ\"}]}<\/script>\n<!-- \/ Yoast SEO plugin. -->","yoast_head_json":{"title":"22Bet Vkladov\u00fd bonus Z\u00edskejte 100% bonus a\u017e do v\u00fd\u0161e 2400 K\u010d","description":"Ka\u017ed\u00fd p\u00e1tek v\u00e1m 22Bet d\u00e1v\u00e1 \u0161anci vyhr\u00e1t 100% bonus a\u017e do v\u00fd\u0161e 2400 K\u010d! Zdvojn\u00e1sobte sv\u00e9 \u0161ance na v\u00fdhru se 100% bonusem na ka\u017ed\u00fd vklad! Nenechte si uj\u00edt \u0161anci prom\u011bnit ka\u017edou s\u00e1zku ve zlato!","robots":{"index":"index","follow":"follow","max-snippet":"max-snippet:-1","max-image-preview":"max-image-preview:large","max-video-preview":"max-video-preview:-1"},"og_locale":"cs_CZ","og_type":"article","og_title":"22Bet Vkladov\u00fd bonus Z\u00edskejte 100% bonus a\u017e do v\u00fd\u0161e 2400 K\u010d","og_description":"Ka\u017ed\u00fd p\u00e1tek v\u00e1m 22Bet d\u00e1v\u00e1 \u0161anci vyhr\u00e1t 100% bonus a\u017e do v\u00fd\u0161e 2400 K\u010d! Zdvojn\u00e1sobte sv\u00e9 \u0161ance na v\u00fdhru se 100% bonusem na ka\u017ed\u00fd vklad! Nenechte si uj\u00edt \u0161anci prom\u011bnit ka\u017edou s\u00e1zku ve zlato!","og_url":"https:\/\/22bet.cafe\/czec\/bonus\/reload-bonus\/","og_site_name":"22bet Team cs","twitter_card":"summary_large_image","schema":{"@context":"https:\/\/schema.org","@graph":[{"@type":"WebPage","@id":"https:\/\/22bet.cafe\/czec\/bonus\/reload-bonus\/","url":"https:\/\/22bet.cafe\/czec\/bonus\/reload-bonus\/","name":"22Bet Vkladov\u00fd bonus Z\u00edskejte 100% bonus a\u017e do v\u00fd\u0161e 2400 K\u010d","isPartOf":{"@id":"https:\/\/22bet.cafe\/czec\/#website"},"datePublished":"2025-04-23T16:41:49+00:00","description":"Ka\u017ed\u00fd p\u00e1tek v\u00e1m 22Bet d\u00e1v\u00e1 \u0161anci vyhr\u00e1t 100% bonus a\u017e do v\u00fd\u0161e 2400 K\u010d! Zdvojn\u00e1sobte sv\u00e9 \u0161ance na v\u00fdhru se 100% bonusem na ka\u017ed\u00fd vklad! Nenechte si uj\u00edt \u0161anci prom\u011bnit ka\u017edou s\u00e1zku ve zlato!","breadcrumb":{"@id":"https:\/\/22bet.cafe\/czec\/bonus\/reload-bonus\/#breadcrumb"},"inLanguage":"cs-CZ","potentialAction":[{"@type":"ReadAction","target":["https:\/\/22bet.cafe\/czec\/bonus\/reload-bonus\/"]}]},{"@type":"BreadcrumbList","@id":"https:\/\/22bet.cafe\/czec\/bonus\/reload-bonus\/#breadcrumb","itemListElement":[{"@type":"ListItem","position":1,"name":"\u0413\u043b\u0430\u0432\u043d\u0430\u044f \u0441\u0442\u0440\u0430\u043d\u0438\u0446\u0430","item":"https:\/\/22bet.cafe\/czec\/"},{"@type":"ListItem","position":2,"name":"Bonus","item":"https:\/\/22bet.cafe\/czec\/bonus\/"},{"@type":"ListItem","position":3,"name":"Bonus za dobit\u00ed"}]},{"@type":"WebSite","@id":"https:\/\/22bet.cafe\/czec\/#website","url":"https:\/\/22bet.cafe\/czec\/","name":"22bet Team cs","description":"My WordPress Blog","potentialAction":[{"@type":"SearchAction","target":{"@type":"EntryPoint","urlTemplate":"https:\/\/22bet.cafe\/czec\/?s={search_term_string}"},"query-input":{"@type":"PropertyValueSpecification","valueRequired":true,"valueName":"search_term_string"}}],"inLanguage":"cs-CZ"}]}},"_links":{"self":[{"href":"https:\/\/22bet.cafe\/czec\/wp-json\/wp\/v2\/pages\/723","targetHints":{"allow":["GET"]}}],"collection":[{"href":"https:\/\/22bet.cafe\/czec\/wp-json\/wp\/v2\/pages"}],"about":[{"href":"https:\/\/22bet.cafe\/czec\/wp-json\/wp\/v2\/types\/page"}],"author":[{"embeddable":true,"href":"https:\/\/22bet.cafe\/czec\/wp-json\/wp\/v2\/users\/1"}],"replies":[{"embeddable":true,"href":"https:\/\/22bet.cafe\/czec\/wp-json\/wp\/v2\/comments?post=723"}],"version-history":[{"count":0,"href":"https:\/\/22bet.cafe\/czec\/wp-json\/wp\/v2\/pages\/723\/revisions"}],"up":[{"embeddable":true,"href":"https:\/\/22bet.cafe\/czec\/wp-json\/wp\/v2\/pages\/152"}],"wp:attachment":[{"href":"https:\/\/22bet.cafe\/czec\/wp-json\/wp\/v2\/media?parent=723"}],"curies":[{"name":"wp","href":"https:\/\/api.w.org\/{rel}","templated":true}]}}