{"id":522,"date":"2024-09-17T06:08:30","date_gmt":"2024-09-17T06:08:30","guid":{"rendered":"https:\/\/22bet.cafe\/czec\/?page_id=522"},"modified":"2025-01-13T13:27:25","modified_gmt":"2025-01-13T13:27:25","slug":"casino","status":"publish","type":"page","link":"https:\/\/22bet.cafe\/czec\/casino\/","title":{"rendered":"Kasino"},"content":{"rendered":"","protected":false},"excerpt":{"rendered":"","protected":false},"author":1,"featured_media":0,"parent":0,"menu_order":0,"comment_status":"closed","ping_status":"closed","template":"","meta":{"_acf_changed":false,"inline_featured_image":false,"footnotes":""},"class_list":["post-522","page","type-page","status-publish","hentry"],"acf":[],"yoast_head":"<!-- This site is optimized with the Yoast SEO plugin v26.0 - https:\/\/yoast.com\/wordpress\/plugins\/seo\/ -->\n<title>22Bet \u010cesko Casino 2025 | Hr\u00e1t 22Bet Hry<\/title>\n<meta name=\"description\" content=\"Kasino 22Bet nab\u00edz\u00ed \u0161irokou \u0161k\u00e1lu kasinov\u00fdch her a atraktivn\u00ed propaga\u010dn\u00ed akce. Zahrajte si hry s \u017eiv\u00fdm krupi\u00e9rem a v\u00fdhern\u00ed automaty s bonusov\u00fdmi funkcemi v 22Bet. Zaregistrujte se a z\u00edskejte uv\u00edtac\u00ed bonus do kasina!\" \/>\n<meta name=\"robots\" content=\"index, follow, max-snippet:-1, max-image-preview:large, max-video-preview:-1\" \/>\n<meta property=\"og:locale\" content=\"cs_CZ\" \/>\n<meta property=\"og:type\" content=\"article\" \/>\n<meta property=\"og:title\" content=\"22Bet \u010cesko Casino 2025 | Hr\u00e1t 22Bet Hry\" \/>\n<meta property=\"og:description\" content=\"Kasino 22Bet nab\u00edz\u00ed \u0161irokou \u0161k\u00e1lu kasinov\u00fdch her a atraktivn\u00ed propaga\u010dn\u00ed akce. Zahrajte si hry s \u017eiv\u00fdm krupi\u00e9rem a v\u00fdhern\u00ed automaty s bonusov\u00fdmi funkcemi v 22Bet. Zaregistrujte se a z\u00edskejte uv\u00edtac\u00ed bonus do kasina!\" \/>\n<meta property=\"og:url\" content=\"https:\/\/22bet.cafe\/czec\/casino\/\" \/>\n<meta property=\"og:site_name\" content=\"22bet Team cs\" \/>\n<meta property=\"article:modified_time\" content=\"2025-01-13T13:27:25+00:00\" \/>\n<meta name=\"twitter:card\" content=\"summary_large_image\" \/>\n<script type=\"application\/ld+json\" class=\"yoast-schema-graph\">{\"@context\":\"https:\/\/schema.org\",\"@graph\":[{\"@type\":\"WebPage\",\"@id\":\"https:\/\/22bet.cafe\/czec\/casino\/\",\"url\":\"https:\/\/22bet.cafe\/czec\/casino\/\",\"name\":\"22Bet \u010cesko Casino 2025 | Hr\u00e1t 22Bet Hry\",\"isPartOf\":{\"@id\":\"https:\/\/22bet.cafe\/czec\/#website\"},\"datePublished\":\"2024-09-17T06:08:30+00:00\",\"dateModified\":\"2025-01-13T13:27:25+00:00\",\"description\":\"Kasino 22Bet nab\u00edz\u00ed \u0161irokou \u0161k\u00e1lu kasinov\u00fdch her a atraktivn\u00ed propaga\u010dn\u00ed akce. Zahrajte si hry s \u017eiv\u00fdm krupi\u00e9rem a v\u00fdhern\u00ed automaty s bonusov\u00fdmi funkcemi v 22Bet. Zaregistrujte se a z\u00edskejte uv\u00edtac\u00ed bonus do kasina!\",\"breadcrumb\":{\"@id\":\"https:\/\/22bet.cafe\/czec\/casino\/#breadcrumb\"},\"inLanguage\":\"cs-CZ\",\"potentialAction\":[{\"@type\":\"ReadAction\",\"target\":[\"https:\/\/22bet.cafe\/czec\/casino\/\"]}]},{\"@type\":\"BreadcrumbList\",\"@id\":\"https:\/\/22bet.cafe\/czec\/casino\/#breadcrumb\",\"itemListElement\":[{\"@type\":\"ListItem\",\"position\":1,\"name\":\"\u0413\u043b\u0430\u0432\u043d\u0430\u044f \u0441\u0442\u0440\u0430\u043d\u0438\u0446\u0430\",\"item\":\"https:\/\/22bet.cafe\/czec\/\"},{\"@type\":\"ListItem\",\"position\":2,\"name\":\"Kasino\"}]},{\"@type\":\"WebSite\",\"@id\":\"https:\/\/22bet.cafe\/czec\/#website\",\"url\":\"https:\/\/22bet.cafe\/czec\/\",\"name\":\"22bet Team cs\",\"description\":\"My WordPress Blog\",\"potentialAction\":[{\"@type\":\"SearchAction\",\"target\":{\"@type\":\"EntryPoint\",\"urlTemplate\":\"https:\/\/22bet.cafe\/czec\/?s={search_term_string}\"},\"query-input\":{\"@type\":\"PropertyValueSpecification\",\"valueRequired\":true,\"valueName\":\"search_term_string\"}}],\"inLanguage\":\"cs-CZ\"}]}<\/script>\n<!-- \/ Yoast SEO plugin. -->","yoast_head_json":{"title":"22Bet \u010cesko Casino 2025 | Hr\u00e1t 22Bet Hry","description":"Kasino 22Bet nab\u00edz\u00ed \u0161irokou \u0161k\u00e1lu kasinov\u00fdch her a atraktivn\u00ed propaga\u010dn\u00ed akce. Zahrajte si hry s \u017eiv\u00fdm krupi\u00e9rem a v\u00fdhern\u00ed automaty s bonusov\u00fdmi funkcemi v 22Bet. Zaregistrujte se a z\u00edskejte uv\u00edtac\u00ed bonus do kasina!","robots":{"index":"index","follow":"follow","max-snippet":"max-snippet:-1","max-image-preview":"max-image-preview:large","max-video-preview":"max-video-preview:-1"},"og_locale":"cs_CZ","og_type":"article","og_title":"22Bet \u010cesko Casino 2025 | Hr\u00e1t 22Bet Hry","og_description":"Kasino 22Bet nab\u00edz\u00ed \u0161irokou \u0161k\u00e1lu kasinov\u00fdch her a atraktivn\u00ed propaga\u010dn\u00ed akce. Zahrajte si hry s \u017eiv\u00fdm krupi\u00e9rem a v\u00fdhern\u00ed automaty s bonusov\u00fdmi funkcemi v 22Bet. Zaregistrujte se a z\u00edskejte uv\u00edtac\u00ed bonus do kasina!","og_url":"https:\/\/22bet.cafe\/czec\/casino\/","og_site_name":"22bet Team cs","article_modified_time":"2025-01-13T13:27:25+00:00","twitter_card":"summary_large_image","schema":{"@context":"https:\/\/schema.org","@graph":[{"@type":"WebPage","@id":"https:\/\/22bet.cafe\/czec\/casino\/","url":"https:\/\/22bet.cafe\/czec\/casino\/","name":"22Bet \u010cesko Casino 2025 | Hr\u00e1t 22Bet Hry","isPartOf":{"@id":"https:\/\/22bet.cafe\/czec\/#website"},"datePublished":"2024-09-17T06:08:30+00:00","dateModified":"2025-01-13T13:27:25+00:00","description":"Kasino 22Bet nab\u00edz\u00ed \u0161irokou \u0161k\u00e1lu kasinov\u00fdch her a atraktivn\u00ed propaga\u010dn\u00ed akce. Zahrajte si hry s \u017eiv\u00fdm krupi\u00e9rem a v\u00fdhern\u00ed automaty s bonusov\u00fdmi funkcemi v 22Bet. Zaregistrujte se a z\u00edskejte uv\u00edtac\u00ed bonus do kasina!","breadcrumb":{"@id":"https:\/\/22bet.cafe\/czec\/casino\/#breadcrumb"},"inLanguage":"cs-CZ","potentialAction":[{"@type":"ReadAction","target":["https:\/\/22bet.cafe\/czec\/casino\/"]}]},{"@type":"BreadcrumbList","@id":"https:\/\/22bet.cafe\/czec\/casino\/#breadcrumb","itemListElement":[{"@type":"ListItem","position":1,"name":"\u0413\u043b\u0430\u0432\u043d\u0430\u044f \u0441\u0442\u0440\u0430\u043d\u0438\u0446\u0430","item":"https:\/\/22bet.cafe\/czec\/"},{"@type":"ListItem","position":2,"name":"Kasino"}]},{"@type":"WebSite","@id":"https:\/\/22bet.cafe\/czec\/#website","url":"https:\/\/22bet.cafe\/czec\/","name":"22bet Team cs","description":"My WordPress Blog","potentialAction":[{"@type":"SearchAction","target":{"@type":"EntryPoint","urlTemplate":"https:\/\/22bet.cafe\/czec\/?s={search_term_string}"},"query-input":{"@type":"PropertyValueSpecification","valueRequired":true,"valueName":"search_term_string"}}],"inLanguage":"cs-CZ"}]}},"_links":{"self":[{"href":"https:\/\/22bet.cafe\/czec\/wp-json\/wp\/v2\/pages\/522","targetHints":{"allow":["GET"]}}],"collection":[{"href":"https:\/\/22bet.cafe\/czec\/wp-json\/wp\/v2\/pages"}],"about":[{"href":"https:\/\/22bet.cafe\/czec\/wp-json\/wp\/v2\/types\/page"}],"author":[{"embeddable":true,"href":"https:\/\/22bet.cafe\/czec\/wp-json\/wp\/v2\/users\/1"}],"replies":[{"embeddable":true,"href":"https:\/\/22bet.cafe\/czec\/wp-json\/wp\/v2\/comments?post=522"}],"version-history":[{"count":0,"href":"https:\/\/22bet.cafe\/czec\/wp-json\/wp\/v2\/pages\/522\/revisions"}],"wp:attachment":[{"href":"https:\/\/22bet.cafe\/czec\/wp-json\/wp\/v2\/media?parent=522"}],"curies":[{"name":"wp","href":"https:\/\/api.w.org\/{rel}","templated":true}]}}