{"id":294,"date":"2024-03-12T10:44:40","date_gmt":"2024-03-12T10:44:40","guid":{"rendered":"https:\/\/22bet.cafe\/czec\/?page_id=294"},"modified":"2024-11-26T07:34:20","modified_gmt":"2024-11-26T07:34:20","slug":"app","status":"publish","type":"page","link":"https:\/\/22bet.cafe\/czec\/app\/","title":{"rendered":"Aplikace"},"content":{"rendered":"","protected":false},"excerpt":{"rendered":"","protected":false},"author":1,"featured_media":0,"parent":0,"menu_order":0,"comment_status":"closed","ping_status":"closed","template":"","meta":{"_acf_changed":false,"inline_featured_image":false,"footnotes":""},"class_list":["post-294","page","type-page","status-publish","hentry"],"acf":[],"yoast_head":"<!-- This site is optimized with the Yoast SEO plugin v26.0 - https:\/\/yoast.com\/wordpress\/plugins\/seo\/ -->\n<title>22Bet \u010cesko App | S\u00e1zen\u00ed a kasino pro IOS a Android<\/title>\n<meta name=\"description\" content=\"Objevte aplikaci 22Bet ke sta\u017een\u00ed \u2705 Snadno si st\u00e1hn\u011bte a nainstalujte mobiln\u00ed aplikaci 22Bet do sv\u00e9ho za\u0159\u00edzen\u00ed se syst\u00e9mem Android nebo iOS pomoc\u00ed na\u0161eho jednoduch\u00e9ho pr\u016fvodce krok za krokem.\" \/>\n<meta name=\"robots\" content=\"index, follow, max-snippet:-1, max-image-preview:large, max-video-preview:-1\" \/>\n<meta property=\"og:locale\" content=\"cs_CZ\" \/>\n<meta property=\"og:type\" content=\"article\" \/>\n<meta property=\"og:title\" content=\"22Bet \u010cesko App | S\u00e1zen\u00ed a kasino pro IOS a Android\" \/>\n<meta property=\"og:description\" content=\"Objevte aplikaci 22Bet ke sta\u017een\u00ed \u2705 Snadno si st\u00e1hn\u011bte a nainstalujte mobiln\u00ed aplikaci 22Bet do sv\u00e9ho za\u0159\u00edzen\u00ed se syst\u00e9mem Android nebo iOS pomoc\u00ed na\u0161eho jednoduch\u00e9ho pr\u016fvodce krok za krokem.\" \/>\n<meta property=\"og:url\" content=\"https:\/\/22bet.cafe\/czec\/app\/\" \/>\n<meta property=\"og:site_name\" content=\"22bet Team cs\" \/>\n<meta property=\"article:modified_time\" content=\"2024-11-26T07:34:20+00:00\" \/>\n<meta name=\"twitter:card\" content=\"summary_large_image\" \/>\n<script type=\"application\/ld+json\" class=\"yoast-schema-graph\">{\"@context\":\"https:\/\/schema.org\",\"@graph\":[{\"@type\":\"WebPage\",\"@id\":\"https:\/\/22bet.cafe\/czec\/app\/\",\"url\":\"https:\/\/22bet.cafe\/czec\/app\/\",\"name\":\"22Bet \u010cesko App | S\u00e1zen\u00ed a kasino pro IOS a Android\",\"isPartOf\":{\"@id\":\"https:\/\/22bet.cafe\/czec\/#website\"},\"datePublished\":\"2024-03-12T10:44:40+00:00\",\"dateModified\":\"2024-11-26T07:34:20+00:00\",\"description\":\"Objevte aplikaci 22Bet ke sta\u017een\u00ed \u2705 Snadno si st\u00e1hn\u011bte a nainstalujte mobiln\u00ed aplikaci 22Bet do sv\u00e9ho za\u0159\u00edzen\u00ed se syst\u00e9mem Android nebo iOS pomoc\u00ed na\u0161eho jednoduch\u00e9ho pr\u016fvodce krok za krokem.\",\"breadcrumb\":{\"@id\":\"https:\/\/22bet.cafe\/czec\/app\/#breadcrumb\"},\"inLanguage\":\"cs-CZ\",\"potentialAction\":[{\"@type\":\"ReadAction\",\"target\":[\"https:\/\/22bet.cafe\/czec\/app\/\"]}]},{\"@type\":\"BreadcrumbList\",\"@id\":\"https:\/\/22bet.cafe\/czec\/app\/#breadcrumb\",\"itemListElement\":[{\"@type\":\"ListItem\",\"position\":1,\"name\":\"\u0413\u043b\u0430\u0432\u043d\u0430\u044f \u0441\u0442\u0440\u0430\u043d\u0438\u0446\u0430\",\"item\":\"https:\/\/22bet.cafe\/czec\/\"},{\"@type\":\"ListItem\",\"position\":2,\"name\":\"Aplikace\"}]},{\"@type\":\"WebSite\",\"@id\":\"https:\/\/22bet.cafe\/czec\/#website\",\"url\":\"https:\/\/22bet.cafe\/czec\/\",\"name\":\"22bet Team cs\",\"description\":\"My WordPress Blog\",\"potentialAction\":[{\"@type\":\"SearchAction\",\"target\":{\"@type\":\"EntryPoint\",\"urlTemplate\":\"https:\/\/22bet.cafe\/czec\/?s={search_term_string}\"},\"query-input\":{\"@type\":\"PropertyValueSpecification\",\"valueRequired\":true,\"valueName\":\"search_term_string\"}}],\"inLanguage\":\"cs-CZ\"}]}<\/script>\n<!-- \/ Yoast SEO plugin. -->","yoast_head_json":{"title":"22Bet \u010cesko App | S\u00e1zen\u00ed a kasino pro IOS a Android","description":"Objevte aplikaci 22Bet ke sta\u017een\u00ed \u2705 Snadno si st\u00e1hn\u011bte a nainstalujte mobiln\u00ed aplikaci 22Bet do sv\u00e9ho za\u0159\u00edzen\u00ed se syst\u00e9mem Android nebo iOS pomoc\u00ed na\u0161eho jednoduch\u00e9ho pr\u016fvodce krok za krokem.","robots":{"index":"index","follow":"follow","max-snippet":"max-snippet:-1","max-image-preview":"max-image-preview:large","max-video-preview":"max-video-preview:-1"},"og_locale":"cs_CZ","og_type":"article","og_title":"22Bet \u010cesko App | S\u00e1zen\u00ed a kasino pro IOS a Android","og_description":"Objevte aplikaci 22Bet ke sta\u017een\u00ed \u2705 Snadno si st\u00e1hn\u011bte a nainstalujte mobiln\u00ed aplikaci 22Bet do sv\u00e9ho za\u0159\u00edzen\u00ed se syst\u00e9mem Android nebo iOS pomoc\u00ed na\u0161eho jednoduch\u00e9ho pr\u016fvodce krok za krokem.","og_url":"https:\/\/22bet.cafe\/czec\/app\/","og_site_name":"22bet Team cs","article_modified_time":"2024-11-26T07:34:20+00:00","twitter_card":"summary_large_image","schema":{"@context":"https:\/\/schema.org","@graph":[{"@type":"WebPage","@id":"https:\/\/22bet.cafe\/czec\/app\/","url":"https:\/\/22bet.cafe\/czec\/app\/","name":"22Bet \u010cesko App | S\u00e1zen\u00ed a kasino pro IOS a Android","isPartOf":{"@id":"https:\/\/22bet.cafe\/czec\/#website"},"datePublished":"2024-03-12T10:44:40+00:00","dateModified":"2024-11-26T07:34:20+00:00","description":"Objevte aplikaci 22Bet ke sta\u017een\u00ed \u2705 Snadno si st\u00e1hn\u011bte a nainstalujte mobiln\u00ed aplikaci 22Bet do sv\u00e9ho za\u0159\u00edzen\u00ed se syst\u00e9mem Android nebo iOS pomoc\u00ed na\u0161eho jednoduch\u00e9ho pr\u016fvodce krok za krokem.","breadcrumb":{"@id":"https:\/\/22bet.cafe\/czec\/app\/#breadcrumb"},"inLanguage":"cs-CZ","potentialAction":[{"@type":"ReadAction","target":["https:\/\/22bet.cafe\/czec\/app\/"]}]},{"@type":"BreadcrumbList","@id":"https:\/\/22bet.cafe\/czec\/app\/#breadcrumb","itemListElement":[{"@type":"ListItem","position":1,"name":"\u0413\u043b\u0430\u0432\u043d\u0430\u044f \u0441\u0442\u0440\u0430\u043d\u0438\u0446\u0430","item":"https:\/\/22bet.cafe\/czec\/"},{"@type":"ListItem","position":2,"name":"Aplikace"}]},{"@type":"WebSite","@id":"https:\/\/22bet.cafe\/czec\/#website","url":"https:\/\/22bet.cafe\/czec\/","name":"22bet Team cs","description":"My WordPress Blog","potentialAction":[{"@type":"SearchAction","target":{"@type":"EntryPoint","urlTemplate":"https:\/\/22bet.cafe\/czec\/?s={search_term_string}"},"query-input":{"@type":"PropertyValueSpecification","valueRequired":true,"valueName":"search_term_string"}}],"inLanguage":"cs-CZ"}]}},"_links":{"self":[{"href":"https:\/\/22bet.cafe\/czec\/wp-json\/wp\/v2\/pages\/294","targetHints":{"allow":["GET"]}}],"collection":[{"href":"https:\/\/22bet.cafe\/czec\/wp-json\/wp\/v2\/pages"}],"about":[{"href":"https:\/\/22bet.cafe\/czec\/wp-json\/wp\/v2\/types\/page"}],"author":[{"embeddable":true,"href":"https:\/\/22bet.cafe\/czec\/wp-json\/wp\/v2\/users\/1"}],"replies":[{"embeddable":true,"href":"https:\/\/22bet.cafe\/czec\/wp-json\/wp\/v2\/comments?post=294"}],"version-history":[{"count":0,"href":"https:\/\/22bet.cafe\/czec\/wp-json\/wp\/v2\/pages\/294\/revisions"}],"wp:attachment":[{"href":"https:\/\/22bet.cafe\/czec\/wp-json\/wp\/v2\/media?parent=294"}],"curies":[{"name":"wp","href":"https:\/\/api.w.org\/{rel}","templated":true}]}}