{"id":2,"date":"2023-05-18T17:18:34","date_gmt":"2023-05-18T17:18:34","guid":{"rendered":"https:\/\/22bet.cafe\/czec\/?page_id=2"},"modified":"2025-08-26T12:16:03","modified_gmt":"2025-08-26T12:16:03","slug":"sample-page","status":"publish","type":"page","link":"https:\/\/22bet.cafe\/czec\/","title":{"rendered":"Hlavn\u00ed str\u00e1nka"},"content":{"rendered":"","protected":false},"excerpt":{"rendered":"","protected":false},"author":1,"featured_media":0,"parent":0,"menu_order":0,"comment_status":"closed","ping_status":"open","template":"","meta":{"_acf_changed":false,"inline_featured_image":false,"footnotes":""},"class_list":["post-2","page","type-page","status-publish","hentry"],"acf":[],"yoast_head":"<!-- This site is optimized with the Yoast SEO plugin v26.0 - https:\/\/yoast.com\/wordpress\/plugins\/seo\/ -->\n<title>22Bet \u010cesko sportovn\u00ed s\u00e1zky a kasino | Ofici\u00e1ln\u00ed webov\u00e9 str\u00e1nky<\/title>\n<meta name=\"description\" content=\"22Bet je va\u0161\u00edm nejlep\u0161\u00edm m\u00edstem pro online hran\u00ed a sportovn\u00ed s\u00e1zen\u00ed! \u2714\ufe0f U\u017eijte si bezpe\u010dn\u00e9 a f\u00e9rov\u00e9 hran\u00ed s bonusy 22Bet\" \/>\n<meta name=\"robots\" content=\"index, follow, max-snippet:-1, max-image-preview:large, max-video-preview:-1\" \/>\n<meta property=\"og:locale\" content=\"cs_CZ\" \/>\n<meta property=\"og:type\" content=\"article\" \/>\n<meta property=\"og:title\" content=\"22Bet \u010cesko sportovn\u00ed s\u00e1zky a kasino | Ofici\u00e1ln\u00ed webov\u00e9 str\u00e1nky\" \/>\n<meta property=\"og:description\" content=\"22Bet je va\u0161\u00edm nejlep\u0161\u00edm m\u00edstem pro online hran\u00ed a sportovn\u00ed s\u00e1zen\u00ed! \u2714\ufe0f U\u017eijte si bezpe\u010dn\u00e9 a f\u00e9rov\u00e9 hran\u00ed s bonusy 22Bet\" \/>\n<meta property=\"og:url\" content=\"https:\/\/22bet.cafe\/czec\/\" \/>\n<meta property=\"og:site_name\" content=\"22bet Team cs\" \/>\n<meta property=\"article:modified_time\" content=\"2025-08-26T12:16:03+00:00\" \/>\n<meta name=\"twitter:card\" content=\"summary_large_image\" \/>\n<script type=\"application\/ld+json\" class=\"yoast-schema-graph\">{\"@context\":\"https:\/\/schema.org\",\"@graph\":[{\"@type\":\"WebPage\",\"@id\":\"https:\/\/22bet.cafe\/czec\/\",\"url\":\"https:\/\/22bet.cafe\/czec\/\",\"name\":\"22Bet \u010cesko sportovn\u00ed s\u00e1zky a kasino | Ofici\u00e1ln\u00ed webov\u00e9 str\u00e1nky\",\"isPartOf\":{\"@id\":\"https:\/\/22bet.cafe\/czec\/#website\"},\"datePublished\":\"2023-05-18T17:18:34+00:00\",\"dateModified\":\"2025-08-26T12:16:03+00:00\",\"description\":\"22Bet je va\u0161\u00edm nejlep\u0161\u00edm m\u00edstem pro online hran\u00ed a sportovn\u00ed s\u00e1zen\u00ed! \u2714\ufe0f U\u017eijte si bezpe\u010dn\u00e9 a f\u00e9rov\u00e9 hran\u00ed s bonusy 22Bet\",\"breadcrumb\":{\"@id\":\"https:\/\/22bet.cafe\/czec\/#breadcrumb\"},\"inLanguage\":\"cs-CZ\",\"potentialAction\":[{\"@type\":\"ReadAction\",\"target\":[\"https:\/\/22bet.cafe\/czec\/\"]}]},{\"@type\":\"BreadcrumbList\",\"@id\":\"https:\/\/22bet.cafe\/czec\/#breadcrumb\",\"itemListElement\":[{\"@type\":\"ListItem\",\"position\":1,\"name\":\"\u0413\u043b\u0430\u0432\u043d\u0430\u044f \u0441\u0442\u0440\u0430\u043d\u0438\u0446\u0430\",\"item\":\"https:\/\/22bet.cafe\/czec\/\"},{\"@type\":\"ListItem\",\"position\":2,\"name\":\"Hlavn\u00ed str\u00e1nka\"}]},{\"@type\":\"WebSite\",\"@id\":\"https:\/\/22bet.cafe\/czec\/#website\",\"url\":\"https:\/\/22bet.cafe\/czec\/\",\"name\":\"22bet Team cs\",\"description\":\"My WordPress Blog\",\"potentialAction\":[{\"@type\":\"SearchAction\",\"target\":{\"@type\":\"EntryPoint\",\"urlTemplate\":\"https:\/\/22bet.cafe\/czec\/?s={search_term_string}\"},\"query-input\":{\"@type\":\"PropertyValueSpecification\",\"valueRequired\":true,\"valueName\":\"search_term_string\"}}],\"inLanguage\":\"cs-CZ\"}]}<\/script>\n<!-- \/ Yoast SEO plugin. -->","yoast_head_json":{"title":"22Bet \u010cesko sportovn\u00ed s\u00e1zky a kasino | Ofici\u00e1ln\u00ed webov\u00e9 str\u00e1nky","description":"22Bet je va\u0161\u00edm nejlep\u0161\u00edm m\u00edstem pro online hran\u00ed a sportovn\u00ed s\u00e1zen\u00ed! \u2714\ufe0f U\u017eijte si bezpe\u010dn\u00e9 a f\u00e9rov\u00e9 hran\u00ed s bonusy 22Bet","robots":{"index":"index","follow":"follow","max-snippet":"max-snippet:-1","max-image-preview":"max-image-preview:large","max-video-preview":"max-video-preview:-1"},"og_locale":"cs_CZ","og_type":"article","og_title":"22Bet \u010cesko sportovn\u00ed s\u00e1zky a kasino | Ofici\u00e1ln\u00ed webov\u00e9 str\u00e1nky","og_description":"22Bet je va\u0161\u00edm nejlep\u0161\u00edm m\u00edstem pro online hran\u00ed a sportovn\u00ed s\u00e1zen\u00ed! \u2714\ufe0f U\u017eijte si bezpe\u010dn\u00e9 a f\u00e9rov\u00e9 hran\u00ed s bonusy 22Bet","og_url":"https:\/\/22bet.cafe\/czec\/","og_site_name":"22bet Team cs","article_modified_time":"2025-08-26T12:16:03+00:00","twitter_card":"summary_large_image","schema":{"@context":"https:\/\/schema.org","@graph":[{"@type":"WebPage","@id":"https:\/\/22bet.cafe\/czec\/","url":"https:\/\/22bet.cafe\/czec\/","name":"22Bet \u010cesko sportovn\u00ed s\u00e1zky a kasino | Ofici\u00e1ln\u00ed webov\u00e9 str\u00e1nky","isPartOf":{"@id":"https:\/\/22bet.cafe\/czec\/#website"},"datePublished":"2023-05-18T17:18:34+00:00","dateModified":"2025-08-26T12:16:03+00:00","description":"22Bet je va\u0161\u00edm nejlep\u0161\u00edm m\u00edstem pro online hran\u00ed a sportovn\u00ed s\u00e1zen\u00ed! \u2714\ufe0f U\u017eijte si bezpe\u010dn\u00e9 a f\u00e9rov\u00e9 hran\u00ed s bonusy 22Bet","breadcrumb":{"@id":"https:\/\/22bet.cafe\/czec\/#breadcrumb"},"inLanguage":"cs-CZ","potentialAction":[{"@type":"ReadAction","target":["https:\/\/22bet.cafe\/czec\/"]}]},{"@type":"BreadcrumbList","@id":"https:\/\/22bet.cafe\/czec\/#breadcrumb","itemListElement":[{"@type":"ListItem","position":1,"name":"\u0413\u043b\u0430\u0432\u043d\u0430\u044f \u0441\u0442\u0440\u0430\u043d\u0438\u0446\u0430","item":"https:\/\/22bet.cafe\/czec\/"},{"@type":"ListItem","position":2,"name":"Hlavn\u00ed str\u00e1nka"}]},{"@type":"WebSite","@id":"https:\/\/22bet.cafe\/czec\/#website","url":"https:\/\/22bet.cafe\/czec\/","name":"22bet Team cs","description":"My WordPress Blog","potentialAction":[{"@type":"SearchAction","target":{"@type":"EntryPoint","urlTemplate":"https:\/\/22bet.cafe\/czec\/?s={search_term_string}"},"query-input":{"@type":"PropertyValueSpecification","valueRequired":true,"valueName":"search_term_string"}}],"inLanguage":"cs-CZ"}]}},"_links":{"self":[{"href":"https:\/\/22bet.cafe\/czec\/wp-json\/wp\/v2\/pages\/2","targetHints":{"allow":["GET"]}}],"collection":[{"href":"https:\/\/22bet.cafe\/czec\/wp-json\/wp\/v2\/pages"}],"about":[{"href":"https:\/\/22bet.cafe\/czec\/wp-json\/wp\/v2\/types\/page"}],"author":[{"embeddable":true,"href":"https:\/\/22bet.cafe\/czec\/wp-json\/wp\/v2\/users\/1"}],"replies":[{"embeddable":true,"href":"https:\/\/22bet.cafe\/czec\/wp-json\/wp\/v2\/comments?post=2"}],"version-history":[{"count":0,"href":"https:\/\/22bet.cafe\/czec\/wp-json\/wp\/v2\/pages\/2\/revisions"}],"wp:attachment":[{"href":"https:\/\/22bet.cafe\/czec\/wp-json\/wp\/v2\/media?parent=2"}],"curies":[{"name":"wp","href":"https:\/\/api.w.org\/{rel}","templated":true}]}}