{"id":721,"date":"2025-04-23T16:34:10","date_gmt":"2025-04-23T16:34:10","guid":{"rendered":"https:\/\/22bet.cafe\/cs\/?page_id=721"},"modified":"2025-04-23T16:34:10","modified_gmt":"2025-04-23T16:34:10","slug":"wednesday-cash-splash","status":"publish","type":"page","link":"https:\/\/22bet.cafe\/cs\/bonus\/wednesday-cash-splash\/","title":{"rendered":"St\u0159ede\u010dn\u00ed v\u00fdplata pen\u011bz"},"content":{"rendered":"","protected":false},"excerpt":{"rendered":"","protected":false},"author":1,"featured_media":0,"parent":152,"menu_order":0,"comment_status":"closed","ping_status":"closed","template":"","meta":{"_acf_changed":false,"inline_featured_image":false,"footnotes":""},"class_list":["post-721","page","type-page","status-publish","hentry"],"acf":[],"yoast_head":"<!-- This site is optimized with the Yoast SEO plugin v26.0 - https:\/\/yoast.com\/wordpress\/plugins\/seo\/ -->\n<title>St\u0159ede\u010dn\u00ed pen\u011b\u017en\u00ed v\u00fdplach: 50% bonus a\u017e do v\u00fd\u0161e 4800 K\u010d<\/title>\n<meta name=\"description\" content=\"Rozpoutejte vzru\u0161en\u00ed st\u0159ede\u010dn\u00edm v\u00fdplachem pen\u011bz! Z\u00edskejte v kasinu bonus 50 % a\u017e do v\u00fd\u0161e 4800 K\u010d na sv\u00e9 obl\u00edben\u00e9 hrac\u00ed automaty. Nenechte si uj\u00edt p\u0159\u00edle\u017eitost maximalizovat sv\u00e9 v\u00fdhry a podpo\u0159it svou hru - jednejte nyn\u00ed a vyzvedn\u011bte si sv\u016fj bonus!\" \/>\n<meta name=\"robots\" content=\"index, follow, max-snippet:-1, max-image-preview:large, max-video-preview:-1\" \/>\n<meta property=\"og:locale\" content=\"cs_CZ\" \/>\n<meta property=\"og:type\" content=\"article\" \/>\n<meta property=\"og:title\" content=\"St\u0159ede\u010dn\u00ed pen\u011b\u017en\u00ed v\u00fdplach: 50% bonus a\u017e do v\u00fd\u0161e 4800 K\u010d\" \/>\n<meta property=\"og:description\" content=\"Rozpoutejte vzru\u0161en\u00ed st\u0159ede\u010dn\u00edm v\u00fdplachem pen\u011bz! Z\u00edskejte v kasinu bonus 50 % a\u017e do v\u00fd\u0161e 4800 K\u010d na sv\u00e9 obl\u00edben\u00e9 hrac\u00ed automaty. Nenechte si uj\u00edt p\u0159\u00edle\u017eitost maximalizovat sv\u00e9 v\u00fdhry a podpo\u0159it svou hru - jednejte nyn\u00ed a vyzvedn\u011bte si sv\u016fj bonus!\" \/>\n<meta property=\"og:url\" content=\"https:\/\/22bet.cafe\/cs\/bonus\/wednesday-cash-splash\/\" \/>\n<meta property=\"og:site_name\" content=\"22bet Team cs\" \/>\n<meta name=\"twitter:card\" content=\"summary_large_image\" \/>\n<script type=\"application\/ld+json\" class=\"yoast-schema-graph\">{\"@context\":\"https:\/\/schema.org\",\"@graph\":[{\"@type\":\"WebPage\",\"@id\":\"https:\/\/22bet.cafe\/cs\/bonus\/wednesday-cash-splash\/\",\"url\":\"https:\/\/22bet.cafe\/cs\/bonus\/wednesday-cash-splash\/\",\"name\":\"St\u0159ede\u010dn\u00ed pen\u011b\u017en\u00ed v\u00fdplach: 50% bonus a\u017e do v\u00fd\u0161e 4800 K\u010d\",\"isPartOf\":{\"@id\":\"https:\/\/22bet.cafe\/cs\/#website\"},\"datePublished\":\"2025-04-23T16:34:10+00:00\",\"description\":\"Rozpoutejte vzru\u0161en\u00ed st\u0159ede\u010dn\u00edm v\u00fdplachem pen\u011bz! Z\u00edskejte v kasinu bonus 50 % a\u017e do v\u00fd\u0161e 4800 K\u010d na sv\u00e9 obl\u00edben\u00e9 hrac\u00ed automaty. Nenechte si uj\u00edt p\u0159\u00edle\u017eitost maximalizovat sv\u00e9 v\u00fdhry a podpo\u0159it svou hru - jednejte nyn\u00ed a vyzvedn\u011bte si sv\u016fj bonus!\",\"breadcrumb\":{\"@id\":\"https:\/\/22bet.cafe\/cs\/bonus\/wednesday-cash-splash\/#breadcrumb\"},\"inLanguage\":\"cs-CZ\",\"potentialAction\":[{\"@type\":\"ReadAction\",\"target\":[\"https:\/\/22bet.cafe\/cs\/bonus\/wednesday-cash-splash\/\"]}]},{\"@type\":\"BreadcrumbList\",\"@id\":\"https:\/\/22bet.cafe\/cs\/bonus\/wednesday-cash-splash\/#breadcrumb\",\"itemListElement\":[{\"@type\":\"ListItem\",\"position\":1,\"name\":\"\u0413\u043b\u0430\u0432\u043d\u0430\u044f \u0441\u0442\u0440\u0430\u043d\u0438\u0446\u0430\",\"item\":\"https:\/\/22bet.cafe\/cs\/\"},{\"@type\":\"ListItem\",\"position\":2,\"name\":\"Bonus\",\"item\":\"https:\/\/22bet.cafe\/cs\/bonus\/\"},{\"@type\":\"ListItem\",\"position\":3,\"name\":\"St\u0159ede\u010dn\u00ed v\u00fdplata pen\u011bz\"}]},{\"@type\":\"WebSite\",\"@id\":\"https:\/\/22bet.cafe\/cs\/#website\",\"url\":\"https:\/\/22bet.cafe\/cs\/\",\"name\":\"22bet Team cs\",\"description\":\"My WordPress Blog\",\"potentialAction\":[{\"@type\":\"SearchAction\",\"target\":{\"@type\":\"EntryPoint\",\"urlTemplate\":\"https:\/\/22bet.cafe\/cs\/?s={search_term_string}\"},\"query-input\":{\"@type\":\"PropertyValueSpecification\",\"valueRequired\":true,\"valueName\":\"search_term_string\"}}],\"inLanguage\":\"cs-CZ\"}]}<\/script>\n<!-- \/ Yoast SEO plugin. -->","yoast_head_json":{"title":"St\u0159ede\u010dn\u00ed pen\u011b\u017en\u00ed v\u00fdplach: 50% bonus a\u017e do v\u00fd\u0161e 4800 K\u010d","description":"Rozpoutejte vzru\u0161en\u00ed st\u0159ede\u010dn\u00edm v\u00fdplachem pen\u011bz! Z\u00edskejte v kasinu bonus 50 % a\u017e do v\u00fd\u0161e 4800 K\u010d na sv\u00e9 obl\u00edben\u00e9 hrac\u00ed automaty. Nenechte si uj\u00edt p\u0159\u00edle\u017eitost maximalizovat sv\u00e9 v\u00fdhry a podpo\u0159it svou hru - jednejte nyn\u00ed a vyzvedn\u011bte si sv\u016fj bonus!","robots":{"index":"index","follow":"follow","max-snippet":"max-snippet:-1","max-image-preview":"max-image-preview:large","max-video-preview":"max-video-preview:-1"},"og_locale":"cs_CZ","og_type":"article","og_title":"St\u0159ede\u010dn\u00ed pen\u011b\u017en\u00ed v\u00fdplach: 50% bonus a\u017e do v\u00fd\u0161e 4800 K\u010d","og_description":"Rozpoutejte vzru\u0161en\u00ed st\u0159ede\u010dn\u00edm v\u00fdplachem pen\u011bz! Z\u00edskejte v kasinu bonus 50 % a\u017e do v\u00fd\u0161e 4800 K\u010d na sv\u00e9 obl\u00edben\u00e9 hrac\u00ed automaty. Nenechte si uj\u00edt p\u0159\u00edle\u017eitost maximalizovat sv\u00e9 v\u00fdhry a podpo\u0159it svou hru - jednejte nyn\u00ed a vyzvedn\u011bte si sv\u016fj bonus!","og_url":"https:\/\/22bet.cafe\/cs\/bonus\/wednesday-cash-splash\/","og_site_name":"22bet Team cs","twitter_card":"summary_large_image","schema":{"@context":"https:\/\/schema.org","@graph":[{"@type":"WebPage","@id":"https:\/\/22bet.cafe\/cs\/bonus\/wednesday-cash-splash\/","url":"https:\/\/22bet.cafe\/cs\/bonus\/wednesday-cash-splash\/","name":"St\u0159ede\u010dn\u00ed pen\u011b\u017en\u00ed v\u00fdplach: 50% bonus a\u017e do v\u00fd\u0161e 4800 K\u010d","isPartOf":{"@id":"https:\/\/22bet.cafe\/cs\/#website"},"datePublished":"2025-04-23T16:34:10+00:00","description":"Rozpoutejte vzru\u0161en\u00ed st\u0159ede\u010dn\u00edm v\u00fdplachem pen\u011bz! Z\u00edskejte v kasinu bonus 50 % a\u017e do v\u00fd\u0161e 4800 K\u010d na sv\u00e9 obl\u00edben\u00e9 hrac\u00ed automaty. Nenechte si uj\u00edt p\u0159\u00edle\u017eitost maximalizovat sv\u00e9 v\u00fdhry a podpo\u0159it svou hru - jednejte nyn\u00ed a vyzvedn\u011bte si sv\u016fj bonus!","breadcrumb":{"@id":"https:\/\/22bet.cafe\/cs\/bonus\/wednesday-cash-splash\/#breadcrumb"},"inLanguage":"cs-CZ","potentialAction":[{"@type":"ReadAction","target":["https:\/\/22bet.cafe\/cs\/bonus\/wednesday-cash-splash\/"]}]},{"@type":"BreadcrumbList","@id":"https:\/\/22bet.cafe\/cs\/bonus\/wednesday-cash-splash\/#breadcrumb","itemListElement":[{"@type":"ListItem","position":1,"name":"\u0413\u043b\u0430\u0432\u043d\u0430\u044f \u0441\u0442\u0440\u0430\u043d\u0438\u0446\u0430","item":"https:\/\/22bet.cafe\/cs\/"},{"@type":"ListItem","position":2,"name":"Bonus","item":"https:\/\/22bet.cafe\/cs\/bonus\/"},{"@type":"ListItem","position":3,"name":"St\u0159ede\u010dn\u00ed v\u00fdplata pen\u011bz"}]},{"@type":"WebSite","@id":"https:\/\/22bet.cafe\/cs\/#website","url":"https:\/\/22bet.cafe\/cs\/","name":"22bet Team cs","description":"My WordPress Blog","potentialAction":[{"@type":"SearchAction","target":{"@type":"EntryPoint","urlTemplate":"https:\/\/22bet.cafe\/cs\/?s={search_term_string}"},"query-input":{"@type":"PropertyValueSpecification","valueRequired":true,"valueName":"search_term_string"}}],"inLanguage":"cs-CZ"}]}},"_links":{"self":[{"href":"https:\/\/22bet.cafe\/cs\/wp-json\/wp\/v2\/pages\/721","targetHints":{"allow":["GET"]}}],"collection":[{"href":"https:\/\/22bet.cafe\/cs\/wp-json\/wp\/v2\/pages"}],"about":[{"href":"https:\/\/22bet.cafe\/cs\/wp-json\/wp\/v2\/types\/page"}],"author":[{"embeddable":true,"href":"https:\/\/22bet.cafe\/cs\/wp-json\/wp\/v2\/users\/1"}],"replies":[{"embeddable":true,"href":"https:\/\/22bet.cafe\/cs\/wp-json\/wp\/v2\/comments?post=721"}],"version-history":[{"count":0,"href":"https:\/\/22bet.cafe\/cs\/wp-json\/wp\/v2\/pages\/721\/revisions"}],"up":[{"embeddable":true,"href":"https:\/\/22bet.cafe\/cs\/wp-json\/wp\/v2\/pages\/152"}],"wp:attachment":[{"href":"https:\/\/22bet.cafe\/cs\/wp-json\/wp\/v2\/media?parent=721"}],"curies":[{"name":"wp","href":"https:\/\/api.w.org\/{rel}","templated":true}]}}