{"id":714,"date":"2025-04-23T15:53:02","date_gmt":"2025-04-23T15:53:02","guid":{"rendered":"https:\/\/22bet.cafe\/cs\/?page_id=714"},"modified":"2025-04-23T15:53:02","modified_gmt":"2025-04-23T15:53:02","slug":"welcome-bonus","status":"publish","type":"page","link":"https:\/\/22bet.cafe\/cs\/bonus\/welcome-bonus\/","title":{"rendered":"Uv\u00edtac\u00ed bonus"},"content":{"rendered":"","protected":false},"excerpt":{"rendered":"","protected":false},"author":1,"featured_media":0,"parent":152,"menu_order":0,"comment_status":"closed","ping_status":"closed","template":"","meta":{"_acf_changed":false,"inline_featured_image":false,"footnotes":""},"class_list":["post-714","page","type-page","status-publish","hentry"],"acf":[],"yoast_head":"<!-- This site is optimized with the Yoast SEO plugin v26.0 - https:\/\/yoast.com\/wordpress\/plugins\/seo\/ -->\n<title>Uv\u00edtac\u00ed bonus a\u017e 6500 K\u010d p\u0159i prvn\u00edm vkladu v 22bet Casino<\/title>\n<meta name=\"description\" content=\"Z\u00edskejte \u0161t\u011bdr\u00fd uv\u00edtac\u00ed bonus a\u017e 6500 K\u010d na sv\u016fj prvn\u00ed vklad v kasinu 22bet! Zapojte se do hry a odemkn\u011bte sv\u011bt vzru\u0161uj\u00edc\u00edch p\u0159\u00edle\u017eitost\u00ed k hazardu! Nenechte si uj\u00edt p\u0159\u00edle\u017eitost zv\u00fd\u0161it sv\u016fj bankroll - jednejte hned!\" \/>\n<meta name=\"robots\" content=\"index, follow, max-snippet:-1, max-image-preview:large, max-video-preview:-1\" \/>\n<meta property=\"og:locale\" content=\"cs_CZ\" \/>\n<meta property=\"og:type\" content=\"article\" \/>\n<meta property=\"og:title\" content=\"Uv\u00edtac\u00ed bonus a\u017e 6500 K\u010d p\u0159i prvn\u00edm vkladu v 22bet Casino\" \/>\n<meta property=\"og:description\" content=\"Z\u00edskejte \u0161t\u011bdr\u00fd uv\u00edtac\u00ed bonus a\u017e 6500 K\u010d na sv\u016fj prvn\u00ed vklad v kasinu 22bet! Zapojte se do hry a odemkn\u011bte sv\u011bt vzru\u0161uj\u00edc\u00edch p\u0159\u00edle\u017eitost\u00ed k hazardu! Nenechte si uj\u00edt p\u0159\u00edle\u017eitost zv\u00fd\u0161it sv\u016fj bankroll - jednejte hned!\" \/>\n<meta property=\"og:url\" content=\"https:\/\/22bet.cafe\/cs\/bonus\/welcome-bonus\/\" \/>\n<meta property=\"og:site_name\" content=\"22bet Team cs\" \/>\n<meta name=\"twitter:card\" content=\"summary_large_image\" \/>\n<script type=\"application\/ld+json\" class=\"yoast-schema-graph\">{\"@context\":\"https:\/\/schema.org\",\"@graph\":[{\"@type\":\"WebPage\",\"@id\":\"https:\/\/22bet.cafe\/cs\/bonus\/welcome-bonus\/\",\"url\":\"https:\/\/22bet.cafe\/cs\/bonus\/welcome-bonus\/\",\"name\":\"Uv\u00edtac\u00ed bonus a\u017e 6500 K\u010d p\u0159i prvn\u00edm vkladu v 22bet Casino\",\"isPartOf\":{\"@id\":\"https:\/\/22bet.cafe\/cs\/#website\"},\"datePublished\":\"2025-04-23T15:53:02+00:00\",\"description\":\"Z\u00edskejte \u0161t\u011bdr\u00fd uv\u00edtac\u00ed bonus a\u017e 6500 K\u010d na sv\u016fj prvn\u00ed vklad v kasinu 22bet! Zapojte se do hry a odemkn\u011bte sv\u011bt vzru\u0161uj\u00edc\u00edch p\u0159\u00edle\u017eitost\u00ed k hazardu! Nenechte si uj\u00edt p\u0159\u00edle\u017eitost zv\u00fd\u0161it sv\u016fj bankroll - jednejte hned!\",\"breadcrumb\":{\"@id\":\"https:\/\/22bet.cafe\/cs\/bonus\/welcome-bonus\/#breadcrumb\"},\"inLanguage\":\"cs-CZ\",\"potentialAction\":[{\"@type\":\"ReadAction\",\"target\":[\"https:\/\/22bet.cafe\/cs\/bonus\/welcome-bonus\/\"]}]},{\"@type\":\"BreadcrumbList\",\"@id\":\"https:\/\/22bet.cafe\/cs\/bonus\/welcome-bonus\/#breadcrumb\",\"itemListElement\":[{\"@type\":\"ListItem\",\"position\":1,\"name\":\"\u0413\u043b\u0430\u0432\u043d\u0430\u044f \u0441\u0442\u0440\u0430\u043d\u0438\u0446\u0430\",\"item\":\"https:\/\/22bet.cafe\/cs\/\"},{\"@type\":\"ListItem\",\"position\":2,\"name\":\"Bonus\",\"item\":\"https:\/\/22bet.cafe\/cs\/bonus\/\"},{\"@type\":\"ListItem\",\"position\":3,\"name\":\"Uv\u00edtac\u00ed bonus\"}]},{\"@type\":\"WebSite\",\"@id\":\"https:\/\/22bet.cafe\/cs\/#website\",\"url\":\"https:\/\/22bet.cafe\/cs\/\",\"name\":\"22bet Team cs\",\"description\":\"My WordPress Blog\",\"potentialAction\":[{\"@type\":\"SearchAction\",\"target\":{\"@type\":\"EntryPoint\",\"urlTemplate\":\"https:\/\/22bet.cafe\/cs\/?s={search_term_string}\"},\"query-input\":{\"@type\":\"PropertyValueSpecification\",\"valueRequired\":true,\"valueName\":\"search_term_string\"}}],\"inLanguage\":\"cs-CZ\"}]}<\/script>\n<!-- \/ Yoast SEO plugin. -->","yoast_head_json":{"title":"Uv\u00edtac\u00ed bonus a\u017e 6500 K\u010d p\u0159i prvn\u00edm vkladu v 22bet Casino","description":"Z\u00edskejte \u0161t\u011bdr\u00fd uv\u00edtac\u00ed bonus a\u017e 6500 K\u010d na sv\u016fj prvn\u00ed vklad v kasinu 22bet! Zapojte se do hry a odemkn\u011bte sv\u011bt vzru\u0161uj\u00edc\u00edch p\u0159\u00edle\u017eitost\u00ed k hazardu! Nenechte si uj\u00edt p\u0159\u00edle\u017eitost zv\u00fd\u0161it sv\u016fj bankroll - jednejte hned!","robots":{"index":"index","follow":"follow","max-snippet":"max-snippet:-1","max-image-preview":"max-image-preview:large","max-video-preview":"max-video-preview:-1"},"og_locale":"cs_CZ","og_type":"article","og_title":"Uv\u00edtac\u00ed bonus a\u017e 6500 K\u010d p\u0159i prvn\u00edm vkladu v 22bet Casino","og_description":"Z\u00edskejte \u0161t\u011bdr\u00fd uv\u00edtac\u00ed bonus a\u017e 6500 K\u010d na sv\u016fj prvn\u00ed vklad v kasinu 22bet! Zapojte se do hry a odemkn\u011bte sv\u011bt vzru\u0161uj\u00edc\u00edch p\u0159\u00edle\u017eitost\u00ed k hazardu! Nenechte si uj\u00edt p\u0159\u00edle\u017eitost zv\u00fd\u0161it sv\u016fj bankroll - jednejte hned!","og_url":"https:\/\/22bet.cafe\/cs\/bonus\/welcome-bonus\/","og_site_name":"22bet Team cs","twitter_card":"summary_large_image","schema":{"@context":"https:\/\/schema.org","@graph":[{"@type":"WebPage","@id":"https:\/\/22bet.cafe\/cs\/bonus\/welcome-bonus\/","url":"https:\/\/22bet.cafe\/cs\/bonus\/welcome-bonus\/","name":"Uv\u00edtac\u00ed bonus a\u017e 6500 K\u010d p\u0159i prvn\u00edm vkladu v 22bet Casino","isPartOf":{"@id":"https:\/\/22bet.cafe\/cs\/#website"},"datePublished":"2025-04-23T15:53:02+00:00","description":"Z\u00edskejte \u0161t\u011bdr\u00fd uv\u00edtac\u00ed bonus a\u017e 6500 K\u010d na sv\u016fj prvn\u00ed vklad v kasinu 22bet! Zapojte se do hry a odemkn\u011bte sv\u011bt vzru\u0161uj\u00edc\u00edch p\u0159\u00edle\u017eitost\u00ed k hazardu! Nenechte si uj\u00edt p\u0159\u00edle\u017eitost zv\u00fd\u0161it sv\u016fj bankroll - jednejte hned!","breadcrumb":{"@id":"https:\/\/22bet.cafe\/cs\/bonus\/welcome-bonus\/#breadcrumb"},"inLanguage":"cs-CZ","potentialAction":[{"@type":"ReadAction","target":["https:\/\/22bet.cafe\/cs\/bonus\/welcome-bonus\/"]}]},{"@type":"BreadcrumbList","@id":"https:\/\/22bet.cafe\/cs\/bonus\/welcome-bonus\/#breadcrumb","itemListElement":[{"@type":"ListItem","position":1,"name":"\u0413\u043b\u0430\u0432\u043d\u0430\u044f \u0441\u0442\u0440\u0430\u043d\u0438\u0446\u0430","item":"https:\/\/22bet.cafe\/cs\/"},{"@type":"ListItem","position":2,"name":"Bonus","item":"https:\/\/22bet.cafe\/cs\/bonus\/"},{"@type":"ListItem","position":3,"name":"Uv\u00edtac\u00ed bonus"}]},{"@type":"WebSite","@id":"https:\/\/22bet.cafe\/cs\/#website","url":"https:\/\/22bet.cafe\/cs\/","name":"22bet Team cs","description":"My WordPress Blog","potentialAction":[{"@type":"SearchAction","target":{"@type":"EntryPoint","urlTemplate":"https:\/\/22bet.cafe\/cs\/?s={search_term_string}"},"query-input":{"@type":"PropertyValueSpecification","valueRequired":true,"valueName":"search_term_string"}}],"inLanguage":"cs-CZ"}]}},"_links":{"self":[{"href":"https:\/\/22bet.cafe\/cs\/wp-json\/wp\/v2\/pages\/714","targetHints":{"allow":["GET"]}}],"collection":[{"href":"https:\/\/22bet.cafe\/cs\/wp-json\/wp\/v2\/pages"}],"about":[{"href":"https:\/\/22bet.cafe\/cs\/wp-json\/wp\/v2\/types\/page"}],"author":[{"embeddable":true,"href":"https:\/\/22bet.cafe\/cs\/wp-json\/wp\/v2\/users\/1"}],"replies":[{"embeddable":true,"href":"https:\/\/22bet.cafe\/cs\/wp-json\/wp\/v2\/comments?post=714"}],"version-history":[{"count":0,"href":"https:\/\/22bet.cafe\/cs\/wp-json\/wp\/v2\/pages\/714\/revisions"}],"up":[{"embeddable":true,"href":"https:\/\/22bet.cafe\/cs\/wp-json\/wp\/v2\/pages\/152"}],"wp:attachment":[{"href":"https:\/\/22bet.cafe\/cs\/wp-json\/wp\/v2\/media?parent=714"}],"curies":[{"name":"wp","href":"https:\/\/api.w.org\/{rel}","templated":true}]}}