{"id":1058,"date":"2025-10-16T14:54:48","date_gmt":"2025-10-16T14:54:48","guid":{"rendered":"https:\/\/22bet.cafe\/congo\/?page_id=1058"},"modified":"2025-11-10T15:56:29","modified_gmt":"2025-11-10T15:56:29","slug":"sport-betting","status":"publish","type":"page","link":"https:\/\/22bet.cafe\/congo\/sport-betting\/","title":{"rendered":"Sport"},"content":{"rendered":"","protected":false},"excerpt":{"rendered":"","protected":false},"author":1,"featured_media":0,"parent":0,"menu_order":0,"comment_status":"closed","ping_status":"closed","template":"","meta":{"_acf_changed":false,"inline_featured_image":false,"footnotes":""},"class_list":["post-1058","page","type-page","status-publish","hentry"],"acf":[],"yoast_head":"<!-- This site is optimized with the Yoast SEO plugin v26.0 - https:\/\/yoast.com\/wordpress\/plugins\/seo\/ -->\n<title>Paris sportifs 22Bet Congo | Cotes \u00e9lev\u00e9es et bonus<\/title>\n<meta name=\"description\" content=\"D\u00e9couvrez le monde des paris sportifs avec 22Bet ! Cotes \u00e9lev\u00e9es, large choix d&#039;\u00e9v\u00e9nements et assistance 24h\/24. Commencez \u00e0 gagner d\u00e8s maintenant !\" \/>\n<meta name=\"robots\" content=\"index, follow, max-snippet:-1, max-image-preview:large, max-video-preview:-1\" \/>\n<meta property=\"og:locale\" content=\"fr_FR\" \/>\n<meta property=\"og:type\" content=\"article\" \/>\n<meta property=\"og:title\" content=\"Paris sportifs 22Bet Congo | Cotes \u00e9lev\u00e9es et bonus\" \/>\n<meta property=\"og:description\" content=\"D\u00e9couvrez le monde des paris sportifs avec 22Bet ! Cotes \u00e9lev\u00e9es, large choix d&#039;\u00e9v\u00e9nements et assistance 24h\/24. Commencez \u00e0 gagner d\u00e8s maintenant !\" \/>\n<meta property=\"og:url\" content=\"https:\/\/22bet.cafe\/congo\/sport-betting\/\" \/>\n<meta property=\"og:site_name\" content=\"22bet Team CD\" \/>\n<meta property=\"article:modified_time\" content=\"2025-11-10T15:56:29+00:00\" \/>\n<meta name=\"twitter:card\" content=\"summary_large_image\" \/>\n<script type=\"application\/ld+json\" class=\"yoast-schema-graph\">{\"@context\":\"https:\/\/schema.org\",\"@graph\":[{\"@type\":\"WebPage\",\"@id\":\"https:\/\/22bet.cafe\/congo\/sport-betting\/\",\"url\":\"https:\/\/22bet.cafe\/congo\/sport-betting\/\",\"name\":\"Paris sportifs 22Bet Congo | Cotes \u00e9lev\u00e9es et bonus\",\"isPartOf\":{\"@id\":\"https:\/\/22bet.cafe\/congo\/#website\"},\"datePublished\":\"2025-10-16T14:54:48+00:00\",\"dateModified\":\"2025-11-10T15:56:29+00:00\",\"description\":\"D\u00e9couvrez le monde des paris sportifs avec 22Bet ! Cotes \u00e9lev\u00e9es, large choix d'\u00e9v\u00e9nements et assistance 24h\/24. Commencez \u00e0 gagner d\u00e8s maintenant !\",\"breadcrumb\":{\"@id\":\"https:\/\/22bet.cafe\/congo\/sport-betting\/#breadcrumb\"},\"inLanguage\":\"fr-CD\",\"potentialAction\":[{\"@type\":\"ReadAction\",\"target\":[\"https:\/\/22bet.cafe\/congo\/sport-betting\/\"]}]},{\"@type\":\"BreadcrumbList\",\"@id\":\"https:\/\/22bet.cafe\/congo\/sport-betting\/#breadcrumb\",\"itemListElement\":[{\"@type\":\"ListItem\",\"position\":1,\"name\":\"\u0413\u043b\u0430\u0432\u043d\u0430\u044f \u0441\u0442\u0440\u0430\u043d\u0438\u0446\u0430\",\"item\":\"https:\/\/22bet.cafe\/congo\/\"},{\"@type\":\"ListItem\",\"position\":2,\"name\":\"Sport\"}]},{\"@type\":\"WebSite\",\"@id\":\"https:\/\/22bet.cafe\/congo\/#website\",\"url\":\"https:\/\/22bet.cafe\/congo\/\",\"name\":\"22bet Team CD\",\"description\":\"My WordPress Blog\",\"potentialAction\":[{\"@type\":\"SearchAction\",\"target\":{\"@type\":\"EntryPoint\",\"urlTemplate\":\"https:\/\/22bet.cafe\/congo\/?s={search_term_string}\"},\"query-input\":{\"@type\":\"PropertyValueSpecification\",\"valueRequired\":true,\"valueName\":\"search_term_string\"}}],\"inLanguage\":\"fr-CD\"}]}<\/script>\n<!-- \/ Yoast SEO plugin. -->","yoast_head_json":{"title":"Paris sportifs 22Bet Congo | Cotes \u00e9lev\u00e9es et bonus","description":"D\u00e9couvrez le monde des paris sportifs avec 22Bet ! Cotes \u00e9lev\u00e9es, large choix d'\u00e9v\u00e9nements et assistance 24h\/24. Commencez \u00e0 gagner d\u00e8s maintenant !","robots":{"index":"index","follow":"follow","max-snippet":"max-snippet:-1","max-image-preview":"max-image-preview:large","max-video-preview":"max-video-preview:-1"},"og_locale":"fr_FR","og_type":"article","og_title":"Paris sportifs 22Bet Congo | Cotes \u00e9lev\u00e9es et bonus","og_description":"D\u00e9couvrez le monde des paris sportifs avec 22Bet ! Cotes \u00e9lev\u00e9es, large choix d'\u00e9v\u00e9nements et assistance 24h\/24. Commencez \u00e0 gagner d\u00e8s maintenant !","og_url":"https:\/\/22bet.cafe\/congo\/sport-betting\/","og_site_name":"22bet Team CD","article_modified_time":"2025-11-10T15:56:29+00:00","twitter_card":"summary_large_image","schema":{"@context":"https:\/\/schema.org","@graph":[{"@type":"WebPage","@id":"https:\/\/22bet.cafe\/congo\/sport-betting\/","url":"https:\/\/22bet.cafe\/congo\/sport-betting\/","name":"Paris sportifs 22Bet Congo | Cotes \u00e9lev\u00e9es et bonus","isPartOf":{"@id":"https:\/\/22bet.cafe\/congo\/#website"},"datePublished":"2025-10-16T14:54:48+00:00","dateModified":"2025-11-10T15:56:29+00:00","description":"D\u00e9couvrez le monde des paris sportifs avec 22Bet ! Cotes \u00e9lev\u00e9es, large choix d'\u00e9v\u00e9nements et assistance 24h\/24. Commencez \u00e0 gagner d\u00e8s maintenant !","breadcrumb":{"@id":"https:\/\/22bet.cafe\/congo\/sport-betting\/#breadcrumb"},"inLanguage":"fr-CD","potentialAction":[{"@type":"ReadAction","target":["https:\/\/22bet.cafe\/congo\/sport-betting\/"]}]},{"@type":"BreadcrumbList","@id":"https:\/\/22bet.cafe\/congo\/sport-betting\/#breadcrumb","itemListElement":[{"@type":"ListItem","position":1,"name":"\u0413\u043b\u0430\u0432\u043d\u0430\u044f \u0441\u0442\u0440\u0430\u043d\u0438\u0446\u0430","item":"https:\/\/22bet.cafe\/congo\/"},{"@type":"ListItem","position":2,"name":"Sport"}]},{"@type":"WebSite","@id":"https:\/\/22bet.cafe\/congo\/#website","url":"https:\/\/22bet.cafe\/congo\/","name":"22bet Team CD","description":"My WordPress Blog","potentialAction":[{"@type":"SearchAction","target":{"@type":"EntryPoint","urlTemplate":"https:\/\/22bet.cafe\/congo\/?s={search_term_string}"},"query-input":{"@type":"PropertyValueSpecification","valueRequired":true,"valueName":"search_term_string"}}],"inLanguage":"fr-CD"}]}},"_links":{"self":[{"href":"https:\/\/22bet.cafe\/congo\/wp-json\/wp\/v2\/pages\/1058","targetHints":{"allow":["GET"]}}],"collection":[{"href":"https:\/\/22bet.cafe\/congo\/wp-json\/wp\/v2\/pages"}],"about":[{"href":"https:\/\/22bet.cafe\/congo\/wp-json\/wp\/v2\/types\/page"}],"author":[{"embeddable":true,"href":"https:\/\/22bet.cafe\/congo\/wp-json\/wp\/v2\/users\/1"}],"replies":[{"embeddable":true,"href":"https:\/\/22bet.cafe\/congo\/wp-json\/wp\/v2\/comments?post=1058"}],"version-history":[{"count":10,"href":"https:\/\/22bet.cafe\/congo\/wp-json\/wp\/v2\/pages\/1058\/revisions"}],"predecessor-version":[{"id":1185,"href":"https:\/\/22bet.cafe\/congo\/wp-json\/wp\/v2\/pages\/1058\/revisions\/1185"}],"wp:attachment":[{"href":"https:\/\/22bet.cafe\/congo\/wp-json\/wp\/v2\/media?parent=1058"}],"curies":[{"name":"wp","href":"https:\/\/api.w.org\/{rel}","templated":true}]}}