{"id":524,"date":"2024-09-17T06:15:53","date_gmt":"2024-09-17T06:15:53","guid":{"rendered":"https:\/\/22bet.cafe\/columbia\/?page_id=524"},"modified":"2025-07-16T13:47:05","modified_gmt":"2025-07-16T13:47:05","slug":"registration","status":"publish","type":"page","link":"https:\/\/22bet.cafe\/columbia\/registration\/","title":{"rendered":"Inscripci\u00f3n"},"content":{"rendered":"","protected":false},"excerpt":{"rendered":"","protected":false},"author":1,"featured_media":0,"parent":0,"menu_order":0,"comment_status":"closed","ping_status":"closed","template":"","meta":{"_acf_changed":false,"inline_featured_image":false,"footnotes":""},"class_list":["post-524","page","type-page","status-publish","hentry"],"acf":[],"yoast_head":"<!-- This site is optimized with the Yoast SEO plugin v26.0 - https:\/\/yoast.com\/wordpress\/plugins\/seo\/ -->\n<title>22Bet Registro Colombia | C\u00f3mo crear una cuenta<\/title>\n<meta name=\"description\" content=\"Necesitas registrarte para empezar tu camino en 22Bet. Visite el sitio web oficial de apuestas de 22Bet y cree una cuenta personal. Aqu\u00ed encontrar\u00e1 una gu\u00eda completa sobre c\u00f3mo registrarse y verificar su cuenta.\" \/>\n<meta name=\"robots\" content=\"index, follow, max-snippet:-1, max-image-preview:large, max-video-preview:-1\" \/>\n<meta property=\"og:locale\" content=\"es_ES\" \/>\n<meta property=\"og:type\" content=\"article\" \/>\n<meta property=\"og:title\" content=\"22Bet Registro Colombia | C\u00f3mo crear una cuenta\" \/>\n<meta property=\"og:description\" content=\"Necesitas registrarte para empezar tu camino en 22Bet. Visite el sitio web oficial de apuestas de 22Bet y cree una cuenta personal. Aqu\u00ed encontrar\u00e1 una gu\u00eda completa sobre c\u00f3mo registrarse y verificar su cuenta.\" \/>\n<meta property=\"og:url\" content=\"https:\/\/22bet.cafe\/columbia\/registration\/\" \/>\n<meta property=\"og:site_name\" content=\"22bet Team co\" \/>\n<meta property=\"article:modified_time\" content=\"2025-07-16T13:47:05+00:00\" \/>\n<meta name=\"twitter:card\" content=\"summary_large_image\" \/>\n<script type=\"application\/ld+json\" class=\"yoast-schema-graph\">{\"@context\":\"https:\/\/schema.org\",\"@graph\":[{\"@type\":\"WebPage\",\"@id\":\"https:\/\/22bet.cafe\/columbia\/registration\/\",\"url\":\"https:\/\/22bet.cafe\/columbia\/registration\/\",\"name\":\"22Bet Registro Colombia | C\u00f3mo crear una cuenta\",\"isPartOf\":{\"@id\":\"https:\/\/22bet.cafe\/columbia\/#website\"},\"datePublished\":\"2024-09-17T06:15:53+00:00\",\"dateModified\":\"2025-07-16T13:47:05+00:00\",\"description\":\"Necesitas registrarte para empezar tu camino en 22Bet. Visite el sitio web oficial de apuestas de 22Bet y cree una cuenta personal. Aqu\u00ed encontrar\u00e1 una gu\u00eda completa sobre c\u00f3mo registrarse y verificar su cuenta.\",\"breadcrumb\":{\"@id\":\"https:\/\/22bet.cafe\/columbia\/registration\/#breadcrumb\"},\"inLanguage\":\"es-CO\",\"potentialAction\":[{\"@type\":\"ReadAction\",\"target\":[\"https:\/\/22bet.cafe\/columbia\/registration\/\"]}]},{\"@type\":\"BreadcrumbList\",\"@id\":\"https:\/\/22bet.cafe\/columbia\/registration\/#breadcrumb\",\"itemListElement\":[{\"@type\":\"ListItem\",\"position\":1,\"name\":\"\u0413\u043b\u0430\u0432\u043d\u0430\u044f \u0441\u0442\u0440\u0430\u043d\u0438\u0446\u0430\",\"item\":\"https:\/\/22bet.cafe\/columbia\/\"},{\"@type\":\"ListItem\",\"position\":2,\"name\":\"Inscripci\u00f3n\"}]},{\"@type\":\"WebSite\",\"@id\":\"https:\/\/22bet.cafe\/columbia\/#website\",\"url\":\"https:\/\/22bet.cafe\/columbia\/\",\"name\":\"22bet Team co\",\"description\":\"My WordPress Blog\",\"potentialAction\":[{\"@type\":\"SearchAction\",\"target\":{\"@type\":\"EntryPoint\",\"urlTemplate\":\"https:\/\/22bet.cafe\/columbia\/?s={search_term_string}\"},\"query-input\":{\"@type\":\"PropertyValueSpecification\",\"valueRequired\":true,\"valueName\":\"search_term_string\"}}],\"inLanguage\":\"es-CO\"}]}<\/script>\n<!-- \/ Yoast SEO plugin. -->","yoast_head_json":{"title":"22Bet Registro Colombia | C\u00f3mo crear una cuenta","description":"Necesitas registrarte para empezar tu camino en 22Bet. Visite el sitio web oficial de apuestas de 22Bet y cree una cuenta personal. Aqu\u00ed encontrar\u00e1 una gu\u00eda completa sobre c\u00f3mo registrarse y verificar su cuenta.","robots":{"index":"index","follow":"follow","max-snippet":"max-snippet:-1","max-image-preview":"max-image-preview:large","max-video-preview":"max-video-preview:-1"},"og_locale":"es_ES","og_type":"article","og_title":"22Bet Registro Colombia | C\u00f3mo crear una cuenta","og_description":"Necesitas registrarte para empezar tu camino en 22Bet. Visite el sitio web oficial de apuestas de 22Bet y cree una cuenta personal. Aqu\u00ed encontrar\u00e1 una gu\u00eda completa sobre c\u00f3mo registrarse y verificar su cuenta.","og_url":"https:\/\/22bet.cafe\/columbia\/registration\/","og_site_name":"22bet Team co","article_modified_time":"2025-07-16T13:47:05+00:00","twitter_card":"summary_large_image","schema":{"@context":"https:\/\/schema.org","@graph":[{"@type":"WebPage","@id":"https:\/\/22bet.cafe\/columbia\/registration\/","url":"https:\/\/22bet.cafe\/columbia\/registration\/","name":"22Bet Registro Colombia | C\u00f3mo crear una cuenta","isPartOf":{"@id":"https:\/\/22bet.cafe\/columbia\/#website"},"datePublished":"2024-09-17T06:15:53+00:00","dateModified":"2025-07-16T13:47:05+00:00","description":"Necesitas registrarte para empezar tu camino en 22Bet. Visite el sitio web oficial de apuestas de 22Bet y cree una cuenta personal. Aqu\u00ed encontrar\u00e1 una gu\u00eda completa sobre c\u00f3mo registrarse y verificar su cuenta.","breadcrumb":{"@id":"https:\/\/22bet.cafe\/columbia\/registration\/#breadcrumb"},"inLanguage":"es-CO","potentialAction":[{"@type":"ReadAction","target":["https:\/\/22bet.cafe\/columbia\/registration\/"]}]},{"@type":"BreadcrumbList","@id":"https:\/\/22bet.cafe\/columbia\/registration\/#breadcrumb","itemListElement":[{"@type":"ListItem","position":1,"name":"\u0413\u043b\u0430\u0432\u043d\u0430\u044f \u0441\u0442\u0440\u0430\u043d\u0438\u0446\u0430","item":"https:\/\/22bet.cafe\/columbia\/"},{"@type":"ListItem","position":2,"name":"Inscripci\u00f3n"}]},{"@type":"WebSite","@id":"https:\/\/22bet.cafe\/columbia\/#website","url":"https:\/\/22bet.cafe\/columbia\/","name":"22bet Team co","description":"My WordPress Blog","potentialAction":[{"@type":"SearchAction","target":{"@type":"EntryPoint","urlTemplate":"https:\/\/22bet.cafe\/columbia\/?s={search_term_string}"},"query-input":{"@type":"PropertyValueSpecification","valueRequired":true,"valueName":"search_term_string"}}],"inLanguage":"es-CO"}]}},"_links":{"self":[{"href":"https:\/\/22bet.cafe\/columbia\/wp-json\/wp\/v2\/pages\/524","targetHints":{"allow":["GET"]}}],"collection":[{"href":"https:\/\/22bet.cafe\/columbia\/wp-json\/wp\/v2\/pages"}],"about":[{"href":"https:\/\/22bet.cafe\/columbia\/wp-json\/wp\/v2\/types\/page"}],"author":[{"embeddable":true,"href":"https:\/\/22bet.cafe\/columbia\/wp-json\/wp\/v2\/users\/1"}],"replies":[{"embeddable":true,"href":"https:\/\/22bet.cafe\/columbia\/wp-json\/wp\/v2\/comments?post=524"}],"version-history":[{"count":0,"href":"https:\/\/22bet.cafe\/columbia\/wp-json\/wp\/v2\/pages\/524\/revisions"}],"wp:attachment":[{"href":"https:\/\/22bet.cafe\/columbia\/wp-json\/wp\/v2\/media?parent=524"}],"curies":[{"name":"wp","href":"https:\/\/api.w.org\/{rel}","templated":true}]}}