{"id":522,"date":"2024-09-17T06:08:30","date_gmt":"2024-09-17T06:08:30","guid":{"rendered":"https:\/\/22bet.cafe\/canada\/?page_id=522"},"modified":"2025-07-19T15:33:46","modified_gmt":"2025-07-19T15:33:46","slug":"casino","status":"publish","type":"page","link":"https:\/\/22bet.cafe\/canada\/casino\/","title":{"rendered":"Casino"},"content":{"rendered":"","protected":false},"excerpt":{"rendered":"","protected":false},"author":1,"featured_media":0,"parent":0,"menu_order":0,"comment_status":"closed","ping_status":"closed","template":"","meta":{"_acf_changed":false,"inline_featured_image":false,"footnotes":""},"class_list":["post-522","page","type-page","status-publish","hentry"],"acf":[],"yoast_head":"<!-- This site is optimized with the Yoast SEO plugin v26.0 - https:\/\/yoast.com\/wordpress\/plugins\/seo\/ -->\n<title>22Bet Canada Casino 2025 | Jouer aux jeux 22Bet<\/title>\n<meta name=\"description\" content=\"Le casino 22Bet propose une grande vari\u00e9t\u00e9 de jeux de casino et des promotions attrayantes. Jouez \u00e0 des jeux avec croupier en direct et \u00e0 des machines \u00e0 sous avec des bonus sur 22Bet. Inscrivez-vous et recevez un bonus de bienvenue !\" \/>\n<meta name=\"robots\" content=\"index, follow, max-snippet:-1, max-image-preview:large, max-video-preview:-1\" \/>\n<meta property=\"og:locale\" content=\"fr_CA\" \/>\n<meta property=\"og:type\" content=\"article\" \/>\n<meta property=\"og:title\" content=\"22Bet Canada Casino 2025 | Jouer aux jeux 22Bet\" \/>\n<meta property=\"og:description\" content=\"Le casino 22Bet propose une grande vari\u00e9t\u00e9 de jeux de casino et des promotions attrayantes. Jouez \u00e0 des jeux avec croupier en direct et \u00e0 des machines \u00e0 sous avec des bonus sur 22Bet. Inscrivez-vous et recevez un bonus de bienvenue !\" \/>\n<meta property=\"og:url\" content=\"https:\/\/22bet.cafe\/canada\/casino\/\" \/>\n<meta property=\"og:site_name\" content=\"22bet Team ca\" \/>\n<meta property=\"article:modified_time\" content=\"2025-07-19T15:33:46+00:00\" \/>\n<meta name=\"twitter:card\" content=\"summary_large_image\" \/>\n<script type=\"application\/ld+json\" class=\"yoast-schema-graph\">{\"@context\":\"https:\/\/schema.org\",\"@graph\":[{\"@type\":\"WebPage\",\"@id\":\"https:\/\/22bet.cafe\/canada\/casino\/\",\"url\":\"https:\/\/22bet.cafe\/canada\/casino\/\",\"name\":\"22Bet Canada Casino 2025 | Jouer aux jeux 22Bet\",\"isPartOf\":{\"@id\":\"https:\/\/22bet.cafe\/canada\/#website\"},\"datePublished\":\"2024-09-17T06:08:30+00:00\",\"dateModified\":\"2025-07-19T15:33:46+00:00\",\"description\":\"Le casino 22Bet propose une grande vari\u00e9t\u00e9 de jeux de casino et des promotions attrayantes. Jouez \u00e0 des jeux avec croupier en direct et \u00e0 des machines \u00e0 sous avec des bonus sur 22Bet. Inscrivez-vous et recevez un bonus de bienvenue !\",\"breadcrumb\":{\"@id\":\"https:\/\/22bet.cafe\/canada\/casino\/#breadcrumb\"},\"inLanguage\":\"fr-CA\",\"potentialAction\":[{\"@type\":\"ReadAction\",\"target\":[\"https:\/\/22bet.cafe\/canada\/casino\/\"]}]},{\"@type\":\"BreadcrumbList\",\"@id\":\"https:\/\/22bet.cafe\/canada\/casino\/#breadcrumb\",\"itemListElement\":[{\"@type\":\"ListItem\",\"position\":1,\"name\":\"\u0413\u043b\u0430\u0432\u043d\u0430\u044f \u0441\u0442\u0440\u0430\u043d\u0438\u0446\u0430\",\"item\":\"https:\/\/22bet.cafe\/canada\/\"},{\"@type\":\"ListItem\",\"position\":2,\"name\":\"Casino\"}]},{\"@type\":\"WebSite\",\"@id\":\"https:\/\/22bet.cafe\/canada\/#website\",\"url\":\"https:\/\/22bet.cafe\/canada\/\",\"name\":\"22bet Team ca\",\"description\":\"My WordPress Blog\",\"potentialAction\":[{\"@type\":\"SearchAction\",\"target\":{\"@type\":\"EntryPoint\",\"urlTemplate\":\"https:\/\/22bet.cafe\/canada\/?s={search_term_string}\"},\"query-input\":{\"@type\":\"PropertyValueSpecification\",\"valueRequired\":true,\"valueName\":\"search_term_string\"}}],\"inLanguage\":\"fr-CA\"}]}<\/script>\n<!-- \/ Yoast SEO plugin. -->","yoast_head_json":{"title":"22Bet Canada Casino 2025 | Jouer aux jeux 22Bet","description":"Le casino 22Bet propose une grande vari\u00e9t\u00e9 de jeux de casino et des promotions attrayantes. Jouez \u00e0 des jeux avec croupier en direct et \u00e0 des machines \u00e0 sous avec des bonus sur 22Bet. Inscrivez-vous et recevez un bonus de bienvenue !","robots":{"index":"index","follow":"follow","max-snippet":"max-snippet:-1","max-image-preview":"max-image-preview:large","max-video-preview":"max-video-preview:-1"},"og_locale":"fr_CA","og_type":"article","og_title":"22Bet Canada Casino 2025 | Jouer aux jeux 22Bet","og_description":"Le casino 22Bet propose une grande vari\u00e9t\u00e9 de jeux de casino et des promotions attrayantes. Jouez \u00e0 des jeux avec croupier en direct et \u00e0 des machines \u00e0 sous avec des bonus sur 22Bet. Inscrivez-vous et recevez un bonus de bienvenue !","og_url":"https:\/\/22bet.cafe\/canada\/casino\/","og_site_name":"22bet Team ca","article_modified_time":"2025-07-19T15:33:46+00:00","twitter_card":"summary_large_image","schema":{"@context":"https:\/\/schema.org","@graph":[{"@type":"WebPage","@id":"https:\/\/22bet.cafe\/canada\/casino\/","url":"https:\/\/22bet.cafe\/canada\/casino\/","name":"22Bet Canada Casino 2025 | Jouer aux jeux 22Bet","isPartOf":{"@id":"https:\/\/22bet.cafe\/canada\/#website"},"datePublished":"2024-09-17T06:08:30+00:00","dateModified":"2025-07-19T15:33:46+00:00","description":"Le casino 22Bet propose une grande vari\u00e9t\u00e9 de jeux de casino et des promotions attrayantes. Jouez \u00e0 des jeux avec croupier en direct et \u00e0 des machines \u00e0 sous avec des bonus sur 22Bet. Inscrivez-vous et recevez un bonus de bienvenue !","breadcrumb":{"@id":"https:\/\/22bet.cafe\/canada\/casino\/#breadcrumb"},"inLanguage":"fr-CA","potentialAction":[{"@type":"ReadAction","target":["https:\/\/22bet.cafe\/canada\/casino\/"]}]},{"@type":"BreadcrumbList","@id":"https:\/\/22bet.cafe\/canada\/casino\/#breadcrumb","itemListElement":[{"@type":"ListItem","position":1,"name":"\u0413\u043b\u0430\u0432\u043d\u0430\u044f \u0441\u0442\u0440\u0430\u043d\u0438\u0446\u0430","item":"https:\/\/22bet.cafe\/canada\/"},{"@type":"ListItem","position":2,"name":"Casino"}]},{"@type":"WebSite","@id":"https:\/\/22bet.cafe\/canada\/#website","url":"https:\/\/22bet.cafe\/canada\/","name":"22bet Team ca","description":"My WordPress Blog","potentialAction":[{"@type":"SearchAction","target":{"@type":"EntryPoint","urlTemplate":"https:\/\/22bet.cafe\/canada\/?s={search_term_string}"},"query-input":{"@type":"PropertyValueSpecification","valueRequired":true,"valueName":"search_term_string"}}],"inLanguage":"fr-CA"}]}},"_links":{"self":[{"href":"https:\/\/22bet.cafe\/canada\/wp-json\/wp\/v2\/pages\/522","targetHints":{"allow":["GET"]}}],"collection":[{"href":"https:\/\/22bet.cafe\/canada\/wp-json\/wp\/v2\/pages"}],"about":[{"href":"https:\/\/22bet.cafe\/canada\/wp-json\/wp\/v2\/types\/page"}],"author":[{"embeddable":true,"href":"https:\/\/22bet.cafe\/canada\/wp-json\/wp\/v2\/users\/1"}],"replies":[{"embeddable":true,"href":"https:\/\/22bet.cafe\/canada\/wp-json\/wp\/v2\/comments?post=522"}],"version-history":[{"count":0,"href":"https:\/\/22bet.cafe\/canada\/wp-json\/wp\/v2\/pages\/522\/revisions"}],"wp:attachment":[{"href":"https:\/\/22bet.cafe\/canada\/wp-json\/wp\/v2\/media?parent=522"}],"curies":[{"name":"wp","href":"https:\/\/api.w.org\/{rel}","templated":true}]}}