{"id":524,"date":"2024-09-17T06:15:53","date_gmt":"2024-09-17T06:15:53","guid":{"rendered":"https:\/\/22bet.cafe\/brazil\/?page_id=524"},"modified":"2025-01-06T11:55:10","modified_gmt":"2025-01-06T11:55:10","slug":"registration","status":"publish","type":"page","link":"https:\/\/22bet.cafe\/brazil\/registration\/","title":{"rendered":"Registro"},"content":{"rendered":"","protected":false},"excerpt":{"rendered":"","protected":false},"author":1,"featured_media":0,"parent":0,"menu_order":0,"comment_status":"closed","ping_status":"closed","template":"","meta":{"_acf_changed":false,"inline_featured_image":false,"footnotes":""},"class_list":["post-524","page","type-page","status-publish","hentry"],"acf":[],"yoast_head":"<!-- This site is optimized with the Yoast SEO plugin v26.0 - https:\/\/yoast.com\/wordpress\/plugins\/seo\/ -->\n<title>Registro no 22Bet Brasil | Como criar uma conta<\/title>\n<meta name=\"description\" content=\"Voc\u00ea precisa se registrar para come\u00e7ar a apostar na 22Bet. Visite o site oficial de apostas da 22Bet e crie uma conta pessoal. Aqui voc\u00ea encontrar\u00e1 um guia completo sobre como registrar e verificar sua conta\" \/>\n<meta name=\"robots\" content=\"index, follow, max-snippet:-1, max-image-preview:large, max-video-preview:-1\" \/>\n<meta property=\"og:locale\" content=\"pt_BR\" \/>\n<meta property=\"og:type\" content=\"article\" \/>\n<meta property=\"og:title\" content=\"Registro no 22Bet Brasil | Como criar uma conta\" \/>\n<meta property=\"og:description\" content=\"Voc\u00ea precisa se registrar para come\u00e7ar a apostar na 22Bet. Visite o site oficial de apostas da 22Bet e crie uma conta pessoal. Aqui voc\u00ea encontrar\u00e1 um guia completo sobre como registrar e verificar sua conta\" \/>\n<meta property=\"og:url\" content=\"https:\/\/22bet.cafe\/brazil\/registration\/\" \/>\n<meta property=\"og:site_name\" content=\"22bet Team br\" \/>\n<meta property=\"article:modified_time\" content=\"2025-01-06T11:55:10+00:00\" \/>\n<meta name=\"twitter:card\" content=\"summary_large_image\" \/>\n<script type=\"application\/ld+json\" class=\"yoast-schema-graph\">{\"@context\":\"https:\/\/schema.org\",\"@graph\":[{\"@type\":\"WebPage\",\"@id\":\"https:\/\/22bet.cafe\/brazil\/registration\/\",\"url\":\"https:\/\/22bet.cafe\/brazil\/registration\/\",\"name\":\"Registro no 22Bet Brasil | Como criar uma conta\",\"isPartOf\":{\"@id\":\"https:\/\/22bet.cafe\/brazil\/#website\"},\"datePublished\":\"2024-09-17T06:15:53+00:00\",\"dateModified\":\"2025-01-06T11:55:10+00:00\",\"description\":\"Voc\u00ea precisa se registrar para come\u00e7ar a apostar na 22Bet. Visite o site oficial de apostas da 22Bet e crie uma conta pessoal. Aqui voc\u00ea encontrar\u00e1 um guia completo sobre como registrar e verificar sua conta\",\"breadcrumb\":{\"@id\":\"https:\/\/22bet.cafe\/brazil\/registration\/#breadcrumb\"},\"inLanguage\":\"pt-BR\",\"potentialAction\":[{\"@type\":\"ReadAction\",\"target\":[\"https:\/\/22bet.cafe\/brazil\/registration\/\"]}]},{\"@type\":\"BreadcrumbList\",\"@id\":\"https:\/\/22bet.cafe\/brazil\/registration\/#breadcrumb\",\"itemListElement\":[{\"@type\":\"ListItem\",\"position\":1,\"name\":\"\u0413\u043b\u0430\u0432\u043d\u0430\u044f \u0441\u0442\u0440\u0430\u043d\u0438\u0446\u0430\",\"item\":\"https:\/\/22bet.cafe\/brazil\/\"},{\"@type\":\"ListItem\",\"position\":2,\"name\":\"Registro\"}]},{\"@type\":\"WebSite\",\"@id\":\"https:\/\/22bet.cafe\/brazil\/#website\",\"url\":\"https:\/\/22bet.cafe\/brazil\/\",\"name\":\"22bet Team br\",\"description\":\"My WordPress Blog\",\"potentialAction\":[{\"@type\":\"SearchAction\",\"target\":{\"@type\":\"EntryPoint\",\"urlTemplate\":\"https:\/\/22bet.cafe\/brazil\/?s={search_term_string}\"},\"query-input\":{\"@type\":\"PropertyValueSpecification\",\"valueRequired\":true,\"valueName\":\"search_term_string\"}}],\"inLanguage\":\"pt-BR\"}]}<\/script>\n<!-- \/ Yoast SEO plugin. -->","yoast_head_json":{"title":"Registro no 22Bet Brasil | Como criar uma conta","description":"Voc\u00ea precisa se registrar para come\u00e7ar a apostar na 22Bet. Visite o site oficial de apostas da 22Bet e crie uma conta pessoal. Aqui voc\u00ea encontrar\u00e1 um guia completo sobre como registrar e verificar sua conta","robots":{"index":"index","follow":"follow","max-snippet":"max-snippet:-1","max-image-preview":"max-image-preview:large","max-video-preview":"max-video-preview:-1"},"og_locale":"pt_BR","og_type":"article","og_title":"Registro no 22Bet Brasil | Como criar uma conta","og_description":"Voc\u00ea precisa se registrar para come\u00e7ar a apostar na 22Bet. Visite o site oficial de apostas da 22Bet e crie uma conta pessoal. Aqui voc\u00ea encontrar\u00e1 um guia completo sobre como registrar e verificar sua conta","og_url":"https:\/\/22bet.cafe\/brazil\/registration\/","og_site_name":"22bet Team br","article_modified_time":"2025-01-06T11:55:10+00:00","twitter_card":"summary_large_image","schema":{"@context":"https:\/\/schema.org","@graph":[{"@type":"WebPage","@id":"https:\/\/22bet.cafe\/brazil\/registration\/","url":"https:\/\/22bet.cafe\/brazil\/registration\/","name":"Registro no 22Bet Brasil | Como criar uma conta","isPartOf":{"@id":"https:\/\/22bet.cafe\/brazil\/#website"},"datePublished":"2024-09-17T06:15:53+00:00","dateModified":"2025-01-06T11:55:10+00:00","description":"Voc\u00ea precisa se registrar para come\u00e7ar a apostar na 22Bet. Visite o site oficial de apostas da 22Bet e crie uma conta pessoal. Aqui voc\u00ea encontrar\u00e1 um guia completo sobre como registrar e verificar sua conta","breadcrumb":{"@id":"https:\/\/22bet.cafe\/brazil\/registration\/#breadcrumb"},"inLanguage":"pt-BR","potentialAction":[{"@type":"ReadAction","target":["https:\/\/22bet.cafe\/brazil\/registration\/"]}]},{"@type":"BreadcrumbList","@id":"https:\/\/22bet.cafe\/brazil\/registration\/#breadcrumb","itemListElement":[{"@type":"ListItem","position":1,"name":"\u0413\u043b\u0430\u0432\u043d\u0430\u044f \u0441\u0442\u0440\u0430\u043d\u0438\u0446\u0430","item":"https:\/\/22bet.cafe\/brazil\/"},{"@type":"ListItem","position":2,"name":"Registro"}]},{"@type":"WebSite","@id":"https:\/\/22bet.cafe\/brazil\/#website","url":"https:\/\/22bet.cafe\/brazil\/","name":"22bet Team br","description":"My WordPress Blog","potentialAction":[{"@type":"SearchAction","target":{"@type":"EntryPoint","urlTemplate":"https:\/\/22bet.cafe\/brazil\/?s={search_term_string}"},"query-input":{"@type":"PropertyValueSpecification","valueRequired":true,"valueName":"search_term_string"}}],"inLanguage":"pt-BR"}]}},"_links":{"self":[{"href":"https:\/\/22bet.cafe\/brazil\/wp-json\/wp\/v2\/pages\/524","targetHints":{"allow":["GET"]}}],"collection":[{"href":"https:\/\/22bet.cafe\/brazil\/wp-json\/wp\/v2\/pages"}],"about":[{"href":"https:\/\/22bet.cafe\/brazil\/wp-json\/wp\/v2\/types\/page"}],"author":[{"embeddable":true,"href":"https:\/\/22bet.cafe\/brazil\/wp-json\/wp\/v2\/users\/1"}],"replies":[{"embeddable":true,"href":"https:\/\/22bet.cafe\/brazil\/wp-json\/wp\/v2\/comments?post=524"}],"version-history":[{"count":0,"href":"https:\/\/22bet.cafe\/brazil\/wp-json\/wp\/v2\/pages\/524\/revisions"}],"wp:attachment":[{"href":"https:\/\/22bet.cafe\/brazil\/wp-json\/wp\/v2\/media?parent=524"}],"curies":[{"name":"wp","href":"https:\/\/api.w.org\/{rel}","templated":true}]}}