{"id":981,"date":"2025-08-12T05:30:36","date_gmt":"2025-08-12T05:30:36","guid":{"rendered":"https:\/\/22bet.cafe\/be\/?page_id=981"},"modified":"2025-09-21T15:35:14","modified_gmt":"2025-09-21T15:35:14","slug":"play-aviator","status":"publish","type":"page","link":"https:\/\/22bet.cafe\/be\/play-aviator\/","title":{"rendered":"Aviateur"},"content":{"rendered":"","protected":false},"excerpt":{"rendered":"","protected":false},"author":1,"featured_media":0,"parent":0,"menu_order":0,"comment_status":"closed","ping_status":"closed","template":"","meta":{"_acf_changed":false,"inline_featured_image":false,"footnotes":""},"class_list":["post-981","page","type-page","status-publish","hentry"],"acf":[],"yoast_head":"<!-- This site is optimized with the Yoast SEO plugin v26.0 - https:\/\/yoast.com\/wordpress\/plugins\/seo\/ -->\n<title>Jouez \u00e0 22Bet Aviator: \ud83d\ude80 Conseils, astuces et bonus!<\/title>\n<meta name=\"description\" content=\"Pr\u00e9parez-vous \u00e0 d\u00e9coller avec 22Bet Aviator ! D\u00e9couvrez des strat\u00e9gies uniques, des astuces de jeu et la possibilit\u00e9 de gagner gros. Ce jeu passionnant aux cotes croissantes vous attend \u2014 plongez d\u00e8s maintenant dans l&#039;univers des jeux d&#039;argent.\" \/>\n<meta name=\"robots\" content=\"index, follow, max-snippet:-1, max-image-preview:large, max-video-preview:-1\" \/>\n<meta property=\"og:locale\" content=\"fr_FR\" \/>\n<meta property=\"og:type\" content=\"article\" \/>\n<meta property=\"og:title\" content=\"Jouez \u00e0 22Bet Aviator: \ud83d\ude80 Conseils, astuces et bonus!\" \/>\n<meta property=\"og:description\" content=\"Pr\u00e9parez-vous \u00e0 d\u00e9coller avec 22Bet Aviator ! D\u00e9couvrez des strat\u00e9gies uniques, des astuces de jeu et la possibilit\u00e9 de gagner gros. Ce jeu passionnant aux cotes croissantes vous attend \u2014 plongez d\u00e8s maintenant dans l&#039;univers des jeux d&#039;argent.\" \/>\n<meta property=\"og:url\" content=\"https:\/\/22bet.cafe\/be\/play-aviator\/\" \/>\n<meta property=\"og:site_name\" content=\"22bet Team be-fr\" \/>\n<meta property=\"article:modified_time\" content=\"2025-09-21T15:35:14+00:00\" \/>\n<meta name=\"twitter:card\" content=\"summary_large_image\" \/>\n<script type=\"application\/ld+json\" class=\"yoast-schema-graph\">{\"@context\":\"https:\/\/schema.org\",\"@graph\":[{\"@type\":\"WebPage\",\"@id\":\"https:\/\/22bet.cafe\/be\/play-aviator\/\",\"url\":\"https:\/\/22bet.cafe\/be\/play-aviator\/\",\"name\":\"Jouez \u00e0 22Bet Aviator: \ud83d\ude80 Conseils, astuces et bonus!\",\"isPartOf\":{\"@id\":\"https:\/\/22bet.cafe\/be\/#website\"},\"datePublished\":\"2025-08-12T05:30:36+00:00\",\"dateModified\":\"2025-09-21T15:35:14+00:00\",\"description\":\"Pr\u00e9parez-vous \u00e0 d\u00e9coller avec 22Bet Aviator ! D\u00e9couvrez des strat\u00e9gies uniques, des astuces de jeu et la possibilit\u00e9 de gagner gros. Ce jeu passionnant aux cotes croissantes vous attend \u2014 plongez d\u00e8s maintenant dans l'univers des jeux d'argent.\",\"breadcrumb\":{\"@id\":\"https:\/\/22bet.cafe\/be\/play-aviator\/#breadcrumb\"},\"inLanguage\":\"fr-BE\",\"potentialAction\":[{\"@type\":\"ReadAction\",\"target\":[\"https:\/\/22bet.cafe\/be\/play-aviator\/\"]}]},{\"@type\":\"BreadcrumbList\",\"@id\":\"https:\/\/22bet.cafe\/be\/play-aviator\/#breadcrumb\",\"itemListElement\":[{\"@type\":\"ListItem\",\"position\":1,\"name\":\"\u0413\u043b\u0430\u0432\u043d\u0430\u044f \u0441\u0442\u0440\u0430\u043d\u0438\u0446\u0430\",\"item\":\"https:\/\/22bet.cafe\/be\/\"},{\"@type\":\"ListItem\",\"position\":2,\"name\":\"Aviateur\"}]},{\"@type\":\"WebSite\",\"@id\":\"https:\/\/22bet.cafe\/be\/#website\",\"url\":\"https:\/\/22bet.cafe\/be\/\",\"name\":\"22bet Team be-fr\",\"description\":\"My WordPress Blog\",\"potentialAction\":[{\"@type\":\"SearchAction\",\"target\":{\"@type\":\"EntryPoint\",\"urlTemplate\":\"https:\/\/22bet.cafe\/be\/?s={search_term_string}\"},\"query-input\":{\"@type\":\"PropertyValueSpecification\",\"valueRequired\":true,\"valueName\":\"search_term_string\"}}],\"inLanguage\":\"fr-BE\"}]}<\/script>\n<!-- \/ Yoast SEO plugin. -->","yoast_head_json":{"title":"Jouez \u00e0 22Bet Aviator: \ud83d\ude80 Conseils, astuces et bonus!","description":"Pr\u00e9parez-vous \u00e0 d\u00e9coller avec 22Bet Aviator ! D\u00e9couvrez des strat\u00e9gies uniques, des astuces de jeu et la possibilit\u00e9 de gagner gros. Ce jeu passionnant aux cotes croissantes vous attend \u2014 plongez d\u00e8s maintenant dans l'univers des jeux d'argent.","robots":{"index":"index","follow":"follow","max-snippet":"max-snippet:-1","max-image-preview":"max-image-preview:large","max-video-preview":"max-video-preview:-1"},"og_locale":"fr_FR","og_type":"article","og_title":"Jouez \u00e0 22Bet Aviator: \ud83d\ude80 Conseils, astuces et bonus!","og_description":"Pr\u00e9parez-vous \u00e0 d\u00e9coller avec 22Bet Aviator ! D\u00e9couvrez des strat\u00e9gies uniques, des astuces de jeu et la possibilit\u00e9 de gagner gros. Ce jeu passionnant aux cotes croissantes vous attend \u2014 plongez d\u00e8s maintenant dans l'univers des jeux d'argent.","og_url":"https:\/\/22bet.cafe\/be\/play-aviator\/","og_site_name":"22bet Team be-fr","article_modified_time":"2025-09-21T15:35:14+00:00","twitter_card":"summary_large_image","schema":{"@context":"https:\/\/schema.org","@graph":[{"@type":"WebPage","@id":"https:\/\/22bet.cafe\/be\/play-aviator\/","url":"https:\/\/22bet.cafe\/be\/play-aviator\/","name":"Jouez \u00e0 22Bet Aviator: \ud83d\ude80 Conseils, astuces et bonus!","isPartOf":{"@id":"https:\/\/22bet.cafe\/be\/#website"},"datePublished":"2025-08-12T05:30:36+00:00","dateModified":"2025-09-21T15:35:14+00:00","description":"Pr\u00e9parez-vous \u00e0 d\u00e9coller avec 22Bet Aviator ! D\u00e9couvrez des strat\u00e9gies uniques, des astuces de jeu et la possibilit\u00e9 de gagner gros. Ce jeu passionnant aux cotes croissantes vous attend \u2014 plongez d\u00e8s maintenant dans l'univers des jeux d'argent.","breadcrumb":{"@id":"https:\/\/22bet.cafe\/be\/play-aviator\/#breadcrumb"},"inLanguage":"fr-BE","potentialAction":[{"@type":"ReadAction","target":["https:\/\/22bet.cafe\/be\/play-aviator\/"]}]},{"@type":"BreadcrumbList","@id":"https:\/\/22bet.cafe\/be\/play-aviator\/#breadcrumb","itemListElement":[{"@type":"ListItem","position":1,"name":"\u0413\u043b\u0430\u0432\u043d\u0430\u044f \u0441\u0442\u0440\u0430\u043d\u0438\u0446\u0430","item":"https:\/\/22bet.cafe\/be\/"},{"@type":"ListItem","position":2,"name":"Aviateur"}]},{"@type":"WebSite","@id":"https:\/\/22bet.cafe\/be\/#website","url":"https:\/\/22bet.cafe\/be\/","name":"22bet Team be-fr","description":"My WordPress Blog","potentialAction":[{"@type":"SearchAction","target":{"@type":"EntryPoint","urlTemplate":"https:\/\/22bet.cafe\/be\/?s={search_term_string}"},"query-input":{"@type":"PropertyValueSpecification","valueRequired":true,"valueName":"search_term_string"}}],"inLanguage":"fr-BE"}]}},"_links":{"self":[{"href":"https:\/\/22bet.cafe\/be\/wp-json\/wp\/v2\/pages\/981","targetHints":{"allow":["GET"]}}],"collection":[{"href":"https:\/\/22bet.cafe\/be\/wp-json\/wp\/v2\/pages"}],"about":[{"href":"https:\/\/22bet.cafe\/be\/wp-json\/wp\/v2\/types\/page"}],"author":[{"embeddable":true,"href":"https:\/\/22bet.cafe\/be\/wp-json\/wp\/v2\/users\/1"}],"replies":[{"embeddable":true,"href":"https:\/\/22bet.cafe\/be\/wp-json\/wp\/v2\/comments?post=981"}],"version-history":[{"count":1,"href":"https:\/\/22bet.cafe\/be\/wp-json\/wp\/v2\/pages\/981\/revisions"}],"predecessor-version":[{"id":1056,"href":"https:\/\/22bet.cafe\/be\/wp-json\/wp\/v2\/pages\/981\/revisions\/1056"}],"wp:attachment":[{"href":"https:\/\/22bet.cafe\/be\/wp-json\/wp\/v2\/media?parent=981"}],"curies":[{"name":"wp","href":"https:\/\/api.w.org\/{rel}","templated":true}]}}