{"id":763,"date":"2025-03-21T08:11:47","date_gmt":"2025-03-21T08:11:47","guid":{"rendered":"https:\/\/22bet.cafe\/be\/?page_id=763"},"modified":"2025-08-22T14:08:33","modified_gmt":"2025-08-22T14:08:33","slug":"reload-bonus","status":"publish","type":"page","link":"https:\/\/22bet.cafe\/be\/bonus\/reload-bonus\/","title":{"rendered":"Bonus de recharge"},"content":{"rendered":"","protected":false},"excerpt":{"rendered":"","protected":false},"author":1,"featured_media":0,"parent":152,"menu_order":0,"comment_status":"closed","ping_status":"closed","template":"","meta":{"_acf_changed":false,"inline_featured_image":false,"footnotes":""},"class_list":["post-763","page","type-page","status-publish","hentry"],"acf":[],"yoast_head":"<!-- This site is optimized with the Yoast SEO plugin v26.0 - https:\/\/yoast.com\/wordpress\/plugins\/seo\/ -->\n<title>Bonus de d\u00e9p\u00f4t 22Bet : obtenez un bonus de 100 % jusqu&#039;\u00e0 110 EUR.<\/title>\n<meta name=\"description\" content=\"Chaque vendredi, 22Bet vous offre la possibilit\u00e9 de gagner un bonus de 100 % jusqu&#039;\u00e0 110 EUR! Doublez vos chances de gagner gr\u00e2ce \u00e0 un bonus de 100 % sur chaque d\u00e9p\u00f4t ! Ne manquez pas l&#039;occasion de transformer chaque pari en or !\" \/>\n<meta name=\"robots\" content=\"index, follow, max-snippet:-1, max-image-preview:large, max-video-preview:-1\" \/>\n<meta property=\"og:locale\" content=\"fr_FR\" \/>\n<meta property=\"og:type\" content=\"article\" \/>\n<meta property=\"og:title\" content=\"Bonus de d\u00e9p\u00f4t 22Bet : obtenez un bonus de 100 % jusqu&#039;\u00e0 110 EUR.\" \/>\n<meta property=\"og:description\" content=\"Chaque vendredi, 22Bet vous offre la possibilit\u00e9 de gagner un bonus de 100 % jusqu&#039;\u00e0 110 EUR! Doublez vos chances de gagner gr\u00e2ce \u00e0 un bonus de 100 % sur chaque d\u00e9p\u00f4t ! Ne manquez pas l&#039;occasion de transformer chaque pari en or !\" \/>\n<meta property=\"og:url\" content=\"https:\/\/22bet.cafe\/be\/bonus\/reload-bonus\/\" \/>\n<meta property=\"og:site_name\" content=\"22bet Team be-fr\" \/>\n<meta property=\"article:modified_time\" content=\"2025-08-22T14:08:33+00:00\" \/>\n<meta name=\"twitter:card\" content=\"summary_large_image\" \/>\n<script type=\"application\/ld+json\" class=\"yoast-schema-graph\">{\"@context\":\"https:\/\/schema.org\",\"@graph\":[{\"@type\":\"WebPage\",\"@id\":\"https:\/\/22bet.cafe\/be\/bonus\/reload-bonus\/\",\"url\":\"https:\/\/22bet.cafe\/be\/bonus\/reload-bonus\/\",\"name\":\"Bonus de d\u00e9p\u00f4t 22Bet : obtenez un bonus de 100 % jusqu'\u00e0 110 EUR.\",\"isPartOf\":{\"@id\":\"https:\/\/22bet.cafe\/be\/#website\"},\"datePublished\":\"2025-03-21T08:11:47+00:00\",\"dateModified\":\"2025-08-22T14:08:33+00:00\",\"description\":\"Chaque vendredi, 22Bet vous offre la possibilit\u00e9 de gagner un bonus de 100 % jusqu'\u00e0 110 EUR! Doublez vos chances de gagner gr\u00e2ce \u00e0 un bonus de 100 % sur chaque d\u00e9p\u00f4t ! Ne manquez pas l'occasion de transformer chaque pari en or !\",\"breadcrumb\":{\"@id\":\"https:\/\/22bet.cafe\/be\/bonus\/reload-bonus\/#breadcrumb\"},\"inLanguage\":\"fr-BE\",\"potentialAction\":[{\"@type\":\"ReadAction\",\"target\":[\"https:\/\/22bet.cafe\/be\/bonus\/reload-bonus\/\"]}]},{\"@type\":\"BreadcrumbList\",\"@id\":\"https:\/\/22bet.cafe\/be\/bonus\/reload-bonus\/#breadcrumb\",\"itemListElement\":[{\"@type\":\"ListItem\",\"position\":1,\"name\":\"\u0413\u043b\u0430\u0432\u043d\u0430\u044f \u0441\u0442\u0440\u0430\u043d\u0438\u0446\u0430\",\"item\":\"https:\/\/22bet.cafe\/be\/\"},{\"@type\":\"ListItem\",\"position\":2,\"name\":\"Bonus\",\"item\":\"https:\/\/22bet.cafe\/be\/bonus\/\"},{\"@type\":\"ListItem\",\"position\":3,\"name\":\"Bonus de recharge\"}]},{\"@type\":\"WebSite\",\"@id\":\"https:\/\/22bet.cafe\/be\/#website\",\"url\":\"https:\/\/22bet.cafe\/be\/\",\"name\":\"22bet Team be-fr\",\"description\":\"My WordPress Blog\",\"potentialAction\":[{\"@type\":\"SearchAction\",\"target\":{\"@type\":\"EntryPoint\",\"urlTemplate\":\"https:\/\/22bet.cafe\/be\/?s={search_term_string}\"},\"query-input\":{\"@type\":\"PropertyValueSpecification\",\"valueRequired\":true,\"valueName\":\"search_term_string\"}}],\"inLanguage\":\"fr-BE\"}]}<\/script>\n<!-- \/ Yoast SEO plugin. -->","yoast_head_json":{"title":"Bonus de d\u00e9p\u00f4t 22Bet : obtenez un bonus de 100 % jusqu'\u00e0 110 EUR.","description":"Chaque vendredi, 22Bet vous offre la possibilit\u00e9 de gagner un bonus de 100 % jusqu'\u00e0 110 EUR! Doublez vos chances de gagner gr\u00e2ce \u00e0 un bonus de 100 % sur chaque d\u00e9p\u00f4t ! Ne manquez pas l'occasion de transformer chaque pari en or !","robots":{"index":"index","follow":"follow","max-snippet":"max-snippet:-1","max-image-preview":"max-image-preview:large","max-video-preview":"max-video-preview:-1"},"og_locale":"fr_FR","og_type":"article","og_title":"Bonus de d\u00e9p\u00f4t 22Bet : obtenez un bonus de 100 % jusqu'\u00e0 110 EUR.","og_description":"Chaque vendredi, 22Bet vous offre la possibilit\u00e9 de gagner un bonus de 100 % jusqu'\u00e0 110 EUR! Doublez vos chances de gagner gr\u00e2ce \u00e0 un bonus de 100 % sur chaque d\u00e9p\u00f4t ! Ne manquez pas l'occasion de transformer chaque pari en or !","og_url":"https:\/\/22bet.cafe\/be\/bonus\/reload-bonus\/","og_site_name":"22bet Team be-fr","article_modified_time":"2025-08-22T14:08:33+00:00","twitter_card":"summary_large_image","schema":{"@context":"https:\/\/schema.org","@graph":[{"@type":"WebPage","@id":"https:\/\/22bet.cafe\/be\/bonus\/reload-bonus\/","url":"https:\/\/22bet.cafe\/be\/bonus\/reload-bonus\/","name":"Bonus de d\u00e9p\u00f4t 22Bet : obtenez un bonus de 100 % jusqu'\u00e0 110 EUR.","isPartOf":{"@id":"https:\/\/22bet.cafe\/be\/#website"},"datePublished":"2025-03-21T08:11:47+00:00","dateModified":"2025-08-22T14:08:33+00:00","description":"Chaque vendredi, 22Bet vous offre la possibilit\u00e9 de gagner un bonus de 100 % jusqu'\u00e0 110 EUR! Doublez vos chances de gagner gr\u00e2ce \u00e0 un bonus de 100 % sur chaque d\u00e9p\u00f4t ! Ne manquez pas l'occasion de transformer chaque pari en or !","breadcrumb":{"@id":"https:\/\/22bet.cafe\/be\/bonus\/reload-bonus\/#breadcrumb"},"inLanguage":"fr-BE","potentialAction":[{"@type":"ReadAction","target":["https:\/\/22bet.cafe\/be\/bonus\/reload-bonus\/"]}]},{"@type":"BreadcrumbList","@id":"https:\/\/22bet.cafe\/be\/bonus\/reload-bonus\/#breadcrumb","itemListElement":[{"@type":"ListItem","position":1,"name":"\u0413\u043b\u0430\u0432\u043d\u0430\u044f \u0441\u0442\u0440\u0430\u043d\u0438\u0446\u0430","item":"https:\/\/22bet.cafe\/be\/"},{"@type":"ListItem","position":2,"name":"Bonus","item":"https:\/\/22bet.cafe\/be\/bonus\/"},{"@type":"ListItem","position":3,"name":"Bonus de recharge"}]},{"@type":"WebSite","@id":"https:\/\/22bet.cafe\/be\/#website","url":"https:\/\/22bet.cafe\/be\/","name":"22bet Team be-fr","description":"My WordPress Blog","potentialAction":[{"@type":"SearchAction","target":{"@type":"EntryPoint","urlTemplate":"https:\/\/22bet.cafe\/be\/?s={search_term_string}"},"query-input":{"@type":"PropertyValueSpecification","valueRequired":true,"valueName":"search_term_string"}}],"inLanguage":"fr-BE"}]}},"_links":{"self":[{"href":"https:\/\/22bet.cafe\/be\/wp-json\/wp\/v2\/pages\/763","targetHints":{"allow":["GET"]}}],"collection":[{"href":"https:\/\/22bet.cafe\/be\/wp-json\/wp\/v2\/pages"}],"about":[{"href":"https:\/\/22bet.cafe\/be\/wp-json\/wp\/v2\/types\/page"}],"author":[{"embeddable":true,"href":"https:\/\/22bet.cafe\/be\/wp-json\/wp\/v2\/users\/1"}],"replies":[{"embeddable":true,"href":"https:\/\/22bet.cafe\/be\/wp-json\/wp\/v2\/comments?post=763"}],"version-history":[{"count":0,"href":"https:\/\/22bet.cafe\/be\/wp-json\/wp\/v2\/pages\/763\/revisions"}],"up":[{"embeddable":true,"href":"https:\/\/22bet.cafe\/be\/wp-json\/wp\/v2\/pages\/152"}],"wp:attachment":[{"href":"https:\/\/22bet.cafe\/be\/wp-json\/wp\/v2\/media?parent=763"}],"curies":[{"name":"wp","href":"https:\/\/api.w.org\/{rel}","templated":true}]}}