{"id":733,"date":"2025-03-21T06:00:43","date_gmt":"2025-03-21T06:00:43","guid":{"rendered":"https:\/\/22bet.cafe\/be\/?page_id=733"},"modified":"2025-09-21T15:29:54","modified_gmt":"2025-09-21T15:29:54","slug":"welcome-bonus","status":"publish","type":"page","link":"https:\/\/22bet.cafe\/be\/bonus\/welcome-bonus\/","title":{"rendered":"Bonus de bienvenue"},"content":{"rendered":"","protected":false},"excerpt":{"rendered":"","protected":false},"author":1,"featured_media":0,"parent":152,"menu_order":0,"comment_status":"closed","ping_status":"closed","template":"","meta":{"_acf_changed":false,"inline_featured_image":false,"footnotes":""},"class_list":["post-733","page","type-page","status-publish","hentry"],"acf":[],"yoast_head":"<!-- This site is optimized with the Yoast SEO plugin v26.0 - https:\/\/yoast.com\/wordpress\/plugins\/seo\/ -->\n<title>Bonus de casino 22bet jusqu&#039;\u00e0 300 \u20ac sur votre premier d\u00e9p\u00f4t<\/title>\n<meta name=\"description\" content=\"Obtenez un g\u00e9n\u00e9reux bonus de bienvenue pouvant atteindre 300 EUR lors de votre premier d\u00e9p\u00f4t sur 22bet Casino ! Rejoignez le jeu et d\u00e9couvrez un monde d&#039;opportunit\u00e9s de jeu passionnantes ! Ne manquez pas cette chance d&#039;augmenter votre bankroll, agissez d\u00e8s maintenant !\" \/>\n<meta name=\"robots\" content=\"index, follow, max-snippet:-1, max-image-preview:large, max-video-preview:-1\" \/>\n<meta property=\"og:locale\" content=\"fr_FR\" \/>\n<meta property=\"og:type\" content=\"article\" \/>\n<meta property=\"og:title\" content=\"Bonus de casino 22bet jusqu&#039;\u00e0 300 \u20ac sur votre premier d\u00e9p\u00f4t\" \/>\n<meta property=\"og:description\" content=\"Obtenez un g\u00e9n\u00e9reux bonus de bienvenue pouvant atteindre 300 EUR lors de votre premier d\u00e9p\u00f4t sur 22bet Casino ! Rejoignez le jeu et d\u00e9couvrez un monde d&#039;opportunit\u00e9s de jeu passionnantes ! Ne manquez pas cette chance d&#039;augmenter votre bankroll, agissez d\u00e8s maintenant !\" \/>\n<meta property=\"og:url\" content=\"https:\/\/22bet.cafe\/be\/bonus\/welcome-bonus\/\" \/>\n<meta property=\"og:site_name\" content=\"22bet Team be-fr\" \/>\n<meta property=\"article:modified_time\" content=\"2025-09-21T15:29:54+00:00\" \/>\n<meta name=\"twitter:card\" content=\"summary_large_image\" \/>\n<script type=\"application\/ld+json\" class=\"yoast-schema-graph\">{\"@context\":\"https:\/\/schema.org\",\"@graph\":[{\"@type\":\"WebPage\",\"@id\":\"https:\/\/22bet.cafe\/be\/bonus\/welcome-bonus\/\",\"url\":\"https:\/\/22bet.cafe\/be\/bonus\/welcome-bonus\/\",\"name\":\"Bonus de casino 22bet jusqu'\u00e0 300 \u20ac sur votre premier d\u00e9p\u00f4t\",\"isPartOf\":{\"@id\":\"https:\/\/22bet.cafe\/be\/#website\"},\"datePublished\":\"2025-03-21T06:00:43+00:00\",\"dateModified\":\"2025-09-21T15:29:54+00:00\",\"description\":\"Obtenez un g\u00e9n\u00e9reux bonus de bienvenue pouvant atteindre 300 EUR lors de votre premier d\u00e9p\u00f4t sur 22bet Casino ! Rejoignez le jeu et d\u00e9couvrez un monde d'opportunit\u00e9s de jeu passionnantes ! Ne manquez pas cette chance d'augmenter votre bankroll, agissez d\u00e8s maintenant !\",\"breadcrumb\":{\"@id\":\"https:\/\/22bet.cafe\/be\/bonus\/welcome-bonus\/#breadcrumb\"},\"inLanguage\":\"fr-BE\",\"potentialAction\":[{\"@type\":\"ReadAction\",\"target\":[\"https:\/\/22bet.cafe\/be\/bonus\/welcome-bonus\/\"]}]},{\"@type\":\"BreadcrumbList\",\"@id\":\"https:\/\/22bet.cafe\/be\/bonus\/welcome-bonus\/#breadcrumb\",\"itemListElement\":[{\"@type\":\"ListItem\",\"position\":1,\"name\":\"\u0413\u043b\u0430\u0432\u043d\u0430\u044f \u0441\u0442\u0440\u0430\u043d\u0438\u0446\u0430\",\"item\":\"https:\/\/22bet.cafe\/be\/\"},{\"@type\":\"ListItem\",\"position\":2,\"name\":\"Bonus\",\"item\":\"https:\/\/22bet.cafe\/be\/bonus\/\"},{\"@type\":\"ListItem\",\"position\":3,\"name\":\"Bonus de bienvenue\"}]},{\"@type\":\"WebSite\",\"@id\":\"https:\/\/22bet.cafe\/be\/#website\",\"url\":\"https:\/\/22bet.cafe\/be\/\",\"name\":\"22bet Team be-fr\",\"description\":\"My WordPress Blog\",\"potentialAction\":[{\"@type\":\"SearchAction\",\"target\":{\"@type\":\"EntryPoint\",\"urlTemplate\":\"https:\/\/22bet.cafe\/be\/?s={search_term_string}\"},\"query-input\":{\"@type\":\"PropertyValueSpecification\",\"valueRequired\":true,\"valueName\":\"search_term_string\"}}],\"inLanguage\":\"fr-BE\"}]}<\/script>\n<!-- \/ Yoast SEO plugin. -->","yoast_head_json":{"title":"Bonus de casino 22bet jusqu'\u00e0 300 \u20ac sur votre premier d\u00e9p\u00f4t","description":"Obtenez un g\u00e9n\u00e9reux bonus de bienvenue pouvant atteindre 300 EUR lors de votre premier d\u00e9p\u00f4t sur 22bet Casino ! Rejoignez le jeu et d\u00e9couvrez un monde d'opportunit\u00e9s de jeu passionnantes ! Ne manquez pas cette chance d'augmenter votre bankroll, agissez d\u00e8s maintenant !","robots":{"index":"index","follow":"follow","max-snippet":"max-snippet:-1","max-image-preview":"max-image-preview:large","max-video-preview":"max-video-preview:-1"},"og_locale":"fr_FR","og_type":"article","og_title":"Bonus de casino 22bet jusqu'\u00e0 300 \u20ac sur votre premier d\u00e9p\u00f4t","og_description":"Obtenez un g\u00e9n\u00e9reux bonus de bienvenue pouvant atteindre 300 EUR lors de votre premier d\u00e9p\u00f4t sur 22bet Casino ! Rejoignez le jeu et d\u00e9couvrez un monde d'opportunit\u00e9s de jeu passionnantes ! Ne manquez pas cette chance d'augmenter votre bankroll, agissez d\u00e8s maintenant !","og_url":"https:\/\/22bet.cafe\/be\/bonus\/welcome-bonus\/","og_site_name":"22bet Team be-fr","article_modified_time":"2025-09-21T15:29:54+00:00","twitter_card":"summary_large_image","schema":{"@context":"https:\/\/schema.org","@graph":[{"@type":"WebPage","@id":"https:\/\/22bet.cafe\/be\/bonus\/welcome-bonus\/","url":"https:\/\/22bet.cafe\/be\/bonus\/welcome-bonus\/","name":"Bonus de casino 22bet jusqu'\u00e0 300 \u20ac sur votre premier d\u00e9p\u00f4t","isPartOf":{"@id":"https:\/\/22bet.cafe\/be\/#website"},"datePublished":"2025-03-21T06:00:43+00:00","dateModified":"2025-09-21T15:29:54+00:00","description":"Obtenez un g\u00e9n\u00e9reux bonus de bienvenue pouvant atteindre 300 EUR lors de votre premier d\u00e9p\u00f4t sur 22bet Casino ! Rejoignez le jeu et d\u00e9couvrez un monde d'opportunit\u00e9s de jeu passionnantes ! Ne manquez pas cette chance d'augmenter votre bankroll, agissez d\u00e8s maintenant !","breadcrumb":{"@id":"https:\/\/22bet.cafe\/be\/bonus\/welcome-bonus\/#breadcrumb"},"inLanguage":"fr-BE","potentialAction":[{"@type":"ReadAction","target":["https:\/\/22bet.cafe\/be\/bonus\/welcome-bonus\/"]}]},{"@type":"BreadcrumbList","@id":"https:\/\/22bet.cafe\/be\/bonus\/welcome-bonus\/#breadcrumb","itemListElement":[{"@type":"ListItem","position":1,"name":"\u0413\u043b\u0430\u0432\u043d\u0430\u044f \u0441\u0442\u0440\u0430\u043d\u0438\u0446\u0430","item":"https:\/\/22bet.cafe\/be\/"},{"@type":"ListItem","position":2,"name":"Bonus","item":"https:\/\/22bet.cafe\/be\/bonus\/"},{"@type":"ListItem","position":3,"name":"Bonus de bienvenue"}]},{"@type":"WebSite","@id":"https:\/\/22bet.cafe\/be\/#website","url":"https:\/\/22bet.cafe\/be\/","name":"22bet Team be-fr","description":"My WordPress Blog","potentialAction":[{"@type":"SearchAction","target":{"@type":"EntryPoint","urlTemplate":"https:\/\/22bet.cafe\/be\/?s={search_term_string}"},"query-input":{"@type":"PropertyValueSpecification","valueRequired":true,"valueName":"search_term_string"}}],"inLanguage":"fr-BE"}]}},"_links":{"self":[{"href":"https:\/\/22bet.cafe\/be\/wp-json\/wp\/v2\/pages\/733","targetHints":{"allow":["GET"]}}],"collection":[{"href":"https:\/\/22bet.cafe\/be\/wp-json\/wp\/v2\/pages"}],"about":[{"href":"https:\/\/22bet.cafe\/be\/wp-json\/wp\/v2\/types\/page"}],"author":[{"embeddable":true,"href":"https:\/\/22bet.cafe\/be\/wp-json\/wp\/v2\/users\/1"}],"replies":[{"embeddable":true,"href":"https:\/\/22bet.cafe\/be\/wp-json\/wp\/v2\/comments?post=733"}],"version-history":[{"count":2,"href":"https:\/\/22bet.cafe\/be\/wp-json\/wp\/v2\/pages\/733\/revisions"}],"predecessor-version":[{"id":1054,"href":"https:\/\/22bet.cafe\/be\/wp-json\/wp\/v2\/pages\/733\/revisions\/1054"}],"up":[{"embeddable":true,"href":"https:\/\/22bet.cafe\/be\/wp-json\/wp\/v2\/pages\/152"}],"wp:attachment":[{"href":"https:\/\/22bet.cafe\/be\/wp-json\/wp\/v2\/media?parent=733"}],"curies":[{"name":"wp","href":"https:\/\/api.w.org\/{rel}","templated":true}]}}